{"id":830,"date":"2016-09-25T20:00:49","date_gmt":"2016-09-25T18:00:49","guid":{"rendered":"http:\/\/www.auduteau.net\/cyclo\/?page_id=830"},"modified":"2021-09-08T17:37:24","modified_gmt":"2021-09-08T15:37:24","slug":"le-ravitaillement-en-eau-sur-le-parcours","status":"publish","type":"page","link":"https:\/\/www.auduteau.net\/cyclo\/cyclo-tourisme\/le-ravitaillement-en-eau-sur-le-parcours\/","title":{"rendered":"Le ravitaillement en eau sur le parcours"},"content":{"rendered":"<p>Cela a l&rsquo;air anodin comme sujet mais quand il commence \u00e0 faire plus de 30 degr\u00e9s \u00e0 l&rsquo;ombre, les r\u00e9serves des gourdes s&rsquo;\u00e9puisent vite ou chauffent.<br \/>\nCe qui est d\u00e9sagr\u00e9able.<\/p>\n<p>Sur le site du <a href=\"https:\/\/www.leroulard.com\/\" target=\"_blank\" rel=\"noopener noreferrer\" class=\"broken_link\">Roulard<\/a> on essaye de r\u00e9f\u00e9rencer le plus possible les points d&rsquo;eau que nous trouvons sur la route mais il n&rsquo;y en a pas forc\u00e9ment partout mis \u00e0 disposition.<\/p>\n<p>Donc, on met en marche le syst\u00e8me D.<\/p>\n<p>Les premiers qui viennent \u00e0 l&rsquo;esprit sont<\/p>\n<ul>\n<li>le bar du coin<\/li>\n<li>les bornes des campings que nous croisons sur la route. Un petit tour dans le camping, rep\u00e9rage et remplissage sont vite fait aux sanitaires.<\/li>\n<\/ul>\n<p>Ceux auxquels on ne pense pas forc\u00e9ment sont les cimeti\u00e8res que nous trouverons dans n&rsquo;importe quelle commune de France.<br \/>\nIl y a tr\u00e8s souvent un point d&rsquo;eau \u00e0 disposition pour arroser les plantes avec l&rsquo;arrosoir de rigueur \u00e0 port\u00e9e de main.<br \/>\nCherchez l&rsquo;arrosoir, vous trouverez le point d&rsquo;eau.<\/p>\n<p>Pour patienter, on dit souvent que sucer un caillou permet de r\u00e9-humidifier la gorge gr\u00e2ce \u00e0 la salive.<\/p>\n<p>Personnellement, je pr\u00e9f\u00e8re un Ricola aux plantes. Plus sain surtout si on l&rsquo;avale par inadvertance.<\/p>\n<p>Concernant l&rsquo;eau qui chauffe dans les gourdes, l&rsquo;astuce est de se confectionner un cagoule \u00e0 gourde en tissu que l&rsquo;on mouillera \u00e0 chaque fois que l&rsquo;on passe devant un point d&rsquo;eau, rivi\u00e8re ou autre. avec le vent relatif du v\u00e9lo, il se produit une r\u00e9action qui permet de maintenir l&rsquo;eau du bidon relativement fraiche.<\/p>\n<p>Pour l&rsquo;instant je n&rsquo;ai rien trouv\u00e9 de mieux que le sac \u00e0 dos avec r\u00e9serve de 2l d&rsquo;eau. Je n&rsquo;ai pas encore compris pourquoi elle restait relativement fraiche. En tout cas cela rempli tout ce que j\u2019attends d&rsquo;autant plus que le seul emplacement du bidon d&rsquo;eau est maintenant <a href=\"http:\/\/www.auduteau.net\/cyclo\/le-voyage-en-soi\/le-velo\/\">occup\u00e9 par une batterie<\/a>.<\/p>\n","protected":false},"excerpt":{"rendered":"<p>Cela a l&rsquo;air anodin comme sujet mais quand il commence \u00e0 faire plus de 30 degr\u00e9s \u00e0 l&rsquo;ombre, les r\u00e9serves des gourdes s&rsquo;\u00e9puisent vite ou chauffent. Ce qui est d\u00e9sagr\u00e9able. Sur le site du Roulard on essaye de r\u00e9f\u00e9rencer le plus possible les points d&rsquo;eau que nous trouvons sur la route mais il n&rsquo;y en [&hellip;]<\/p>\n","protected":false},"author":1,"featured_media":0,"parent":8,"menu_order":10,"comment_status":"closed","ping_status":"closed","template":"","meta":[],"jetpack_shortlink":"https:\/\/wp.me\/P80Whq-do","jetpack_sharing_enabled":true,"jetpack-related-posts":[{"id":195,"url":"https:\/\/www.auduteau.net\/cyclo\/debut-de-lhistoire\/2016-belle-ile-en-mer-roscoff\/","url_meta":{"origin":830,"position":0},"title":"2016 : Belle Ile en mer &#8211; Roscoff","date":"30 septembre 2016","format":false,"excerpt":"Voir le parcours Distance :\u00a0\u00a0\u00a0\u00a0\u00a0\u00a0\u00a0\u00a0\u00a0\u00a0\u00a0\u00a0\u00a0\u00a0\u00a0\u00a0\u00a0\u00a0\u00a0\u00a0\u00a0\u00a0\u00a0\u00a0 527 km D\u00e9nivel\u00e9 Montant\u00a0\u00a0\u00a0\u00a0\u00a0 : 6 033 m D\u00e9nivel\u00e9\u00a0 descendant: 6 095 m Altitude maximum \u00a0 \u00a0 :\u00a0\u00a0\u00a0\u00a0 199 m Altitude minimum \u00a0 \u00a0 : \u00a0 \u00a0 \u00a0 -2 m Galerie photos circuit 2016 - Bretagne Nord Circuit de l'\u00e9t\u00e9 2016, nous avions pour objectif\u2026","rel":"","context":"Article similaire","img":{"alt_text":"","src":"https:\/\/i0.wp.com\/www.auduteau.net\/cyclo\/wp-content\/uploads\/2016\/09\/2016-map-300x300.png?resize=350%2C200","width":350,"height":200},"classes":[]},{"id":191,"url":"https:\/\/www.auduteau.net\/cyclo\/debut-de-lhistoire\/2012-pyla-sur-mer-a-hendaye\/","url_meta":{"origin":830,"position":1},"title":"2012 : Pyla sur mer \u00e0 Hendaye","date":"30 septembre 2016","format":false,"excerpt":"Voir le parcours Distance :\u00a0\u00a0\u00a0\u00a0\u00a0\u00a0\u00a0\u00a0\u00a0\u00a0\u00a0\u00a0\u00a0\u00a0\u00a0\u00a0\u00a0\u00a0\u00a0\u00a0\u00a0\u00a0\u00a0\u00a0 285 km D\u00e9nivel\u00e9 Montant\u00a0\u00a0\u00a0\u00a0\u00a0 : 3 002 m D\u00e9nivel\u00e9\u00a0 descendant: 3 032 m Altitude maximum \u00a0 \u00a0 :\u00a0\u00a0\u00a0\u00a0 203 m Altitude minimum \u00a0 \u00a0 : \u00a0 \u00a0 \u00a0\u00a0\u00a0\u00a0 0 m Originellement, nous devions rejoindre Saint S\u00e9bastien mais la journ\u00e9e Espelette \u00e0 Ascain en passant par\u2026","rel":"","context":"Article similaire","img":{"alt_text":"","src":"https:\/\/i0.wp.com\/www.auduteau.net\/cyclo\/wp-content\/uploads\/2016\/09\/2012-map-300x300.png?resize=350%2C200","width":350,"height":200},"classes":[]},{"id":1157,"url":"https:\/\/www.auduteau.net\/cyclo\/debut-de-lhistoire\/2018-boucle-perigord-gironde\/","url_meta":{"origin":830,"position":2},"title":"2018 -Boucle P\u00e9rigord\/Gironde","date":"30 septembre 2016","format":false,"excerpt":"En Mode pr\u00e9paration l'id\u00e9e \u00e9tait l\u00e0 : la descente de la Dordogne, la remont\u00e9e par la vall\u00e9e de l'Isle puis celle de la V\u00e9z\u00e8re pour rejoindre notre point de d\u00e9part : Sarlat. Feu d'artifice des plus beaux villages de France : Sarlat la Can\u00e9da Domme La Roque Gageac Castelnaud la\u2026","rel":"","context":"Article similaire","img":{"alt_text":"","src":"","width":0,"height":0},"classes":[]},{"id":199,"url":"https:\/\/www.auduteau.net\/cyclo\/debut-de-lhistoire\/2013-ile-doleron-marais-poitevin\/","url_meta":{"origin":830,"position":3},"title":"2013 : Ile d&rsquo;Ol\u00e9ron &#8211; Marais Poitevin","date":"30 septembre 2016","format":false,"excerpt":"Voir le parcours Distance :\u00a0\u00a0\u00a0\u00a0\u00a0\u00a0\u00a0\u00a0\u00a0\u00a0\u00a0\u00a0\u00a0\u00a0\u00a0\u00a0\u00a0\u00a0\u00a0\u00a0\u00a0\u00a0\u00a0\u00a0 494 km D\u00e9nivel\u00e9 Montant\u00a0\u00a0\u00a0\u00a0\u00a0 : 2 089 m D\u00e9nivel\u00e9\u00a0 descendant: 2 201 m Altitude maximum \u00a0 \u00a0 :\u00a0\u00a0\u00a0\u00a0\u00a0\u00a0 35 m Altitude minimum \u00a0 \u00a0 : \u00a0 \u00a0 \u00a0 -2 m 2010 sans aucune pr\u00e9paration. 2012 avec un semblant de pr\u00e9paration. 2013 nous avons voulu tirer\u2026","rel":"","context":"Article similaire","img":{"alt_text":"","src":"https:\/\/i0.wp.com\/www.auduteau.net\/cyclo\/wp-content\/uploads\/2016\/09\/2013-map-300x260.png?resize=350%2C200","width":350,"height":200},"classes":[]},{"id":14,"url":"https:\/\/www.auduteau.net\/cyclo\/le-voyage-en-soi\/les-hebergements\/","url_meta":{"origin":830,"position":4},"title":"Les H\u00e9bergements","date":"5 octobre 2016","format":false,"excerpt":"Sur nos premiers parcours, nous ne ciblions que les camping \u00e0 proximit\u00e9 de notre route. Puis nous avons \u00e9volu\u00e9 vers des h\u00e9bergements en dur lorsque c'\u00e9tait possible. Le bivouac Toujours \u00e0 la recherche de plus de proximit\u00e9 avec la nature, le bivouac est leur cr\u00e9do Ne pas confondre bivouac (pour\u2026","rel":"","context":"Article similaire","img":{"alt_text":"","src":"https:\/\/i0.wp.com\/www.auduteau.net\/cyclo\/wp-content\/uploads\/2016\/09\/Kpkp_BBQ-300x225.jpg?resize=350%2C200","width":350,"height":200},"classes":[]},{"id":42,"url":"https:\/\/www.auduteau.net\/cyclo\/le-voyage-en-soi\/vie-au-camping\/","url_meta":{"origin":830,"position":5},"title":"Vie au camping","date":"5 octobre 2016","format":false,"excerpt":"Quelques constatations sur la vie au camping plus vues sous un angle humoristique. Vous pouvez aussi aller voir nos consid\u00e9rations sur les campings sur la page les h\u00e9bergements. La vaisselle Oui, c'est la corv\u00e9e mais pas plus que de monter\/d\u00e9monter la tente tous les jours et en groupe, c'est un\u2026","rel":"","context":"Article similaire","img":{"alt_text":"","src":"https:\/\/i0.wp.com\/www.auduteau.net\/cyclo\/wp-content\/uploads\/2016\/09\/2010-reveil.jpg?resize=350%2C200&ssl=1","width":350,"height":200},"classes":[]}],"jetpack_likes_enabled":true,"_links":{"self":[{"href":"https:\/\/www.auduteau.net\/cyclo\/wp-json\/wp\/v2\/pages\/830"}],"collection":[{"href":"https:\/\/www.auduteau.net\/cyclo\/wp-json\/wp\/v2\/pages"}],"about":[{"href":"https:\/\/www.auduteau.net\/cyclo\/wp-json\/wp\/v2\/types\/page"}],"author":[{"embeddable":true,"href":"https:\/\/www.auduteau.net\/cyclo\/wp-json\/wp\/v2\/users\/1"}],"replies":[{"embeddable":true,"href":"https:\/\/www.auduteau.net\/cyclo\/wp-json\/wp\/v2\/comments?post=830"}],"version-history":[{"count":5,"href":"https:\/\/www.auduteau.net\/cyclo\/wp-json\/wp\/v2\/pages\/830\/revisions"}],"predecessor-version":[{"id":1761,"href":"https:\/\/www.auduteau.net\/cyclo\/wp-json\/wp\/v2\/pages\/830\/revisions\/1761"}],"up":[{"embeddable":true,"href":"https:\/\/www.auduteau.net\/cyclo\/wp-json\/wp\/v2\/pages\/8"}],"wp:attachment":[{"href":"https:\/\/www.auduteau.net\/cyclo\/wp-json\/wp\/v2\/media?parent=830"}],"curies":[{"name":"wp","href":"https:\/\/api.w.org\/{rel}","templated":true}]}}