{"id":6,"date":"2016-10-05T00:01:11","date_gmt":"2016-10-04T22:01:11","guid":{"rendered":"http:\/\/www.auduteau.net\/cyclo\/?page_id=6"},"modified":"2021-09-08T17:19:43","modified_gmt":"2021-09-08T15:19:43","slug":"le-voyage-en-soi","status":"publish","type":"page","link":"https:\/\/www.auduteau.net\/cyclo\/le-voyage-en-soi\/","title":{"rendered":"Le voyage en soi"},"content":{"rendered":"<p>Il s&rsquo;agit l\u00e0 de faire un \u00e9tat des lieux de notre exp\u00e9rience au cours de l\u2019ensemble de nos circuits.<\/p>\n<p>Nous aborderons :<\/p>\n<ul>\n<li><a href=\"http:\/\/www.auduteau.net\/cyclo\/les-preparatifs\/\">Les pr\u00e9paratifs<\/a><\/li>\n<li><a href=\"http:\/\/www.auduteau.net\/cyclo\/le-velo\/\">Le v\u00e9lo<\/a><\/li>\n<li><a href=\"http:\/\/www.auduteau.net\/cyclo\/le-voyage-en-soi\/les-hebergements\/\">Les H\u00e9bergements<\/a><\/li>\n<li><a href=\"http:\/\/www.auduteau.net\/cyclo\/lequipement-de-base\/\">L&rsquo;\u00e9quipement<\/a><\/li>\n<li><a href=\"http:\/\/www.auduteau.net\/cyclo\/152-2\/\">Quel habillement emporter ?<\/a><\/li>\n<li><a href=\"http:\/\/www.auduteau.net\/cyclo\/le-voyage-en-soi\/trousse-a-pharmacie\/\">Le contenu de la trousse \u00e0 pharmacie<\/a><\/li>\n<li><a href=\"http:\/\/www.auduteau.net\/cyclo\/les-outils-trace-gps\/\">Les outils trace GPS<\/a><\/li>\n<li><a href=\"http:\/\/www.auduteau.net\/cyclo\/vie-au-camping\/\">La Vie au camping<\/a><\/li>\n<li><a href=\"http:\/\/www.auduteau.net\/cyclo\/le-voyage-en-soi\/de-linteret-de-la-voiture-suiveuse\/\">De l&rsquo;int\u00e9r\u00eat de la voiture suiveuse.<\/a><\/li>\n<li><a href=\"http:\/\/www.auduteau.net\/cyclo\/lapres-voyage\/\">L&rsquo;apr\u00e8s voyage<\/a><\/li>\n<li><a href=\"http:\/\/www.auduteau.net\/cyclo\/le-voyage-en-soi\/les-bons-comptes-font-les-bons-amis\/\">Les comptes de groupe<\/a><\/li>\n<\/ul>\n","protected":false},"excerpt":{"rendered":"<p>Il s&rsquo;agit l\u00e0 de faire un \u00e9tat des lieux de notre exp\u00e9rience au cours de l\u2019ensemble de nos circuits. Nous aborderons : Les pr\u00e9paratifs Le v\u00e9lo Les H\u00e9bergements L&rsquo;\u00e9quipement Quel habillement emporter ? Le contenu de la trousse \u00e0 pharmacie Les outils trace GPS La Vie au camping De l&rsquo;int\u00e9r\u00eat de la voiture suiveuse. L&rsquo;apr\u00e8s [&hellip;]<\/p>\n","protected":false},"author":1,"featured_media":0,"parent":0,"menu_order":0,"comment_status":"closed","ping_status":"closed","template":"","meta":[],"jetpack_shortlink":"https:\/\/wp.me\/P80Whq-6","jetpack_sharing_enabled":true,"jetpack-related-posts":[],"jetpack_likes_enabled":true,"_links":{"self":[{"href":"https:\/\/www.auduteau.net\/cyclo\/wp-json\/wp\/v2\/pages\/6"}],"collection":[{"href":"https:\/\/www.auduteau.net\/cyclo\/wp-json\/wp\/v2\/pages"}],"about":[{"href":"https:\/\/www.auduteau.net\/cyclo\/wp-json\/wp\/v2\/types\/page"}],"author":[{"embeddable":true,"href":"https:\/\/www.auduteau.net\/cyclo\/wp-json\/wp\/v2\/users\/1"}],"replies":[{"embeddable":true,"href":"https:\/\/www.auduteau.net\/cyclo\/wp-json\/wp\/v2\/comments?post=6"}],"version-history":[{"count":10,"href":"https:\/\/www.auduteau.net\/cyclo\/wp-json\/wp\/v2\/pages\/6\/revisions"}],"predecessor-version":[{"id":1757,"href":"https:\/\/www.auduteau.net\/cyclo\/wp-json\/wp\/v2\/pages\/6\/revisions\/1757"}],"wp:attachment":[{"href":"https:\/\/www.auduteau.net\/cyclo\/wp-json\/wp\/v2\/media?parent=6"}],"curies":[{"name":"wp","href":"https:\/\/api.w.org\/{rel}","templated":true}]}}