{"id":57,"date":"2016-10-06T00:10:37","date_gmt":"2016-10-05T22:10:37","guid":{"rendered":"http:\/\/www.auduteau.net\/cyclo\/?page_id=57"},"modified":"2022-09-02T11:50:13","modified_gmt":"2022-09-02T09:50:13","slug":"liens-utiles","status":"publish","type":"page","link":"https:\/\/www.auduteau.net\/cyclo\/ressources\/liens-utiles\/","title":{"rendered":"Liens utiles"},"content":{"rendered":"<h2>F\u00e9d\u00e9rations<\/h2>\n<ul>\n<li><a href=\"http:\/\/ffct.org\/\" target=\"_blank\" rel=\"noopener noreferrer\">F\u00e9d\u00e9ration Fran\u00e7aise de Cyclo-Tourisme<\/a><\/li>\n<\/ul>\n<h2>V\u00e9locistes sp\u00e9cialis\u00e9s<\/h2>\n<div><span style=\"text-decoration: underline;\">Les v\u00e9los de Patrick<\/span> Site d&rsquo;un passionn\u00e9 de v\u00e9lo qui vous pr\u00e9parera votre v\u00e9lo de r\u00eave en vous apportant conseil quant \u00e0 vos besoins.<\/div>\n<div>Comme son site perso ne poss\u00e8de pas de sommaire, voici les principaux liens : <a href=\"http:\/\/mapage.noos.fr\/ptis.trucs.sympas\/pneus.htm\" target=\"_blank\" rel=\"noopener noreferrer\">Pneu,<\/a> <a href=\"http:\/\/mapage.noos.fr\/ptis.trucs.sympas\/pedales_velos.htm\" target=\"_blank\" rel=\"noopener noreferrer\">P\u00e9dales,<\/a> <a href=\"http:\/\/mapage.noos.fr\/ptis.trucs.sympas\/freins_velo.htm\" target=\"_blank\" rel=\"noopener noreferrer\">Frein<\/a>, <a href=\"http:\/\/mapage.noos.fr\/ptis.trucs.sympas\/eclairage_velo.htm\" target=\"_blank\" rel=\"noopener noreferrer\">\u00c9clairage<\/a>, <a href=\"http:\/\/mapage.noos.fr\/ptis.trucs.sympas\/cout_velo_voiture.htm\" target=\"_blank\" rel=\"noopener noreferrer\">Bureau<\/a>, <a href=\"http:\/\/mapage.noos.fr\/ptis.trucs.sympas\/selle_velo.htm\" target=\"_blank\" rel=\"noopener noreferrer\">Selle<\/a>,<a href=\"http:\/\/mapage.noos.fr\/ptis.trucs.sympas\/choix_guidon_velo.htm\" target=\"_blank\" rel=\"noopener noreferrer\">Guidon<\/a>, <a href=\"http:\/\/mapage.noos.fr\/ptis.trucs.sympas\/braquets.htm\" target=\"_blank\" rel=\"noopener noreferrer\">Cadence<\/a>, <a href=\"http:\/\/mapage.noos.fr\/ptis.trucs.sympas\/singlespeed.htm\" target=\"_blank\" rel=\"noopener noreferrer\">Singlespeed<\/a><a href=\"http:\/\/mapage.noos.fr\/ptis.trucs.sympas\/attache_rapide_velo.htm\" target=\"_blank\" rel=\"noopener noreferrer\">, Attach\u00e9s rapides<\/a>, <a href=\"http:\/\/mapage.noos.fr\/ptis.trucs.sympas\/vitesses_dans_le_moyeu.htm\" target=\"_blank\" rel=\"noopener noreferrer\">Moyeux vitesse int\u00e9gr\u00e9s<\/a>,<a href=\"http:\/\/mapage.noos.fr\/ptis.trucs.sympas\/commandes_de_vitesses_velo.htm\" target=\"_blank\" rel=\"noopener noreferrer\">Commandes de vitesses<\/a>, <a href=\"http:\/\/mapage.noos.fr\/ptis.trucs.sympas\/derailleur.htm\" target=\"_blank\" rel=\"noopener noreferrer\">D\u00e9railleur invers\u00e9<\/a>, <a href=\"http:\/\/mapage.noos.fr\/ptis.trucs.sympas\/velo_sur_mesure.htm\" target=\"_blank\" rel=\"noopener noreferrer\">Posture<\/a>, <a href=\"http:\/\/mapage.noos.fr\/ptis.trucs.sympas\/casque_velo.htm\" target=\"_blank\" rel=\"noopener noreferrer\">Casques<\/a>, <a href=\"http:\/\/mapage.noos.fr\/ptis.trucs.sympas\/moyeu_Rohloff.htm\" target=\"_blank\" rel=\"noopener noreferrer\">Moyeu rolhoff<\/a>, <a href=\"http:\/\/mapage.noos.fr\/ptis.trucs.sympas\/regles_velo_en_ville.htm\" target=\"_blank\" rel=\"noopener noreferrer\">Les 10 r\u00e8gles d\u2019or du v\u00e9lo en ville<\/a><\/div>\n<h2>Professionnels sp\u00e9cialis\u00e9s dans les v\u00e9los de randonn\u00e9e.<\/h2>\n<ul>\n<li><a href=\"http:\/\/www.rando-cycles.com\/\" target=\"_blank\" rel=\"noopener noreferrer\">Rando-Cycles<\/a><\/li>\n<li><a href=\"http:\/\/www.cyclo-randonnee.fr\/\" target=\"_blank\" rel=\"noopener noreferrer\">Cyclo-randonn\u00e9e<\/a><\/li>\n<\/ul>\n<div>Et bien d&rsquo;autres.<\/div>\n<h2>Les sites et blogs de cyclo-randonneurs<\/h2>\n<div>Il y a foule. et chacun apporte son exp\u00e9rience.<\/div>\n<ul>\n<li><a href=\"https:\/\/www.2rouesenliberte.fr\/\" target=\"_blank\" rel=\"noopener\" class=\"broken_link\">2rouesenlibert\u00e9<\/a><\/li>\n<li><a href=\"https:\/\/biclousetbidouilles.com\/\" target=\"_blank\" rel=\"noopener\">Biclou et bidouilles<\/a>\u00a0Site de deux voyageuses<\/li>\n<li><a href=\"http:\/\/cyclo-roulard.e-monsite.com\/pages\/cote-organisation\/page.html\" target=\"_blank\" rel=\"noopener noreferrer\" class=\"broken_link\">Cyclo-roulard<\/a><\/li>\n<li><a href=\"http:\/\/autourde.lamigration.com\/velo\/equipement\" target=\"_blank\" rel=\"noopener noreferrer\">Autour de la migration<\/a><\/li>\n<li><a href=\"http:\/\/fred.ferchaux.free.fr\/divers\/cyclocam.htm\" target=\"_blank\" rel=\"noopener noreferrer\">red fer chaud<\/a><\/li>\n<li><a href=\"https:\/\/velovoyageur.wordpress.com\/2011\/12\/15\/quemporter-en-voyage-en-velo-lequipement\/\" target=\"_blank\" rel=\"noopener noreferrer\">Velo voyageur<\/a><\/li>\n<li><a href=\"http:\/\/www.expemag.com\/technique\/liste-de-materiel-pour-le-voyage-a-velo.html\" target=\"_blank\" rel=\"noopener noreferrer\">Expemag<\/a><\/li>\n<li><a href=\"http:\/\/cbandiera.free.fr\/\" target=\"_blank\" rel=\"noopener noreferrer\" class=\"broken_link\">Un site complet<\/a><\/li>\n<\/ul>\n<h2>Les sites de trace GPS<\/h2>\n<div>D\u00e9j\u00e0 r\u00e9f\u00e9renc\u00e9s dans la page \u00ab\u00a0<a href=\"http:\/\/www.auduteau.net\/cyclo\/les-preparatifs\/\" target=\"_blank\" rel=\"noopener noreferrer\">Pr\u00e9paratifs<\/a>\u00ab\u00a0<\/div>\n<h2>Les sites traitant du mat\u00e9riel Cyclo.<\/h2>\n<h3>Livre online<\/h3>\n<ul>\n<li><a href=\"http:\/\/www.piednoir.com\/index.html\" target=\"_blank\" rel=\"noopener noreferrer\">P\u00e9daler intelligent<\/a><\/li>\n<\/ul>\n<h3>Aide au choix<\/h3>\n<p>Les v\u00e9los de Patrick pages perso. Compte tenu du fait qu&rsquo;il n&rsquo;y a pas de sommaire, voici les plus int\u00e9ressantes(&#8230;)<\/p>\n<ul>\n<li><a href=\"http:\/\/www.lebraquetdelaliberte.com\/comment-choisir-son-velo-de-randonnee\" target=\"_blank\" rel=\"noopener noreferrer\" class=\"broken_link\">Le braquet de la libert\u00e9<\/a><\/li>\n<li><a href=\"http:\/\/labiqueetlecouteau.fr\/VeloTrekking.php\" target=\"_blank\" rel=\"noopener noreferrer\" class=\"broken_link\">La bique et le couteau<\/a><\/li>\n<li><a href=\"http:\/\/www.lafabriquehexagonale.com\/2008\/07\/deux-roues\/\" target=\"_blank\" rel=\"noopener noreferrer\">Annuaire des fabricants de v\u00e9los<\/a><\/li>\n<\/ul>\n<h3><u>site de m\u00e9canique v\u00e9lo\u00a0<\/u><\/h3>\n<ul>\n<li><a href=\"http:\/\/hiiha.fr\/2013\/05\/01\/montage-du-surly-long-haul-trucker-lht\/\" target=\"_blank\" rel=\"noopener noreferrer\">Hiiha<\/a> ou le montage de v\u00e9lo \u00ab\u00a0facile\u00a0\u00bb en vid\u00e9o.<\/li>\n<li><a href=\"http:\/\/www.docvelo.com\/\" target=\"_blank\" rel=\"noopener noreferrer\">DocV\u00e9lo<\/a><\/li>\n<li><a href=\"http:\/\/velo-reparation.fr\/index.php\" target=\"_blank\" rel=\"noopener noreferrer\" class=\"broken_link\">Depann v\u00e9lo<\/a><\/li>\n<li><a href=\"http:\/\/wiklou.org\/wiki\/Accueil\" target=\"_blank\" rel=\"noopener noreferrer\">Wiclou<\/a> le Wiki du v\u00e9lo<\/li>\n<\/ul>\n<h3>Les sites traitants de la VAE<\/h3>\n<h4><i>Choix des motorisations<\/i><\/h4>\n<ul>\n<li><a href=\"http:\/\/www.cyclable.com\/blog\/2014\/09\/23\/comparatif-assistance-velos-electriques-pedalier\/\" target=\"_blank\" rel=\"noopener noreferrer\">Cyclable<\/a><\/li>\n<li><a href=\"http:\/\/www.portailveloelectrique.fr\/info-vae\/moteurs-velos-electriques\" target=\"_blank\" rel=\"noopener noreferrer\">Portail v\u00e9lo \u00e9lectrique<\/a><\/li>\n<li><a href=\"http:\/\/www.veloactif.com\/test-moteur-pedalier-bosh-velo-electrique\/\" target=\"_blank\" rel=\"noopener noreferrer\">Test v\u00e9lo actif<\/a><\/li>\n<li><a href=\"https:\/\/monveloelectrique.wordpress.com\/2015\/05\/01\/bosch-active-ou-performance\/\" target=\"_blank\" rel=\"noopener noreferrer\">Mon v\u00e9lo \u00e9lectrique<\/a><\/li>\n<\/ul>\n<h4>Choix des batteries<\/h4>\n<ul>\n<li><a href=\"http:\/\/www.tomy-bike.fr\/content\/31-quelle-batterie-pour-un-velo-electrique.html\" target=\"_blank\" rel=\"noopener noreferrer\">Tomy-byke<\/a><\/li>\n<\/ul>\n<h4>Choix VAE<\/h4>\n<ul>\n<li><a href=\"https:\/\/www.veloclic.com\/bien-choisir-son-velo\/choix-vae\/\" target=\"_blank\" rel=\"noopener noreferrer\">Veloclic<\/a><\/li>\n<\/ul>\n<h2>Exp\u00e9rience voyage en VAE<\/h2>\n<ul>\n<li><a href=\"http:\/\/justeunvoyage.e-monsite.com\/pages\/vae\/apres-3000-kilometres.html\" target=\"_blank\" rel=\"noopener noreferrer\">JUSTE UN VOYAGE<\/a><\/li>\n<\/ul>\n<h2>Les sites pour pr\u00e9parer son parcours.<\/h2>\n<div>Alors l\u00e0, tout est bon \u00e0 prendre. Les sites, les blogs, les guides touristiques, les exp\u00e9riences d&rsquo;amis, etc&#8230;<\/div>\n<div>D\u00e9sol\u00e9, chacun pour soi, chaque r\u00e9gion \u00e0 ses sp\u00e9cificit\u00e9s et ses points d&rsquo;int\u00e9r\u00eats. Le sujet est trop vaste.<\/div>\n<h2>Voyagistes<\/h2>\n<p>Issus d&rsquo;une recherche g\u00e9n\u00e9rique, les 4 premiers :<\/p>\n<ul>\n<li><a href=\"http:\/\/www.levelovoyageur.com\/fr\/\" target=\"_blank\" rel=\"noopener noreferrer\" data-saferedirecturl=\"https:\/\/www.google.com\/url?hl=fr&amp;q=http:\/\/www.levelovoyageur.com\/fr\/&amp;source=gmail&amp;ust=1474922076807000&amp;usg=AFQjCNGN_4wLBSweaBI9eLDT0-OcQLNIng\">http:\/\/www.levelovoyageur.com\/<wbr \/>fr\/<\/a><\/li>\n<li><a href=\"http:\/\/www.francevelotourisme.com\/contenus\/preparation-et-conseils\/votre-sejour-cle-en-main\" target=\"_blank\" rel=\"noopener noreferrer\" data-saferedirecturl=\"https:\/\/www.google.com\/url?hl=fr&amp;q=http:\/\/www.francevelotourisme.com\/contenus\/preparation-et-conseils\/votre-sejour-cle-en-main&amp;source=gmail&amp;ust=1474922076807000&amp;usg=AFQjCNFviGu7yM9C_x_5BuBwVO9EaSYLNQ\">http:\/\/www.francevelotourisme.<wbr \/>com\/contenus\/preparation-et-<wbr \/>conseils\/votre-sejour-cle-en-<wbr \/>main<\/a><\/li>\n<li><a href=\"http:\/\/www.randovelo.fr\/\" target=\"_blank\" rel=\"noopener noreferrer\" data-saferedirecturl=\"https:\/\/www.google.com\/url?hl=fr&amp;q=http:\/\/www.randovelo.fr\/&amp;source=gmail&amp;ust=1474922076807000&amp;usg=AFQjCNFtHNuRUussqCqQsonQWmqfCOnYYw\">http:\/\/www.randovelo.fr\/<\/a><\/li>\n<li><a href=\"https:\/\/www.terdav.com\/hc-velo\" target=\"_blank\" rel=\"noopener noreferrer\" data-saferedirecturl=\"https:\/\/www.google.com\/url?hl=fr&amp;q=https:\/\/www.terdav.com\/hc-velo&amp;source=gmail&amp;ust=1474922076807000&amp;usg=AFQjCNE6FH7CAFrhBw3ncZiUGPq-XTgLUA\">https:\/\/www.terdav.com\/hc-velo<\/a><\/li>\n<\/ul>\n","protected":false},"excerpt":{"rendered":"<p>F\u00e9d\u00e9rations F\u00e9d\u00e9ration Fran\u00e7aise de Cyclo-Tourisme V\u00e9locistes sp\u00e9cialis\u00e9s Les v\u00e9los de Patrick Site d&rsquo;un passionn\u00e9 de v\u00e9lo qui vous pr\u00e9parera votre v\u00e9lo de r\u00eave en vous apportant conseil quant \u00e0 vos besoins. Comme son site perso ne poss\u00e8de pas de sommaire, voici les principaux liens : Pneu, P\u00e9dales, Frein, \u00c9clairage, Bureau, Selle,Guidon, Cadence, Singlespeed, Attach\u00e9s rapides, [&hellip;]<\/p>\n","protected":false},"author":1,"featured_media":0,"parent":454,"menu_order":1,"comment_status":"closed","ping_status":"closed","template":"","meta":[],"jetpack_shortlink":"https:\/\/wp.me\/P80Whq-V","jetpack_sharing_enabled":true,"jetpack-related-posts":[{"id":700,"url":"https:\/\/www.auduteau.net\/cyclo\/cyclo-tourisme\/faire-marquer-son-velo\/","url_meta":{"origin":57,"position":0},"title":"Faire marquer son v\u00e9lo","date":"25 septembre 2016","format":false,"excerpt":"En cas de vol, quelles sont nos chances de r\u00e9cup\u00e9rer notre v\u00e9lo ? Pour un tier des vols, les v\u00e9los ne sont qu'emprunt\u00e9s et laiss\u00e9s un peu plus loin, donc retrouv\u00e9s. Mais, la r\u00e9ponse \u00e0 la question est : Z\u00e9ro ! Vu qu'\u00e0 l'inverse des motos et voitures, un v\u00e9lo\u2026","rel":"","context":"Article similaire","img":{"alt_text":"","src":"https:\/\/i0.wp.com\/www.auduteau.net\/cyclo\/wp-content\/uploads\/marquage_bicycode.jpg?resize=350%2C200&ssl=1","width":350,"height":200},"classes":[]},{"id":702,"url":"https:\/\/www.auduteau.net\/cyclo\/cyclo-tourisme\/assurer-son-velo\/","url_meta":{"origin":57,"position":1},"title":"Assurer son v\u00e9lo","date":"25 septembre 2016","format":false,"excerpt":"Que me rembourse mon assurance en cas de vol ? D\u2019ailleurs, est-ce qu\u2019une de mes nombreuses assurances prend en charge les dommages ou le vol de mon v\u00e9lo\u00a0? L\u2019assurance voiture prendra en charge les d\u00e9g\u00e2ts ou \u00e9ventuellement le vol de v\u00e9lo sur une galerie voiture lors de vos trajets. Mais\u2026","rel":"","context":"Article similaire","img":{"alt_text":"","src":"https:\/\/i0.wp.com\/www.auduteau.net\/cyclo\/wp-content\/uploads\/Assurance-v\u00e9lo-Majorque.jpg?resize=350%2C200&ssl=1","width":350,"height":200},"classes":[]},{"id":698,"url":"https:\/\/www.auduteau.net\/cyclo\/cyclo-tourisme\/de-la-securite-du-mon-velo\/","url_meta":{"origin":57,"position":2},"title":"De la s\u00e9curit\u00e9 de mon v\u00e9lo","date":"25 septembre 2016","format":false,"excerpt":"Selon les chiffres estim\u00e9s, environ 500 000 v\u00e9los auraient \u00e9t\u00e9 vol\u00e9s en 2016 soit 1369 par jour (article Le Parisien). Seulement 5% font l'objet d'une plainte d\u00e9pos\u00e9e du fait que les gens pensent qu'ils ne le r\u00e9cup\u00e9reront jamais. Pour m\u00e9moire, en 2016, il s'est vol\u00e9 110 000 voitures constat\u00e9 par\u2026","rel":"","context":"Article similaire","img":{"alt_text":"","src":"https:\/\/i0.wp.com\/www.auduteau.net\/cyclo\/wp-content\/uploads\/IMG_8021.jpg?resize=350%2C200&ssl=1","width":350,"height":200},"classes":[]},{"id":119,"url":"https:\/\/www.auduteau.net\/cyclo\/cyclo-tourisme\/les-voies-vertes\/","url_meta":{"origin":57,"position":3},"title":"Les voies vertes","date":"25 septembre 2016","format":false,"excerpt":"Il existe un r\u00e9seau de voies vertes qui se d\u00e9veloppe en France. Mais toutes ne sont pas s\u00e9curis\u00e9es et d\u00e9di\u00e9es au v\u00e9lo (ou partag\u00e9s promeneur\/V\u00e9lo\/Roller...). Et toutes les voies cyclables ne sont pas forcements r\u00e9f\u00e9renc\u00e9es. On entre dans le domaine r\u00e9gional. Savoir avec exactitude l'\u00e9tendu du r\u00e9seau dans la\/les r\u00e9gion(s)\u2026","rel":"","context":"Article similaire","img":{"alt_text":"","src":"https:\/\/i0.wp.com\/www.auduteau.net\/cyclo\/wp-content\/uploads\/176F68FE-3B8C-4EC1-BD68-7E6FA90B3824-265x300.jpeg?resize=350%2C200","width":350,"height":200},"classes":[]},{"id":66,"url":"https:\/\/www.auduteau.net\/cyclo\/cyclo-tourisme\/la-casse-sur-la-route\/","url_meta":{"origin":57,"position":4},"title":"La casse sur la route","date":"25 septembre 2016","format":false,"excerpt":"Nous sommes des touristes, mais nous ne sommes pas \u00e0 l'abri de petits tracas m\u00e9caniques sur la route et nous nous devons d'en conna\u00eetre un minimum pour finir notre \u00e9tape ou notre parcours. Quand je dis \u00a0\u00ab\u00a0nous\u00a0\u00bb, j'entends chaque membre de notre groupe de cyclo-randonneurs en \u00e2ge de comprendre. Le\u2026","rel":"","context":"Article similaire","img":{"alt_text":"","src":"https:\/\/i0.wp.com\/www.auduteau.net\/cyclo\/wp-content\/uploads\/2016\/09\/SRAM.jpg?resize=350%2C200","width":350,"height":200},"classes":[]},{"id":8,"url":"https:\/\/www.auduteau.net\/cyclo\/cyclo-tourisme\/","url_meta":{"origin":57,"position":5},"title":"Cyclo-Tourisme","date":"25 septembre 2016","format":false,"excerpt":"Je commencerai par dire qu'il n'y a pas un cyclo-touriste mais des cyclo-touristes. C'est principalement li\u00e9 aux objectifs que l'on se fixe et chacun a les siens. De celui, qui se doit de faire ses 100Km par jour, en passant par la petite famille qui n'en fera que 5-15 pour\u2026","rel":"","context":"Article similaire","img":{"alt_text":"","src":"","width":0,"height":0},"classes":[]}],"jetpack_likes_enabled":true,"_links":{"self":[{"href":"https:\/\/www.auduteau.net\/cyclo\/wp-json\/wp\/v2\/pages\/57"}],"collection":[{"href":"https:\/\/www.auduteau.net\/cyclo\/wp-json\/wp\/v2\/pages"}],"about":[{"href":"https:\/\/www.auduteau.net\/cyclo\/wp-json\/wp\/v2\/types\/page"}],"author":[{"embeddable":true,"href":"https:\/\/www.auduteau.net\/cyclo\/wp-json\/wp\/v2\/users\/1"}],"replies":[{"embeddable":true,"href":"https:\/\/www.auduteau.net\/cyclo\/wp-json\/wp\/v2\/comments?post=57"}],"version-history":[{"count":21,"href":"https:\/\/www.auduteau.net\/cyclo\/wp-json\/wp\/v2\/pages\/57\/revisions"}],"predecessor-version":[{"id":2045,"href":"https:\/\/www.auduteau.net\/cyclo\/wp-json\/wp\/v2\/pages\/57\/revisions\/2045"}],"up":[{"embeddable":true,"href":"https:\/\/www.auduteau.net\/cyclo\/wp-json\/wp\/v2\/pages\/454"}],"wp:attachment":[{"href":"https:\/\/www.auduteau.net\/cyclo\/wp-json\/wp\/v2\/media?parent=57"}],"curies":[{"name":"wp","href":"https:\/\/api.w.org\/{rel}","templated":true}]}}