{"id":456,"date":"2016-10-06T00:15:39","date_gmt":"2016-10-05T22:15:39","guid":{"rendered":"http:\/\/www.auduteau.net\/cyclo\/?page_id=456"},"modified":"2016-10-09T13:51:06","modified_gmt":"2016-10-09T11:51:06","slug":"telechargements","status":"publish","type":"page","link":"https:\/\/www.auduteau.net\/cyclo\/ressources\/telechargements\/","title":{"rendered":"T\u00e9l\u00e9chargements"},"content":{"rendered":"<p>Sont r\u00e9f\u00e9renc\u00e9s, ici, les fichiers que nous prenons avec nous sur nos smartphones de mani\u00e8re \u00e0 avoir toutes les informations \u00e0 port\u00e9e de main.<\/p>\n<p><strong>Sur le parcours<\/strong> :<\/p>\n<ul>\n<li><a href=\"http:\/\/www.auduteau.net\/cyclo\/wp-content\/uploads\/2016\/10\/Parcours.xls\">R\u00e9f\u00e9rencement parcours<\/a><br \/>\n<span style=\"color: #808080;\">Un fichier l\u00e9ger qui reprend toutes les \u00e9tapes du parcours avec les h\u00e9bergements cibl\u00e9s.<\/span><\/li>\n<li><a href=\"http:\/\/www.auduteau.net\/cyclo\/wp-content\/uploads\/2016\/10\/GitesCamping.xls\">R\u00e9f\u00e9rencement camping &amp; gites<\/a><br \/>\n<span style=\"color: #808080;\">Toutes les adresses de campings et d&rsquo;h\u00e9bergements en dur que l&rsquo;on est susceptible d&rsquo;appeler au cas o\u00f9 l&rsquo;h\u00e9bergement cibl\u00e9 s&rsquo;av\u00e8re complet.<\/span><\/li>\n<li><a href=\"http:\/\/www.auduteau.net\/cyclo\/wp-content\/uploads\/2016\/10\/R\u00e9f\u00e9rentiel-velocistes.xls\">R\u00e9f\u00e9rencement v\u00e9locistes<\/a><br \/>\n<span style=\"color: #808080;\">Fichier r\u00e9f\u00e9ren\u00e7ant tous les v\u00e9locistes sur la trajet aptes \u00e0 nous porter assistance en cas de gros p\u00e9pin m\u00e9canique.<\/span><\/li>\n<li><a href=\"http:\/\/www.auduteau.net\/cyclo\/wp-content\/uploads\/2016\/10\/Fichier_Navettes.xls\">R\u00e9f\u00e9rencement transports<\/a><br \/>\n<span style=\"color: #808080;\">Fichier r\u00e9f\u00e9ren\u00e7ant les transports de type liaisons maritime, passeurs, cars &amp; r\u00e9seau de bus, trains.<\/span><\/li>\n<\/ul>\n<p><strong>En fin de voyage<\/strong> :<\/p>\n<ul>\n<li><a href=\"http:\/\/www.auduteau.net\/cyclo\/wp-content\/uploads\/2016\/10\/Fichier_compte.xlsx\" target=\"_blank\">Fichier de compte<\/a><\/li>\n<\/ul>\n<p>&nbsp;<\/p>\n","protected":false},"excerpt":{"rendered":"<p>Sont r\u00e9f\u00e9renc\u00e9s, ici, les fichiers que nous prenons avec nous sur nos smartphones de mani\u00e8re \u00e0 avoir toutes les informations \u00e0 port\u00e9e de main. Sur le parcours : R\u00e9f\u00e9rencement parcours Un fichier l\u00e9ger qui reprend toutes les \u00e9tapes du parcours avec les h\u00e9bergements cibl\u00e9s. R\u00e9f\u00e9rencement camping &amp; gites Toutes les adresses de campings et d&rsquo;h\u00e9bergements [&hellip;]<\/p>\n","protected":false},"author":1,"featured_media":0,"parent":454,"menu_order":2,"comment_status":"closed","ping_status":"closed","template":"","meta":[],"jetpack_shortlink":"https:\/\/wp.me\/P80Whq-7m","jetpack_sharing_enabled":true,"jetpack-related-posts":[{"id":44,"url":"https:\/\/www.auduteau.net\/cyclo\/le-voyage-en-soi\/les-preparatifs\/","url_meta":{"origin":456,"position":0},"title":"Les pr\u00e9paratifs","date":"5 octobre 2016","format":false,"excerpt":"Tracer la route Bien \u00e9videmment, il va falloir tracer sa route et la synchroniser avec les VAE. Grandes discussions assur\u00e9es. Les sites de trace et de topologie terrain : Calcul d'itin\u00e9raire , mon pr\u00e9f\u00e9r\u00e9 pour pr\u00e9parer la route (bas\u00e9 sur ORS et me permet de partager avec le groupe sans\u2026","rel":"","context":"Article similaire","img":{"alt_text":"","src":"https:\/\/i0.wp.com\/www.auduteau.net\/cyclo\/wp-content\/uploads\/tracer-la-route2-300x200.jpg?resize=350%2C200","width":350,"height":200},"classes":[]},{"id":830,"url":"https:\/\/www.auduteau.net\/cyclo\/cyclo-tourisme\/le-ravitaillement-en-eau-sur-le-parcours\/","url_meta":{"origin":456,"position":1},"title":"Le ravitaillement en eau sur le parcours","date":"25 septembre 2016","format":false,"excerpt":"Cela a l'air anodin comme sujet mais quand il commence \u00e0 faire plus de 30 degr\u00e9s \u00e0 l'ombre, les r\u00e9serves des gourdes s'\u00e9puisent vite ou chauffent. Ce qui est d\u00e9sagr\u00e9able. Sur le site du Roulard on essaye de r\u00e9f\u00e9rencer le plus possible les points d'eau que nous trouvons sur la\u2026","rel":"","context":"Article similaire","img":{"alt_text":"","src":"","width":0,"height":0},"classes":[]},{"id":454,"url":"https:\/\/www.auduteau.net\/cyclo\/ressources\/","url_meta":{"origin":456,"position":2},"title":"Ressources","date":"6 octobre 2016","format":false,"excerpt":"Je d\u00e9pose dans cette rubrique quelques ressources en termes de : Liens utiles T\u00e9l\u00e9chargement de fichiers de r\u00e9f\u00e9rencement exemples Les fichiers et documents ont \u00e9t\u00e9 test\u00e9s avec kaspersky antivirus.","rel":"","context":"Article similaire","img":{"alt_text":"","src":"","width":0,"height":0},"classes":[]},{"id":700,"url":"https:\/\/www.auduteau.net\/cyclo\/cyclo-tourisme\/faire-marquer-son-velo\/","url_meta":{"origin":456,"position":3},"title":"Faire marquer son v\u00e9lo","date":"25 septembre 2016","format":false,"excerpt":"En cas de vol, quelles sont nos chances de r\u00e9cup\u00e9rer notre v\u00e9lo ? Pour un tier des vols, les v\u00e9los ne sont qu'emprunt\u00e9s et laiss\u00e9s un peu plus loin, donc retrouv\u00e9s. Mais, la r\u00e9ponse \u00e0 la question est : Z\u00e9ro ! Vu qu'\u00e0 l'inverse des motos et voitures, un v\u00e9lo\u2026","rel":"","context":"Article similaire","img":{"alt_text":"","src":"https:\/\/i0.wp.com\/www.auduteau.net\/cyclo\/wp-content\/uploads\/marquage_bicycode.jpg?resize=350%2C200&ssl=1","width":350,"height":200},"classes":[]},{"id":14,"url":"https:\/\/www.auduteau.net\/cyclo\/le-voyage-en-soi\/les-hebergements\/","url_meta":{"origin":456,"position":4},"title":"Les H\u00e9bergements","date":"5 octobre 2016","format":false,"excerpt":"Sur nos premiers parcours, nous ne ciblions que les camping \u00e0 proximit\u00e9 de notre route. Puis nous avons \u00e9volu\u00e9 vers des h\u00e9bergements en dur lorsque c'\u00e9tait possible. Le bivouac Toujours \u00e0 la recherche de plus de proximit\u00e9 avec la nature, le bivouac est leur cr\u00e9do Ne pas confondre bivouac (pour\u2026","rel":"","context":"Article similaire","img":{"alt_text":"","src":"https:\/\/i0.wp.com\/www.auduteau.net\/cyclo\/wp-content\/uploads\/2016\/09\/Kpkp_BBQ-300x225.jpg?resize=350%2C200","width":350,"height":200},"classes":[]},{"id":42,"url":"https:\/\/www.auduteau.net\/cyclo\/le-voyage-en-soi\/vie-au-camping\/","url_meta":{"origin":456,"position":5},"title":"Vie au camping","date":"5 octobre 2016","format":false,"excerpt":"Quelques constatations sur la vie au camping plus vues sous un angle humoristique. Vous pouvez aussi aller voir nos consid\u00e9rations sur les campings sur la page les h\u00e9bergements. La vaisselle Oui, c'est la corv\u00e9e mais pas plus que de monter\/d\u00e9monter la tente tous les jours et en groupe, c'est un\u2026","rel":"","context":"Article similaire","img":{"alt_text":"","src":"https:\/\/i0.wp.com\/www.auduteau.net\/cyclo\/wp-content\/uploads\/2016\/09\/2010-reveil.jpg?resize=350%2C200&ssl=1","width":350,"height":200},"classes":[]}],"jetpack_likes_enabled":true,"_links":{"self":[{"href":"https:\/\/www.auduteau.net\/cyclo\/wp-json\/wp\/v2\/pages\/456"}],"collection":[{"href":"https:\/\/www.auduteau.net\/cyclo\/wp-json\/wp\/v2\/pages"}],"about":[{"href":"https:\/\/www.auduteau.net\/cyclo\/wp-json\/wp\/v2\/types\/page"}],"author":[{"embeddable":true,"href":"https:\/\/www.auduteau.net\/cyclo\/wp-json\/wp\/v2\/users\/1"}],"replies":[{"embeddable":true,"href":"https:\/\/www.auduteau.net\/cyclo\/wp-json\/wp\/v2\/comments?post=456"}],"version-history":[{"count":12,"href":"https:\/\/www.auduteau.net\/cyclo\/wp-json\/wp\/v2\/pages\/456\/revisions"}],"predecessor-version":[{"id":519,"href":"https:\/\/www.auduteau.net\/cyclo\/wp-json\/wp\/v2\/pages\/456\/revisions\/519"}],"up":[{"embeddable":true,"href":"https:\/\/www.auduteau.net\/cyclo\/wp-json\/wp\/v2\/pages\/454"}],"wp:attachment":[{"href":"https:\/\/www.auduteau.net\/cyclo\/wp-json\/wp\/v2\/media?parent=456"}],"curies":[{"name":"wp","href":"https:\/\/api.w.org\/{rel}","templated":true}]}}