{"id":454,"date":"2016-10-06T00:05:28","date_gmt":"2016-10-05T22:05:28","guid":{"rendered":"http:\/\/www.auduteau.net\/cyclo\/?page_id=454"},"modified":"2016-10-09T13:52:20","modified_gmt":"2016-10-09T11:52:20","slug":"ressources","status":"publish","type":"page","link":"https:\/\/www.auduteau.net\/cyclo\/ressources\/","title":{"rendered":"Ressources"},"content":{"rendered":"<p>Je d\u00e9pose dans cette rubrique quelques ressources en termes de :<\/p>\n<ul>\n<li><a href=\"http:\/\/www.auduteau.net\/cyclo\/liens-utiles\/\">Liens utiles<\/a><\/li>\n<li><a href=\"http:\/\/www.auduteau.net\/cyclo\/ressources\/telechargements\/\">T\u00e9l\u00e9chargement<\/a> de fichiers de r\u00e9f\u00e9rencement exemples<\/li>\n<\/ul>\n<p><em>Les fichiers et documents ont \u00e9t\u00e9 test\u00e9s avec kaspersky antivirus.<\/em><\/p>\n","protected":false},"excerpt":{"rendered":"<p>Je d\u00e9pose dans cette rubrique quelques ressources en termes de : Liens utiles T\u00e9l\u00e9chargement de fichiers de r\u00e9f\u00e9rencement exemples Les fichiers et documents ont \u00e9t\u00e9 test\u00e9s avec kaspersky antivirus.<\/p>\n","protected":false},"author":1,"featured_media":0,"parent":0,"menu_order":0,"comment_status":"closed","ping_status":"closed","template":"","meta":[],"jetpack_shortlink":"https:\/\/wp.me\/P80Whq-7k","jetpack_sharing_enabled":true,"jetpack-related-posts":[{"id":456,"url":"https:\/\/www.auduteau.net\/cyclo\/ressources\/telechargements\/","url_meta":{"origin":454,"position":0},"title":"T\u00e9l\u00e9chargements","date":"6 octobre 2016","format":false,"excerpt":"Sont r\u00e9f\u00e9renc\u00e9s, ici, les fichiers que nous prenons avec nous sur nos smartphones de mani\u00e8re \u00e0 avoir toutes les informations \u00e0 port\u00e9e de main. Sur le parcours : R\u00e9f\u00e9rencement parcours Un fichier l\u00e9ger qui reprend toutes les \u00e9tapes du parcours avec les h\u00e9bergements cibl\u00e9s. R\u00e9f\u00e9rencement camping & gites Toutes les\u2026","rel":"","context":"Article similaire","img":{"alt_text":"","src":"","width":0,"height":0},"classes":[]},{"id":46,"url":"https:\/\/www.auduteau.net\/cyclo\/le-voyage-en-soi\/lapres-voyage\/","url_meta":{"origin":454,"position":1},"title":"L&rsquo;apr\u00e8s voyage","date":"5 octobre 2016","format":false,"excerpt":"Les comptes Voir la page \"les bons comptes font les bons amis Les traces On a trac\u00e9 notre route le long des chemins. On les a peut-\u00eatre enregistr\u00e9es sur notre smartphone ou son GPS. Pourquoi ne pas les partager \u00e0 la communaut\u00e9 de cyclo-randonneurs ? Oui mais sur une semaine\u2026","rel":"","context":"Article similaire","img":{"alt_text":"","src":"","width":0,"height":0},"classes":[]},{"id":700,"url":"https:\/\/www.auduteau.net\/cyclo\/cyclo-tourisme\/faire-marquer-son-velo\/","url_meta":{"origin":454,"position":2},"title":"Faire marquer son v\u00e9lo","date":"25 septembre 2016","format":false,"excerpt":"En cas de vol, quelles sont nos chances de r\u00e9cup\u00e9rer notre v\u00e9lo ? Pour un tier des vols, les v\u00e9los ne sont qu'emprunt\u00e9s et laiss\u00e9s un peu plus loin, donc retrouv\u00e9s. Mais, la r\u00e9ponse \u00e0 la question est : Z\u00e9ro ! Vu qu'\u00e0 l'inverse des motos et voitures, un v\u00e9lo\u2026","rel":"","context":"Article similaire","img":{"alt_text":"","src":"https:\/\/i0.wp.com\/www.auduteau.net\/cyclo\/wp-content\/uploads\/marquage_bicycode.jpg?resize=350%2C200&ssl=1","width":350,"height":200},"classes":[]},{"id":44,"url":"https:\/\/www.auduteau.net\/cyclo\/le-voyage-en-soi\/les-preparatifs\/","url_meta":{"origin":454,"position":3},"title":"Les pr\u00e9paratifs","date":"5 octobre 2016","format":false,"excerpt":"Tracer la route Bien \u00e9videmment, il va falloir tracer sa route et la synchroniser avec les VAE. Grandes discussions assur\u00e9es. Les sites de trace et de topologie terrain : Calcul d'itin\u00e9raire , mon pr\u00e9f\u00e9r\u00e9 pour pr\u00e9parer la route (bas\u00e9 sur ORS et me permet de partager avec le groupe sans\u2026","rel":"","context":"Article similaire","img":{"alt_text":"","src":"https:\/\/i0.wp.com\/www.auduteau.net\/cyclo\/wp-content\/uploads\/tracer-la-route2-300x200.jpg?resize=350%2C200","width":350,"height":200},"classes":[]},{"id":57,"url":"https:\/\/www.auduteau.net\/cyclo\/ressources\/liens-utiles\/","url_meta":{"origin":454,"position":4},"title":"Liens utiles","date":"6 octobre 2016","format":false,"excerpt":"F\u00e9d\u00e9rations F\u00e9d\u00e9ration Fran\u00e7aise de Cyclo-Tourisme V\u00e9locistes sp\u00e9cialis\u00e9s Les v\u00e9los de Patrick Site d'un passionn\u00e9 de v\u00e9lo qui vous pr\u00e9parera votre v\u00e9lo de r\u00eave en vous apportant conseil quant \u00e0 vos besoins. Comme son site perso ne poss\u00e8de pas de sommaire, voici les principaux liens : Pneu, P\u00e9dales, Frein, \u00c9clairage, Bureau,\u2026","rel":"","context":"Article similaire","img":{"alt_text":"","src":"","width":0,"height":0},"classes":[]},{"id":801,"url":"https:\/\/www.auduteau.net\/cyclo\/debut-de-lhistoire\/2017-vallee-du-lot\/","url_meta":{"origin":454,"position":5},"title":"2017 &#8211; Vall\u00e9e du Tarn et du Lot","date":"30 septembre 2016","format":false,"excerpt":"Voir le parcours Distance : 378km D\u00e9but : 08 ao\u00fbt 2017 Fin : 16 ao\u00fbt 2017 D\u00e9nivel\u00e9 + : 4060m D\u00e9nivel\u00e9 - : 3924m Alt. max. : 233m Fichier Ressources - Galerie photos Ce ne sera pas tant le Lot mais surtout le Lot et Garonne avec un d\u00e9part du\u2026","rel":"","context":"Article similaire","img":{"alt_text":"Vall\u00e9e du lot","src":"https:\/\/i0.wp.com\/www.auduteau.net\/cyclo\/wp-content\/uploads\/Lot.jpg?resize=350%2C200&ssl=1","width":350,"height":200},"classes":[]}],"jetpack_likes_enabled":true,"_links":{"self":[{"href":"https:\/\/www.auduteau.net\/cyclo\/wp-json\/wp\/v2\/pages\/454"}],"collection":[{"href":"https:\/\/www.auduteau.net\/cyclo\/wp-json\/wp\/v2\/pages"}],"about":[{"href":"https:\/\/www.auduteau.net\/cyclo\/wp-json\/wp\/v2\/types\/page"}],"author":[{"embeddable":true,"href":"https:\/\/www.auduteau.net\/cyclo\/wp-json\/wp\/v2\/users\/1"}],"replies":[{"embeddable":true,"href":"https:\/\/www.auduteau.net\/cyclo\/wp-json\/wp\/v2\/comments?post=454"}],"version-history":[{"count":2,"href":"https:\/\/www.auduteau.net\/cyclo\/wp-json\/wp\/v2\/pages\/454\/revisions"}],"predecessor-version":[{"id":520,"href":"https:\/\/www.auduteau.net\/cyclo\/wp-json\/wp\/v2\/pages\/454\/revisions\/520"}],"wp:attachment":[{"href":"https:\/\/www.auduteau.net\/cyclo\/wp-json\/wp\/v2\/media?parent=454"}],"curies":[{"name":"wp","href":"https:\/\/api.w.org\/{rel}","templated":true}]}}