{"id":42,"date":"2016-10-05T00:50:20","date_gmt":"2016-10-04T22:50:20","guid":{"rendered":"http:\/\/www.auduteau.net\/cyclo\/?page_id=42"},"modified":"2022-08-26T12:57:48","modified_gmt":"2022-08-26T10:57:48","slug":"vie-au-camping","status":"publish","type":"page","link":"https:\/\/www.auduteau.net\/cyclo\/le-voyage-en-soi\/vie-au-camping\/","title":{"rendered":"Vie au camping"},"content":{"rendered":"<p>Quelques constatations sur la vie au camping plus vues sous un angle humoristique.<\/p>\n<p>Vous pouvez aussi aller voir nos consid\u00e9rations sur les campings sur la page les <a href=\"http:\/\/www.auduteau.net\/cyclo\/le-voyage-en-soi\/les-hebergements\/\">h\u00e9bergements<\/a>.<\/p>\n<h2>La vaisselle<\/h2>\n<p>Oui, c&rsquo;est la corv\u00e9e mais pas plus que de monter\/d\u00e9monter la tente tous les jours et en groupe, c&rsquo;est un franc moment de rigolade.<\/p>\n<p>Par principe, si vous voyez l&rsquo;\u00e9criteau \u00ab\u00a0merci d&rsquo;utiliser une bassine pour faire votre vaisselle\u00a0\u00bb vous pouvez \u00eatre s\u00fbr que les \u00e9viers sont d\u00e9gueulasses.<\/p>\n<p>Le vacancier lambda suit toujours les consignes. Il<\/p>\n<ul>\n<li>Am\u00e8ne sa bassine<\/li>\n<li>La remplie<\/li>\n<li>Fait sa vaisselle<\/li>\n<li>Rince et essuie sa vaisselle<\/li>\n<li>Vide sa bassine dans l&rsquo;\u00e9vier<\/li>\n<li>Rince sa bassine et la re-vide<\/li>\n<li>Remplie sa bassine avec sa vaisselle propre<\/li>\n<li>Et, &#8230;, s&rsquo;en va<\/li>\n<\/ul>\n<p>Le cyclo-randonneur n&rsquo;a jamais de bassine dans ses sacoches. Il<\/p>\n<ul>\n<li>Nettoie les \u00e9viers des autres<\/li>\n<li>Fait sa vaisselle, l&rsquo;essuie et la remballe dans son sac de supermarch\u00e9 qu&rsquo;il a lav\u00e9 au pr\u00e9alable,<\/li>\n<li>Nettoie l&rsquo;\u00e9vier pour que le cyclo-randonneur qui le suit puisse faire sa vaisselle dans un environnement propre.<\/li>\n<\/ul>\n<p>Cherchez l&rsquo;erreur!<\/p>\n<p>Si vous voulez mettre un froid dans le local vaisselle, allez-y lorsqu&rsquo;il y a le plus de monde, et pendant que certains d&rsquo;entre-vous font la vaisselle, lisez \u00e0 haute voix le paragraphe pr\u00e9c\u00e9dent.<br \/>\nEffet garanti, grand silence et astiquage des \u00e9viers.<\/p>\n<p>Petit rappel technique : Pour op\u00e9rer un meilleur essuyage (plus rapide), la vaisselle plastique se rince \u00e0 l&rsquo;eau froide et les autres types \u00e0 l&rsquo;eau chaude.<\/p>\n<h2>Les sanitaires<\/h2>\n<p style=\"padding-left: 30px;\">Vous connaissez le comble du campeur ?<br \/>\nPar temps de fortes pluies, o\u00f9 se r\u00e9fugie-t-il ? &#8230;<br \/>\nDans les douches et les sanitaires.<\/p>\n<p>Par temps de pluie, les sanitaires sont tr\u00e8s conviviaux.<\/p>\n<p>Tr\u00eave de plaisanterie, le vacancier est, par d\u00e9finition en vacances, donc encore plus fain\u00e9ant que d&rsquo;habitude.<br \/>\nSi les sanitaires sont en longueur, filez directement dans les douches ou WC du fonds. Seuls les courageux et ceux qui ont encore un peu de respect pour eux et pour les autres les utilisent.<\/p>\n<h2>Les emplacements<\/h2>\n<p>On \u00e9vitera les emplacements d\u00e9di\u00e9s aux camping-cars. Le vacancier est toujours un fain\u00e9ant. Et d\u00e9placer son camping-car pour vider ses sanitaires l&rsquo;ennuie. Donc ils urinent, la nuit, dans la nature derri\u00e8re leur camping-cars.<br \/>\n\u00catre pr\u00e8s des sanitaires poss\u00e8de l&rsquo;avantage de pouvoir s&rsquo;y r\u00e9fugier par forte pluie ou d&rsquo;y aller la nuit s&rsquo;ils sont ouverts mais a aussi beaucoup de d\u00e9savantage.<\/p>\n<ul>\n<li>l&rsquo;incessant va et vient des vacanciers,<\/li>\n<li>les odeurs s&rsquo;ils sont mal con\u00e7us,<\/li>\n<li>\u00eatre le rendez-vous des jeunes s&rsquo;il n&rsquo;y a pas de lumi\u00e8res et celui des parents pour jouer \u00e0 la p\u00e9tanque jusqu&rsquo;\u00e0 point d&rsquo;heures s&rsquo;il y en a.<\/li>\n<\/ul>\n<p>En g\u00e9n\u00e9ral, les cyclo-randonneurs sont rel\u00e9gu\u00e9s au fin fond du camping, rarement pr\u00e8s de l&rsquo;entr\u00e9e, car l&rsquo;effet boat people nuit un peu \u00e0 l&rsquo;image.<br \/>\nEn fait c&rsquo;est une chance vu que l&rsquo;objectif est de dormir et que nous sommes \u00e9quip\u00e9s pour parcourir les grandes distances. \u00c9tonnamment, les sanitaires ne sont jamais loin. Souvent un baraquement annexe sous utilis\u00e9.<\/p>\n<h2>L&rsquo;\u00e9lectricit\u00e9<\/h2>\n<p>Rarement \u00e0 c\u00f4t\u00e9 de l&#8217;emplacement et n\u00e9cessitera une bonne rallonge de 20m voire deux rallonges.<br \/>\nNe pas oublier l&rsquo;adaptateur prise CEE (P17) m\u00e2le et celui de secours lorsque la jeunesse l&rsquo;oublie en d\u00e9branchant le matin.<\/p>\n<h2>La piscine<\/h2>\n<p>On ne refait pas le monde, c&rsquo;est le paradis des serviettes qui tr\u00f4nent sur les transats alors qu&rsquo;il n&rsquo;y a personne dans et autour de la piscine ni sur les transats. (R\u00e8gle dans la journ\u00e9e)<br \/>\nEn r\u00e8gle g\u00e9n\u00e9rale, Ce n&rsquo;est pas notre probl\u00e8me puisque notre objectif est de nous rafra\u00eechir et de nous d\u00e9tendre les jambes. Comme nous y arrivons en fin de journ\u00e9e, la piscine est souvent pour nous tout seul et les transats sont disponibles. Par contre, l&rsquo;aspect de l&rsquo;eau, en fin de journ\u00e9e, peut amener \u00e0 reporter la baignade.<\/p>\n","protected":false},"excerpt":{"rendered":"<p>Quelques constatations sur la vie au camping plus vues sous un angle humoristique. Vous pouvez aussi aller voir nos consid\u00e9rations sur les campings sur la page les h\u00e9bergements. La vaisselle Oui, c&rsquo;est la corv\u00e9e mais pas plus que de monter\/d\u00e9monter la tente tous les jours et en groupe, c&rsquo;est un franc moment de rigolade. Par [&hellip;]<\/p>\n","protected":false},"author":1,"featured_media":322,"parent":6,"menu_order":9,"comment_status":"closed","ping_status":"closed","template":"","meta":[],"jetpack_shortlink":"https:\/\/wp.me\/P80Whq-G","jetpack_sharing_enabled":true,"jetpack-related-posts":[{"id":40,"url":"https:\/\/www.auduteau.net\/cyclo\/le-voyage-en-soi\/lequipement-de-base\/","url_meta":{"origin":42,"position":0},"title":"L&rsquo;\u00e9quipement de base","date":"5 octobre 2016","format":false,"excerpt":"Petite apart\u00e9 sur l'\u00e9quipement du cyclo-randonneur L\u00e0, je vous renvoie sur les sites, blogs et forums sur les cyclo-campeurs et tour-du-mondistes. Ils sont tr\u00e8s bien document\u00e9s. Je signalerai simplement mesdames et messieurs qu'en cyclo-randonn\u00e9e, on voyage \u00e9quip\u00e9 mais l\u00e9ger. Ce n'est pas parce que nous avons une voiture suiveuse, qu'il\u2026","rel":"","context":"Article similaire","img":{"alt_text":"","src":"","width":0,"height":0},"classes":[]},{"id":1157,"url":"https:\/\/www.auduteau.net\/cyclo\/debut-de-lhistoire\/2018-boucle-perigord-gironde\/","url_meta":{"origin":42,"position":1},"title":"2018 -Boucle P\u00e9rigord\/Gironde","date":"30 septembre 2016","format":false,"excerpt":"En Mode pr\u00e9paration l'id\u00e9e \u00e9tait l\u00e0 : la descente de la Dordogne, la remont\u00e9e par la vall\u00e9e de l'Isle puis celle de la V\u00e9z\u00e8re pour rejoindre notre point de d\u00e9part : Sarlat. Feu d'artifice des plus beaux villages de France : Sarlat la Can\u00e9da Domme La Roque Gageac Castelnaud la\u2026","rel":"","context":"Article similaire","img":{"alt_text":"","src":"","width":0,"height":0},"classes":[]},{"id":191,"url":"https:\/\/www.auduteau.net\/cyclo\/debut-de-lhistoire\/2012-pyla-sur-mer-a-hendaye\/","url_meta":{"origin":42,"position":2},"title":"2012 : Pyla sur mer \u00e0 Hendaye","date":"30 septembre 2016","format":false,"excerpt":"Voir le parcours Distance :\u00a0\u00a0\u00a0\u00a0\u00a0\u00a0\u00a0\u00a0\u00a0\u00a0\u00a0\u00a0\u00a0\u00a0\u00a0\u00a0\u00a0\u00a0\u00a0\u00a0\u00a0\u00a0\u00a0\u00a0 285 km D\u00e9nivel\u00e9 Montant\u00a0\u00a0\u00a0\u00a0\u00a0 : 3 002 m D\u00e9nivel\u00e9\u00a0 descendant: 3 032 m Altitude maximum \u00a0 \u00a0 :\u00a0\u00a0\u00a0\u00a0 203 m Altitude minimum \u00a0 \u00a0 : \u00a0 \u00a0 \u00a0\u00a0\u00a0\u00a0 0 m Originellement, nous devions rejoindre Saint S\u00e9bastien mais la journ\u00e9e Espelette \u00e0 Ascain en passant par\u2026","rel":"","context":"Article similaire","img":{"alt_text":"","src":"https:\/\/i0.wp.com\/www.auduteau.net\/cyclo\/wp-content\/uploads\/2016\/09\/2012-map-300x300.png?resize=350%2C200","width":350,"height":200},"classes":[]},{"id":505,"url":"https:\/\/www.auduteau.net\/cyclo\/debut-de-lhistoire\/2015-sables-dolonne-carnac\/","url_meta":{"origin":42,"position":3},"title":"2015 : Sables d&rsquo;Olonne &#8211; Carnac","date":"30 septembre 2016","format":false,"excerpt":"Voir le parcours Distance : 432 km D\u00e9nivel\u00e9 montant\u00a0 : 3 274 m D\u00e9nivel\u00e9\u00a0 descendant : 3 392 m Alt. max. : 54 m Alt. min. : -1 m L'objectif originel \u00e9tait Quiberon. Mais comme toujours, les circonstances am\u00e8nent quelques am\u00e9nagements. Nous aurions pu repartir du Lidon, notre derni\u00e8re \u00e9tape\u2026","rel":"","context":"Article similaire","img":{"alt_text":"","src":"https:\/\/i0.wp.com\/www.auduteau.net\/cyclo\/wp-content\/uploads\/2016\/10\/2015-map-300x300.png?resize=350%2C200","width":350,"height":200},"classes":[]},{"id":14,"url":"https:\/\/www.auduteau.net\/cyclo\/le-voyage-en-soi\/les-hebergements\/","url_meta":{"origin":42,"position":4},"title":"Les H\u00e9bergements","date":"5 octobre 2016","format":false,"excerpt":"Sur nos premiers parcours, nous ne ciblions que les camping \u00e0 proximit\u00e9 de notre route. Puis nous avons \u00e9volu\u00e9 vers des h\u00e9bergements en dur lorsque c'\u00e9tait possible. Le bivouac Toujours \u00e0 la recherche de plus de proximit\u00e9 avec la nature, le bivouac est leur cr\u00e9do Ne pas confondre bivouac (pour\u2026","rel":"","context":"Article similaire","img":{"alt_text":"","src":"https:\/\/i0.wp.com\/www.auduteau.net\/cyclo\/wp-content\/uploads\/2016\/09\/Kpkp_BBQ-300x225.jpg?resize=350%2C200","width":350,"height":200},"classes":[]},{"id":830,"url":"https:\/\/www.auduteau.net\/cyclo\/cyclo-tourisme\/le-ravitaillement-en-eau-sur-le-parcours\/","url_meta":{"origin":42,"position":5},"title":"Le ravitaillement en eau sur le parcours","date":"25 septembre 2016","format":false,"excerpt":"Cela a l'air anodin comme sujet mais quand il commence \u00e0 faire plus de 30 degr\u00e9s \u00e0 l'ombre, les r\u00e9serves des gourdes s'\u00e9puisent vite ou chauffent. Ce qui est d\u00e9sagr\u00e9able. Sur le site du Roulard on essaye de r\u00e9f\u00e9rencer le plus possible les points d'eau que nous trouvons sur la\u2026","rel":"","context":"Article similaire","img":{"alt_text":"","src":"","width":0,"height":0},"classes":[]}],"jetpack_likes_enabled":true,"_links":{"self":[{"href":"https:\/\/www.auduteau.net\/cyclo\/wp-json\/wp\/v2\/pages\/42"}],"collection":[{"href":"https:\/\/www.auduteau.net\/cyclo\/wp-json\/wp\/v2\/pages"}],"about":[{"href":"https:\/\/www.auduteau.net\/cyclo\/wp-json\/wp\/v2\/types\/page"}],"author":[{"embeddable":true,"href":"https:\/\/www.auduteau.net\/cyclo\/wp-json\/wp\/v2\/users\/1"}],"replies":[{"embeddable":true,"href":"https:\/\/www.auduteau.net\/cyclo\/wp-json\/wp\/v2\/comments?post=42"}],"version-history":[{"count":13,"href":"https:\/\/www.auduteau.net\/cyclo\/wp-json\/wp\/v2\/pages\/42\/revisions"}],"predecessor-version":[{"id":1943,"href":"https:\/\/www.auduteau.net\/cyclo\/wp-json\/wp\/v2\/pages\/42\/revisions\/1943"}],"up":[{"embeddable":true,"href":"https:\/\/www.auduteau.net\/cyclo\/wp-json\/wp\/v2\/pages\/6"}],"wp:featuredmedia":[{"embeddable":true,"href":"https:\/\/www.auduteau.net\/cyclo\/wp-json\/wp\/v2\/media\/322"}],"wp:attachment":[{"href":"https:\/\/www.auduteau.net\/cyclo\/wp-json\/wp\/v2\/media?parent=42"}],"curies":[{"name":"wp","href":"https:\/\/api.w.org\/{rel}","templated":true}]}}