{"id":2260,"date":"2016-10-01T00:55:10","date_gmt":"2016-09-30T22:55:10","guid":{"rendered":"http:\/\/www.auduteau.net\/cyclo\/?page_id=2260"},"modified":"2025-08-11T16:22:59","modified_gmt":"2025-08-11T14:22:59","slug":"2025-alsace","status":"publish","type":"page","link":"https:\/\/www.auduteau.net\/cyclo\/debut-de-lhistoire\/2025-alsace\/","title":{"rendered":"2025 &#8211; Alsace"},"content":{"rendered":"<div>\n<p><a href=\"http:\/\/www.auduteau.net\/cyclo\/wp-content\/uploads\/IMG_9316.jpeg\"><img loading=\"lazy\" class=\"aligncenter size-medium wp-image-2268\" src=\"http:\/\/www.auduteau.net\/cyclo\/wp-content\/uploads\/IMG_9316-157x300.jpeg\" alt=\"\" width=\"157\" height=\"300\" srcset=\"https:\/\/www.auduteau.net\/cyclo\/wp-content\/uploads\/IMG_9316-157x300.jpeg 157w, https:\/\/www.auduteau.net\/cyclo\/wp-content\/uploads\/IMG_9316-535x1024.jpeg 535w, https:\/\/www.auduteau.net\/cyclo\/wp-content\/uploads\/IMG_9316-768x1470.jpeg 768w, https:\/\/www.auduteau.net\/cyclo\/wp-content\/uploads\/IMG_9316-401x768.jpeg 401w, https:\/\/www.auduteau.net\/cyclo\/wp-content\/uploads\/IMG_9316-803x1536.jpeg 803w, https:\/\/www.auduteau.net\/cyclo\/wp-content\/uploads\/IMG_9316.jpeg 960w\" sizes=\"(max-width: 157px) 100vw, 157px\" \/><\/a><\/p>\n<ul>\n<li>Distance : 450 Km<\/li>\n<li>D\u00e9nivel\u00e9 montant : 2778 m<\/li>\n<li>D\u00e9nivel\u00e9 descendant : 2769 m<\/li>\n<\/ul>\n<div>Apr\u00e8s avoir h\u00e9sit\u00e9 pour faire le tour des lacs Suisse, nous avons jet\u00e9 notre d\u00e9volu sur le tour de l\u2019Alsace. Et finalement, ce fut un tr\u00e8s bon choix.<\/div>\n<div>B\u00e9atrice se remettant toujours de sa chute de l\u2019ann\u00e9e derni\u00e8re a pr\u00e9f\u00e9r\u00e9 ne pas prendre de risques et nous accompagnera (et visitera plus que nous) en voiture suiveuse.<\/div>\n<div><\/div>\n<div>Rendez-Vous au \u00ab Sabots de paille \u00bb \u00e0 Ballersdorf o\u00f9 Alexandra et St\u00e9phane nous permettent de laisser 2 voitures pour la dur\u00e9e du s\u00e9jour.<\/div>\n<div>Pas envie de cuisiner, nous avons pris le repas de notre h\u00f4te : sp\u00e9cial flamenkuch (Normales, gratin\u00e9es, au munster, aux pommes\/canelle). Soir\u00e9e absolument sympathique avec deux by-packers venus de Suisse.<\/div>\n<\/div>\n<div><\/div>\n<h3><b>J1 &#8211; Ballersdof -&gt; Lutterbach (27\/07)<\/b><\/h3>\n<div>Petit d\u00e9jeuner sal\u00e9 tr\u00e8s copieux pr\u00e9par\u00e9 par notre h\u00f4te .<\/div>\n<div>Apr\u00e8s nos pr\u00e9paratifs de d\u00e9part, Nous rejoignons le canal \u00e0 Gommersdorf pour une ballade ensoleill\u00e9e de 26 km le long du canal du Rhin au Rh\u00f4ne . Peu de tables pour d\u00e9jeuner pour ne pas dire aucune. Vers 13h, nous d\u00e9cidons de sortir et d\u2019entrer dans le village de Burn pour voir s\u2019il y a un espace pour se poser. Bingo, \u00e0 peine sortie nous tombons sur un joli petit parc avec quelques bancs.<\/div>\n<div>Par contre, \u00e0 savoir, le dimanche, rien n\u2019est ouvert pour faire du ravitaillement (le lundi non plus d\u2019ailleurs). On fait avec ce que l\u2019on a.<\/div>\n<div>On repart par le canal jusqu\u2019au centre ville de Mulhouse pour prendre un caf\u00e9 et faire le tour de la ville. Tr\u00e8s sympathique.<\/div>\n<div>Vers 17h le grain se d\u00e9clare. Pas violent mais il donne une id\u00e9e de ce qui nous attend pour les prochains jours. On termine donc sous la pluie vers Lutterbach o\u00f9 nous avons pris un Airbnb pour la nuit. Mulhouse est bien servie en pistes cyclables et les automobilistes y sont respectueux. Par contre, les trottinettes sont des malades sur les voies partag\u00e9es et en ville.<\/div>\n<div>Parking des v\u00e9los dans le garage mis \u00e0 disposition. Location impeccablement am\u00e9nag\u00e9e.<\/div>\n<div>Demain s\u2019annonce humide avec 22mm de pluie pour l\u2019\u00e9tape de 60km jusqu\u2019\u00e0 Colmar. On se t\u00e2te \u00e0 passer par Cernay. On regrettera, de ne pas le faire car on ratera quelques beaux villages.<\/div>\n<h3><b>J2 &#8211; Lutterbach -&gt; Colmar (28\/07)<\/b><\/h3>\n<div>On rejoint le canal et poursuivons vers Colmar sur la voie du canal EV5 jusqu\u2019\u00e0 Ensishem o\u00f9 nous bifurquons sur la VV12. \u00c0 la sortie de la ville, la pluie commence \u00e0 tomber. Elle nous accompagnera toute la matin\u00e9e.<\/div>\n<div>Vers 13h, pause \u00e0 Kalbaeker o\u00f9 nous trouvons un petit pr\u00e9au d\u2019\u00e9cole pour d\u00e9jeuner \u00e0 l\u2019abri.<\/div>\n<div>La reprise sur la VV12 est mal indiqu\u00e9e et passe par un pr\u00e9 ; ce qui nous a induit en erreur.<\/div>\n<div>Arriv\u00e9s \u00e0 Colmar vers 17h, nous allons directement \u00e0 la petite Venise et d\u00e9ambulons \u00e0 pieds dans la ville.<\/div>\n<div>Superbe mais beaucoup de monde. C\u2019est plus calme vers 19h30-20h et tout aussi beau.<\/div>\n<div>L\u2019appartement est superbe mais avec cette grosse journ\u00e9e v\u00e9lo et marche, mon genoux se rappelle \u00e0 moi et les deux \u00e9tages sont plus que difficiles \u00e0 monter.<\/div>\n<div>Les propri\u00e9taires nous ont permis de garer les v\u00e9los dans un des locaux de leur restaurant. Par contre r\u00e9cup\u00e9rer la cl\u00e9 derri\u00e8re leur resto sans aucune indication fut une gal\u00e8re sans nom.<\/div>\n<h3><b>J3 &#8211; Colmar -&gt; \u00a0Kaysersberg -Kientzheim (29\/07)<\/b><\/h3>\n<div>Journ\u00e9e sans pluie avec matin\u00e9e visite de la ville pour le groupe et recherche de v\u00e9lociste pour moi. Ma cha\u00eene est beaucoup trop molle et impossible \u00e0 retendre. En fait, en refaisant l\u2019histoire plus tard, je me suis aper\u00e7u qu\u2019elle avait pas loin de 5 000 Km. J\u2019ai besoin d\u2019un tendeur de cha\u00eene avec mon moyeu int\u00e9gr\u00e9. Chou blanc \u00e0 Colmar.<\/div>\n<div>On d\u00e9jeune dans Colmar (tarte flamb\u00e9e au munster) et on repart vers 14h vers Turckheim pour voir le magasin d\u2019usine Staub. On a pas r\u00e9sist\u00e9 \u00e0 divers achats pris en charge par la voiture suiveuse. On repart et \u00e0 Ingersheim, je fais carr\u00e9ment changer ma cha\u00eene chez les \u00ab cycles Wagner \u00bb. Super service \u00e0 deux pas de la voie verte. Et quel plaisir apr\u00e8s !<\/div>\n<div>La troupe est partie devant et je me fais un solo dans les vignes et plantations de pommiers jusqu\u2019\u00e0 notre g\u00eete \u00e0 Kientzheim.<\/div>\n<div>Finalement, j\u2019arrive en premier vu que Rose \u00e0 crever sa roue avant et pas de chambre \u00e0 air de rechange.<\/div>\n<div>Donc arriv\u00e9e r\u00e9paration mais chou blanc, c\u2019est la valve de la chambre \u00e0 air qui fuit. V\u00e9los gar\u00e9s dans la petite courette non visible de la rue.<\/div>\n<div>On d\u00eene sur le pouce, on vide la voiture suiveuse et direction Turckeim pour suivre la tourn\u00e9e du veilleur de nuit qui d\u00e9marre \u00e0 22h. 1h30 de d\u00e9ambulation dans la ville avec le veilleur de nuit qui nous conte l\u2019histoire de la ville. \u00e0 faire absolument.<\/div>\n<div>\n<div><\/div>\n<div>Annonce du veilleur, \u00e0 l\u2019\u00e9poque, toutes les heures de 22h \u00e0 6h :<\/div>\n<div>\u00ab Han Sori zu Fir und Liacht<\/div>\n<div>Dass uns Gott un Maria b&rsquo;hiet !<\/div>\n<div>Jetzt stand ich auf d&rsquo;r Wacht<\/div>\n<div>Gott gebt uns alle&rsquo; a gueti Nacht \u00bb<\/div>\n<div><\/div>\n<div><u>Traduction<\/u> :<\/div>\n<div>\u00ab Prenez soin de l&rsquo;\u00e2tre et de la chandelle<\/div>\n<div>Que Dieu et la Vierge nous prot\u00e8gent<\/div>\n<div>Me voici de garde<\/div>\n<div>Que Dieu nous donne \u00e0 tous une bonne nuit \u00bb<\/div>\n<\/div>\n<h3><b>J4 &#8211; Kientzheim -&gt; Selestat (30\/07)<\/b><\/h3>\n<div>\n<div>Mont\u00e9e au Ch\u00e2teau du Haut-K\u0153nigsbourg pr\u00e9vue avec une belle ascension. Mais contrari\u00e9, car nous devons retourner \u00e0 Ingersheim, chercher une nouvelle chambre \u00e0 air et un pneu neuf pour Rose.<\/div>\n<div>On ne partira qu\u2019\u00e0 midi et donc \u00e9courteront le trajet by passant Riquewihr et Ribeauvil\u00e9 et m\u00eame la mont\u00e9e au ch\u00e2teau.<\/div>\n<div>On redescend chercher l\u2019EV5 pour poursuivre rapidement vers notre \u00e9tape \u00e0 Selestat o\u00f9 l\u2019on videra la voiture pour monter au ch\u00e2teau avant l\u2019heure de fermeture en mode fain\u00e9ants de la p\u00e9dale.<\/div>\n<div>Toujours aussi magnifique. Quitte \u00e0 \u00eatre en voiture, nous filons \u00e0 Ribeauvill\u00e9 d\u00e9ambuler dans la ville. On finira par y d\u00eener au \u00ab Le Giersberg \u00bb.\u00a0Et pour mieux dig\u00e9rer, on descend se promener dans Riquevihr.<\/div>\n<div>Tous ces villages ont chacun leur caract\u00e9ristiques et structuration qui font leurs charmes. De jour, on y serait rest\u00e9 plus longtemps. \u00c0 ne pas rater.<\/div>\n<div>\n<div><\/div>\n<div>Les propri\u00e9taires nous ont permis de mettre les v\u00e9los dans leur garage.<\/div>\n<\/div>\n<h3><b>J5 &#8211; Selestat -&gt; Mont Sainte Odile (31\/07)<\/b><\/h3>\n<div>D\u00e9part retard\u00e9 car il a fallut recharger toute la voiture. Ballade au travers du vignoble Alsacien avec passage au magasin d\u2019usine Labonal \u00e0 Dambach-la-ville pour arriver vers midi\u00a0\u00e0 Barr o\u00f9 nous trouvons un petit parc pr\u00e8s de l\u2019\u00e9cole pour d\u00e9jeuner.<\/div>\n<div>Pour la digestion, nous attaquons la longue mont\u00e9e (11km) du mont sainte Odile. Du coup, arriv\u00e9s \u00e0 15h, nous faisons le tour du lieu \u00e0 pieds avec descente \u00e0 la source, puis remont\u00e9e en passant par le chemin de croix et recherche du mur pa\u00efen.<\/div>\n<div>L\u2019endroit est calme et plein de charme surtout apr\u00e8s le d\u00e9part des touristes et l\u2019h\u00f4tellerie tr\u00e8s bien d\u2019autant plus qu\u2019ils nous ont permis de garer nos v\u00e9los dans une salle de r\u00e9union. Le petit d\u00e9jeuner le matin est pantagru\u00e9lique. Sp\u00e9cial marcheurs et p\u00e8lerins.<\/div>\n<h3><b>J6 &#8211; Mont saint Odile -&gt; Mutzig -&gt; Dorlisheim (01\/08)<\/b><\/h3>\n<div>Gros orage depuis 6h30 du matin. On d\u00e9cide d\u2019un d\u00e9part vers 11h quand \u00e7a se calmera pour aller au fort de Mutzig. Fort allemand avec partie souterraine impressionnante. Puis nous rentrerons sur Dorlisheim.<\/div>\n<div>On a commenc\u00e9 par une petite ballade \u00e0 pied en longeant le \u00ab Mur Pa\u00efen \u00bb que l\u2019on a fini par trouver puis en s\u2019arr\u00eatant remplir nos gourdes \u00e0 la source miraculeuse sainte Odile. Enfin, grande descente sur saint Nabort o\u00f9 nous prenons la voie verte \u00ab Portes bonheur \u00bb pour d\u00e9jeuner \u00e0 l\u2019origine sur des tables mises \u00e0 disposition apr\u00e8s l\u2019ancienne gare mais contrari\u00e9 par un nuage pluvieux; donc, sous un abribus \u00e0 la limite de Ottrot-Roedel.<\/div>\n<div>Poursuite jusqu\u2019\u00e0 Loeventor o\u00f9 nous bifurquons sur l\u2019EV5 direction Dorlisheim et compte tenue de l\u2019orage monstre qui s\u2019annonce nous remettons \u00e0 demain le fort de Mutzig et faisons un petit d\u00e9tour par Obernay (mignon, sans plus).<\/div>\n<div>En repartant, On patientera sous un abribus en attendant que la queue d\u2019orage passe. On apprendra le lendemain que Strasbourg a pris cher avec cet orage. Finalement, nous sommes chanceux.<\/div>\n<div>Le soir, la location poss\u00e8de un jacuzzi bienvenu o\u00f9 nous finirons tous.<\/div>\n<div>Les propri\u00e9taires nous ont permis de mettre les v\u00e9los dans leur garage.<\/div>\n<h3><b>J7 &#8211; Dorlisheim -&gt; Strasbourg (02\/08)<\/b><\/h3>\n<div>On commence par monter au fort de Mutzig dont seulement 10% de la structure est visitable. Bunker avec casemates enterr\u00e9es qui poss\u00e9dait tout le n\u00e9cessaire pour vivre en autonomie pendant 3 mois (cuisines, \u00e9lectricit\u00e9, ventilation, r\u00e9serves, h\u00f4pital, etc.). La jonction entre les bastions et postes se faisaient par souterrains long de 140m. Pour une construction de d\u00e9but 1900, c\u2019\u00e9tait tr\u00e8s moderne.<\/div>\n<\/div>\n<div>En repartant, on ne prendra pas par la cr\u00eate par crainte de la descente apr\u00e8s la forte pluie de la veille et on ratera notre route de jonction. Du coup, \u00e9tant trop bas, nous allons d\u00e9jeuner \u00e0 Mutzig en faisant le tour du mont. Reprise sur la voie verte 33 jusqu\u2019\u00e0 Mosheim.<\/div>\n<div>Molsheim, o\u00f9 nous ne nous sommes pas arr\u00eat\u00e9s, paraissait superbe. La suite sur l\u2019EV 5 sera une longue ballade absolument magnifique mais tr\u00e8s courue.<\/div>\n<div>\u00c0 Strasbourg, notre g\u00eete est un petit manoir encadr\u00e9 d\u2019immeubles mais surtout d\u2019un jardin de verdure qui fait oublier cet environnement.<\/div>\n<div>On d\u00e9charge la voiture car nous sommes invit\u00e9s \u00e0 Gambsheim par des amis. Retour \u00e0 plus d\u20191h du matin.<\/div>\n<div>Le petit manoir \u00e9tant isol\u00e9 de tout, grasse matin\u00e9e jusqu\u2019\u00e0 10h et nous parquons les v\u00e9los dans le jardin.<\/div>\n<h3><b>J8 &#8211; Strasbourg (03\/08)<\/b><\/h3>\n<div>R\u00e9veil difficile pour visiter Strasbourg. On va au centre ville en tram o\u00f9 l\u2019on commence par le palais de Rohan (gratuit le dimanche). \u00c0 15h , au sortir du palais, La queue pour la Cath\u00e9drale est d\u00e9courageante du fait des fouilles \u00e0 l\u2019entr\u00e9e. Du coup, on se cherche \u00e0 manger pour attendre la fin de journ\u00e9e pour la visiter.<\/div>\n<div>Finalement, on fait une marche digestive vers la \u00ab petite France \u00bb, le pont et le barrage Vauban.<\/div>\n<div>Retour au manoir apr\u00e8s cette journ\u00e9e de marche et de pi\u00e9tinements.<\/div>\n<h3><b>J9 &#8211; Strasbourg (04\/08)<\/b><\/h3>\n<div>Visites de la cath\u00e9drale et de l\u2019horloge et d\u00e9ambulation dans Strasbourg pour les uns, repos au manoir pour moi qui tra\u00eene la patte.<\/div>\n<h3><b>J10 &#8211; Strasbourg -&gt; Boofzenheim (05\/08)<\/b><\/h3>\n<div>On part rejoindre l\u2019EV15 direction Plobsheim.<\/div>\n<div>Tentative de visite des jardins monastiques d\u2019eschau, mais ils ne sont ouvert que les week-end et jours f\u00e9ri\u00e9s. On visitera rapidement l\u2019abbatiale et repartirons rapidement \u00e0 la recherche d\u2019une table pour d\u00e9jeuner.<\/div>\n<div>On en trouvera enfin 2 tables \u00e0 l\u2019\u00e9cluse de\u00a0Plobsheim o\u00f9 nous d\u00e9jeunerons puis longue ligne droite en bord de canal du Rh\u00f4ne au Rhin pour arriver vers 15h \u00e0\u00a0boofzenheim o\u00f9 nous avons trouv\u00e9 un bungalow au camping de Ried.<\/div>\n<div>Cette partie du canal est monotone avec ses platanes align\u00e9s type canal du midi mais bitum\u00e9e.<\/div>\n<div>On ne fera pas le chemin des casemates \u00e0 Boofzenheim pr\u00e9f\u00e9rant se reposer sous le auvent du bungalow.<\/div>\n<h3><b>J11 &#8211; Boofzenheim -&gt;\u00a0Hirtzfelden (06\/08)<\/b><\/h3>\n<div>On d\u00e9cide de prendre la route pour \u00e9viter la monotonie du canal jusqu\u2019\u00e0 Bindernheim o\u00f9 nous retrouvons le canal qui n\u2019est plus am\u00e9nag\u00e9 et donc plus sauvage et tr\u00e8s agr\u00e9able.<\/div>\n<div>On trouvera une table dans un parc de Marckolsheim. Tr\u00e8s bien, tout seul, tranquille. Le chemin de halage n\u2019est plus bitum\u00e9 ce qui rajoute un certain charme \u00e0 l\u2019aspect sauvage du canal.<\/div>\n<div>\u00c0 Artzenheim, on se refuse \u00e0 suivre l\u2019EV15 qui nous fait faire les 2 ventres d\u2019un B, on pr\u00e9f\u00e8re tracer droit devant par la route pour arriver \u00e0 Neuf-brisach (derni\u00e8re citadelle construite par Vauban) pour faire le tour des remparts (nombreuses cr\u00e9ations d\u2019artistes) et de la ville en s\u2019arr\u00eatant dans les deux vide greniers de cette derni\u00e8re. A force de discuter, ils nous ont offert un petit cr\u00e9mant de derri\u00e8re les fagots.<\/div>\n<div>Id\u00e9al pour terminer les quelques 20 km qu\u2019il nous reste jusqu\u2019\u00e0 Hirtzfelden. On ne fera donc pas le petit Mus\u00e9e de Hirtzfelden.<\/div>\n<div><\/div>\n<div>\u00a0Neuf-Brisach, on y est rest\u00e9 plus de 3h30 en tout. Superbes \u00e9changes avec les locaux. Des petites cavernes d\u2019alibaba avec des objets insolites et un c\u0153ur gros comme l\u2019Alsace. On y a d\u00e9couvert aussi, \u00e0 l\u2019entr\u00e9e, une vieille locomotive qui servait au halage le long du canal.<\/div>\n<div><\/div>\n<div>L\u2019appartement \u00e0 l\u2019arriv\u00e9e est immense. Tellement que l\u2019on parquera les v\u00e9los dans la pi\u00e8ce principale. Le jacuzzi \u00e0 disposition est le bienvenue apr\u00e8s 66km en sus de la marche \u00e0 pieds.<\/div>\n<h3><b>J12 &#8211;\u00a0Hirtzfelden\u00a0-&gt; Saint Louis (07\/08)<\/b><\/h3>\n<div>On rejoint l\u2019EV15 par la route \u00e0 Blodlesheim et tra\u00e7ons vers Ottmarsheim visiter la tr\u00e8s belle Abbatiale.<\/div>\n<div>L\u00e0, on d\u00e9cide de ne pas suivre l\u2019EV15 et prenons un chemin caillouteux en bord de Rhin jusqu\u2019\u00e0 Niffer pour poursuivre jusqu\u2019au port de Kends o\u00f9 nous trouvons une table avec pare-soleil pour d\u00e9jeuner.<\/div>\n<div>Pas d\u2019extra pour l\u2019apr\u00e8s midi, nous prenons le canal \u00e0 l\u2019ombre des arbres.<\/div>\n<div>Arriv\u00e9s \u00e0 16h \u00e0 B\u00e2le, nous en faisons le tour. Circuler, il n\u2019y a pas grand chose \u00e0 voir. Cath\u00e9drale ferm\u00e9e, beaucoup de b\u00e2timents int\u00e9ressant en travaux. On a pas envi de s\u2019enfermer dans un mus\u00e9e et c\u2019est blind\u00e9 de monde. Le suisse allemande ne fait aucun effort pour parler Fran\u00e7ais.<\/div>\n<div>A savoir, si vous payez en liquide en euros, les pi\u00e8ces ne sont pas accept\u00e9es et ils rendent la monnaie en francs suisses.<\/div>\n<div>Quant \u00e0 la circulation, il doit y avoir un code sp\u00e9cial entre les voitures, v\u00e9los, trams et pi\u00e9tons. Du coup, on file direct \u00e0 notre logement \u00e0 Saint Louis sans faire un grand tour du centre-ville.<\/div>\n<div>On y verra quand m\u00eame la cath\u00e9drale, la fontaine Tinguely, le Basel Town hall, les places, le pont de brucke.<\/div>\n<h3><b>J13 &#8211; Saint Louis -&gt; Ballersdorf (08\/08)<\/b><\/h3>\n<div>Aujourd\u2019hui, sp\u00e9cial hors voies vertes pour revenir \u00e0 notre point de d\u00e9part. Direction Fonacker puis Biotzheim, o\u00f9 nous d\u00e9cidons de poursuivre au sud rejoindre la voie 3P en direction de Willer o\u00f9 nous d\u00e9jeunerons sur une aire de jeux pour enfants \u00e0 l\u2019ombre d\u2019un saule pleureur.<\/div>\n<div>Paysage de campagne. Du ma\u00efs partout et une chaleur \u00e9crasante.<\/div>\n<div><\/div>\n<div>Arriv\u00e9e chez notre h\u00f4te au sabots de paille vers 16h, on prend l\u2019ombre sous le auvent.<\/div>\n<div>La fin de journ\u00e9e fut mouvement\u00e9e compte tenu du fait que notre h\u00f4te St\u00e9phane a fait une chute de cheval au galop. Plus de peur que de mal mais grosse frayeur quant \u00e0 un possible traumatisme cr\u00e2nien. On lui souhaite un prompt r\u00e9tablissement.<\/div>\n<div><\/div>\n<div>\u00c0 noter, l\u2019excellent pain b\u00fbcheron de la Boulangerie Saint-Leonard \u00e0 Dannemarie vendu au m\u00e8tre.<\/div>\n<h3><b>Conclusion<\/b><\/h3>\n<div>L\u2019Alsace est de loin le p\u00e9riple le plus sympa que l\u2019on ait fait.<\/div>\n<div>Des pistes cyclables en veux-tu, en voil\u00e0, je t\u2019en donne.<\/div>\n<div>Des paysages magnifiques. Des canaux partout.<\/div>\n<div>Des vins excellents que ce soit les pineaux gris, blanc, noir,\u00a0Gewurztraminer, riesling, cr\u00e9mants ou autres.<\/div>\n<div>C\u2019est propre; pas un papier qui tra\u00eene malgr\u00e9 le fait qu\u2019il n\u2019y ait pas de poubelle \u00e0 100m \u00e0 la ronde.<\/div>\n<div>Les gens sont ouverts, simples et fiers de ce qu\u2019ils sont et de ce qu\u2019ils font. Quand ils retapent une maison, cela peut ne pas payer de mine ext\u00e9rieurement mais int\u00e9rieurement, ils n\u2019y vont pas par le dos de la cuill\u00e8re.<\/div>\n<div>Bref, \u00e0 faire absolument.<\/div>\n<div><\/div>\n<div>Vaste plaine riche entre les Vosges et la for\u00eat noire dans le lander de\u00a0Bade-Wurtemberg, on comprend pourquoi la France et l\u2019Allemagne se la sont disput\u00e9s pendant des si\u00e8cles.<\/div>\n<div><\/div>\n<div>De plus, on aura un temps id\u00e9al, frais certes pour la p\u00e9riode, mais on ne s\u2019imagine pas traverser les vignobles par plus de 30 degr\u00e9s de chaleur sans un arbre.<\/div>\n<div><\/div>\n<div>On y reviendra assur\u00e9ment.<\/div>\n","protected":false},"excerpt":{"rendered":"<p>Distance : 450 Km D\u00e9nivel\u00e9 montant : 2778 m D\u00e9nivel\u00e9 descendant : 2769 m Apr\u00e8s avoir h\u00e9sit\u00e9 pour faire le tour des lacs Suisse, nous avons jet\u00e9 notre d\u00e9volu sur le tour de l\u2019Alsace. Et finalement, ce fut un tr\u00e8s bon choix. B\u00e9atrice se remettant toujours de sa chute de l\u2019ann\u00e9e derni\u00e8re a pr\u00e9f\u00e9r\u00e9 ne [&hellip;]<\/p>\n","protected":false},"author":1,"featured_media":2267,"parent":4,"menu_order":16,"comment_status":"closed","ping_status":"closed","template":"","meta":[],"jetpack_shortlink":"https:\/\/wp.me\/P80Whq-As","jetpack_sharing_enabled":true,"jetpack-related-posts":[{"id":1521,"url":"https:\/\/www.auduteau.net\/cyclo\/debut-de-lhistoire\/2020-2021-10km-autour-du-domicile\/","url_meta":{"origin":2260,"position":0},"title":"2020-2021 &#8211; 10Km autour du domicile","date":"1 octobre 2016","format":false,"excerpt":"Reprise des activit\u00e9s cyclistes apr\u00e8s 7 mois d'arr\u00eat suite \u00e0 ma luxation de clavicule de l'\u00e9t\u00e9 dernier. Et ce, en mode 10km max du domicile. Cela fait d\u00e9j\u00e0 un bon p\u00e9rim\u00e8tre de visites malgr\u00e9 le fait que ce p\u00e9rim\u00e8tre se r\u00e9duise car nous le faisons en famille et chacun son\u2026","rel":"","context":"Article similaire","img":{"alt_text":"","src":"https:\/\/i0.wp.com\/www.auduteau.net\/cyclo\/wp-content\/uploads\/chatenay_Chesnay2-300x264.jpg?resize=350%2C200","width":350,"height":200},"classes":[]},{"id":187,"url":"https:\/\/www.auduteau.net\/cyclo\/debut-de-lhistoire\/2010-canal-du-midi-toulouse-a-sete\/","url_meta":{"origin":2260,"position":1},"title":"2010 : Canal du Midi &#8211; Toulouse \u00e0 S\u00e8te","date":"30 septembre 2016","format":false,"excerpt":"Voir le parcours Distance :\u00a0\u00a0\u00a0\u00a0\u00a0\u00a0\u00a0\u00a0\u00a0\u00a0\u00a0\u00a0\u00a0\u00a0\u00a0\u00a0\u00a0\u00a0\u00a0\u00a0\u00a0\u00a0\u00a0\u00a0 276 km D\u00e9nivel\u00e9 Montant\u00a0\u00a0\u00a0\u00a0\u00a0 : 1 752 m D\u00e9nivel\u00e9\u00a0 descendant: 1 927 m Altitude maximum \u00a0 \u00a0 :\u00a0\u00a0\u00a0\u00a0 270 m Altitude minimum \u00a0 \u00a0 : \u00a0 \u00a0 \u00a0 -2 m Ce fut la premi\u00e8re exp\u00e9rience de Cyclo tourisme. Nous avons donc choisi un terrain de\u2026","rel":"","context":"Article similaire","img":{"alt_text":"","src":"https:\/\/i0.wp.com\/www.auduteau.net\/cyclo\/wp-content\/uploads\/2016\/09\/2010-le-somailjpg-300x225.jpg?resize=350%2C200","width":350,"height":200},"classes":[]},{"id":199,"url":"https:\/\/www.auduteau.net\/cyclo\/debut-de-lhistoire\/2013-ile-doleron-marais-poitevin\/","url_meta":{"origin":2260,"position":2},"title":"2013 : Ile d&rsquo;Ol\u00e9ron &#8211; Marais Poitevin","date":"30 septembre 2016","format":false,"excerpt":"Voir le parcours Distance :\u00a0\u00a0\u00a0\u00a0\u00a0\u00a0\u00a0\u00a0\u00a0\u00a0\u00a0\u00a0\u00a0\u00a0\u00a0\u00a0\u00a0\u00a0\u00a0\u00a0\u00a0\u00a0\u00a0\u00a0 494 km D\u00e9nivel\u00e9 Montant\u00a0\u00a0\u00a0\u00a0\u00a0 : 2 089 m D\u00e9nivel\u00e9\u00a0 descendant: 2 201 m Altitude maximum \u00a0 \u00a0 :\u00a0\u00a0\u00a0\u00a0\u00a0\u00a0 35 m Altitude minimum \u00a0 \u00a0 : \u00a0 \u00a0 \u00a0 -2 m 2010 sans aucune pr\u00e9paration. 2012 avec un semblant de pr\u00e9paration. 2013 nous avons voulu tirer\u2026","rel":"","context":"Article similaire","img":{"alt_text":"","src":"https:\/\/i0.wp.com\/www.auduteau.net\/cyclo\/wp-content\/uploads\/2016\/09\/2013-map-300x260.png?resize=350%2C200","width":350,"height":200},"classes":[]},{"id":1571,"url":"https:\/\/www.auduteau.net\/cyclo\/debut-de-lhistoire\/2021-les-3-lacs\/","url_meta":{"origin":2260,"position":3},"title":"2021 &#8211; Les 3 Lacs","date":"1 octobre 2016","format":false,"excerpt":"Fichier de ressources - Album Photos les 3 lacs Trace Circuit des 3 lacs Distance : 276,7km D\u00e9nivel\u00e9 Montant : 5499m D\u00e9nivel\u00e9 Descendant : 5745m Alt. max. : 688m A l'origine, nous devions faire la ViaRhona mais des contraintes de synchronisation du planning des cong\u00e9s du groupe nous ont amen\u00e9\u2026","rel":"","context":"Article similaire","img":{"alt_text":"","src":"https:\/\/i0.wp.com\/www.auduteau.net\/cyclo\/wp-content\/uploads\/IMG_8960_25_08_2021-1.jpg?resize=350%2C200&ssl=1","width":350,"height":200},"classes":[]},{"id":505,"url":"https:\/\/www.auduteau.net\/cyclo\/debut-de-lhistoire\/2015-sables-dolonne-carnac\/","url_meta":{"origin":2260,"position":4},"title":"2015 : Sables d&rsquo;Olonne &#8211; Carnac","date":"30 septembre 2016","format":false,"excerpt":"Voir le parcours Distance : 432 km D\u00e9nivel\u00e9 montant\u00a0 : 3 274 m D\u00e9nivel\u00e9\u00a0 descendant : 3 392 m Alt. max. : 54 m Alt. min. : -1 m L'objectif originel \u00e9tait Quiberon. Mais comme toujours, les circonstances am\u00e8nent quelques am\u00e9nagements. Nous aurions pu repartir du Lidon, notre derni\u00e8re \u00e9tape\u2026","rel":"","context":"Article similaire","img":{"alt_text":"","src":"https:\/\/i0.wp.com\/www.auduteau.net\/cyclo\/wp-content\/uploads\/2016\/10\/2015-map-300x300.png?resize=350%2C200","width":350,"height":200},"classes":[]},{"id":191,"url":"https:\/\/www.auduteau.net\/cyclo\/debut-de-lhistoire\/2012-pyla-sur-mer-a-hendaye\/","url_meta":{"origin":2260,"position":5},"title":"2012 : Pyla sur mer \u00e0 Hendaye","date":"30 septembre 2016","format":false,"excerpt":"Voir le parcours Distance :\u00a0\u00a0\u00a0\u00a0\u00a0\u00a0\u00a0\u00a0\u00a0\u00a0\u00a0\u00a0\u00a0\u00a0\u00a0\u00a0\u00a0\u00a0\u00a0\u00a0\u00a0\u00a0\u00a0\u00a0 285 km D\u00e9nivel\u00e9 Montant\u00a0\u00a0\u00a0\u00a0\u00a0 : 3 002 m D\u00e9nivel\u00e9\u00a0 descendant: 3 032 m Altitude maximum \u00a0 \u00a0 :\u00a0\u00a0\u00a0\u00a0 203 m Altitude minimum \u00a0 \u00a0 : \u00a0 \u00a0 \u00a0\u00a0\u00a0\u00a0 0 m Originellement, nous devions rejoindre Saint S\u00e9bastien mais la journ\u00e9e Espelette \u00e0 Ascain en passant par\u2026","rel":"","context":"Article similaire","img":{"alt_text":"","src":"https:\/\/i0.wp.com\/www.auduteau.net\/cyclo\/wp-content\/uploads\/2016\/09\/2012-map-300x300.png?resize=350%2C200","width":350,"height":200},"classes":[]}],"jetpack_likes_enabled":true,"_links":{"self":[{"href":"https:\/\/www.auduteau.net\/cyclo\/wp-json\/wp\/v2\/pages\/2260"}],"collection":[{"href":"https:\/\/www.auduteau.net\/cyclo\/wp-json\/wp\/v2\/pages"}],"about":[{"href":"https:\/\/www.auduteau.net\/cyclo\/wp-json\/wp\/v2\/types\/page"}],"author":[{"embeddable":true,"href":"https:\/\/www.auduteau.net\/cyclo\/wp-json\/wp\/v2\/users\/1"}],"replies":[{"embeddable":true,"href":"https:\/\/www.auduteau.net\/cyclo\/wp-json\/wp\/v2\/comments?post=2260"}],"version-history":[{"count":9,"href":"https:\/\/www.auduteau.net\/cyclo\/wp-json\/wp\/v2\/pages\/2260\/revisions"}],"predecessor-version":[{"id":2271,"href":"https:\/\/www.auduteau.net\/cyclo\/wp-json\/wp\/v2\/pages\/2260\/revisions\/2271"}],"up":[{"embeddable":true,"href":"https:\/\/www.auduteau.net\/cyclo\/wp-json\/wp\/v2\/pages\/4"}],"wp:featuredmedia":[{"embeddable":true,"href":"https:\/\/www.auduteau.net\/cyclo\/wp-json\/wp\/v2\/media\/2267"}],"wp:attachment":[{"href":"https:\/\/www.auduteau.net\/cyclo\/wp-json\/wp\/v2\/media?parent=2260"}],"curies":[{"name":"wp","href":"https:\/\/api.w.org\/{rel}","templated":true}]}}