{"id":1521,"date":"2016-10-01T00:25:00","date_gmt":"2016-09-30T22:25:00","guid":{"rendered":"http:\/\/www.auduteau.net\/cyclo\/?page_id=1521"},"modified":"2022-09-02T11:55:25","modified_gmt":"2022-09-02T09:55:25","slug":"2020-2021-10km-autour-du-domicile","status":"publish","type":"page","link":"https:\/\/www.auduteau.net\/cyclo\/debut-de-lhistoire\/2020-2021-10km-autour-du-domicile\/","title":{"rendered":"2020-2021 &#8211; 10Km autour du domicile"},"content":{"rendered":"<p>Reprise des activit\u00e9s cyclistes apr\u00e8s 7 mois d&rsquo;arr\u00eat suite \u00e0 ma luxation de clavicule de l&rsquo;\u00e9t\u00e9 dernier. Et ce, en mode 10km max du domicile.<\/p>\n<p>Cela fait d\u00e9j\u00e0 un bon p\u00e9rim\u00e8tre de visites malgr\u00e9 le fait que ce p\u00e9rim\u00e8tre se r\u00e9duise car nous le faisons en famille et chacun son p\u00e9rim\u00e8tre. Donc la zone est \u00e0 la conjonction des deux cercles.<\/p>\n<p><a href=\"http:\/\/www.auduteau.net\/cyclo\/wp-content\/uploads\/chatenay_Chesnay2.jpg\"><img loading=\"lazy\" class=\"aligncenter size-medium wp-image-1512\" src=\"http:\/\/www.auduteau.net\/cyclo\/wp-content\/uploads\/chatenay_Chesnay2-300x264.jpg\" alt=\"\" width=\"300\" height=\"264\" srcset=\"https:\/\/www.auduteau.net\/cyclo\/wp-content\/uploads\/chatenay_Chesnay2-300x264.jpg 300w, https:\/\/www.auduteau.net\/cyclo\/wp-content\/uploads\/chatenay_Chesnay2-768x675.jpg 768w, https:\/\/www.auduteau.net\/cyclo\/wp-content\/uploads\/chatenay_Chesnay2.jpg 984w\" sizes=\"(max-width: 300px) 100vw, 300px\" \/><\/a><\/p>\n<div id=\"attachment_1526\" style=\"width: 160px\" class=\"wp-caption alignright\"><a href=\"http:\/\/www.auduteau.net\/cyclo\/wp-content\/uploads\/IMG_6308.jpg\"><img aria-describedby=\"caption-attachment-1526\" loading=\"lazy\" class=\"size-thumbnail wp-image-1526\" src=\"http:\/\/www.auduteau.net\/cyclo\/wp-content\/uploads\/IMG_6308-150x150.jpg\" alt=\"\" width=\"150\" height=\"150\" \/><\/a><p id=\"caption-attachment-1526\" class=\"wp-caption-text\">Tour de la dame blanche<\/p><\/div>\n<h2>Mise en jambes &#8211; Le buisson de Verri\u00e8res<\/h2>\n<ul>\n<li>Distance : 15,75km<\/li>\n<li>D\u00e9nivel\u00e9 \u00b1 : 230m<\/li>\n<li>Alt. max. : 179m<\/li>\n<\/ul>\n<div id=\"attachment_1516\" style=\"width: 262px\" class=\"wp-caption aligncenter\"><a href=\"https:\/\/www.leroulard.com\/track\/606c547fe2a3b34a28530702#map\" target=\"_blank\" rel=\"noopener noreferrer\" class=\"broken_link\"><img aria-describedby=\"caption-attachment-1516\" loading=\"lazy\" class=\"size-medium wp-image-1516\" src=\"http:\/\/www.auduteau.net\/cyclo\/wp-content\/uploads\/Buisson-de-Verri\u00e8res-252x300.jpg\" alt=\"\" width=\"252\" height=\"300\" srcset=\"https:\/\/www.auduteau.net\/cyclo\/wp-content\/uploads\/Buisson-de-Verri\u00e8res-252x300.jpg 252w, https:\/\/www.auduteau.net\/cyclo\/wp-content\/uploads\/Buisson-de-Verri\u00e8res.jpg 602w\" sizes=\"(max-width: 252px) 100vw, 252px\" \/><\/a><p id=\"caption-attachment-1516\" class=\"wp-caption-text\">Buisson de Verri\u00e8res<\/p><\/div>\n<p>Tourn\u00e9e des batteries et r\u00e9duit de Verri\u00e8res en passant par l&rsquo;ancienne tour du ch\u00e2teau de la Boursidi\u00e8re dite \u00ab\u00a0Tour de la dame blanche\u00a0\u00bb (de Castille). Un bon bol d&rsquo;air.<\/p>\n<div id=\"attachment_1528\" style=\"width: 160px\" class=\"wp-caption alignright\"><a href=\"http:\/\/www.auduteau.net\/cyclo\/wp-content\/uploads\/IMG_7867.jpg\"><img aria-describedby=\"caption-attachment-1528\" loading=\"lazy\" class=\"size-thumbnail wp-image-1528\" src=\"http:\/\/www.auduteau.net\/cyclo\/wp-content\/uploads\/IMG_7867-150x150.jpg\" alt=\"\" width=\"150\" height=\"150\" \/><\/a><p id=\"caption-attachment-1528\" class=\"wp-caption-text\">Eglise de Jouy en Josas<\/p><\/div>\n<h2>La vall\u00e9e de la Bi\u00e8vres<\/h2>\n<ul>\n<li>Distance : 23,87km<\/li>\n<li>D\u00e9nivel\u00e9 \u00b1 : 375m<\/li>\n<li>Alt. max. : 179m<\/li>\n<\/ul>\n<div id=\"attachment_1517\" style=\"width: 310px\" class=\"wp-caption aligncenter\"><a href=\"https:\/\/www.leroulard.com\/track\/606c45a7bf2c8c361d1ca273#map\" target=\"_blank\" rel=\"noopener noreferrer\" class=\"broken_link\"><img aria-describedby=\"caption-attachment-1517\" loading=\"lazy\" class=\"size-medium wp-image-1517\" src=\"http:\/\/www.auduteau.net\/cyclo\/wp-content\/uploads\/Vall\u00e9e-de-la-bi\u00e8vre-300x129.jpg\" alt=\"\" width=\"300\" height=\"129\" srcset=\"https:\/\/www.auduteau.net\/cyclo\/wp-content\/uploads\/Vall\u00e9e-de-la-bi\u00e8vre-300x129.jpg 300w, https:\/\/www.auduteau.net\/cyclo\/wp-content\/uploads\/Vall\u00e9e-de-la-bi\u00e8vre-768x330.jpg 768w, https:\/\/www.auduteau.net\/cyclo\/wp-content\/uploads\/Vall\u00e9e-de-la-bi\u00e8vre-1024x440.jpg 1024w, https:\/\/www.auduteau.net\/cyclo\/wp-content\/uploads\/Vall\u00e9e-de-la-bi\u00e8vre-1170x500.jpg 1170w, https:\/\/www.auduteau.net\/cyclo\/wp-content\/uploads\/Vall\u00e9e-de-la-bi\u00e8vre.jpg 1446w\" sizes=\"(max-width: 300px) 100vw, 300px\" \/><\/a><p id=\"caption-attachment-1517\" class=\"wp-caption-text\">Vall\u00e9e de la bi\u00e8vres<\/p><\/div>\n<p>Ballade tranquille ou nous rejoignons le domaine de Monteclin au niveau du haras et de l&rsquo;espace Accrobranches. On se demande si le ch\u00e2teau existe encore. On ne l&rsquo;a pas vraiment cherch\u00e9.<\/p>\n<p>Puis descente vers Vauboyen par la for\u00eat pour rejoindre Jouy en josas jusqu&rsquo;\u00e0 la route montant vers le pont Colbert. L\u00e0, demi tour pour suivre la vall\u00e9e et la bi\u00e8vres jusqu&rsquo;\u00e0 Bi\u00e8vres justement. La poursuite jusqu&rsquo;\u00e0 la coul\u00e9e verte fera l&rsquo;objet d&rsquo;une autre promenade. C&rsquo;est tr\u00e8s sympathique et permet la fl\u00e2nerie tranquille.<\/p>\n<p>Nous remontons ensuite vers l&rsquo;abbaye au bois (d\u00e9truite) et n&rsquo;avons pas du tout envie de suivre le long de la N118. On remonte vers le bouquet de Ch\u00e2tenay et entamons la mont\u00e9e raide mais bitum\u00e9e vers le buisson de verri\u00e8res que nous traversons pour retourner dans nos p\u00e9nates.<\/p>\n<h2>Ballade Pique nique au Val d&rsquo;Albian.<\/h2>\n<div id=\"attachment_1527\" style=\"width: 160px\" class=\"wp-caption alignright\"><a href=\"http:\/\/www.auduteau.net\/cyclo\/wp-content\/uploads\/IMG_7870.jpg\"><img aria-describedby=\"caption-attachment-1527\" loading=\"lazy\" class=\"size-thumbnail wp-image-1527\" src=\"http:\/\/www.auduteau.net\/cyclo\/wp-content\/uploads\/IMG_7870-150x150.jpg\" alt=\"\" width=\"150\" height=\"150\" \/><\/a><p id=\"caption-attachment-1527\" class=\"wp-caption-text\">R\u00e9servoirs Val d&rsquo;Albian<\/p><\/div>\n<ul>\n<li>Distance : 39,11km<\/li>\n<li>D\u00e9nivel\u00e9 \u00b1 : 502m<\/li>\n<li>Alt. max. : 184m<\/li>\n<\/ul>\n<div id=\"attachment_1513\" style=\"width: 310px\" class=\"wp-caption aligncenter\"><a href=\"https:\/\/www.leroulard.com\/track\/606c31c82361aa7f7437b0b3#map\" target=\"_blank\" rel=\"noopener noreferrer\" class=\"broken_link\"><img aria-describedby=\"caption-attachment-1513\" loading=\"lazy\" class=\"wp-image-1513 size-medium\" src=\"http:\/\/www.auduteau.net\/cyclo\/wp-content\/uploads\/2021-04-04_Val-dalbion-300x197.jpg\" alt=\"\" width=\"300\" height=\"197\" srcset=\"https:\/\/www.auduteau.net\/cyclo\/wp-content\/uploads\/2021-04-04_Val-dalbion-300x197.jpg 300w, https:\/\/www.auduteau.net\/cyclo\/wp-content\/uploads\/2021-04-04_Val-dalbion-768x505.jpg 768w, https:\/\/www.auduteau.net\/cyclo\/wp-content\/uploads\/2021-04-04_Val-dalbion-1024x673.jpg 1024w, https:\/\/www.auduteau.net\/cyclo\/wp-content\/uploads\/2021-04-04_Val-dalbion.jpg 1034w\" sizes=\"(max-width: 300px) 100vw, 300px\" \/><\/a><p id=\"caption-attachment-1513\" class=\"wp-caption-text\">Val d&rsquo;Albian<\/p><\/div>\n<p>Tour de la base a\u00e9rienne de Villacoublay pour honorer le rendez-vous donn\u00e9 pour un pique-nique \u00e0 la cours Roland (Base d&rsquo;activit\u00e9s sportives, botaniques et artisanales) avec de vrais tables de pique-Nique.<\/p>\n<p>On attaque par la for\u00eat pour rejoindre la rue Jean Bauvinon au dessus de Jouy en Josas. Pour une reprise, on terminera cette partie par une ravine raidasse mais praticable. Petit tour dans Jouy en josas en esp\u00e9rant que la boulangerie est ouverte pour un petit caf\u00e9. Eh bien perdu !. Passage oblig\u00e9 \u00e0 la maison du pont de pierre o\u00f9 Oberkampf imprima sa premi\u00e8re toile de Jouy.<\/p>\n<p>Nous remontons vers le Val d&rsquo;Albian pour aller voir les r\u00e9servoir d&rsquo;eau cr\u00e9\u00e9s sous la houlette de Louis XIV pour alimenter Versailles. Un peu avant le christ de Saclay, on tourne \u00e0 droite sur un chemin \u00e0 tracteur pour contourner l&rsquo;\u00e9tang et se diriger vers la ferme de Viltain.<\/p>\n<p>Ensuite, c&rsquo;est la grande descente, longeant le golf St Marc pour revenir vers Jouy en Josas. La remont\u00e9e par un chemin ravin\u00e9 sera tr\u00e8s tr\u00e8s dure d&rsquo;autant plus que ce chemin est interdit aux cyclistes ce qui n&rsquo;est pas indiqu\u00e9 cot\u00e9 Viltain.<\/p>\n<p>A Jouy, on bifurque vers la route du pont Colbert \u00e0 l&rsquo;entr\u00e9e de Versailles. Je n&rsquo;aime pas cette route. On prend donc le chemin pi\u00e9tonnier qui longe la Bi\u00e8vres. Rebelote, interdit aux cyclistes et ce n&rsquo;est indiqu\u00e9 qu&rsquo;\u00e0 la sortie. Puis on remonte par la voie cyclable l&rsquo;on rattrape un peu plus haut.<\/p>\n<p>Avant de passer sous l&rsquo;A86, on bifurque \u00e0 droite sur une belle voie V\u00e9lo qui nous ram\u00e8nera \u00e0 la Cours Roland ou l&rsquo;on terminera notre grand tour de l&rsquo;a\u00e9roport de Villacoublay pour retraverser la for\u00eat de Verri\u00e8res puis la butte rouge pour retrouver nos p\u00e9nates.<\/p>\n<h2>Ballade pique_nique en for\u00eat de Versailles-Viroflay-Meudon<\/h2>\n<ul>\n<li>Distance : 32,47km<\/li>\n<li>D\u00e9nivel\u00e9 \u00b1 : 381m<\/li>\n<li>Alt. max. : 185m<\/li>\n<\/ul>\n<div id=\"attachment_1558\" style=\"width: 310px\" class=\"wp-caption aligncenter\"><a href=\"https:\/\/www.leroulard.com\/track\/6085a368da3cd544352d4172#map\" target=\"_blank\" rel=\"noopener noreferrer\" class=\"broken_link\"><img aria-describedby=\"caption-attachment-1558\" loading=\"lazy\" class=\"wp-image-1558 size-medium\" src=\"http:\/\/www.auduteau.net\/cyclo\/wp-content\/uploads\/2021-04-25_191659-300x186.jpg\" alt=\"\" width=\"300\" height=\"186\" srcset=\"https:\/\/www.auduteau.net\/cyclo\/wp-content\/uploads\/2021-04-25_191659-300x186.jpg 300w, https:\/\/www.auduteau.net\/cyclo\/wp-content\/uploads\/2021-04-25_191659.jpg 671w\" sizes=\"(max-width: 300px) 100vw, 300px\" \/><\/a><p id=\"caption-attachment-1558\" class=\"wp-caption-text\">For\u00eat de Versailles<\/p><\/div>\n<p>Apr\u00e8s un gros samedi de travaux sur le terrain de tir \u00e0 l&rsquo;arc, le dimanche n&rsquo;\u00e9tait pas \u00e0 faire de nombreux kilom\u00e8tres.<a href=\"http:\/\/www.auduteau.net\/cyclo\/wp-content\/uploads\/IMG_7913.jpg\"><img loading=\"lazy\" class=\"alignright size-thumbnail wp-image-1559\" src=\"http:\/\/www.auduteau.net\/cyclo\/wp-content\/uploads\/IMG_7913-150x150.jpg\" alt=\"\" width=\"150\" height=\"150\" \/><\/a><\/p>\n<p>RDV est pris pour pique-niquer de nouveau \u00e0 la cours Roland. Apr\u00e8s d\u00e9jeuner, l&rsquo;id\u00e9e \u00e9tait d&rsquo;aller explorer la for\u00eat de Versailles-Viroflay et Meudon.<\/p>\n<ul>\n<li>1\u00e8re surprise, Ils venaient d&rsquo;op\u00e9rer des coupes et c&rsquo;\u00e9tait Verdun. Il coupent mais ne ramassent rien.<\/li>\n<li>2\u00e8me surprise : d\u00e9couverte de Land-Art. Superbes r\u00e9alisations de <a href=\"https:\/\/www.swebarts.com\/fr_FR\/galeries\/\" target=\"_blank\" rel=\"noopener noreferrer\">SWEB<\/a> sur des souches laiss\u00e9es apr\u00e8s coupes.<\/li>\n<li>3\u00e8me surprise : un camping \u00e0 Porchefontaine avec chaletsde bois. Tr\u00e8s sympa.<\/li>\n<\/ul>\n<p>On poursuit \u00e0 travers les bois jusqu&rsquo;\u00e0 l&rsquo;\u00e9tang du trou aux gants sous V\u00e9kisy pour un pause bronzette.<\/p>\n<p>Le retour nous a permis d&rsquo;explorer tous les passages pour cyclo sous la A 86 (Passerelle et tunnel)pour aboutir in fine \u00e0 la Boursidi\u00e8re ou nous trouvons un passage (grillage d\u00e9coup\u00e9) pour terminer dans le bois de Verii\u00e8res et rejoindre nos p\u00e9nates.<\/p>\n<h2>Boucle Ch\u00e2tenay-Clamart-Ch\u00e2tenay<\/h2>\n<ul>\n<li>Distance : 19.75 km<\/li>\n<li>D\u00e9nivel\u00e9 \u00b1 : 280 m<\/li>\n<li>Alt. max. : 179 m<\/li>\n<\/ul>\n<p><a href=\"https:\/\/www.leroulard.com\/track\/608ea97050b824041e716203#map\" target=\"_blank\" rel=\"noopener noreferrer\" class=\"broken_link\"><img loading=\"lazy\" class=\"aligncenter wp-image-1563 size-medium\" src=\"http:\/\/www.auduteau.net\/cyclo\/wp-content\/uploads\/2021-05-02_Ch\u00e2tenay-Clamart-Ch\u00e2tenay-267x300.jpg\" alt=\"\" width=\"267\" height=\"300\" srcset=\"https:\/\/www.auduteau.net\/cyclo\/wp-content\/uploads\/2021-05-02_Ch\u00e2tenay-Clamart-Ch\u00e2tenay-267x300.jpg 267w, https:\/\/www.auduteau.net\/cyclo\/wp-content\/uploads\/2021-05-02_Ch\u00e2tenay-Clamart-Ch\u00e2tenay.jpg 483w\" sizes=\"(max-width: 267px) 100vw, 267px\" \/><\/a><\/p>\n<p>L&rsquo;id\u00e9e d&rsquo;origine \u00e9tait d&rsquo;aller <a href=\"http:\/\/www.auduteau.net\/cyclo\/cyclo-tourisme\/faire-marquer-son-velo\/\">faire graver nos v\u00e9los<\/a> aux <a href=\"https:\/\/www.derailleursdeclamart.org\/\" target=\"_blank\" rel=\"noopener noreferrer\">D\u00e9railleurs de Clamart<\/a> sur la place du march\u00e9 couvert. D\u00e9part de la maison avec halte au march\u00e9 du Plessis-Robinson pour faire quelques emplettes non p\u00e9rissables.<\/p>\n<p>Puis direction la for\u00eat de Clamart pour aller vers le march\u00e9 couvert en plein centre ville.<\/p>\n<p>Manque de chance, la graveuse \u00e9tait en panne. On est reparti pour rejoindre la coul\u00e9e verte (V40) \u00e0 Ch\u00e2tillon et revenir tranquillement chez nous.<\/p>\n","protected":false},"excerpt":{"rendered":"<p>Reprise des activit\u00e9s cyclistes apr\u00e8s 7 mois d&rsquo;arr\u00eat suite \u00e0 ma luxation de clavicule de l&rsquo;\u00e9t\u00e9 dernier. Et ce, en mode 10km max du domicile. Cela fait d\u00e9j\u00e0 un bon p\u00e9rim\u00e8tre de visites malgr\u00e9 le fait que ce p\u00e9rim\u00e8tre se r\u00e9duise car nous le faisons en famille et chacun son p\u00e9rim\u00e8tre. Donc la zone est [&hellip;]<\/p>\n","protected":false},"author":1,"featured_media":0,"parent":4,"menu_order":12,"comment_status":"closed","ping_status":"closed","template":"","meta":[],"jetpack_shortlink":"https:\/\/wp.me\/P80Whq-ox","jetpack_sharing_enabled":true,"jetpack-related-posts":[{"id":4,"url":"https:\/\/www.auduteau.net\/cyclo\/debut-de-lhistoire\/","url_meta":{"origin":1521,"position":0},"title":"D\u00e9but de l&rsquo;histoire","date":"30 septembre 2016","format":false,"excerpt":"Apr\u00e8s avoir fait 20 ans de cabotage en mer (croisi\u00e8res c\u00f4ti\u00e8res en M\u00e9diterran\u00e9e et atlantique) nous nous sommes pos\u00e9s sur les c\u00f4tes et plages fran\u00e7aises pour passer nos vacances en s\u00e9dentaire avec nos filles. Quelque chose nous manquait. Cette s\u00e9dentarit\u00e9 ne nous correspondait pas totalement. Jusqu'au jour (2008) o\u00f9 mon\u2026","rel":"","context":"Article similaire","img":{"alt_text":"","src":"https:\/\/i0.wp.com\/www.auduteau.net\/cyclo\/wp-content\/uploads\/Map_Circuit-1.png?resize=350%2C200","width":350,"height":200},"classes":[]},{"id":195,"url":"https:\/\/www.auduteau.net\/cyclo\/debut-de-lhistoire\/2016-belle-ile-en-mer-roscoff\/","url_meta":{"origin":1521,"position":1},"title":"2016 : Belle Ile en mer &#8211; Roscoff","date":"30 septembre 2016","format":false,"excerpt":"Voir le parcours Distance :\u00a0\u00a0\u00a0\u00a0\u00a0\u00a0\u00a0\u00a0\u00a0\u00a0\u00a0\u00a0\u00a0\u00a0\u00a0\u00a0\u00a0\u00a0\u00a0\u00a0\u00a0\u00a0\u00a0\u00a0 527 km D\u00e9nivel\u00e9 Montant\u00a0\u00a0\u00a0\u00a0\u00a0 : 6 033 m D\u00e9nivel\u00e9\u00a0 descendant: 6 095 m Altitude maximum \u00a0 \u00a0 :\u00a0\u00a0\u00a0\u00a0 199 m Altitude minimum \u00a0 \u00a0 : \u00a0 \u00a0 \u00a0 -2 m Galerie photos circuit 2016 - Bretagne Nord Circuit de l'\u00e9t\u00e9 2016, nous avions pour objectif\u2026","rel":"","context":"Article similaire","img":{"alt_text":"","src":"https:\/\/i0.wp.com\/www.auduteau.net\/cyclo\/wp-content\/uploads\/2016\/09\/2016-map-300x300.png?resize=350%2C200","width":350,"height":200},"classes":[]},{"id":1779,"url":"https:\/\/www.auduteau.net\/cyclo\/debut-de-lhistoire\/2022-cotes-darmor\/","url_meta":{"origin":1521,"position":2},"title":"2022 &#8211; C\u00f4tes d&rsquo;Armor","date":"1 octobre 2016","format":false,"excerpt":"Album Photos (94 photos) Trace circuit C\u00f4tes d'Armor Distance : 571,71km D\u00e9nivel\u00e9 Montant : 8129m D\u00e9nivel\u00e9 Descendant : 8213m Alt. max. : 268m (Col du Marhalla) Comme l\u2019ann\u00e9e derni\u00e8re nous embarquons notre bless\u00e9e en r\u00e9\u00e9ducation suite \u00e0 une fracture tibia-p\u00e9ron\u00e9. Elle nous suivra avec la voiture balai sur ce p\u00e9riple.\u2026","rel":"","context":"Article similaire","img":{"alt_text":"","src":"https:\/\/i0.wp.com\/www.auduteau.net\/cyclo\/wp-content\/uploads\/IMG_0619_22_08_2022-300x225.jpg?resize=350%2C200","width":350,"height":200},"classes":[]},{"id":505,"url":"https:\/\/www.auduteau.net\/cyclo\/debut-de-lhistoire\/2015-sables-dolonne-carnac\/","url_meta":{"origin":1521,"position":3},"title":"2015 : Sables d&rsquo;Olonne &#8211; Carnac","date":"30 septembre 2016","format":false,"excerpt":"Voir le parcours Distance : 432 km D\u00e9nivel\u00e9 montant\u00a0 : 3 274 m D\u00e9nivel\u00e9\u00a0 descendant : 3 392 m Alt. max. : 54 m Alt. min. : -1 m L'objectif originel \u00e9tait Quiberon. Mais comme toujours, les circonstances am\u00e8nent quelques am\u00e9nagements. Nous aurions pu repartir du Lidon, notre derni\u00e8re \u00e9tape\u2026","rel":"","context":"Article similaire","img":{"alt_text":"","src":"https:\/\/i0.wp.com\/www.auduteau.net\/cyclo\/wp-content\/uploads\/2016\/10\/2015-map-300x300.png?resize=350%2C200","width":350,"height":200},"classes":[]},{"id":1571,"url":"https:\/\/www.auduteau.net\/cyclo\/debut-de-lhistoire\/2021-les-3-lacs\/","url_meta":{"origin":1521,"position":4},"title":"2021 &#8211; Les 3 Lacs","date":"1 octobre 2016","format":false,"excerpt":"Fichier de ressources - Album Photos les 3 lacs Trace Circuit des 3 lacs Distance : 276,7km D\u00e9nivel\u00e9 Montant : 5499m D\u00e9nivel\u00e9 Descendant : 5745m Alt. max. : 688m A l'origine, nous devions faire la ViaRhona mais des contraintes de synchronisation du planning des cong\u00e9s du groupe nous ont amen\u00e9\u2026","rel":"","context":"Article similaire","img":{"alt_text":"","src":"https:\/\/i0.wp.com\/www.auduteau.net\/cyclo\/wp-content\/uploads\/IMG_8960_25_08_2021-1.jpg?resize=350%2C200&ssl=1","width":350,"height":200},"classes":[]},{"id":1157,"url":"https:\/\/www.auduteau.net\/cyclo\/debut-de-lhistoire\/2018-boucle-perigord-gironde\/","url_meta":{"origin":1521,"position":5},"title":"2018 -Boucle P\u00e9rigord\/Gironde","date":"30 septembre 2016","format":false,"excerpt":"En Mode pr\u00e9paration l'id\u00e9e \u00e9tait l\u00e0 : la descente de la Dordogne, la remont\u00e9e par la vall\u00e9e de l'Isle puis celle de la V\u00e9z\u00e8re pour rejoindre notre point de d\u00e9part : Sarlat. Feu d'artifice des plus beaux villages de France : Sarlat la Can\u00e9da Domme La Roque Gageac Castelnaud la\u2026","rel":"","context":"Article similaire","img":{"alt_text":"","src":"","width":0,"height":0},"classes":[]}],"jetpack_likes_enabled":true,"_links":{"self":[{"href":"https:\/\/www.auduteau.net\/cyclo\/wp-json\/wp\/v2\/pages\/1521"}],"collection":[{"href":"https:\/\/www.auduteau.net\/cyclo\/wp-json\/wp\/v2\/pages"}],"about":[{"href":"https:\/\/www.auduteau.net\/cyclo\/wp-json\/wp\/v2\/types\/page"}],"author":[{"embeddable":true,"href":"https:\/\/www.auduteau.net\/cyclo\/wp-json\/wp\/v2\/users\/1"}],"replies":[{"embeddable":true,"href":"https:\/\/www.auduteau.net\/cyclo\/wp-json\/wp\/v2\/comments?post=1521"}],"version-history":[{"count":15,"href":"https:\/\/www.auduteau.net\/cyclo\/wp-json\/wp\/v2\/pages\/1521\/revisions"}],"predecessor-version":[{"id":2047,"href":"https:\/\/www.auduteau.net\/cyclo\/wp-json\/wp\/v2\/pages\/1521\/revisions\/2047"}],"up":[{"embeddable":true,"href":"https:\/\/www.auduteau.net\/cyclo\/wp-json\/wp\/v2\/pages\/4"}],"wp:attachment":[{"href":"https:\/\/www.auduteau.net\/cyclo\/wp-json\/wp\/v2\/media?parent=1521"}],"curies":[{"name":"wp","href":"https:\/\/api.w.org\/{rel}","templated":true}]}}