{"id":1406,"date":"2016-10-05T22:07:40","date_gmt":"2016-10-05T20:07:40","guid":{"rendered":"http:\/\/www.auduteau.net\/cyclo\/?page_id=1406"},"modified":"2023-02-06T17:22:11","modified_gmt":"2023-02-06T16:22:11","slug":"les-bons-comptes-font-les-bons-amis","status":"publish","type":"page","link":"https:\/\/www.auduteau.net\/cyclo\/le-voyage-en-soi\/les-bons-comptes-font-les-bons-amis\/","title":{"rendered":"Les bons comptes font les bons amis"},"content":{"rendered":"<p><a href=\"http:\/\/www.auduteau.net\/cyclo\/wp-content\/uploads\/les-bons-comptes-font-les-bons-amis.jpg\"><img loading=\"lazy\" class=\"alignright size-medium wp-image-1417\" src=\"http:\/\/www.auduteau.net\/cyclo\/wp-content\/uploads\/les-bons-comptes-font-les-bons-amis-300x136.jpg\" alt=\"\" width=\"300\" height=\"136\" srcset=\"https:\/\/www.auduteau.net\/cyclo\/wp-content\/uploads\/les-bons-comptes-font-les-bons-amis-300x136.jpg 300w, https:\/\/www.auduteau.net\/cyclo\/wp-content\/uploads\/les-bons-comptes-font-les-bons-amis.jpg 717w\" sizes=\"(max-width: 300px) 100vw, 300px\" \/><\/a>Quand on voyage en groupe, il y a toujours une heure o\u00f9 sonnent les comptes du voyage. On ne peut pas y \u00e9chapper.<\/p>\n<p>Il est plus simple de noter les d\u00e9penses de chacun au fur \u00e0 mesure que de faire une cagnotte vu que personne ne sait jamais o\u00f9 est rang\u00e9 le porte-monnaie cagnotte.<\/p>\n<p>La question est doit-on les faire au jour le jour ou en fin de voyage (aid\u00e9 ou non d\u2019une application) ?<br \/>\nL\u2019autre question est qui les fait ?<\/p>\n<h3>Les adeptes du papier<\/h3>\n<p>Charge \u00e0 chacun de noter ses d\u00e9penses dans un petit carnet ou une application de notes sur son smartphone.<br \/>\nDonc, apr\u00e8s circuit, chacun renvoi ses d\u00e9penses not\u00e9es sur le parcours (bloc note du smartphone) \u00e0 un centralisateur qui effectue les comptes finaux.<br \/>\nApr\u00e8s, chacun rembourse aux trop payeurs si besoin.<\/p>\n<p>Voici un <a href=\"http:\/\/www.auduteau.net\/cyclo\/wp-content\/uploads\/2016\/10\/Fichier_compte.xlsx\" target=\"_blank\" rel=\"noopener noreferrer\">exemple de fichier de compte finaux<\/a>.<\/p>\n<h3>Les adeptes du tout applicatif<\/h3>\n<p>Je vous mets \u00e0 disposition deux petites \u00e9tudes :<\/p>\n<ol>\n<li>Comparatif de six applications tournants sur IOS et Android<\/li>\n<li>Petite \u00e9tude comportementale avec tableau crois\u00e9 utilisateur de smartphone versus profil comptable<\/li>\n<\/ol>\n<h2>Comparatif de cinq applications tournants sur IOS et Android<\/h2>\n<p>Ce test a \u00e9t\u00e9 effectu\u00e9 en septembre 2020. Ajout de Cospender en 2023<\/p>\n<h4><b>Cahier des charges<\/b><\/h4>\n<div>L\u2019application se doit de poss\u00e9der les fonctionnalit\u00e9s suivantes :<\/div>\n<ul>\n<li><strong>Off-Line<\/strong> : Aucun int\u00e9r\u00eat \u00e0 poss\u00e9der un compte ou \u00e0 \u00eatre connect\u00e9. On peut enregistrer ses facturettes m\u00eame sans r\u00e9seau et synchroniser d\u00e8s que l&rsquo;on en a.<\/li>\n<li><strong>Multi-groupes<\/strong> : Permettre la cr\u00e9ation de plusieurs groupes d\u2019amis, plusieurs comptes.<\/li>\n<li><strong>Quoteparts<\/strong> : Capacit\u00e9 \u00e0 attribuer des quoteparts aux amis. Ex : un couple ou des enfants en bas \u00e2ge qui ne mangent pas comme un rugbyman ou dorment dans la chambre des parents. La capacit\u00e9 de les modifier \u00e0 la d\u00e9pense est un immense plus.<\/li>\n<li><strong>Cat\u00e9gories<\/strong> : Gestion des cat\u00e9gories de d\u00e9penses permettant de voir les postes de d\u00e9penses du groupe.<\/li>\n<li><strong>Multi-payeurs<\/strong> : Une d\u00e9pense peut \u00eatre r\u00e9gl\u00e9e par plusieurs personnes<\/li>\n<li><strong>Multi-b\u00e9n\u00e9ficiaires<\/strong> : Une d\u00e9pense peut \u00eatre affect\u00e9e \u00e0 1 ou n personnes. En gros, Les personnes arrivant ou partant du groupe a des dates diff\u00e9rentes ou sur de paiements d\u2019achat perso pour quelqu\u2019un d\u2019autre.<\/li>\n<li><strong>Invitation<\/strong> : Mail invitant les amis \u00e0 utiliser ce compte.<\/li>\n<li><strong>R\u00e9capitulatif<\/strong> : Mail faisant l\u2019\u00e9tat des lieux des comptes et des remboursements \u00e0 faire.<\/li>\n<li><strong>Remboursements<\/strong> : Capacit\u00e9 \u00e0 effectuer des remboursements partiels ou totaux en cours ou fin de vie du groupe.<\/li>\n<li><strong>Devises<\/strong> : Gestion des devises avec taux de conversion modifiable sur chaque d\u00e9pense car chaque banque applique un taux diff\u00e9rent (en date du jour ou de valeur. Int\u00e9grant sa commission de change ou non)<\/li>\n<li><strong>Export<\/strong> : Capacit\u00e9 \u00e0 exporter les donn\u00e9es \u00e0 minima en csv.<\/li>\n<li><strong>S\u00e9curit\u00e9<\/strong> : Code d\u2019acc\u00e8s au compte voire mot de passe en plus.<\/li>\n<li><strong>Co\u00fbt<\/strong> : La gratuit\u00e9 d\u2019utilisation est un plus.<\/li>\n<li><strong>Cl\u00f4ture<\/strong> : Capacit\u00e9 \u00e0 cl\u00f4turer un groupe<\/li>\n<\/ul>\n<div>Cinq applications Fonctionnant sous IOS et Android ont \u00e9t\u00e9 pass\u00e9es en revue. Le nombre d&rsquo;\u00e9toiles repr\u00e9sente mon avis sur chacune d&rsquo;elles.<\/div>\n<ol>\n<li><a href=\"https:\/\/sesterce.io\/\" target=\"_blank\" rel=\"noopener noreferrer\"><strong>Sesterce<\/strong><\/a><strong> *****<\/strong><\/li>\n<li><strong><a href=\"http:\/\/www.oworld.fr\/faire-ses-comptes-entre-amis\/?lang=fr\" target=\"_blank\" rel=\"noopener noreferrer\">Bons comptes<\/a> ***<\/strong><\/li>\n<li><strong><a href=\"https:\/\/www.tricount.com\/fr\/\" target=\"_blank\" rel=\"noopener noreferrer\">Tricount<\/a> ***<\/strong><\/li>\n<li><strong><a href=\"https:\/\/splid.app\/english\" target=\"_blank\" rel=\"noopener noreferrer\">Splid<\/a> **<\/strong><\/li>\n<li><strong><a href=\"https:\/\/www.countwiz.com\/\" target=\"_blank\" rel=\"noopener noreferrer\">Countwiz<\/a> **<\/strong><\/li>\n<li><strong><a href=\"https:\/\/www.cospender.com\/\" target=\"_blank\" rel=\"noopener\">Cospender<\/a><\/strong> *<\/li>\n<\/ol>\n<div>A noter, \u00e0 part Cospender, aucune application ne poss\u00e8de la fonction \u00ab Cl\u00f4turer une groupe \u00bb ni m\u00eame le supprimer carr\u00e9ment.<\/div>\n<h4><b>R\u00e9sultats<\/b><\/h4>\n<div>Toutes sont int\u00e9ressantes et utilisables mais <b>SESTERCE<\/b> se d\u00e9tache largement des autres.<\/div>\n<div><\/div>\n<div style=\"padding-left: 30px;\"><b>Sesterce<\/b> propose toutes les fonctions du cahier des charge gratuitement et sans besoin de connexion ou compte utilisateur.<\/div>\n<div style=\"padding-left: 30px;\">C\u2019est aussi la seule application qui prend en charge le mode paysage du smartphone, permet de s\u00e9curiser par mot de passe et g\u00e8re les revenus.<\/div>\n<div style=\"padding-left: 30px;\">Le petit plus du chipoteur serait un export des donn\u00e9es en excel et non en csv voire en PDF.<\/div>\n<div style=\"padding-left: 30px;\"><\/div>\n<div style=\"padding-left: 30px; text-align: right;\"><a href=\"https:\/\/sesterce.io\/\" target=\"_blank\" rel=\"noopener noreferrer\" data-saferedirecturl=\"https:\/\/www.google.com\/url?q=https:\/\/sesterce.io\/&amp;source=gmail&amp;ust=1599729676930000&amp;usg=AFQjCNFQkD_84prXGXSk6wVIMUjjnB4tyQ\">https:\/\/sesterce.io\/<\/a><\/div>\n<div><\/div>\n<div>Les autres applications se valent \u00e0 peu pr\u00e8s toutes avec chacune leurs manques et lacunes.<\/div>\n<div><\/div>\n<div style=\"padding-left: 30px;\"><b>Tricount<\/b> est int\u00e9ressant mais demande \u00e0 avoir un compte pour certaines fonctions (qui peuvent \u00eatre payantes). Non connect\u00e9, il ne g\u00e8re pas les cat\u00e9gories, les quoteparts et le multiPayeurs. A voir si avec un compte il le fait. C\u2019est la seule application \u00e0 avoir une publicit\u00e9 en permanence r\u00e9duisant ainsi l\u2019espace sur l\u2019\u00e9cran.<\/div>\n<div style=\"padding-left: 30px;\">L\u00e0 o\u00f9 le bas blesse, c\u2019est que dans leur exemple, les calculs finaux sont erron\u00e9s alors qu\u2019ils sont exacts en cr\u00e9ant un nouveau compte avec les m\u00eames donn\u00e9es.<\/div>\n<div style=\"padding-left: 30px;\"><\/div>\n<div style=\"padding-left: 30px; text-align: right;\"><a href=\"https:\/\/www.tricount.com\/fr\/\" target=\"_blank\" rel=\"noopener noreferrer\" data-saferedirecturl=\"https:\/\/www.google.com\/url?q=https:\/\/www.tricount.com\/fr\/&amp;source=gmail&amp;ust=1599729676930000&amp;usg=AFQjCNFgZuV7PJCGvCxPy6T4kw0VmvBafg\">https:\/\/www.tricount.com\/fr\/<\/a><\/div>\n<div><\/div>\n<div style=\"padding-left: 30px;\"><b>Splid<\/b> ne met qu\u2019un unique compte \u00e0 votre disposition (payant pour plus).<\/div>\n<div style=\"padding-left: 30px;\">Il ne g\u00e8re pas les quoteparts et le taux des devises t\u00e9l\u00e9charg\u00e9 n\u2019est pas modifiable. L\u2019acc\u00e8s aux cat\u00e9gories est payant. Et pourtant il est tr\u00e8s bien con\u00e7u.<\/div>\n<div style=\"padding-left: 30px;\"><\/div>\n<div style=\"padding-left: 30px; text-align: right;\"><a href=\"https:\/\/splid.app\/english\" target=\"_blank\" rel=\"noopener noreferrer\" data-saferedirecturl=\"https:\/\/www.google.com\/url?q=https:\/\/splid.app\/english&amp;source=gmail&amp;ust=1599729676930000&amp;usg=AFQjCNGv2GUJdYSjzsWbUyxcArqoaZLXUw\">https:\/\/splid.app\/english<\/a><\/div>\n<div><\/div>\n<div style=\"padding-left: 30px;\"><b>Bons comptes<\/b> \u00e0 presque tout hors connection. Il ne g\u00e8re pas le multiPayeurs. La version premium (9,9\u20ac\/an) est sens\u00e9e supprimer une publicit\u00e9 qui n\u2019existe pas et permettre l\u2019utilisation des cat\u00e9gories qui existent d\u00e9j\u00e0 en mode hors connexion. Pas compris l\u2019int\u00e9r\u00eat du premium.<\/div>\n<div style=\"padding-left: 30px;\"><\/div>\n<div style=\"padding-left: 30px; text-align: right;\"><a href=\"http:\/\/www.oworld.fr\/faire-ses-comptes-entre-amis\/?lang=fr\" target=\"_blank\" rel=\"noopener noreferrer\" data-saferedirecturl=\"https:\/\/www.google.com\/url?q=http:\/\/www.oworld.fr\/faire-ses-comptes-entre-amis\/?lang%3Dfr&amp;source=gmail&amp;ust=1599729676930000&amp;usg=AFQjCNGJWNLZWtGF6y8Grs9hMJ-GXX2vKA\">http:\/\/www.oworld.fr\/faire-<wbr \/>ses-comptes-entre-amis\/?lang=<wbr \/>fr<\/a><\/div>\n<div><\/div>\n<div style=\"padding-left: 30px;\"><b>Countwiz<\/b> poss\u00e8de l\u2019essentiel gratuitement mais demande \u00e0 \u00eatre connect\u00e9 pour un grand nombre de fonctions. Ne g\u00e8re que le libell\u00e9 des devises mais pas leur taux et donc pas la conversion en devise param\u00e9tr\u00e9e pour le compte.<\/div>\n<div style=\"padding-left: 30px;\">Ne g\u00e8re pas le multiPayeurs.<\/div>\n<div style=\"padding-left: 30px;\">Une seule \u00e9toile car si vous avez le malheur d\u2019appuyer sur le bouton \u00ab D\u00e9connecter \u00bb alors que vous \u00eates en anonyme (non connect\u00e9) vous n\u2019avez plus acc\u00e8s \u00e0 rien.<\/div>\n<div style=\"padding-left: 30px; text-align: right;\"><a href=\"https:\/\/www.countwiz.com\/\" target=\"_blank\" rel=\"noopener noreferrer\" data-saferedirecturl=\"https:\/\/www.google.com\/url?q=https:\/\/www.countwiz.com\/&amp;source=gmail&amp;ust=1599729676930000&amp;usg=AFQjCNH6yRNpdxNGtYUk9Qf6qg72hBl9Fg\">https:\/\/www.countwiz.com\/<\/a><\/div>\n<div style=\"padding-left: 30px;\"><strong>Cospender<\/strong> est int\u00e9ressante mais ne s&rsquo;int\u00e9resse qu&rsquo;aux d\u00e9penses et reste tr\u00e8s limit\u00e9e en termes de fonctionnalit\u00e9s. C&rsquo;est basique, cela fonctionne mais reste trop l\u00e9ger avec des imperfections (Par exemple, on ne peut pas supprimer une d\u00e9pense que l&rsquo;on aurait cr\u00e9\u00e9e en doublon)<\/div>\n<div style=\"padding-left: 30px; text-align: right;\"><a href=\"https:\/\/www.cospender.com\/\" target=\"_blank\" rel=\"noopener\">https:\/\/www.cospender.com\/<\/a><\/div>\n<div><\/div>\n<div>Vous pouvez voir le r\u00e9sultat d\u00e9taill\u00e9 de l\u2019\u00e9tude en cliquant sur l\u2019image du tableau ci-dessous :<a href=\"http:\/\/www.auduteau.net\/cyclo\/wp-content\/uploads\/Test-bons-comptes.png\" target=\"_blank\" rel=\"noopener\">:<\/a><\/div>\n<div><a href=\"http:\/\/www.auduteau.net\/cyclo\/wp-content\/uploads\/Test-bons-comptes.png\"><img loading=\"lazy\" class=\"aligncenter size-large wp-image-2091\" src=\"http:\/\/www.auduteau.net\/cyclo\/wp-content\/uploads\/Test-bons-comptes-1024x677.png\" alt=\"\" width=\"1024\" height=\"677\" srcset=\"https:\/\/www.auduteau.net\/cyclo\/wp-content\/uploads\/Test-bons-comptes-1024x677.png 1024w, https:\/\/www.auduteau.net\/cyclo\/wp-content\/uploads\/Test-bons-comptes-300x198.png 300w, https:\/\/www.auduteau.net\/cyclo\/wp-content\/uploads\/Test-bons-comptes-768x508.png 768w, https:\/\/www.auduteau.net\/cyclo\/wp-content\/uploads\/Test-bons-comptes.png 1244w\" sizes=\"(max-width: 1024px) 100vw, 1024px\" \/><\/a><\/div>\n<h2>Petite \u00e9tude comportementale<\/h2>\n<div>3 profils de comptables se distinguent :<\/div>\n<ul>\n<li><strong><u>Le m\u00e9ticuleux<\/u><\/strong> : va saisir ses d\u00e9penses au jour le jour dans un livre de compte et op\u00e9rer ses rapprochements \u00e0 l\u2019arriv\u00e9e de son relev\u00e9 Bancaire fin de mois.<\/li>\n<li><strong><u>Le grosso-modo<\/u><\/strong> : prend son relev\u00e9 de fin de mois et v\u00e9rifie vaguement ses facturettes pour voir que c\u2019est \u00e0 peu pr\u00e8s cela.<\/li>\n<li><strong><u>Le geek<\/u><\/strong> : ouvrira \u00e0 minima 1 fois par jour son application bancaire sur smartphone sans m\u00eame se connecter pour v\u00e9rifier que son solde est positif. Pour les plus anciens, le contr\u00f4le est uniquement fait une fois par mois \u00e0 l\u2019arriv\u00e9e du relev\u00e9 papier bancaire.<\/li>\n<\/ul>\n<div>3 profils d\u2019utilisateur de smartphone se distinguent :<\/div>\n<ul>\n<li><strong><u>Le vieux<\/u><\/strong> : consid\u00e8re le smartphone comme un t\u00e9l\u00e9phone qui donne la m\u00e9t\u00e9o et les actualit\u00e9s parce que les applications sont d\u00e9j\u00e0 install\u00e9es et qu\u2019on a juste besoin de les ouvrir (les refermer, c\u2019est autre chose).<\/li>\n<li><u><strong>Le geek<\/strong> <\/u>: consid\u00e8re son t\u00e9l\u00e9phone comme son ordinateur perso, joue avec n\u2019importe quelle application qu\u2019il trouve et n\u2019arrive pas \u00e0 lever les yeux de son pr\u00e9cieux.<\/li>\n<li><strong><u>Entre les deux<\/u><\/strong> : l\u2019utilisateur \u00e0 qui on aura conseill\u00e9 (et souvent, fait une longue d\u00e9monstration) une application int\u00e9ressante qu\u2019il finira par installer (\u00e0 contrec\u0153ur ou non).<\/li>\n<\/ul>\n<div>On obtient donc une belle matrice \u00e0 2 dimensions que l\u2019on va explorer.<\/div>\n<div>La 3\u00e8me dimension explorerait le th\u00e8me \u00ab comptes avec application smartphone \u00bb ou \u00ab comptes finaux Papier ou excel post voyage \u00bb.<\/div>\n<div>De toute fa\u00e7on, que ce soit l\u2019une ou l\u2019autre, les comportements sont les m\u00eames.<\/div>\n<div><\/div>\n<div style=\"text-align: center;\"><b>\u00c7a va \u00e9nerver !<\/b> Et mettre une bonne ambiance pendant le voyage.<\/div>\n<div><\/div>\n<div>\n<div id=\"attachment_1407\" style=\"width: 1034px\" class=\"wp-caption alignnone\"><a href=\"http:\/\/www.auduteau.net\/cyclo\/wp-content\/uploads\/Profiling.jpg\"><img aria-describedby=\"caption-attachment-1407\" loading=\"lazy\" class=\"wp-image-1407 size-large\" src=\"http:\/\/www.auduteau.net\/cyclo\/wp-content\/uploads\/Profiling-1024x568.jpg\" alt=\"\" width=\"1024\" height=\"568\" srcset=\"https:\/\/www.auduteau.net\/cyclo\/wp-content\/uploads\/Profiling-1024x568.jpg 1024w, https:\/\/www.auduteau.net\/cyclo\/wp-content\/uploads\/Profiling-300x167.jpg 300w, https:\/\/www.auduteau.net\/cyclo\/wp-content\/uploads\/Profiling-768x426.jpg 768w, https:\/\/www.auduteau.net\/cyclo\/wp-content\/uploads\/Profiling.jpg 1472w\" sizes=\"(max-width: 1024px) 100vw, 1024px\" \/><\/a><p id=\"caption-attachment-1407\" class=\"wp-caption-text\">Matrice comportementale &#8211; Cliquez sur l&rsquo;image pour agrandir<\/p><\/div>\n<\/div>\n","protected":false},"excerpt":{"rendered":"<p>Quand on voyage en groupe, il y a toujours une heure o\u00f9 sonnent les comptes du voyage. On ne peut pas y \u00e9chapper. Il est plus simple de noter les d\u00e9penses de chacun au fur \u00e0 mesure que de faire une cagnotte vu que personne ne sait jamais o\u00f9 est rang\u00e9 le porte-monnaie cagnotte. La [&hellip;]<\/p>\n","protected":false},"author":1,"featured_media":1417,"parent":6,"menu_order":11,"comment_status":"closed","ping_status":"closed","template":"","meta":[],"jetpack_shortlink":"https:\/\/wp.me\/P80Whq-mG","jetpack_sharing_enabled":true,"jetpack-related-posts":[{"id":44,"url":"https:\/\/www.auduteau.net\/cyclo\/le-voyage-en-soi\/les-preparatifs\/","url_meta":{"origin":1406,"position":0},"title":"Les pr\u00e9paratifs","date":"5 octobre 2016","format":false,"excerpt":"Tracer la route Bien \u00e9videmment, il va falloir tracer sa route et la synchroniser avec les VAE. Grandes discussions assur\u00e9es. Les sites de trace et de topologie terrain : Calcul d'itin\u00e9raire , mon pr\u00e9f\u00e9r\u00e9 pour pr\u00e9parer la route (bas\u00e9 sur ORS et me permet de partager avec le groupe sans\u2026","rel":"","context":"Article similaire","img":{"alt_text":"","src":"https:\/\/i0.wp.com\/www.auduteau.net\/cyclo\/wp-content\/uploads\/tracer-la-route2-300x200.jpg?resize=350%2C200","width":350,"height":200},"classes":[]},{"id":77,"url":"https:\/\/www.auduteau.net\/cyclo\/le-voyage-en-soi\/les-outils-trace-gps\/","url_meta":{"origin":1406,"position":1},"title":"Les outils de trace GPS sur la route","date":"5 octobre 2016","format":false,"excerpt":"Sur son smartphone pendant le parcours. Consid\u00e9ration premi\u00e8re : \u00c9vitez de vider sa batterie lorsque l'on utilise le GPS toute la journ\u00e9e. Cela passe par l\u00e0 non utilisation excessive du r\u00e9seau donn\u00e9es et de l'affichage \u00e9cran aussi par l'arr\u00eat du Wifi. Fermez \u00e9galement toutes les applications autres que votre outil\u2026","rel":"","context":"Article similaire","img":{"alt_text":"","src":"https:\/\/i0.wp.com\/www.auduteau.net\/cyclo\/wp-content\/uploads\/Teste-APP-trace-IOS-960x1024.png?resize=350%2C200","width":350,"height":200},"classes":[]},{"id":8,"url":"https:\/\/www.auduteau.net\/cyclo\/cyclo-tourisme\/","url_meta":{"origin":1406,"position":2},"title":"Cyclo-Tourisme","date":"25 septembre 2016","format":false,"excerpt":"Je commencerai par dire qu'il n'y a pas un cyclo-touriste mais des cyclo-touristes. C'est principalement li\u00e9 aux objectifs que l'on se fixe et chacun a les siens. De celui, qui se doit de faire ses 100Km par jour, en passant par la petite famille qui n'en fera que 5-15 pour\u2026","rel":"","context":"Article similaire","img":{"alt_text":"","src":"","width":0,"height":0},"classes":[]},{"id":85,"url":"https:\/\/www.auduteau.net\/cyclo\/cyclo-tourisme\/le-cyclo-tourisme-cest-un-budget\/","url_meta":{"origin":1406,"position":3},"title":"Le cyclo-tourisme c&rsquo;est un budget","date":"25 septembre 2016","format":false,"excerpt":"Au d\u00e9part, Oui, quand il s'agit d'investir dans l'\u00e9quipement. Enfin nos v\u00e9los ne nous ont co\u00fbt\u00e9, d'occasion \u00e0 l'\u00e9poque, \u00e0 peine 100\u20ac pi\u00e8ce. C'est pour dire, qu'un simple biclou entretenu a suffi pendant 8 ans pour parcourir toute la fa\u00e7ade atlantique. Bref, un v\u00e9lo de supermarch\u00e9 \u00e0 350\u20ac suffit largement.\u2026","rel":"","context":"Article similaire","img":{"alt_text":"","src":"https:\/\/i0.wp.com\/www.auduteau.net\/cyclo\/wp-content\/uploads\/budget.jpg?resize=350%2C200&ssl=1","width":350,"height":200},"classes":[]},{"id":46,"url":"https:\/\/www.auduteau.net\/cyclo\/le-voyage-en-soi\/lapres-voyage\/","url_meta":{"origin":1406,"position":4},"title":"L&rsquo;apr\u00e8s voyage","date":"5 octobre 2016","format":false,"excerpt":"Les comptes Voir la page \"les bons comptes font les bons amis Les traces On a trac\u00e9 notre route le long des chemins. On les a peut-\u00eatre enregistr\u00e9es sur notre smartphone ou son GPS. Pourquoi ne pas les partager \u00e0 la communaut\u00e9 de cyclo-randonneurs ? Oui mais sur une semaine\u2026","rel":"","context":"Article similaire","img":{"alt_text":"","src":"","width":0,"height":0},"classes":[]},{"id":1915,"url":"https:\/\/www.auduteau.net\/cyclo\/le-voyage-en-soi\/les-modes-de-voyages-cyclo-touristiques\/","url_meta":{"origin":1406,"position":5},"title":"Les modes de voyages cyclo-touristiques","date":"5 octobre 2016","format":false,"excerpt":"Petit rappel, nous voyageons en groupe de 5 \u00e0 10 personnes. Le groupe est familial (fratrie + enfants et pi\u00e8ces rajout\u00e9es) Et, groupe \u00e9gal contraintes et indispositions individuelles. On doit donc lisser chacun nos pr\u00e9tentions pour arriver \u00e0 un accord qui aujourd'hui fait figure de ligne directrice lors de l'organisation\u2026","rel":"","context":"Article similaire","img":{"alt_text":"","src":"","width":0,"height":0},"classes":[]}],"jetpack_likes_enabled":true,"_links":{"self":[{"href":"https:\/\/www.auduteau.net\/cyclo\/wp-json\/wp\/v2\/pages\/1406"}],"collection":[{"href":"https:\/\/www.auduteau.net\/cyclo\/wp-json\/wp\/v2\/pages"}],"about":[{"href":"https:\/\/www.auduteau.net\/cyclo\/wp-json\/wp\/v2\/types\/page"}],"author":[{"embeddable":true,"href":"https:\/\/www.auduteau.net\/cyclo\/wp-json\/wp\/v2\/users\/1"}],"replies":[{"embeddable":true,"href":"https:\/\/www.auduteau.net\/cyclo\/wp-json\/wp\/v2\/comments?post=1406"}],"version-history":[{"count":14,"href":"https:\/\/www.auduteau.net\/cyclo\/wp-json\/wp\/v2\/pages\/1406\/revisions"}],"predecessor-version":[{"id":2092,"href":"https:\/\/www.auduteau.net\/cyclo\/wp-json\/wp\/v2\/pages\/1406\/revisions\/2092"}],"up":[{"embeddable":true,"href":"https:\/\/www.auduteau.net\/cyclo\/wp-json\/wp\/v2\/pages\/6"}],"wp:featuredmedia":[{"embeddable":true,"href":"https:\/\/www.auduteau.net\/cyclo\/wp-json\/wp\/v2\/media\/1417"}],"wp:attachment":[{"href":"https:\/\/www.auduteau.net\/cyclo\/wp-json\/wp\/v2\/media?parent=1406"}],"curies":[{"name":"wp","href":"https:\/\/api.w.org\/{rel}","templated":true}]}}