{"id":12,"date":"2016-09-25T19:38:10","date_gmt":"2016-09-25T17:38:10","guid":{"rendered":"http:\/\/www.auduteau.net\/cyclo\/?page_id=12"},"modified":"2022-09-02T12:01:29","modified_gmt":"2022-09-02T10:01:29","slug":"table-de-lois-du-cyclo-touriste","status":"publish","type":"page","link":"https:\/\/www.auduteau.net\/cyclo\/cyclo-tourisme\/table-de-lois-du-cyclo-touriste\/","title":{"rendered":"Table de lois du Cyclo-Touriste"},"content":{"rendered":"<div id=\"attachment_653\" style=\"width: 310px\" class=\"wp-caption alignright\"><a href=\"http:\/\/www.auduteau.net\/cyclo\/wp-content\/uploads\/table_lois.jpg\"><img aria-describedby=\"caption-attachment-653\" loading=\"lazy\" class=\"size-medium wp-image-653\" src=\"http:\/\/www.auduteau.net\/cyclo\/wp-content\/uploads\/table_lois-300x225.jpg\" alt=\"Table de lois\" width=\"300\" height=\"225\" srcset=\"https:\/\/www.auduteau.net\/cyclo\/wp-content\/uploads\/table_lois-300x225.jpg 300w, https:\/\/www.auduteau.net\/cyclo\/wp-content\/uploads\/table_lois.jpg 480w\" sizes=\"(max-width: 300px) 100vw, 300px\" \/><\/a><p id=\"caption-attachment-653\" class=\"wp-caption-text\">Table de lois<\/p><\/div>\n<p>Nous n&rsquo;avons pas un v\u00e9lo de course et n&rsquo;avons pas vocation \u00e0 faire une performance lorsque nous voyageons en cyclo-tourisme.<br \/>\nNotre but est d&rsquo;aller le plus loin et dans les meilleures conditions possibles.<br \/>\nIl nous faut donc veiller \u00e0 la durabilit\u00e9 de notre mat\u00e9riel et \u00e0 notre int\u00e9grit\u00e9 physique. Et pour cela, surcharger un peu le v\u00e9lo n&rsquo;est pas un mal, s&rsquo;\u00e9quiper et s&rsquo;outiller ne l&rsquo;est pas moins.<\/p>\n<p>Dans notre groupe, nous avons pondu quelques r\u00e8gles de base :<\/p>\n<p><em>(Cliquez sur les titres pour ouvrir\/fermer le contenu)<\/em><\/p>\n<div class=\"panel panel-default\">\n<div class=\"panel-body\">\n<div id=\"accordion\" class=\"panel-group\">\n<div class=\"panel panel-default\">\n<div class=\"panel-heading\">\n<h4 class=\"panel-title\"><a class=\"collapsed\" href=\"#monture\" data-toggle=\"collapse\" data-parent=\"#accordion\">1. Ta monture tu m\u00e9nageras<\/a><\/h4>\n<\/div>\n<div id=\"monture\" class=\"panel-collapse collapse\" style=\"height: 0px;\">\n<div class=\"panel-body\">\n<p>On ne parle pas uniquement du mat\u00e9riel mais aussi de nous. Notre rythme cardiaque est aussi \u00e0 respecter.La notion de cadence de p\u00e9dalage est primordiale. Il faut trouver son rythme \u00e0 soi qui n&rsquo;est pas forc\u00e9ment celui des autres sur la journ\u00e9e. Votre cadence c&rsquo;est votre vitesse de p\u00e9dalage associ\u00e9e \u00e0 votre r\u00e9sistance dans la dur\u00e9e. Les premiers jours attachez-vous \u00e0 trouver ce rythme mais entra\u00eenez-vous aussi \u00e0 l&rsquo;outrepasser.<\/p>\n<p>Il ne sert \u00e0 rien de p\u00e9daler en force. Vous usez la transmission de votre v\u00e9lo et vous fatiguez inutilement.<br \/>\nSachez utiliser intelligemment votre transmission.<br \/>\nUn angle ouvert entre votre plateau et votre pignon use pr\u00e9matur\u00e9ment les dents de plateau\/pignon et la chaine qui est con\u00e7ue pour travailler le plus droit possible ou sur un angle tr\u00e8s ferm\u00e9. Vous \u00eates sur le grand plateau, travaillez avec les petits pignons qui sont dans son axe. Sur le petit plateau, avec les grands pignons. Le plateau interm\u00e9diaire permet de travailler avec l&rsquo;ensemble des pignons de la cassette avec un angle d&rsquo;attaque correct. Vous attaquez une mont\u00e9e. Pr\u00e9voyez-le et anticiper pour vous repositionner en central au niveau pignons de mani\u00e8re \u00e0 ne jouer qu&rsquo;avec les plateaux puis finir sur les grands pignons.<\/p>\n<p>Surtout, ne jamais changer de vitesses en travaillant sur les plateaux et pignons en m\u00eame temps. C&rsquo;est une vrai torture pour la transmission, pour les oreilles et pour votre cadence de p\u00e9dalage.<br \/>\nIl arrive un moment o\u00f9 on a l&rsquo;impression que l&rsquo;efficacit\u00e9 de notre p\u00e9dalage n&rsquo;est plus suffisante en c\u00f4te raide. \u00c0 pieds, on irait plus vite et de mani\u00e8re plus stable. Pourquoi pas, il n&rsquo;y a pas de honte. Notre but est de voyager, en plus, on est charg\u00e9 comme des bourricots. \u00c0 mon niveau, sur une ann\u00e9e je marche beaucoup plus que je ne p\u00e9dale. J&rsquo;ai des muscles qui sont entra\u00een\u00e9s pour cela. Donc je n&rsquo;h\u00e9site pas.<br \/>\nPar contre, l&rsquo;\u00e9volution humaine \u00e0 fait que notre posture de marche am\u00e8ne le buste \u00e0 \u00eatre dans la direction de notre marche, pas de c\u00f4t\u00e9 et surtout pas pench\u00e9 en avant pour \u00e9viter les p\u00e9dales. Donc \u00e9vitez de pousser votre v\u00e9lo les deux mains sur le guidon. Tirez-le plut\u00f4t. Une main sur l&rsquo;arri\u00e8re de la selle et une sur le guidon pour le diriger. C&rsquo;est moins contraignant et vous vous apercevrez rapidement que la main du guidon n&rsquo;est pas utile si vous avez trouvez le rythme. Mais attention si c&rsquo;est sur route passante pour les l\u00e2ch\u00e9s de guidon.<\/p>\n<\/div>\n<\/div>\n<\/div>\n<div class=\"panel panel-default\">\n<div class=\"panel-heading\">\n<h4 class=\"panel-title\"><a class=\"collapsed\" href=\"#cles\" data-toggle=\"collapse\" data-parent=\"#accordion\"><br \/>\n2. Un jeu de cl\u00e9s tu auras<br \/>\n<\/a><\/h4>\n<\/div>\n<div id=\"cles\" class=\"panel-collapse collapse\" style=\"height: 0px;\">\n<div class=\"panel-body\">Les tours-du-mondistes s&rsquo;\u00e9quipent avec des v\u00e9los de qualit\u00e9s ayant un confort maximal (sellerie brooks, roues et transmissions r\u00e9sistantes, cadres aciers, &#8230;.).<br \/>\nNotre propre \u00e9quipement est moindre mais retrouver son v\u00e9lo sans sa selle ou sa roue apr\u00e8s avoir \u00e9t\u00e9 boire un caf\u00e9 en terrasse va pourrir litt\u00e9ralement notre voyage et celui de notre groupe. Pour s&rsquo;en convaincre, regardez simplement la vid\u00e9o du <a href=\"https:\/\/youtu.be\/lthO1DeOoNk\" target=\"_blank\" rel=\"noopener noreferrer\">championnat d&rsquo;Europe du vol de v\u00e9lo<\/a>. Le v\u00e9lo utilis\u00e9 n&rsquo;est pas une merveille de technologie et pourtant, il est bel et bien vol\u00e9.<br \/>\nTout se d\u00e9monte sur un v\u00e9lo. Et le concept des attaches rapides n&rsquo;est bon que pour les voleurs. En voyage, nous ne sommes pas pris par le temps m\u00eame si nous devons r\u00e9parer une crevaison.<br \/>\nDONC, pr\u00e9f\u00e9rez les \u00e9crous viss\u00e9s plut\u00f4t que les attaches rapides de roue ou de tige de selle. Vous avez r\u00e9gl\u00e9 votre selle \u00e0 votre position de confort, je ne pense pas que vous allez la r\u00e9gler toutes les heures.<br \/>\nCE QUI SIGNIFIE d&rsquo;avoir avec soi la\/les cl\u00e9(s) au calibre des \u00e9crous que vous aurez install\u00e9 pour sauvegarder vos \u00e9quipements et terminer votre parcours en toute qui\u00e9tude.<\/div>\n<\/div>\n<\/div>\n<div class=\"panel panel-default\">\n<div class=\"panel-heading\">\n<h4 class=\"panel-title\"><a class=\"collapsed\" href=\"#roue\" data-toggle=\"collapse\" data-parent=\"#accordion\"><br \/>\n3. Ta roue avant tu attacheras au cadre et \u00e0 un support fixe<br \/>\n<\/a><\/h4>\n<\/div>\n<div id=\"roue\" class=\"panel-collapse collapse\" style=\"height: 0px;\">\n<div class=\"panel-body\">\n<div id=\"attachment_527\" style=\"width: 160px\" class=\"wp-caption alignright\"><a href=\"http:\/\/www.auduteau.net\/cyclo\/wp-content\/uploads\/roue.jpg\"><img aria-describedby=\"caption-attachment-527\" loading=\"lazy\" class=\"size-thumbnail wp-image-527\" src=\"http:\/\/www.auduteau.net\/cyclo\/wp-content\/uploads\/roue-150x150.jpg\" alt=\"Plus de v\u00e9lo\" width=\"150\" height=\"150\" \/><\/a><p id=\"caption-attachment-527\" class=\"wp-caption-text\">Plus de v\u00e9lo<\/p><\/div>\n<p>Quelle tristesse de ne retrouver que sa roue avant sans le reste.<\/p>\n<p>Et pourtant, les <a href=\"http:\/\/www.auduteau.net\/cyclo\/cyclo-tourisme\/de-la-securite-du-mon-velo\/\">antivols sont de qualit\u00e9s<\/a>.<\/p>\n<p>Donc, on attache toujours sa roue avant au cadre, et sur un point fixe en m\u00eame temps.<\/p>\n<\/div>\n<\/div>\n<\/div>\n<div class=\"panel panel-default\">\n<div class=\"panel-heading\">\n<h4 class=\"panel-title\"><a class=\"collapsed\" href=\"#cadenas\" data-toggle=\"collapse\" data-parent=\"#accordion\"><br \/>\n4. Un cadenas r\u00e9sistant tu auras<br \/>\n<\/a><\/h4>\n<\/div>\n<div id=\"cadenas\" class=\"panel-collapse collapse\" style=\"height: 0px;\">\n<div class=\"panel-body\">Quoi de pire que de se faire voler sa monture. Pas pour ce qu&rsquo;elle co\u00fbte mais parce cela nous laisse en plan en plaine nature (pour faire un jeu de mots). Rappel : voir vid\u00e9o <a href=\"http:\/\/www.dailymotion.com\/video\/x3fbxqy\" target=\"_blank\" rel=\"noopener noreferrer\">championnat d&rsquo;Europe du vol de v\u00e9lo<\/a> cit\u00e9 plus haut.<br \/>\nIl y a aussi des situations cocasses de groupe. Dialogue :<\/p>\n<ul>\n<li>P1 : tu peux attacher nos v\u00e9los avec le tien ?<\/li>\n<li>P2 : tu n&rsquo;a pas d&rsquo;antivol ?<\/li>\n<li>P1 : non, c&rsquo;est Alain qui l&rsquo;a pour nous tous<\/li>\n<li>P2 : Alain il est dans la voiture suiveuse aujourd&rsquo;hui !<\/li>\n<\/ul>\n<p>Et te voil\u00e0 \u00e0 g\u00e9rer 7 v\u00e9los avec 3 cadenas courts.<br \/>\nAutant dire qu&rsquo;Il n&rsquo;y a pas eu de l\u00e8che-vitrines ce jour-l\u00e0.<\/p>\n<p>Toujours <a href=\"http:\/\/www.auduteau.net\/cyclo\/cyclo-tourisme\/de-la-securite-du-mon-velo\/\">s\u00e9curiser correctement son v\u00e9lo<\/a>.<\/p>\n<div id=\"attachment_291\" style=\"width: 160px\" class=\"wp-caption alignright\"><a href=\"http:\/\/www.auduteau.net\/cyclo\/wp-content\/uploads\/2016\/09\/cadenas_cadre.jpg\"><img aria-describedby=\"caption-attachment-291\" loading=\"lazy\" class=\"size-medium wp-image-291\" src=\"http:\/\/www.auduteau.net\/cyclo\/wp-content\/uploads\/2016\/09\/cadenas_cadre-150x150.jpg\" alt=\"Cadenas de cadre\" width=\"150\" height=\"150\" \/><\/a><p id=\"caption-attachment-291\" class=\"wp-caption-text\">Cadenas de cadre<\/p><\/div>\n<p>Un antivol digne de ce nom p\u00e8se lourd (1,5 \u00e0 2 kg). Une cha\u00eene doit faire 6mm de diam\u00e8tre pour \u00eatre consid\u00e9r\u00e9e comme r\u00e9sistant aux effractions l\u00e9g\u00e8res.<\/p>\n<p>La base, c&rsquo;est un cadenas de cadre de bonnes facture pour les arr\u00eats minute et le stockage dans le garage \u00e0 v\u00e9los. En parcours, un U ou un antivol \u00ab\u00a0souple\u00a0\u00bb digne de confiance en plus.<\/p>\n<p>Quoi, 2 antivols, on se prend 3kg en plus !<br \/>\nBon d&rsquo;accord, en 7 ans, on ne s&rsquo;est jamais fait voler un v\u00e9lo. Il faut dire aussi qu&rsquo;un v\u00e9lo charg\u00e9 rebute pour le vol. Surtout s&rsquo;ils sont attach\u00e9s ensembles avec des antivols plus l\u00e9gers tout en ayant celui de cadre enclench\u00e9. Donc le U lourd c&rsquo;est pour la vie de tous les jours.<\/p>\n<p>Pour la randonn\u00e9e, des l\u00e9gers associ\u00e9s \u00e0 celui de cadre.<\/p>\n<\/div>\n<\/div>\n<\/div>\n<div class=\"panel panel-default\">\n<div class=\"panel-heading\">\n<h4 class=\"panel-title\"><a class=\"collapsed\" href=\"#pancarte\" data-toggle=\"collapse\" data-parent=\"#accordion\"><br \/>\n5. Une pancarte sur le tableau de bord de la voiture tu positionneras<br \/>\n<\/a><\/h4>\n<\/div>\n<div id=\"pancarte\" class=\"panel-collapse collapse\" style=\"height: 0px;\">\n<div class=\"panel-body\">Cela concerne la voiture suiveuse si l&rsquo;on a des v\u00e9los sur le toit. (C&rsquo;est du v\u00e9cu).<br \/>\nQui s&rsquo;est empress\u00e9 de prendre le raccourci par le tunnel ou,trop heureux d&rsquo;avoir enfin trouver le supermarch\u00e9, est entr\u00e9 dans le parking en fanfare en oubliant le portique \u00e0 l&rsquo;entr\u00e9e de ce dernier.<br \/>\nR\u00e9sultat : V\u00e9lo en miette et arrachage de galerie garantie. De quoi, mettre de l&rsquo;ambiance dans un groupe pour la fin du voyage. Eh bien, le coup de la pancarte marche tr\u00e8s bien.<br \/>\nC&rsquo;est aussi valable, les jours de d\u00e9part vers le lieu de rendez-vous (ou au retour) lorsque l&rsquo;on arrive au p\u00e9age.<\/div>\n<\/div>\n<\/div>\n<div class=\"panel panel-default\">\n<div class=\"panel-heading\">\n<h4 class=\"panel-title\"><a class=\"collapsed\" href=\"#casque\" data-toggle=\"collapse\" data-parent=\"#accordion\"><br \/>\n6. Un casque tu auras<br \/>\n<\/a><\/h4>\n<\/div>\n<div id=\"casque\" class=\"panel-collapse collapse\" style=\"height: 0px;\">\n<div class=\"panel-body\">\n<div id=\"attachment_243\" style=\"width: 160px\" class=\"wp-caption alignright\"><a href=\"http:\/\/www.auduteau.net\/cyclo\/wp-content\/uploads\/2016\/09\/casque.jpg\"><img aria-describedby=\"caption-attachment-243\" loading=\"lazy\" class=\"size-medium wp-image-243\" src=\"http:\/\/www.auduteau.net\/cyclo\/wp-content\/uploads\/2016\/09\/casque-150x150.jpg\" alt=\"port du casque\" width=\"150\" height=\"150\" \/><\/a><p id=\"caption-attachment-243\" class=\"wp-caption-text\">port du casque<\/p><\/div>\n<p>M\u00eame si les voitures nous respectent assez bien, il y a toujours des tar\u00e9s sur la route ou des situations impr\u00e9vues dues \u00e0 l&rsquo;inattention. DONC, par s\u00e9curit\u00e9, mettez un casque.<\/p>\n<p>Vous n&rsquo;en avez jamais mis et ne voulez pas en mettre par pr\u00e9f\u00e9rence pour la casquette.<br \/>\nLe jour o\u00f9 celle-ci s&rsquo;envolera dans une descente \u00e0 pleine vitesse vous entrerez dans une situation dite impr\u00e9vue. En voulant la rattraper vous perdrez le contr\u00f4le de votre v\u00e9lo ou vous freinerez abusivement sans pr\u00e9venir vos suiveurs qui eux n&rsquo;ont pas de probl\u00e8me de casquettes.<br \/>\nA vous de voir.<\/p>\n<\/div>\n<\/div>\n<\/div>\n<div class=\"panel panel-default\">\n<div class=\"panel-heading\">\n<h4 class=\"panel-title\"><a class=\"collapsed\" href=\"#eau\" data-toggle=\"collapse\" data-parent=\"#accordion\"><br \/>\n7. De l&rsquo;eau en quantit\u00e9 et des grignotages tu auras<br \/>\n<\/a><\/h4>\n<\/div>\n<div id=\"eau\" class=\"panel-collapse collapse\" style=\"height: 0px;\">\n<div class=\"panel-body\">\n<div id=\"attachment_288\" style=\"width: 160px\" class=\"wp-caption alignright\"><a href=\"http:\/\/www.auduteau.net\/cyclo\/wp-content\/uploads\/2016\/09\/2012_grignotage.jpg\"><img aria-describedby=\"caption-attachment-288\" loading=\"lazy\" class=\"size-medium wp-image-288\" src=\"http:\/\/www.auduteau.net\/cyclo\/wp-content\/uploads\/2016\/09\/2012_grignotage-150x150.jpg\" alt=\"Grignotage \u00e0 Hossegor\" width=\"150\" height=\"150\" \/><\/a><p id=\"caption-attachment-288\" class=\"wp-caption-text\">Grignotage \u00e0 Hossegor<\/p><\/div>\n<p>Lorsque l&rsquo;on trace sa route, on ne rencontre pas forc\u00e9ment un point d&rsquo;eau ou une \u00e9picerie \u00e0 chaque coin de rue. Exemple le long du canal du Midi ou de Garonne.<br \/>\nLe cyclo-tourisme reste un sport de d\u00e9tente certes mais un sport quand m\u00eame et par temps tr\u00e8s chaud, la courbature ruine notre avanc\u00e9e.<br \/>\nDonc, comme dans tout sport, vous aurez toujours sur vous de quoi grignoter et surtout de quoi boire. Il n&rsquo;est pas, non plus rare, qu&rsquo;une synchronisation avec la voiture suiveuse pour le pique-nique du midi tourne court ce qui retarde quelque peu le repas. On constatera, \u00e0 ces moments-l\u00e0, que la jeunesse a toujours faim.<\/p>\n<p>Autre point : ne mettez pas tous les grignotages dans les sacoches de la jeunesse. Risque de p\u00e9nurie rapide et d\u00e9sarroi quand les autres membres du groupe ont un besoin.<\/p>\n<\/div>\n<\/div>\n<\/div>\n<div class=\"panel panel-default\">\n<div class=\"panel-heading\">\n<h4 class=\"panel-title\"><a class=\"collapsed\" href=\"#pause\" data-toggle=\"collapse\" data-parent=\"#accordion\"><br \/>\n8. Des pauses tu t&rsquo;accorderas<br \/>\n<\/a><\/h4>\n<\/div>\n<div id=\"pause\" class=\"panel-collapse collapse\" style=\"height: 0px;\">\n<div class=\"panel-body\">\n<div id=\"attachment_287\" style=\"width: 160px\" class=\"wp-caption alignright\"><a href=\"http:\/\/www.auduteau.net\/cyclo\/wp-content\/uploads\/2016\/09\/2012_Pause.jpg\"><img aria-describedby=\"caption-attachment-287\" loading=\"lazy\" class=\"wp-image-287 size-medium\" src=\"http:\/\/www.auduteau.net\/cyclo\/wp-content\/uploads\/2016\/09\/2012_Pause-150x150.jpg\" alt=\"Pause \u00e0 l'ombre\" width=\"150\" height=\"150\" \/><\/a><p id=\"caption-attachment-287\" class=\"wp-caption-text\">Pause \u00e0 l&rsquo;ombre<\/p><\/div>\n<p>Lorsque vous voyez votre ni\u00e8ce rater un virage \u00e9vident et aller tout droit \u00e0 5km\/h, il est plus que temps de faire une pause grignotage et rafra\u00eechissement. Ne jamais h\u00e9siter \u00e0 faire une pause boisson. C&rsquo;est d&rsquo;autant plus facile en groupe vu que les premiers attendent les derniers et se doivent de respecter leurs temps de repos.<br \/>\nEn groupe arr\u00eatez-vous dans des endroits s\u00e9curis\u00e9s mais surtout o\u00f9 chacun peut vaquer vers divers centres d&rsquo;int\u00e9r\u00eat (paysages, petite \u00e9glises, etc.)<\/p>\n<\/div>\n<\/div>\n<\/div>\n<div class=\"panel panel-default\">\n<div class=\"panel-heading\">\n<h4 class=\"panel-title\"><a class=\"collapsed\" href=\"#route\" data-toggle=\"collapse\" data-parent=\"#accordion\"><br \/>\n9. La route tu regarderas<br \/>\n<\/a><\/h4>\n<\/div>\n<div id=\"route\" class=\"panel-collapse collapse\" style=\"height: 0px;\">\n<div class=\"panel-body\">\n<div id=\"attachment_286\" style=\"width: 160px\" class=\"wp-caption alignright\"><a href=\"http:\/\/www.auduteau.net\/cyclo\/wp-content\/uploads\/2016\/09\/2010-gamelle-carcassonne.jpg\"><img aria-describedby=\"caption-attachment-286\" loading=\"lazy\" class=\"wp-image-286 size-medium\" src=\"http:\/\/www.auduteau.net\/cyclo\/wp-content\/uploads\/2016\/09\/2010-gamelle-carcassonne-150x150.jpg\" alt=\"Gamelle \u00e0 Carcassone\" width=\"150\" height=\"150\" \/><\/a><p id=\"caption-attachment-286\" class=\"wp-caption-text\">Gamelle \u00e0 Carcassone<\/p><\/div>\n<p>Quelle que soit la longueur de l&rsquo;\u00e9tape, on doit rester concentr\u00e9 sur la route ne serait-ce qu&rsquo;\u00e0 cause des autres (Cyclo, pi\u00e9ton mais surtout voiture) mais \u00e9galement pour la pr\u00e9servation de sa monture. Le trou dans la route, la grosse racine ou pierre sur le chemin s&rsquo;accorde mal avec la qualit\u00e9 plut\u00f4t basique de nos v\u00e9los.<br \/>\nL&rsquo;inattention peut aussi \u00eatre l&rsquo;occasion de prendre un bain forc\u00e9 en longeant un canal et de devoir passer un moment \u00e0 r\u00e9cup\u00e9rer le v\u00e9lo au fond de ce dernier (V\u00e9cu) ou pire rencontrer un arbre ou une voiture (non v\u00e9cu).<\/p>\n<\/div>\n<\/div>\n<\/div>\n<div class=\"panel panel-default\">\n<div class=\"panel-heading\">\n<h4 class=\"panel-title\"><a class=\"collapsed\" href=\"#creme\" data-toggle=\"collapse\" data-parent=\"#accordion\"><br \/>\n10. De la cr\u00e8me solaire tu auras<br \/>\n<\/a><\/h4>\n<\/div>\n<div id=\"creme\" class=\"panel-collapse collapse\" style=\"height: 0px;\">\n<div class=\"panel-body\">\n<div id=\"attachment_293\" style=\"width: 160px\" class=\"wp-caption alignright\"><a href=\"http:\/\/www.auduteau.net\/cyclo\/wp-content\/uploads\/2016\/09\/coup-soleil.jpg\"><img aria-describedby=\"caption-attachment-293\" loading=\"lazy\" class=\"wp-image-293 size-thumbnail\" src=\"http:\/\/www.auduteau.net\/cyclo\/wp-content\/uploads\/2016\/09\/coup-soleil-150x150.jpg\" alt=\"Coup de soleil\" width=\"150\" height=\"150\" \/><\/a><p id=\"caption-attachment-293\" class=\"wp-caption-text\">Coup de soleil<\/p><\/div>\n<p>Ce n&rsquo;est pas parce que l&rsquo;on passe la journ\u00e9e habill\u00e9 que l&rsquo;on ne prend pas de coups de soleil.<br \/>\n\u00c9videmment, ce sont les genoux et les mollets qui trinquent.<br \/>\nON CONFIRME que la journ\u00e9e du lendemain d&rsquo;un coup de soleil au niveau des jointures est loin d&rsquo;\u00eatre agr\u00e9able \u00e0 v\u00e9lo.<\/p>\n<p>Donc cr\u00e8me solaire haute protection exig\u00e9e.<\/p>\n<\/div>\n<\/div>\n<\/div>\n<div class=\"panel panel-default\">\n<div class=\"panel-heading\">\n<h4 class=\"panel-title\"><a class=\"collapsed\" href=\"#trousse\" data-toggle=\"collapse\" data-parent=\"#accordion\"><br \/>\n11. Une trousse \u00e0 pharmacie tu auras<br \/>\n<\/a><\/h4>\n<\/div>\n<div id=\"trousse\" class=\"panel-collapse collapse\" style=\"height: 0px;\">\n<div class=\"panel-body\">Les incidents n&rsquo;arrivent pas qu&rsquo;aux autres et nous sommes en pleine nature. Il faut donc faire face et emporter une bonne <a href=\"http:\/\/www.auduteau.net\/cyclo\/trousse-a-pharmacie\/\">trousse \u00e0 pharmacie<\/a>.<\/div>\n<\/div>\n<\/div>\n<\/div>\n<\/div>\n<\/div>\n","protected":false},"excerpt":{"rendered":"<p>Nous n&rsquo;avons pas un v\u00e9lo de course et n&rsquo;avons pas vocation \u00e0 faire une performance lorsque nous voyageons en cyclo-tourisme. Notre but est d&rsquo;aller le plus loin et dans les meilleures conditions possibles. Il nous faut donc veiller \u00e0 la durabilit\u00e9 de notre mat\u00e9riel et \u00e0 notre int\u00e9grit\u00e9 physique. Et pour cela, surcharger un peu [&hellip;]<\/p>\n","protected":false},"author":1,"featured_media":653,"parent":8,"menu_order":3,"comment_status":"closed","ping_status":"closed","template":"","meta":[],"jetpack_shortlink":"https:\/\/wp.me\/P80Whq-c","jetpack_sharing_enabled":true,"jetpack-related-posts":[{"id":702,"url":"https:\/\/www.auduteau.net\/cyclo\/cyclo-tourisme\/assurer-son-velo\/","url_meta":{"origin":12,"position":0},"title":"Assurer son v\u00e9lo","date":"25 septembre 2016","format":false,"excerpt":"Que me rembourse mon assurance en cas de vol ? D\u2019ailleurs, est-ce qu\u2019une de mes nombreuses assurances prend en charge les dommages ou le vol de mon v\u00e9lo\u00a0? L\u2019assurance voiture prendra en charge les d\u00e9g\u00e2ts ou \u00e9ventuellement le vol de v\u00e9lo sur une galerie voiture lors de vos trajets. Mais\u2026","rel":"","context":"Article similaire","img":{"alt_text":"","src":"https:\/\/i0.wp.com\/www.auduteau.net\/cyclo\/wp-content\/uploads\/Assurance-v\u00e9lo-Majorque.jpg?resize=350%2C200&ssl=1","width":350,"height":200},"classes":[]},{"id":57,"url":"https:\/\/www.auduteau.net\/cyclo\/ressources\/liens-utiles\/","url_meta":{"origin":12,"position":1},"title":"Liens utiles","date":"6 octobre 2016","format":false,"excerpt":"F\u00e9d\u00e9rations F\u00e9d\u00e9ration Fran\u00e7aise de Cyclo-Tourisme V\u00e9locistes sp\u00e9cialis\u00e9s Les v\u00e9los de Patrick Site d'un passionn\u00e9 de v\u00e9lo qui vous pr\u00e9parera votre v\u00e9lo de r\u00eave en vous apportant conseil quant \u00e0 vos besoins. Comme son site perso ne poss\u00e8de pas de sommaire, voici les principaux liens : Pneu, P\u00e9dales, Frein, \u00c9clairage, Bureau,\u2026","rel":"","context":"Article similaire","img":{"alt_text":"","src":"","width":0,"height":0},"classes":[]},{"id":85,"url":"https:\/\/www.auduteau.net\/cyclo\/cyclo-tourisme\/le-cyclo-tourisme-cest-un-budget\/","url_meta":{"origin":12,"position":2},"title":"Le cyclo-tourisme c&rsquo;est un budget","date":"25 septembre 2016","format":false,"excerpt":"Au d\u00e9part, Oui, quand il s'agit d'investir dans l'\u00e9quipement. Enfin nos v\u00e9los ne nous ont co\u00fbt\u00e9, d'occasion \u00e0 l'\u00e9poque, \u00e0 peine 100\u20ac pi\u00e8ce. C'est pour dire, qu'un simple biclou entretenu a suffi pendant 8 ans pour parcourir toute la fa\u00e7ade atlantique. Bref, un v\u00e9lo de supermarch\u00e9 \u00e0 350\u20ac suffit largement.\u2026","rel":"","context":"Article similaire","img":{"alt_text":"","src":"https:\/\/i0.wp.com\/www.auduteau.net\/cyclo\/wp-content\/uploads\/budget.jpg?resize=350%2C200&ssl=1","width":350,"height":200},"classes":[]},{"id":8,"url":"https:\/\/www.auduteau.net\/cyclo\/cyclo-tourisme\/","url_meta":{"origin":12,"position":3},"title":"Cyclo-Tourisme","date":"25 septembre 2016","format":false,"excerpt":"Je commencerai par dire qu'il n'y a pas un cyclo-touriste mais des cyclo-touristes. C'est principalement li\u00e9 aux objectifs que l'on se fixe et chacun a les siens. De celui, qui se doit de faire ses 100Km par jour, en passant par la petite famille qui n'en fera que 5-15 pour\u2026","rel":"","context":"Article similaire","img":{"alt_text":"","src":"","width":0,"height":0},"classes":[]},{"id":80,"url":"https:\/\/www.auduteau.net\/cyclo\/cyclo-tourisme\/un-vae-pour-du-cyclo-tourisme\/","url_meta":{"origin":12,"position":4},"title":"Un VAE pour du cyclo-tourisme ?","date":"25 septembre 2016","format":false,"excerpt":"Pourquoi pas ! Ce n'est pas une tare. Certains VTTeurs en r\u00e9gions montagneuses sont \u00e9quip\u00e9s. Leurs plaisirs, c'est de crapahuter dans la montagne pas de se bousiller les genoux. Avec l'\u00e2ge ou avec un handicap, \u00e7a se justifie pleinement \u00e9galement. \u00c0 tout \u00e2ge aussi. Par contre, cela apporte des contraintes\u2026","rel":"","context":"Article similaire","img":{"alt_text":"","src":"https:\/\/i0.wp.com\/www.auduteau.net\/cyclo\/wp-content\/uploads\/2016\/09\/VAE2-300x200.jpg?resize=350%2C200","width":350,"height":200},"classes":[]},{"id":147,"url":"https:\/\/www.auduteau.net\/cyclo\/cyclo-tourisme\/quid-des-voyagistes\/","url_meta":{"origin":12,"position":5},"title":"Quid des voyagistes ?","date":"25 septembre 2016","format":false,"excerpt":"Ce sont bien \u00e9videmment les Hollandais qui ont d\u00e9velopp\u00e9 cette forme de tourisme tout en un. Leurs r\u00e9seaux s'\u00e9tend sur toute l'Europe et leurs permet de s'abstraire des contraintes de transport de v\u00e9lo et de mat\u00e9riels. Les fran\u00e7ais ne sont pas en reste et ont d\u00e9velopp\u00e9 localement diff\u00e9rentes formules offrant,\u2026","rel":"","context":"Article similaire","img":{"alt_text":"","src":"","width":0,"height":0},"classes":[]}],"jetpack_likes_enabled":true,"_links":{"self":[{"href":"https:\/\/www.auduteau.net\/cyclo\/wp-json\/wp\/v2\/pages\/12"}],"collection":[{"href":"https:\/\/www.auduteau.net\/cyclo\/wp-json\/wp\/v2\/pages"}],"about":[{"href":"https:\/\/www.auduteau.net\/cyclo\/wp-json\/wp\/v2\/types\/page"}],"author":[{"embeddable":true,"href":"https:\/\/www.auduteau.net\/cyclo\/wp-json\/wp\/v2\/users\/1"}],"replies":[{"embeddable":true,"href":"https:\/\/www.auduteau.net\/cyclo\/wp-json\/wp\/v2\/comments?post=12"}],"version-history":[{"count":28,"href":"https:\/\/www.auduteau.net\/cyclo\/wp-json\/wp\/v2\/pages\/12\/revisions"}],"predecessor-version":[{"id":2048,"href":"https:\/\/www.auduteau.net\/cyclo\/wp-json\/wp\/v2\/pages\/12\/revisions\/2048"}],"up":[{"embeddable":true,"href":"https:\/\/www.auduteau.net\/cyclo\/wp-json\/wp\/v2\/pages\/8"}],"wp:featuredmedia":[{"embeddable":true,"href":"https:\/\/www.auduteau.net\/cyclo\/wp-json\/wp\/v2\/media\/653"}],"wp:attachment":[{"href":"https:\/\/www.auduteau.net\/cyclo\/wp-json\/wp\/v2\/media?parent=12"}],"curies":[{"name":"wp","href":"https:\/\/api.w.org\/{rel}","templated":true}]}}