{"id":1126,"date":"2017-09-14T13:15:16","date_gmt":"2017-09-14T11:15:16","guid":{"rendered":"http:\/\/www.auduteau.net\/cyclo\/galeries-photos\/"},"modified":"2022-08-29T10:34:03","modified_gmt":"2022-08-29T08:34:03","slug":"galeries-photos","status":"publish","type":"page","link":"https:\/\/www.auduteau.net\/cyclo\/galeries-photos\/","title":{"rendered":"Galeries photos"},"content":{"rendered":"<p>Cette section r\u00e9f\u00e9rence les diff\u00e9rentes galeries photos de nos voyages.<\/p>\n<ul>\n<li><a href=\"http:\/\/www.auduteau.net\/cyclo\/galeries-photos\/2022-cotes-darmor-galerie\/\">2022 &#8211; C\u00f4tes d&rsquo;Armor<\/a><\/li>\n<li><a href=\"http:\/\/www.auduteau.net\/cyclo\/galeries-photos\/2021-les-3-lacs-galerie\/\">2021 &#8211; Les 3 lacs<\/a><\/li>\n<li><a href=\"http:\/\/www.auduteau.net\/cyclo\/galeries-photos\/2020-boucle-ile-bouchard-nantes-galerie\/\">2020 &#8211; Boucle Ile Bouchard &#8211; Nantes<\/a><\/li>\n<li><a href=\"http:\/\/www.auduteau.net\/cyclo\/galeries-photos\/2019-dax-3-petites-boucles-galerie\/\">2019 &#8211; Dax &#8211; 3 petites boucles<\/a><\/li>\n<li><a href=\"http:\/\/www.auduteau.net\/cyclo\/galeries-photos\/circuit-2018-dordogne-gironde-gallerie\/\">2018 &#8211; Dordogne-Gironde<\/a><\/li>\n<li><a href=\"http:\/\/www.auduteau.net\/cyclo\/circuit-2017-vallees-du-tarn-du-lot-galerie\/\">2017 &#8211; Vall\u00e9es du Tarn et du Lot<\/a><\/li>\n<li><a href=\"http:\/\/www.auduteau.net\/cyclo\/galeries-photos\/2017-baie-de-somme-galerie\/\">2017 &#8211; Baie de Somme<\/a><\/li>\n<li><a href=\"http:\/\/www.auduteau.net\/cyclo\/circuit-2016-bretagne-nord-galerie\/\">2016 &#8211; Bretagne Nord<\/a><\/li>\n<li>2015 &#8211; Bretagne Sud<\/li>\n<\/ul>\n","protected":false},"excerpt":{"rendered":"<p>Cette section r\u00e9f\u00e9rence les diff\u00e9rentes galeries photos de nos voyages. 2022 &#8211; C\u00f4tes d&rsquo;Armor 2021 &#8211; Les 3 lacs 2020 &#8211; Boucle Ile Bouchard &#8211; Nantes 2019 &#8211; Dax &#8211; 3 petites boucles 2018 &#8211; Dordogne-Gironde 2017 &#8211; Vall\u00e9es du Tarn et du Lot 2017 &#8211; Baie de Somme 2016 &#8211; Bretagne Nord 2015 &#8211; [&hellip;]<\/p>\n","protected":false},"author":1,"featured_media":0,"parent":0,"menu_order":0,"comment_status":"closed","ping_status":"closed","template":"","meta":[],"jetpack_shortlink":"https:\/\/wp.me\/P80Whq-ia","jetpack_sharing_enabled":true,"jetpack-related-posts":[{"id":1486,"url":"https:\/\/www.auduteau.net\/cyclo\/galeries-photos\/2019-dax-3-petites-boucles-galerie\/","url_meta":{"origin":1126,"position":0},"title":"2019 &#8211; DAX &#8211; 3 petites boucles &#8211; Galerie","date":"11 septembre 2017","format":false,"excerpt":"","rel":"","context":"Article similaire","img":{"alt_text":"","src":"","width":0,"height":0},"classes":[]},{"id":1304,"url":"https:\/\/www.auduteau.net\/cyclo\/galeries-photos\/2020-boucle-ile-bouchard-nantes-galerie\/","url_meta":{"origin":1126,"position":1},"title":"2020 &#8211; Boucle Ile Bouchard -> Nantes &#8211; Galerie","date":"11 septembre 2017","format":false,"excerpt":"","rel":"","context":"Article similaire","img":{"alt_text":"","src":"","width":0,"height":0},"classes":[]},{"id":1395,"url":"https:\/\/www.auduteau.net\/cyclo\/debut-de-lhistoire\/2019-dax-3-petites-boucles\/","url_meta":{"origin":1126,"position":2},"title":"2019 &#8211; DAX &#8211; 3 petites boucles","date":"1 octobre 2016","format":false,"excerpt":"Galerie photos Circuit estival 2019 tr\u00e8s court du fait que ma femme se soit fait renvers\u00e9e par un scooter 3 mois avant. Donc, un point fixe et quelques vir\u00e9es dans la r\u00e9gion. Cassen Mugron Montfort en Chalosse Saint Vincent de Paul Pontonx sur Adour Buglose Tout va tourner autour Cassens,\u2026","rel":"","context":"Article similaire","img":{"alt_text":"","src":"https:\/\/i0.wp.com\/www.auduteau.net\/cyclo\/wp-content\/uploads\/Dax-3-boucles.jpg?resize=350%2C200","width":350,"height":200},"classes":[]},{"id":1465,"url":"https:\/\/www.auduteau.net\/cyclo\/galeries-photos\/2017-baie-de-somme-galerie\/","url_meta":{"origin":1126,"position":3},"title":"2017 Baie de Somme &#8211; Galerie","date":"11 septembre 2017","format":false,"excerpt":"","rel":"","context":"Article similaire","img":{"alt_text":"","src":"","width":0,"height":0},"classes":[]},{"id":920,"url":"https:\/\/www.auduteau.net\/cyclo\/galeries-photos\/circuit-2017-vallees-du-tarn-du-lot-galerie\/","url_meta":{"origin":1126,"position":4},"title":"Circuit 2017 &#8211; Vall\u00e9es du Tarn &#038; du Lot &#8211; Galerie","date":"11 septembre 2017","format":false,"excerpt":"<-Retour","rel":"","context":"Article similaire","img":{"alt_text":"","src":"","width":0,"height":0},"classes":[]},{"id":1623,"url":"https:\/\/www.auduteau.net\/cyclo\/galeries-photos\/2021-les-3-lacs-galerie\/","url_meta":{"origin":1126,"position":5},"title":"2021 &#8211; Les 3 lacs &#8211; Galerie","date":"11 septembre 2017","format":false,"excerpt":"","rel":"","context":"Article similaire","img":{"alt_text":"","src":"","width":0,"height":0},"classes":[]}],"jetpack_likes_enabled":true,"_links":{"self":[{"href":"https:\/\/www.auduteau.net\/cyclo\/wp-json\/wp\/v2\/pages\/1126"}],"collection":[{"href":"https:\/\/www.auduteau.net\/cyclo\/wp-json\/wp\/v2\/pages"}],"about":[{"href":"https:\/\/www.auduteau.net\/cyclo\/wp-json\/wp\/v2\/types\/page"}],"author":[{"embeddable":true,"href":"https:\/\/www.auduteau.net\/cyclo\/wp-json\/wp\/v2\/users\/1"}],"replies":[{"embeddable":true,"href":"https:\/\/www.auduteau.net\/cyclo\/wp-json\/wp\/v2\/comments?post=1126"}],"version-history":[{"count":10,"href":"https:\/\/www.auduteau.net\/cyclo\/wp-json\/wp\/v2\/pages\/1126\/revisions"}],"predecessor-version":[{"id":2016,"href":"https:\/\/www.auduteau.net\/cyclo\/wp-json\/wp\/v2\/pages\/1126\/revisions\/2016"}],"wp:attachment":[{"href":"https:\/\/www.auduteau.net\/cyclo\/wp-json\/wp\/v2\/media?parent=1126"}],"curies":[{"name":"wp","href":"https:\/\/api.w.org\/{rel}","templated":true}]}}