{"id":89,"date":"2016-10-05T00:45:02","date_gmt":"2016-10-04T22:45:02","guid":{"rendered":"http:\/\/www.auduteau.net\/cyclo\/?page_id=89"},"modified":"2022-08-26T12:41:28","modified_gmt":"2022-08-26T10:41:28","slug":"de-linteret-de-la-voiture-suiveuse","status":"publish","type":"page","link":"http:\/\/www.auduteau.net\/cyclo\/le-voyage-en-soi\/de-linteret-de-la-voiture-suiveuse\/","title":{"rendered":"De l&rsquo;int\u00e9r\u00eat de la voiture suiveuse."},"content":{"rendered":"<div id=\"attachment_633\" style=\"width: 310px\" class=\"wp-caption alignright\"><a href=\"http:\/\/www.auduteau.net\/cyclo\/wp-content\/uploads\/27Flandre.jpg\"><img aria-describedby=\"caption-attachment-633\" loading=\"lazy\" class=\"size-medium wp-image-633\" src=\"http:\/\/www.auduteau.net\/cyclo\/wp-content\/uploads\/27Flandre-300x225.jpg\" alt=\"Voiture suiveuse\" width=\"300\" height=\"225\" srcset=\"http:\/\/www.auduteau.net\/cyclo\/wp-content\/uploads\/27Flandre-300x225.jpg 300w, http:\/\/www.auduteau.net\/cyclo\/wp-content\/uploads\/27Flandre.jpg 450w\" sizes=\"(max-width: 300px) 100vw, 300px\" \/><\/a><p id=\"caption-attachment-633\" class=\"wp-caption-text\">Voiture suiveuse<\/p><\/div>\n<p>Quand on part seul ou \u00e0 deux, aucun int\u00e9r\u00eat. Soit on fait une boucle \u00e0 v\u00e9lo soit on prend les transports r\u00e9gionaux pour revenir au point de d\u00e9part. Avec des enfants et une carriole cela devient plus dur.<\/p>\n<p>Si l&rsquo;on part plus longtemps et pour un circuit cons\u00e9quent. La question peut se poser. Quand on met 10h pour revenir de Roscoff \u00e0 Quiberon, on r\u00e9fl\u00e9chit \u00e0 deux fois.<br \/>\nLe co\u00fbt des transports pour un groupe pose aussi la question.<\/p>\n<p>Pour nous la question ne s&rsquo;est pas pos\u00e9e. Cela a coul\u00e9 de source.<\/p>\n<p>Nous partons \u00e0 3 familles du Lyonnais et de la r\u00e9gion parisienne et nous rejoignons au camping de base de notre circuit. Il y a donc minimum 3 \u00e0 4 voitures au campement de base.<\/p>\n<p>En fin de circuit, Ramener 7 \u00e0 10 personnes en transport r\u00e9gionaux co\u00fbte plus cher que de revenir chercher les voitures l&rsquo;avant dernier jour. Nous faisons avant tout du tourisme.<\/p>\n<p>Les cas n&rsquo;ont pas \u00e9t\u00e9 rares d&rsquo;avoir \u00e0 utiliser la voiture (et surtout v\u00e9cus)<\/p>\n<ul>\n<li>Pour faire une escapade loin du campement de l&rsquo;\u00e9tape histoire de varier : Puy du fou, f\u00eates de Bayonne, visite de Rochefort, festival inter celtique qui commen\u00e7ait 2 jours apr\u00e8s notre passage \u00e0 Lorient, etc&#8230;<\/li>\n<li>Arriver t\u00f4t au camping pour r\u00e9server l&#8217;emplacement (principe du premier arriv\u00e9, premier servi dans les campings pour une nuit\u00e9e) surtout en groupe<\/li>\n<li>Trouver un marchand de cycles apte \u00e0 changer un vieux d\u00e9railleur qui vient de casser ou d&rsquo;un moteur VAE qui ne d\u00e9marre plus<\/li>\n<li>R\u00e9cup\u00e9rer la jeunesse qui arrive en plein milieu du circuit<\/li>\n<li>Emmener un cycliste \u00e0 l\u2019h\u00f4pital apr\u00e8s un accident.<\/li>\n<\/ul>\n<p>sont autant d&rsquo;exemples que nous avons v\u00e9cu.<\/p>\n<p>L&rsquo;intendance pour un groupe de 5 \u00e0 10 personnes n&rsquo;est pas la m\u00eame que de faire cuire des p\u00e2tes pour 2.<br \/>\nTrois \u00e0 quatre tentes, batterie cuisine, quantit\u00e9 en bouffe. D\u00e9sirs de chacun en mati\u00e8re de petits d\u00e9jeuner etc&#8230;<\/p>\n<p>Nous aimons quand m\u00eame notre confort.<\/p>\n<p>L&rsquo;aspect coucher dans un hamac (si on trouve les deux arbres) sous un tarp en cuisinant avec un micro barbecue \u00e0 bois et en mangeant des pissenlits n&rsquo;est pas notre truc.<\/p>\n<p>Si j&rsquo;ai envie de cuisiner une mouclade, je veux pouvoir la faire uniquement pour faire bisquer le voisin qui mange des p\u00e2tes.<br \/>\nAutre consid\u00e9ration, Certains d&rsquo;entre nous n&rsquo;aime pas les sols durs ou ont froid en dessous de 20 degr\u00e9s la nuit, d&rsquo;o\u00f9 baby gros matelass\u00e9s en plus ou matelas gonflables avec gonfleur \u00e0 c\u00f4t\u00e9.<\/p>\n<p>Pour vivre en groupe, il faut faire certains compromis. Et certains d&rsquo;entre eux ont du mal \u00e0 tenir sur le porte-bagages.<\/p>\n<p>En conclusion, en groupe, la voiture est v\u00e9ritablement un plus.<\/p>\n<p><strong>La questions qui vous vient est : Mais qui la conduit ?<\/strong><\/p>\n<ol>\n<li>Ceux qui ont le permis \u00e0 tour de r\u00f4le. \u00c7\u00e0 fait une journ\u00e9e de repos (mais pas tant que cela vu les courses \u00e0 faire, r\u00e9server le camping, pr\u00e9parer le campement, \u00eatre \u00e0 l&rsquo;heure au point de jonction\u00a0 pour le d\u00e9jeuner du midi, &#8230;) .<\/li>\n<li>Le bless\u00e9 de service avant le d\u00e9part du circuit<\/li>\n<\/ol>\n","protected":false},"excerpt":{"rendered":"<p>Quand on part seul ou \u00e0 deux, aucun int\u00e9r\u00eat. Soit on fait une boucle \u00e0 v\u00e9lo soit on prend les transports r\u00e9gionaux pour revenir au point de d\u00e9part. Avec des enfants et une carriole cela devient plus dur. Si l&rsquo;on part plus longtemps et pour un circuit cons\u00e9quent. La question peut se poser. Quand on [&hellip;]<\/p>\n","protected":false},"author":1,"featured_media":0,"parent":6,"menu_order":9,"comment_status":"closed","ping_status":"closed","template":"","meta":[],"jetpack_shortlink":"https:\/\/wp.me\/P80Whq-1r","jetpack_sharing_enabled":true,"jetpack-related-posts":[{"id":6,"url":"http:\/\/www.auduteau.net\/cyclo\/le-voyage-en-soi\/","url_meta":{"origin":89,"position":0},"title":"Le voyage en soi","date":"5 octobre 2016","format":false,"excerpt":"Il s'agit l\u00e0 de faire un \u00e9tat des lieux de notre exp\u00e9rience au cours de l\u2019ensemble de nos circuits. Nous aborderons : Les pr\u00e9paratifs Le v\u00e9lo Les H\u00e9bergements L'\u00e9quipement Quel habillement emporter ? Le contenu de la trousse \u00e0 pharmacie Les outils trace GPS La Vie au camping De l'int\u00e9r\u00eat\u2026","rel":"","context":"Article similaire","img":{"alt_text":"","src":"","width":0,"height":0},"classes":[]},{"id":40,"url":"http:\/\/www.auduteau.net\/cyclo\/le-voyage-en-soi\/lequipement-de-base\/","url_meta":{"origin":89,"position":1},"title":"L&rsquo;\u00e9quipement de base","date":"5 octobre 2016","format":false,"excerpt":"Petite apart\u00e9 sur l'\u00e9quipement du cyclo-randonneur L\u00e0, je vous renvoie sur les sites, blogs et forums sur les cyclo-campeurs et tour-du-mondistes. Ils sont tr\u00e8s bien document\u00e9s. Je signalerai simplement mesdames et messieurs qu'en cyclo-randonn\u00e9e, on voyage \u00e9quip\u00e9 mais l\u00e9ger. Ce n'est pas parce que nous avons une voiture suiveuse, qu'il\u2026","rel":"","context":"Article similaire","img":{"alt_text":"","src":"","width":0,"height":0},"classes":[]},{"id":44,"url":"http:\/\/www.auduteau.net\/cyclo\/le-voyage-en-soi\/les-preparatifs\/","url_meta":{"origin":89,"position":2},"title":"Les pr\u00e9paratifs","date":"5 octobre 2016","format":false,"excerpt":"Tracer la route Bien \u00e9videmment, il va falloir tracer sa route et la synchroniser avec les VAE. Grandes discussions assur\u00e9es. Les sites de trace et de topologie terrain : Calcul d'itin\u00e9raire , mon pr\u00e9f\u00e9r\u00e9 pour pr\u00e9parer la route (bas\u00e9 sur ORS et me permet de partager avec le groupe sans\u2026","rel":"","context":"Article similaire","img":{"alt_text":"","src":"https:\/\/i0.wp.com\/www.auduteau.net\/cyclo\/wp-content\/uploads\/tracer-la-route2-300x200.jpg?resize=350%2C200","width":350,"height":200},"classes":[]},{"id":4,"url":"http:\/\/www.auduteau.net\/cyclo\/debut-de-lhistoire\/","url_meta":{"origin":89,"position":3},"title":"D\u00e9but de l&rsquo;histoire","date":"30 septembre 2016","format":false,"excerpt":"Apr\u00e8s avoir fait 20 ans de cabotage en mer (croisi\u00e8res c\u00f4ti\u00e8res en M\u00e9diterran\u00e9e et atlantique) nous nous sommes pos\u00e9s sur les c\u00f4tes et plages fran\u00e7aises pour passer nos vacances en s\u00e9dentaire avec nos filles. Quelque chose nous manquait. Cette s\u00e9dentarit\u00e9 ne nous correspondait pas totalement. Jusqu'au jour (2008) o\u00f9 mon\u2026","rel":"","context":"Article similaire","img":{"alt_text":"","src":"https:\/\/i0.wp.com\/www.auduteau.net\/cyclo\/wp-content\/uploads\/Map_Circuit-1.png?resize=350%2C200","width":350,"height":200},"classes":[]},{"id":505,"url":"http:\/\/www.auduteau.net\/cyclo\/debut-de-lhistoire\/2015-sables-dolonne-carnac\/","url_meta":{"origin":89,"position":4},"title":"2015 : Sables d&rsquo;Olonne &#8211; Carnac","date":"30 septembre 2016","format":false,"excerpt":"Voir le parcours Distance : 432 km D\u00e9nivel\u00e9 montant\u00a0 : 3 274 m D\u00e9nivel\u00e9\u00a0 descendant : 3 392 m Alt. max. : 54 m Alt. min. : -1 m L'objectif originel \u00e9tait Quiberon. Mais comme toujours, les circonstances am\u00e8nent quelques am\u00e9nagements. Nous aurions pu repartir du Lidon, notre derni\u00e8re \u00e9tape\u2026","rel":"","context":"Article similaire","img":{"alt_text":"","src":"https:\/\/i0.wp.com\/www.auduteau.net\/cyclo\/wp-content\/uploads\/2016\/10\/2015-map-300x300.png?resize=350%2C200","width":350,"height":200},"classes":[]},{"id":152,"url":"http:\/\/www.auduteau.net\/cyclo\/le-voyage-en-soi\/152-2\/","url_meta":{"origin":89,"position":5},"title":"Quid de l&rsquo;habillement \u00e0 emporter ?","date":"5 octobre 2016","format":false,"excerpt":"D'autres Cyclo-touristes ont dress\u00e9 des listes d'affaires n\u00e9cessaires et suffisantes \u00e0 emporter. Je ne le referai donc pas. \u00c9galement, par le fait que c'est une question toute personnelle li\u00e9e \u00e0 son mode de vie, de sa tol\u00e9rance au froid et aux r\u00e9gions que l'on traverse. Chaque voyage \u00e0 ses particularit\u00e9s\u2026","rel":"","context":"Article similaire","img":{"alt_text":"","src":"https:\/\/i0.wp.com\/www.auduteau.net\/cyclo\/wp-content\/uploads\/2016\/09\/coupe-vent-300x225.jpg?resize=350%2C200","width":350,"height":200},"classes":[]}],"jetpack_likes_enabled":true,"_links":{"self":[{"href":"http:\/\/www.auduteau.net\/cyclo\/wp-json\/wp\/v2\/pages\/89"}],"collection":[{"href":"http:\/\/www.auduteau.net\/cyclo\/wp-json\/wp\/v2\/pages"}],"about":[{"href":"http:\/\/www.auduteau.net\/cyclo\/wp-json\/wp\/v2\/types\/page"}],"author":[{"embeddable":true,"href":"http:\/\/www.auduteau.net\/cyclo\/wp-json\/wp\/v2\/users\/1"}],"replies":[{"embeddable":true,"href":"http:\/\/www.auduteau.net\/cyclo\/wp-json\/wp\/v2\/comments?post=89"}],"version-history":[{"count":8,"href":"http:\/\/www.auduteau.net\/cyclo\/wp-json\/wp\/v2\/pages\/89\/revisions"}],"predecessor-version":[{"id":1941,"href":"http:\/\/www.auduteau.net\/cyclo\/wp-json\/wp\/v2\/pages\/89\/revisions\/1941"}],"up":[{"embeddable":true,"href":"http:\/\/www.auduteau.net\/cyclo\/wp-json\/wp\/v2\/pages\/6"}],"wp:attachment":[{"href":"http:\/\/www.auduteau.net\/cyclo\/wp-json\/wp\/v2\/media?parent=89"}],"curies":[{"name":"wp","href":"https:\/\/api.w.org\/{rel}","templated":true}]}}