{"id":80,"date":"2016-09-25T20:03:17","date_gmt":"2016-09-25T18:03:17","guid":{"rendered":"http:\/\/www.auduteau.net\/cyclo\/?page_id=80"},"modified":"2021-09-08T16:31:42","modified_gmt":"2021-09-08T14:31:42","slug":"un-vae-pour-du-cyclo-tourisme","status":"publish","type":"page","link":"http:\/\/www.auduteau.net\/cyclo\/cyclo-tourisme\/un-vae-pour-du-cyclo-tourisme\/","title":{"rendered":"Un VAE pour du cyclo-tourisme ?"},"content":{"rendered":"<div id=\"attachment_82\" style=\"width: 160px\" class=\"wp-caption alignright\"><a href=\"http:\/\/www.auduteau.net\/cyclo\/wp-content\/uploads\/2016\/09\/VAE-rando.jpg\"><img aria-describedby=\"caption-attachment-82\" loading=\"lazy\" class=\"wp-image-82 size-thumbnail\" src=\"http:\/\/www.auduteau.net\/cyclo\/wp-content\/uploads\/2016\/09\/VAE-rando-150x150.jpg\" alt=\"Randonn\u00e9e en VAE\" width=\"150\" height=\"150\" \/><\/a><p id=\"caption-attachment-82\" class=\"wp-caption-text\">Randonn\u00e9e en VAE<\/p><\/div>\n<p>Pourquoi pas ! Ce n&rsquo;est pas une tare.<\/p>\n<p>Certains VTTeurs en r\u00e9gions montagneuses sont \u00e9quip\u00e9s. Leurs plaisirs, c&rsquo;est de crapahuter dans la montagne pas de se bousiller les genoux.<\/p>\n<p>Avec l&rsquo;\u00e2ge ou avec un handicap, \u00e7a se justifie pleinement \u00e9galement. \u00c0 tout \u00e2ge aussi.<\/p>\n<p>Par contre, cela apporte des contraintes suppl\u00e9mentaires.<\/p>\n<ul>\n<li>Un VAE dont la batterie est \u00e9puis\u00e9e, c&rsquo;est tout de suite 10 Kg de plus qu&rsquo;un v\u00e9lo normal \u00e0 amener jusqu&rsquo;\u00e0 l&rsquo;\u00e9tape.<\/li>\n<li>Les distances annonc\u00e9es par les constructeurs s&rsquo;entendent, v\u00e9lo \u00e0 vide, sur parcours plat, avec l&rsquo;assistance au minimum et non face au vent.<\/li>\n<li>Cela demande \u00e0 g\u00e9rer son assistance au plus pr\u00e8s.<\/li>\n<li>\u00c7a demande \u00e0 r\u00e9fl\u00e9chir sur l&rsquo;investissement en termes de puissance batterie.<\/li>\n<li>\u00c7a demande aussi \u00e0 se renseigner sur les diff\u00e9rents types d&rsquo;assistances et sur la l\u00e9gislation.<\/li>\n<li>\u00c7a demande \u00e9galement \u00e0 s&rsquo;investir sur la topologie du parcours de l&rsquo;\u00e9tape et \u00e0 se synchroniser avec les traceurs pendant les pr\u00e9paratifs du circuit.<\/li>\n<li>\u00c7a demande une borne \u00e9lectrique qui ne saute pas toutes les cinq minutes pour recharger la nuit (et \u00e0 l&rsquo;abri de la pluie si possible) pour \u00eatre pr\u00eate le matin. Et aussi \u00e0 emporter un chargeur de secours par pr\u00e9caution.<\/li>\n<li>\u00c7a tente plus les voleurs.<\/li>\n<li>C&rsquo;est plus compliqu\u00e9 en cas de crevaison surtout si le moteur est dans la roue arri\u00e8re.<\/li>\n<\/ul>\n<p>Mais effectivement c&rsquo;est plus sympathique et permet de s&rsquo;\u00e9conomiser, d&rsquo;aller plus loin et de d\u00e9couvrir plus de choses. Donc, une fois g\u00e9r\u00e9es toutes les contraintes, cela se justifie pleinement.<\/p>\n<p>Cela peut en convaincre certains et les d\u00e9cider de tenter l&rsquo;aventure Cyclo-tourisme.<\/p>\n<div id=\"attachment_103\" style=\"width: 310px\" class=\"wp-caption aligncenter\"><a href=\"http:\/\/www.auduteau.net\/cyclo\/wp-content\/uploads\/2016\/09\/VAE2.jpg\"><img aria-describedby=\"caption-attachment-103\" loading=\"lazy\" class=\"wp-image-103 size-medium\" src=\"http:\/\/www.auduteau.net\/cyclo\/wp-content\/uploads\/2016\/09\/VAE2-300x200.jpg\" alt=\"VAE de randonn\u00e9e.\" width=\"300\" height=\"200\" srcset=\"http:\/\/www.auduteau.net\/cyclo\/wp-content\/uploads\/2016\/09\/VAE2-300x200.jpg 300w, http:\/\/www.auduteau.net\/cyclo\/wp-content\/uploads\/2016\/09\/VAE2.jpg 720w\" sizes=\"(max-width: 300px) 100vw, 300px\" \/><\/a><p id=\"caption-attachment-103\" class=\"wp-caption-text\">VAE de randonn\u00e9e.<\/p><\/div>\n","protected":false},"excerpt":{"rendered":"<p>Pourquoi pas ! Ce n&rsquo;est pas une tare. Certains VTTeurs en r\u00e9gions montagneuses sont \u00e9quip\u00e9s. Leurs plaisirs, c&rsquo;est de crapahuter dans la montagne pas de se bousiller les genoux. Avec l&rsquo;\u00e2ge ou avec un handicap, \u00e7a se justifie pleinement \u00e9galement. \u00c0 tout \u00e2ge aussi. Par contre, cela apporte des contraintes suppl\u00e9mentaires. Un VAE dont la [&hellip;]<\/p>\n","protected":false},"author":1,"featured_media":0,"parent":8,"menu_order":11,"comment_status":"closed","ping_status":"closed","template":"","meta":[],"jetpack_shortlink":"https:\/\/wp.me\/P80Whq-1i","jetpack_sharing_enabled":true,"jetpack-related-posts":[{"id":92,"url":"http:\/\/www.auduteau.net\/cyclo\/le-voyage-en-soi\/le-velo\/","url_meta":{"origin":80,"position":0},"title":"Le v\u00e9lo","date":"5 octobre 2016","format":false,"excerpt":"Nous concernant, nous avons fait toute la c\u00f4te atlantique avec des v\u00e9los de supermarch\u00e9 bas de gamme, achet\u00e9s d'occasion \u00e0 moins de 100\u20ac pi\u00e8ce. Mais, nous n'\u00e9tions pas charg\u00e9s comme des bourricots non plus la majeure partie du temps. En 7 ans, Nous n'avons eu \u00e0 d\u00e9plorer aucune casse. Seul\u2026","rel":"","context":"Article similaire","img":{"alt_text":"","src":"https:\/\/i0.wp.com\/www.auduteau.net\/cyclo\/wp-content\/uploads\/IMG_8704.png?resize=350%2C200","width":350,"height":200},"classes":[]},{"id":57,"url":"http:\/\/www.auduteau.net\/cyclo\/ressources\/liens-utiles\/","url_meta":{"origin":80,"position":1},"title":"Liens utiles","date":"6 octobre 2016","format":false,"excerpt":"F\u00e9d\u00e9rations F\u00e9d\u00e9ration Fran\u00e7aise de Cyclo-Tourisme V\u00e9locistes sp\u00e9cialis\u00e9s Les v\u00e9los de Patrick Site d'un passionn\u00e9 de v\u00e9lo qui vous pr\u00e9parera votre v\u00e9lo de r\u00eave en vous apportant conseil quant \u00e0 vos besoins. Comme son site perso ne poss\u00e8de pas de sommaire, voici les principaux liens : Pneu, P\u00e9dales, Frein, \u00c9clairage, Bureau,\u2026","rel":"","context":"Article similaire","img":{"alt_text":"","src":"","width":0,"height":0},"classes":[]},{"id":110,"url":"http:\/\/www.auduteau.net\/cyclo\/cyclo-tourisme\/reglementations\/","url_meta":{"origin":80,"position":2},"title":"R\u00e9glementations","date":"25 septembre 2016","format":false,"excerpt":"Les panneaux \u00e0 connaitre Peut-on perdre des points de permis de conduire ? M\u00eame si on a pu lire certains t\u00e9moignages sur le sujet, la r\u00e9ponse est NON. En tant que cycliste, on ne perdra pas de points en cas d'infraction au code de la route, on se prendra une\u2026","rel":"","context":"Article similaire","img":{"alt_text":"","src":"https:\/\/i0.wp.com\/www.auduteau.net\/cyclo\/wp-content\/uploads\/sr_panneaux_velo_site-3_0.jpg?resize=350%2C200","width":350,"height":200},"classes":[]},{"id":66,"url":"http:\/\/www.auduteau.net\/cyclo\/cyclo-tourisme\/la-casse-sur-la-route\/","url_meta":{"origin":80,"position":3},"title":"La casse sur la route","date":"25 septembre 2016","format":false,"excerpt":"Nous sommes des touristes, mais nous ne sommes pas \u00e0 l'abri de petits tracas m\u00e9caniques sur la route et nous nous devons d'en conna\u00eetre un minimum pour finir notre \u00e9tape ou notre parcours. Quand je dis \u00a0\u00ab\u00a0nous\u00a0\u00bb, j'entends chaque membre de notre groupe de cyclo-randonneurs en \u00e2ge de comprendre. Le\u2026","rel":"","context":"Article similaire","img":{"alt_text":"","src":"https:\/\/i0.wp.com\/www.auduteau.net\/cyclo\/wp-content\/uploads\/2016\/09\/SRAM.jpg?resize=350%2C200","width":350,"height":200},"classes":[]},{"id":702,"url":"http:\/\/www.auduteau.net\/cyclo\/cyclo-tourisme\/assurer-son-velo\/","url_meta":{"origin":80,"position":4},"title":"Assurer son v\u00e9lo","date":"25 septembre 2016","format":false,"excerpt":"Que me rembourse mon assurance en cas de vol ? D\u2019ailleurs, est-ce qu\u2019une de mes nombreuses assurances prend en charge les dommages ou le vol de mon v\u00e9lo\u00a0? L\u2019assurance voiture prendra en charge les d\u00e9g\u00e2ts ou \u00e9ventuellement le vol de v\u00e9lo sur une galerie voiture lors de vos trajets. Mais\u2026","rel":"","context":"Article similaire","img":{"alt_text":"","src":"https:\/\/i0.wp.com\/www.auduteau.net\/cyclo\/wp-content\/uploads\/Assurance-v\u00e9lo-Majorque.jpg?resize=350%2C200","width":350,"height":200},"classes":[]},{"id":698,"url":"http:\/\/www.auduteau.net\/cyclo\/cyclo-tourisme\/de-la-securite-du-mon-velo\/","url_meta":{"origin":80,"position":5},"title":"De la s\u00e9curit\u00e9 de mon v\u00e9lo","date":"25 septembre 2016","format":false,"excerpt":"Selon les chiffres estim\u00e9s, environ 500 000 v\u00e9los auraient \u00e9t\u00e9 vol\u00e9s en 2016 soit 1369 par jour (article Le Parisien). Seulement 5% font l'objet d'une plainte d\u00e9pos\u00e9e du fait que les gens pensent qu'ils ne le r\u00e9cup\u00e9reront jamais. Pour m\u00e9moire, en 2016, il s'est vol\u00e9 110 000 voitures constat\u00e9 par\u2026","rel":"","context":"Article similaire","img":{"alt_text":"","src":"https:\/\/i0.wp.com\/www.auduteau.net\/cyclo\/wp-content\/uploads\/IMG_8021.jpg?resize=350%2C200","width":350,"height":200},"classes":[]}],"jetpack_likes_enabled":true,"_links":{"self":[{"href":"http:\/\/www.auduteau.net\/cyclo\/wp-json\/wp\/v2\/pages\/80"}],"collection":[{"href":"http:\/\/www.auduteau.net\/cyclo\/wp-json\/wp\/v2\/pages"}],"about":[{"href":"http:\/\/www.auduteau.net\/cyclo\/wp-json\/wp\/v2\/types\/page"}],"author":[{"embeddable":true,"href":"http:\/\/www.auduteau.net\/cyclo\/wp-json\/wp\/v2\/users\/1"}],"replies":[{"embeddable":true,"href":"http:\/\/www.auduteau.net\/cyclo\/wp-json\/wp\/v2\/comments?post=80"}],"version-history":[{"count":6,"href":"http:\/\/www.auduteau.net\/cyclo\/wp-json\/wp\/v2\/pages\/80\/revisions"}],"predecessor-version":[{"id":811,"href":"http:\/\/www.auduteau.net\/cyclo\/wp-json\/wp\/v2\/pages\/80\/revisions\/811"}],"up":[{"embeddable":true,"href":"http:\/\/www.auduteau.net\/cyclo\/wp-json\/wp\/v2\/pages\/8"}],"wp:attachment":[{"href":"http:\/\/www.auduteau.net\/cyclo\/wp-json\/wp\/v2\/media?parent=80"}],"curies":[{"name":"wp","href":"https:\/\/api.w.org\/{rel}","templated":true}]}}