{"id":77,"date":"2016-10-05T00:40:13","date_gmt":"2016-10-04T22:40:13","guid":{"rendered":"http:\/\/www.auduteau.net\/cyclo\/?page_id=77"},"modified":"2023-03-06T11:24:13","modified_gmt":"2023-03-06T10:24:13","slug":"les-outils-trace-gps","status":"publish","type":"page","link":"http:\/\/www.auduteau.net\/cyclo\/le-voyage-en-soi\/les-outils-trace-gps\/","title":{"rendered":"Les outils de trace GPS sur la route"},"content":{"rendered":"<h2>Sur son smartphone pendant le parcours.<\/h2>\n<div id=\"attachment_626\" style=\"width: 152px\" class=\"wp-caption alignright\"><a href=\"http:\/\/www.auduteau.net\/cyclo\/wp-content\/uploads\/Map3D.png\"><img aria-describedby=\"caption-attachment-626\" loading=\"lazy\" class=\"size-medium wp-image-626\" src=\"http:\/\/www.auduteau.net\/cyclo\/wp-content\/uploads\/Map3D-142x300.png\" alt=\"Map 3D\" width=\"142\" height=\"300\" srcset=\"http:\/\/www.auduteau.net\/cyclo\/wp-content\/uploads\/Map3D-142x300.png 142w, http:\/\/www.auduteau.net\/cyclo\/wp-content\/uploads\/Map3D.png 300w\" sizes=\"(max-width: 142px) 100vw, 142px\" \/><\/a><p id=\"caption-attachment-626\" class=\"wp-caption-text\">Maps 3D sous IOS<\/p><\/div>\n<p>Consid\u00e9ration premi\u00e8re : \u00c9vitez de vider sa batterie lorsque l&rsquo;on utilise le GPS toute la journ\u00e9e.<br \/>\nCela passe par l\u00e0 non utilisation excessive du r\u00e9seau donn\u00e9es et de l&rsquo;affichage \u00e9cran aussi par l&rsquo;arr\u00eat du Wifi.<br \/>\nFermez \u00e9galement toutes les applications autres que votre outil de trace genre FB ou Twitter ou messagerie. et surtout faire en sorte que vos application ne travaillent pas en tache de fond sauf votre application de trace \u00e9videment. cela consomme sans que vous ne vous en rendiez compte.<\/p>\n<p>Le mieux est de se mettre en mode avion.<\/p>\n<p>L&rsquo;application doit \u00eatre capable :<\/p>\n<ol>\n<li>D&rsquo;offrir ce qui suit sans \u00eatre connect\u00e9 \u00e0 un compte utilisateur<\/li>\n<li>de pr\u00e9-charger les cartes (tuiles) sur le smartphone de mani\u00e8re \u00e0 ne pas solliciter le r\u00e9seau 3G\/4G (mode Offline)<\/li>\n<li>de suivre la trace GPS en tache de fond \u00e9cran \u00e9teint et de la reprendre une fois allum\u00e9.<\/li>\n<li>de permettre la mise en pause d&rsquo;une trace (en automatique c&rsquo;est encore mieux)<\/li>\n<li>de ne pas surcharger de demandes le GPS et\/ou de pouvoir d\u00e9finir le d\u00e9lai de rafraichissement de la carte.<\/li>\n<li>de pr\u00e9senter les cartes avec relief (cela aide par moment)<\/li>\n<li>de permettre d&rsquo;enregistrer une trace<\/li>\n<li>de permettre de planifier une route ou de l&rsquo;importer et de pouvoir la suivre.<\/li>\n<li>d&rsquo;avoir des indicateurs de route (vitesse, altitude, distance, reste \u00e0 parcourir, etc&#8230;) qui ne masque pas toute la carte.<\/li>\n<\/ol>\n<p>Aucune utilit\u00e9 \u00e0 ce qu&rsquo;elle puisse int\u00e9grer des photos g\u00e9olocalis\u00e9es. Votre smartphone le fait tr\u00e8s bien.<\/p>\n<p>Sous IOS et Android<\/p>\n<ul>\n<li><a href=\"https:\/\/osmand.net\/\" target=\"_blank\" rel=\"noopener\">OsmAnd<\/a> : Pas de carte Online.<\/li>\n<li><a href=\"https:\/\/fr.maps.me\/\" target=\"_blank\" rel=\"noopener noreferrer\">Map.Me<\/a> : semble \u00eatre la r\u00e9f\u00e9rence sous Android. Je trouve limit\u00e9 sous IOS. Demande un compte pour certaines options<\/li>\n<li><a href=\"https:\/\/www.twonav.com\/fr\/logiciels\/app\" target=\"_blank\" rel=\"noopener noreferrer\">TwoNav<\/a> : 6\u20ac + achats cartes<\/li>\n<li><a href=\"https:\/\/www.komoot.fr\/\" target=\"_blank\" rel=\"noopener\" class=\"broken_link\">Komoot<\/a> : Tellement prometteur en version web pour la planification. Mais demande \u00e0 \u00eatre connect\u00e9 d\u00e8s l&rsquo;ouverture sur smartphone.<\/li>\n<li><a href=\"https:\/\/www.bikemap.net\/\" target=\"_blank\" rel=\"noopener\">BikeMap<\/a> : Inutilisable. n\u00e9cessite une connexion \u00e0 un compte<\/li>\n<\/ul>\n<p>Sous IOS, le choix s&rsquo;est r\u00e9duit rapidement \u00e0 3 applications :<\/p>\n<ul>\n<li><a href=\"http:\/\/www.movingworld.de\" target=\"_blank\" rel=\"noopener noreferrer\">Maps 3D<\/a> :\u00a0 Complet et r\u00e9pond \u00e0 toutes mes exigences<\/li>\n<li><a href=\"http:\/\/xn--iphignie-f1a.com\/\" target=\"_blank\" rel=\"noopener noreferrer\">Iphig\u00e9nie<\/a> :\u00a0 En mode achat int\u00e9gr\u00e9. Plut\u00f4t pour de la randonn\u00e9e p\u00e9destre<\/li>\n<\/ul>\n<p>Sous Android, deux applications semble sortir du lot :<\/p>\n<ul>\n<li><a href=\"https:\/\/www.oruxmaps.com\/cs\/en\/\" target=\"_blank\" rel=\"noopener noreferrer\">Orux Maps<\/a> : Gratuit mais quelques complexit\u00e9s pour importer les cartes offline<\/li>\n<li><a href=\"https:\/\/play.google.com\/store\/apps\/details?id=menion.android.locus&amp;hl=fr&amp;gl=US\" target=\"_blank\" rel=\"noopener\">Locus Map<\/a> \u00a0: Serait au niveau de Maps3D et bien plus. 3 tarifications (gratuit(Base), Silver et Gold)<\/li>\n<\/ul>\n<p>\u00c9videmment, il y a <a href=\"https:\/\/www.strava.com\/?hl=fr\" target=\"_blank\" rel=\"noopener noreferrer\">Strava<\/a> mais je n&rsquo;aime pas le principe d&rsquo;\u00eatre oblig\u00e9 d&rsquo;avoir un compte.<\/p>\n<p>Sous IOS, Maps 3D ajoute le fait de pouvoir charger des routes pr\u00e9alablement import\u00e9es et de voir si notre trace les suit.<br \/>\nIphig\u00e9nie permet, quant \u00e0 lui, de param\u00e9trer tr\u00e8s finement les acc\u00e8s GPS jusqu&rsquo;\u00e0 1 fois toutes les 8mn.<\/p>\n<p>A l&rsquo;usage, <strong>MAPS 3D<\/strong> a finalement eu ma pr\u00e9f\u00e9rence. L&rsquo;application est aboutie et les mises \u00e0 jour peu nombreuses. Je suis pass\u00e9 \u00e0 la version PRO d&rsquo;ailleurs afin d&rsquo;avoir le planificateur. Par contre elle n&rsquo;existe que sous IOS. <a href=\"https:\/\/play.google.com\/store\/apps\/details?id=menion.android.locus&amp;hl=fr&amp;gl=US\" target=\"_blank\" rel=\"noopener\">Locus Map <\/a>semble \u00eatre son pendant sous Android.<\/p>\n<p>Pour plus de s\u00e9curit\u00e9, j&rsquo;ai adjoint une coque\/batterie au smartphone permettant de s\u00e9curiser l&rsquo;autonomie de ce dernier. Depuis que je suis pass\u00e9 au moteur Bafang, je le branche directement l&rsquo;iphone sur la prise USB de la console pendant la pause d\u00e9jeuner.<\/p>\n<p>Autre consid\u00e9ration lorsque l&rsquo;on fait une trace, la perte d&rsquo;informations li\u00e9e \u00e0 un plantage est possible (et v\u00e9cue). Ce n&rsquo;est pas forc\u00e9ment l&rsquo;application qui est en cause mais le plus souvent l&rsquo;utilisation de plusieurs applications. FB m&rsquo;a souvent plant\u00e9 l&rsquo;application de trace. Donc si vous faite un arr\u00eat prolong\u00e9, sauvegardez votre trace au cas o\u00f9 vous butineriez sur d&rsquo;autres applications. Map3D permet de reprendre apr\u00e8s une sauvegarde. Au pire, d\u00e9marrer une nouvelle trace.<\/p>\n<h2>\u00c0 \u00e9viter<\/h2>\n<ol>\n<li>Utiliser l&rsquo;application standard du smartphone Plan ou Google map. Surtout en parall\u00e8le de votre application de trace. Vidage de batterie assur\u00e9 et chauffe du smartphone du fait de la sur-utilisation du GPS.<\/li>\n<li>de laisser son smartphone sur un support non ventil\u00e9 et en plein soleil. Par plus de 30\u00b0 \u00e0 l&rsquo;ombre, votre smartphone se met en OFF le temps de refroidir et donc votre trace n&rsquo;est plus enregistr\u00e9e ou vous ne savez plus quel chemin prendre \u00e0 une intersection.<\/li>\n<\/ol>\n<h2>Comparatif de 4 applications sous IOS<\/h2>\n<p><a href=\"http:\/\/www.auduteau.net\/cyclo\/wp-content\/uploads\/Teste-APP-trace-IOS.png\"><img loading=\"lazy\" class=\"aligncenter size-large wp-image-2024\" src=\"http:\/\/www.auduteau.net\/cyclo\/wp-content\/uploads\/Teste-APP-trace-IOS-960x1024.png\" alt=\"\" width=\"960\" height=\"1024\" srcset=\"http:\/\/www.auduteau.net\/cyclo\/wp-content\/uploads\/Teste-APP-trace-IOS-960x1024.png 960w, http:\/\/www.auduteau.net\/cyclo\/wp-content\/uploads\/Teste-APP-trace-IOS-281x300.png 281w, http:\/\/www.auduteau.net\/cyclo\/wp-content\/uploads\/Teste-APP-trace-IOS-768x819.png 768w, http:\/\/www.auduteau.net\/cyclo\/wp-content\/uploads\/Teste-APP-trace-IOS-720x768.png 720w, http:\/\/www.auduteau.net\/cyclo\/wp-content\/uploads\/Teste-APP-trace-IOS.png 1083w\" sizes=\"(max-width: 960px) 100vw, 960px\" \/><\/a><\/p>\n<h2>Planifier sa route<\/h2>\n<h3>sur smartphone pendant le circuit<\/h3>\n<ul>\n<li><a href=\"http:\/\/www.movingworld.de\" target=\"_blank\" rel=\"noopener noreferrer\">Maps 3D PRO<\/a> permet de planifier une itin\u00e9raire \u00e0 la vol\u00e9e et de l&rsquo;enregistrer pour le recharger<br \/>\navec les <a href=\"https:\/\/biclousetbidouilles.com\/a-propos-des-moteurs-ditineraires\/\" target=\"_blank\" rel=\"noopener\">routeurs<\/a> GraphHopper, Yours, Mapquest et m\u00eame en mode Offline<br \/>\nselon les profils p\u00e9destre, voiture, cyclo-randonneur, VTT, course (que de l&rsquo;asphalte) ou trace directe (quels que soit les routes et chemins).<\/li>\n<li><a href=\"https:\/\/www.visugpx.com\/\" target=\"_blank\" rel=\"noopener\">VisuGXP<\/a> : permet de cr\u00e9er une route et de la sauvegarder ou de d\u00e9poser une trace. Permet \u00e9galement de partager ses circuits. Il s&rsquo;agit d&rsquo;un site et non d&rsquo;une application.<\/li>\n<\/ul>\n<h2>Pour les informations diverses en cours de route, j&rsquo;ai retenu deux options :<\/h2>\n<p>Maps 3D avec un fond de carte OSM d\u00e9taill\u00e9.<\/p>\n<p>et<\/p>\n<p><a href=\"https:\/\/www.leroulard.com\/\" target=\"_blank\" rel=\"noopener noreferrer\" class=\"broken_link\">Le roulard<\/a> (site \u00e0\u00a0 <a href=\"http:\/\/www.auduteau.net\/cyclo\/cyclo-tourisme\/lesprit-collaboratif\/\">l&rsquo;esprit collaboratif<\/a>) et plein de promesses. A la seule condition que les Cyclo-randonneurs y participent en cours ou \u00e0 la fin de leur p\u00e9riple.<\/p>\n<div id=\"attachment_631\" style=\"width: 310px\" class=\"wp-caption alignright\"><a href=\"http:\/\/www.auduteau.net\/cyclo\/wp-content\/uploads\/Le-roulard-1.png\"><img aria-describedby=\"caption-attachment-631\" loading=\"lazy\" class=\"size-medium wp-image-631\" src=\"http:\/\/www.auduteau.net\/cyclo\/wp-content\/uploads\/Le-roulard-1-300x159.png\" alt=\"Le Roulard\" width=\"300\" height=\"159\" srcset=\"http:\/\/www.auduteau.net\/cyclo\/wp-content\/uploads\/Le-roulard-1-300x159.png 300w, http:\/\/www.auduteau.net\/cyclo\/wp-content\/uploads\/Le-roulard-1-768x407.png 768w, http:\/\/www.auduteau.net\/cyclo\/wp-content\/uploads\/Le-roulard-1.png 800w\" sizes=\"(max-width: 300px) 100vw, 300px\" \/><\/a><p id=\"caption-attachment-631\" class=\"wp-caption-text\">Le Roulard<\/p><\/div>\n<p>Son objectif est de r\u00e9f\u00e9rencer les lieux utiles au randonneur et les traces des trajets effectu\u00e9s.<\/p>\n<ul>\n<li>Point argent<\/li>\n<li>WC<\/li>\n<li>Table de pique-Nique<\/li>\n<li>Alimentations<\/li>\n<li>Monuments et Lieux remarquables<\/li>\n<li>Ambassades<\/li>\n<li>Points dangereux<\/li>\n<li>Poste de secours\/pharmacies<\/li>\n<li>V\u00e9locistes<\/li>\n<li>Etc.<\/li>\n<\/ul>\n<p>et le tout visualisable sur carte. Le site web impose d&rsquo;avoir du r\u00e9seau. un jour peut-\u00eatre \u00e9voluera-t-il vers une application smartphone, mais le travail mis \u00e0 disposition par Emmanuel est d\u00e9j\u00e0 remarquable.<\/p>\n<p style=\"text-align: center;\"><strong>Faute de participation des Cyclo-randonneurs, le site a ferm\u00e9 \u00e0 fin f\u00e9vrier 2023.<\/strong><\/p>\n<h3>Sur ordinateur,<\/h3>\n<p>Plusieurs sites permettent de pr\u00e9parer sa route (voir page <a href=\"http:\/\/www.auduteau.net\/cyclo\/le-voyage-en-soi\/les-preparatifs\/\">les pr\u00e9paratifs<\/a>).<\/p>\n","protected":false},"excerpt":{"rendered":"<p>Sur son smartphone pendant le parcours. Consid\u00e9ration premi\u00e8re : \u00c9vitez de vider sa batterie lorsque l&rsquo;on utilise le GPS toute la journ\u00e9e. Cela passe par l\u00e0 non utilisation excessive du r\u00e9seau donn\u00e9es et de l&rsquo;affichage \u00e9cran aussi par l&rsquo;arr\u00eat du Wifi. Fermez \u00e9galement toutes les applications autres que votre outil de trace genre FB ou [&hellip;]<\/p>\n","protected":false},"author":1,"featured_media":0,"parent":6,"menu_order":8,"comment_status":"closed","ping_status":"closed","template":"","meta":[],"jetpack_shortlink":"https:\/\/wp.me\/P80Whq-1f","jetpack_sharing_enabled":true,"jetpack-related-posts":[{"id":44,"url":"http:\/\/www.auduteau.net\/cyclo\/le-voyage-en-soi\/les-preparatifs\/","url_meta":{"origin":77,"position":0},"title":"Les pr\u00e9paratifs","date":"5 octobre 2016","format":false,"excerpt":"Tracer la route Bien \u00e9videmment, il va falloir tracer sa route et la synchroniser avec les VAE. Grandes discussions assur\u00e9es. Les sites de trace et de topologie terrain : Calcul d'itin\u00e9raire , mon pr\u00e9f\u00e9r\u00e9 pour pr\u00e9parer la route (bas\u00e9 sur ORS et me permet de partager avec le groupe sans\u2026","rel":"","context":"Article similaire","img":{"alt_text":"","src":"https:\/\/i0.wp.com\/www.auduteau.net\/cyclo\/wp-content\/uploads\/tracer-la-route2-300x200.jpg?resize=350%2C200","width":350,"height":200},"classes":[]},{"id":1406,"url":"http:\/\/www.auduteau.net\/cyclo\/le-voyage-en-soi\/les-bons-comptes-font-les-bons-amis\/","url_meta":{"origin":77,"position":1},"title":"Les bons comptes font les bons amis","date":"5 octobre 2016","format":false,"excerpt":"Quand on voyage en groupe, il y a toujours une heure o\u00f9 sonnent les comptes du voyage. On ne peut pas y \u00e9chapper. Il est plus simple de noter les d\u00e9penses de chacun au fur \u00e0 mesure que de faire une cagnotte vu que personne ne sait jamais o\u00f9 est\u2026","rel":"","context":"Article similaire","img":{"alt_text":"","src":"https:\/\/i0.wp.com\/www.auduteau.net\/cyclo\/wp-content\/uploads\/les-bons-comptes-font-les-bons-amis.jpg?resize=350%2C200","width":350,"height":200},"classes":[]},{"id":46,"url":"http:\/\/www.auduteau.net\/cyclo\/le-voyage-en-soi\/lapres-voyage\/","url_meta":{"origin":77,"position":2},"title":"L&rsquo;apr\u00e8s voyage","date":"5 octobre 2016","format":false,"excerpt":"Les comptes Voir la page \"les bons comptes font les bons amis Les traces On a trac\u00e9 notre route le long des chemins. On les a peut-\u00eatre enregistr\u00e9es sur notre smartphone ou son GPS. Pourquoi ne pas les partager \u00e0 la communaut\u00e9 de cyclo-randonneurs ? Oui mais sur une semaine\u2026","rel":"","context":"Article similaire","img":{"alt_text":"","src":"","width":0,"height":0},"classes":[]},{"id":6,"url":"http:\/\/www.auduteau.net\/cyclo\/le-voyage-en-soi\/","url_meta":{"origin":77,"position":3},"title":"Le voyage en soi","date":"5 octobre 2016","format":false,"excerpt":"Il s'agit l\u00e0 de faire un \u00e9tat des lieux de notre exp\u00e9rience au cours de l\u2019ensemble de nos circuits. Nous aborderons : Les pr\u00e9paratifs Le v\u00e9lo Les H\u00e9bergements L'\u00e9quipement Quel habillement emporter ? Le contenu de la trousse \u00e0 pharmacie Les outils trace GPS La Vie au camping De l'int\u00e9r\u00eat\u2026","rel":"","context":"Article similaire","img":{"alt_text":"","src":"","width":0,"height":0},"classes":[]},{"id":149,"url":"http:\/\/www.auduteau.net\/cyclo\/cyclo-tourisme\/lesprit-collaboratif\/","url_meta":{"origin":77,"position":4},"title":"L&rsquo;esprit collaboratif","date":"25 septembre 2016","format":false,"excerpt":"Les Cyclo-randonneurs \u00e9changent lorsqu'ils se rencontrent \u00e0 l'\u00e9tape. L'\u00e9change d'informations est utile lorsqu'ils se croisent puisqu'ils se renseignent conjointement sur les meilleures routes, les coins pique-nique potentiels, les points d'int\u00e9r\u00eat, les paysages remarquables, etc. Mais l'\u00e9change peut se faire aussi sans se rencontrer physiquement gr\u00e2ce au Web et est utile\u2026","rel":"","context":"Article similaire","img":{"alt_text":"","src":"https:\/\/i0.wp.com\/www.auduteau.net\/cyclo\/wp-content\/uploads\/Fin-du-roulard-1024x275.png?resize=350%2C200","width":350,"height":200},"classes":[]},{"id":57,"url":"http:\/\/www.auduteau.net\/cyclo\/ressources\/liens-utiles\/","url_meta":{"origin":77,"position":5},"title":"Liens utiles","date":"6 octobre 2016","format":false,"excerpt":"F\u00e9d\u00e9rations F\u00e9d\u00e9ration Fran\u00e7aise de Cyclo-Tourisme V\u00e9locistes sp\u00e9cialis\u00e9s Les v\u00e9los de Patrick Site d'un passionn\u00e9 de v\u00e9lo qui vous pr\u00e9parera votre v\u00e9lo de r\u00eave en vous apportant conseil quant \u00e0 vos besoins. Comme son site perso ne poss\u00e8de pas de sommaire, voici les principaux liens : Pneu, P\u00e9dales, Frein, \u00c9clairage, Bureau,\u2026","rel":"","context":"Article similaire","img":{"alt_text":"","src":"","width":0,"height":0},"classes":[]}],"jetpack_likes_enabled":true,"_links":{"self":[{"href":"http:\/\/www.auduteau.net\/cyclo\/wp-json\/wp\/v2\/pages\/77"}],"collection":[{"href":"http:\/\/www.auduteau.net\/cyclo\/wp-json\/wp\/v2\/pages"}],"about":[{"href":"http:\/\/www.auduteau.net\/cyclo\/wp-json\/wp\/v2\/types\/page"}],"author":[{"embeddable":true,"href":"http:\/\/www.auduteau.net\/cyclo\/wp-json\/wp\/v2\/users\/1"}],"replies":[{"embeddable":true,"href":"http:\/\/www.auduteau.net\/cyclo\/wp-json\/wp\/v2\/comments?post=77"}],"version-history":[{"count":32,"href":"http:\/\/www.auduteau.net\/cyclo\/wp-json\/wp\/v2\/pages\/77\/revisions"}],"predecessor-version":[{"id":2097,"href":"http:\/\/www.auduteau.net\/cyclo\/wp-json\/wp\/v2\/pages\/77\/revisions\/2097"}],"up":[{"embeddable":true,"href":"http:\/\/www.auduteau.net\/cyclo\/wp-json\/wp\/v2\/pages\/6"}],"wp:attachment":[{"href":"http:\/\/www.auduteau.net\/cyclo\/wp-json\/wp\/v2\/media?parent=77"}],"curies":[{"name":"wp","href":"https:\/\/api.w.org\/{rel}","templated":true}]}}