{"id":700,"date":"2016-09-25T20:15:45","date_gmt":"2016-09-25T18:15:45","guid":{"rendered":"http:\/\/www.auduteau.net\/cyclo\/?page_id=700"},"modified":"2021-09-08T16:32:43","modified_gmt":"2021-09-08T14:32:43","slug":"faire-marquer-son-velo","status":"publish","type":"page","link":"http:\/\/www.auduteau.net\/cyclo\/cyclo-tourisme\/faire-marquer-son-velo\/","title":{"rendered":"Faire marquer son v\u00e9lo"},"content":{"rendered":"<div id=\"attachment_713\" style=\"width: 160px\" class=\"wp-caption alignright\"><a href=\"http:\/\/www.auduteau.net\/cyclo\/wp-content\/uploads\/marquage_bicycode.jpg\"><img aria-describedby=\"caption-attachment-713\" loading=\"lazy\" class=\"size-thumbnail wp-image-713\" src=\"http:\/\/www.auduteau.net\/cyclo\/wp-content\/uploads\/marquage_bicycode-150x150.jpg\" alt=\"\" width=\"150\" height=\"150\" \/><\/a><p id=\"caption-attachment-713\" class=\"wp-caption-text\">Tatouage Bicycode<\/p><\/div>\n<h2>En cas de vol, quelles sont nos chances de r\u00e9cup\u00e9rer notre v\u00e9lo ?<\/h2>\n<p>Pour un tier des vols, les v\u00e9los ne sont qu&#8217;emprunt\u00e9s et laiss\u00e9s un peu plus loin, donc retrouv\u00e9s.<\/p>\n<p>Mais, la r\u00e9ponse \u00e0 la question est : <strong>Z\u00e9ro !<\/strong> Vu qu&rsquo;\u00e0 l&rsquo;inverse des motos et voitures, un v\u00e9lo n&rsquo;est pas immatricul\u00e9 et ne poss\u00e8de aucun signe de reconnaissance hormis un n\u00b0 de fabrication de cadre bien cach\u00e9.<\/p>\n<p>Et pourtant, cela existe ! Et avec un fichier national consult\u00e9 par les forces de l&rsquo;ordre.<\/p>\n<p>Il est possible de faire marquer, graver ou tatouer son v\u00e9lo avec un code unique. Cela co\u00fbte, en 2021 entre 10 et 50 \u20ac selon l&rsquo;op\u00e9rateur.<\/p>\n<p>Trois organismes se partage le march\u00e9 en 2017, en dehors des sp\u00e9cialistes li\u00e9s aux deux-roues motoris\u00e9s :<\/p>\n<ul>\n<li><a href=\"https:\/\/www.bicycode.org\/le-bicycode.rub-2\/qu-est-ce-que-c-est.rub-68\/\" target=\"_blank\" rel=\"noopener noreferrer\">Bicycode<br \/>\n<\/a>Ce marquage est promu par la F\u00e9d\u00e9ration des Utilisateurs de Bicyclette (FUB) ayant obtenu une <a href=\"http:\/\/www.interieur.gouv.fr\/Archives\/Archives-des-actualites\/2015\/Lutter-contre-les-vols-de-velos\" target=\"_blank\" rel=\"noopener noreferrer\" class=\"broken_link\">sorte d&rsquo;agr\u00e9ment minist\u00e9riel en 2015<\/a> pour la mise en place de ce fichier de r\u00e9f\u00e9rencement en relation avec les pr\u00e9fectures de police.<\/li>\n<li><a href=\"http:\/\/www.recobike.com\/\" target=\"_blank\" rel=\"noopener noreferrer\">Recobike<br \/>\n<\/a>Ce proc\u00e9d\u00e9 est une \u00e9manation d&rsquo;une soci\u00e9t\u00e9 sp\u00e9cialis\u00e9e dans le marquage des ordinateurs avec un proc\u00e9d\u00e9 tr\u00e8s technique (voir le warning ci-dessous) et semble avoir partie li\u00e9e avec un assureur.<\/li>\n<li><a href=\"http:\/\/paravol.org\/\" target=\"_blank\" rel=\"noopener noreferrer\">Paravol<br \/>\n<\/a>Ce dernier est issu d&rsquo;une initiative individuelle d&rsquo;une petite soci\u00e9t\u00e9 informatique bordelaise mais tr\u00e8s agressive au niveau r\u00e9f\u00e9rencement sur les moteurs de recherche. Sa particularit\u00e9 est d\u2019avoir int\u00e9gr\u00e9 un QRcode \u00e0 l\u2019\u00e9tiquette que la personne qui retrouve le v\u00e9lo va \u00ab flasher\u00a0\u00bb pour atterrir directement sur le site internet. C\u2019est plus simple que de dicter un num\u00e9ro \u00e0 rallonge au t\u00e9l\u00e9phone.<\/li>\n<li><a href=\"https:\/\/www.auvray-security.com\/gravage-velo\/\" target=\"_blank\" rel=\"noopener noreferrer\">Auvray<\/a><br \/>\nLe sp\u00e9cialiste du marquage pour les cyclomoteurs et motos est, depuis, entr\u00e9 dans la danse avec un marquage par micro-percussion (voir le warning ci-dessous) en plusieurs endroits associ\u00e9 \u00e0 un sticker. Dans le tarif est inclue une assurance de 12 mois.<\/li>\n<\/ul>\n<p>Quatre organismes, cela fait <strong>quatre fichiers distincts<\/strong>. L&rsquo;<a href=\"http:\/\/www.interieur.gouv.fr\/Archives\/Archives-des-actualites\/2015\/Lutter-contre-les-vols-de-velos\" target=\"_blank\" rel=\"noopener noreferrer\" class=\"broken_link\">Etat<\/a> semble l\u00e9g\u00e8rement plus impliqu\u00e9 avec <a href=\"https:\/\/www.bicycode.org\/le-bicycode.rub-2\/qu-est-ce-que-c-est.rub-68\/\" target=\"_blank\" rel=\"noopener noreferrer\">Bicycode<\/a>.<\/p>\n<p><strong>Le warning<\/strong>\u00a0: Bien se renseigner car <strong>le proc\u00e9d\u00e9 de gravage peut pr\u00e9senter un risque sur les cadres de v\u00e9los en carbone ou titane<\/strong>.<\/p>\n<p><strong>C\u00f4t\u00e9 pratique<\/strong>, je verrai plus, en termes d\u2019offre, un unique fichier centralis\u00e9 et \u00e0 disposition des forces de l\u2019ordre avec une mise en place permettant au propri\u00e9taire de v\u00e9lo de choisir le proc\u00e9d\u00e9 de gravage et int\u00e9grant le cot\u00e9 user-friendly du QRcode.<\/p>\n<h2>20 juillet 2018<\/h2>\n<p>Cela bouge un peu. Le gouvernement pr\u00e9pare un projet pour la rentr\u00e9e visant \u00e0 faire immatriculer tous les v\u00e9los neufs et \u00e0 cr\u00e9er un fichier National. A suivre.<\/p>\n<h2>2019<\/h2>\n<p>La <a href=\"https:\/\/www.fub.fr\/\" target=\"_blank\" rel=\"noopener noreferrer\">FUB<\/a> et l\u2019<a href=\"https:\/\/www.unionsportcycle.com\/\" target=\"_blank\" rel=\"noopener noreferrer\">Union sport et cycles<\/a> s&rsquo;associent pour cr\u00e9er l&rsquo;<strong><a href=\"https:\/\/apic-asso.com\/\" target=\"_blank\" rel=\"noopener noreferrer\">APIC<\/a> <\/strong>(Association de promotion et d\u2019identification des cycles et de la mobilit\u00e9 durable).<\/p>\n<h2>25 novembre 2020 &#8211; Ouverture du fichier national (Fnuci)<\/h2>\n<p>(<a href=\"https:\/\/www.legifrance.gouv.fr\/jorf\/id\/JORFTEXT000042558926?r=ESKiC2VXfJ\" target=\"_blank\" rel=\"noopener noreferrer\" class=\"broken_link\">D\u00e9cret du 23 novembre2020<\/a>)<\/p>\n<p><strong>A compter du 1er janvier 2021<\/strong>, tous les v\u00e9los neuf vendus doivent \u00eatre marqu\u00e9s et r\u00e9f\u00e9renc\u00e9s dans une base nationale d\u00e9di\u00e9e (<span class=\"aCOpRe\">Fichier National Unique des Cycles Identifi\u00e9s (<em>FNUCI<\/em>)<\/span>). Cette base nationale regroupe les r\u00e9f\u00e9rencements des diff\u00e9rents acteurs du marquage v\u00e9lo et est accessible par la police Nationale, la gendarmerie, la police communale et les fourri\u00e8res.<\/p>\n<p>Pour les v\u00e9los d\u00e9j\u00e0 marqu\u00e9s avant le 1er janvier 2021. Chaque propri\u00e9taire doit faire mettre \u00e0 jour ses coordonn\u00e9es au niveau de ce fichier m\u00eame si une reprise de donn\u00e9es a \u00e9t\u00e9 op\u00e9r\u00e9e. Pour cela, il doit faire appel et en faire la demande \u00e0 l&rsquo;organisme qui a op\u00e9r\u00e9 le marquage de son v\u00e9lo afin de lui donner un accord formel pour qu&rsquo;il mette \u00e0 jour le FNUCI.<\/p>\n<p>Pour les v\u00e9los d&rsquo;occasion vendus par des professionnels et non encore marqu\u00e9s, Ces derniers (vendeurs) auront l&rsquo;obligation de marquage et de r\u00e9f\u00e9rencement \u00e0 compter du 1er juillet 2021.<\/p>\n<p>L&rsquo;APIC a \u00e9t\u00e9 d\u00e9sign\u00e9e (par l\u2019arr\u00eat\u00e9 du 28 d\u00e9cembre 2020) gestionnaire unique du FNUCI (fichier national unique des cycles identifi\u00e9s).<\/p>\n<p>Les 5 premiers op\u00e9rateurs agr\u00e9\u00e9s sont (au 10 mars 2021) :<\/p>\n<ul>\n<li class=\"link\"><a title=\"Bicycode (ouverture dans une nouvelle fen\u00eatre)\" href=\"https:\/\/www.legifrance.gouv.fr\/jorf\/id\/JORFTEXT000043235699\" target=\"_blank\" rel=\"external noopener noreferrer\" class=\"broken_link\">Bicycode<\/a><\/li>\n<li class=\"link\"><a title=\"Euro Identification (ouverture dans une nouvelle fen\u00eatre)\" href=\"https:\/\/www.legifrance.gouv.fr\/jorf\/id\/JORFTEXT000043227646\" target=\"_blank\" rel=\"external noopener noreferrer\" class=\"broken_link\">Euro Identification (Recobyke)<\/a><\/li>\n<li class=\"link\"><a title=\"Malin\u00e9o (ouverture dans une nouvelle fen\u00eatre)\" href=\"https:\/\/www.legifrance.gouv.fr\/jorf\/id\/JORFTEXT000043227641\" target=\"_blank\" rel=\"external noopener noreferrer\">Malin\u00e9o (Paravol)<\/a><\/li>\n<li class=\"link\"><a title=\"Manufacture fran\u00e7aise du cycle (ouverture dans une nouvelle fen\u00eatre)\" href=\"https:\/\/www.legifrance.gouv.fr\/jorf\/id\/JORFTEXT000043227636\" target=\"_blank\" rel=\"external noopener noreferrer\" class=\"broken_link\">Manufacture fran\u00e7aise du cycle<\/a><\/li>\n<li><a title=\"Auvray (ouverture dans une nouvelle fen\u00eatre)\" href=\"https:\/\/www.legifrance.gouv.fr\/jorf\/id\/JORFTEXT000043253564\" target=\"_blank\" rel=\"external noopener noreferrer\">Auvray<\/a><\/li>\n<\/ul>\n<p>Liens utiles<\/p>\n<ul>\n<li><a href=\"https:\/\/www.service-public.fr\/particuliers\/actualites\/A14495\" target=\"_blank\" rel=\"noopener noreferrer\" class=\"broken_link\">Information Service public.fr<\/a><\/li>\n<li><a href=\"https:\/\/www.ecologie.gouv.fr\/identification-des-cycles\" target=\"_blank\" rel=\"noopener noreferrer\">Mobilit\u00e9s durables et innovantes &#8211; Identification des cycles<\/a><\/li>\n<li><a href=\"https:\/\/www.bicycode.org\/faq-bicycode.rub-2\/faq-2021-des-proprietaires-de-velos.rub-79\/\" target=\"_blank\" rel=\"noopener noreferrer\">Voir la FAQ Bycicode sur ce sujet<\/a><\/li>\n<\/ul>\n","protected":false},"excerpt":{"rendered":"<p>En cas de vol, quelles sont nos chances de r\u00e9cup\u00e9rer notre v\u00e9lo ? Pour un tier des vols, les v\u00e9los ne sont qu&#8217;emprunt\u00e9s et laiss\u00e9s un peu plus loin, donc retrouv\u00e9s. Mais, la r\u00e9ponse \u00e0 la question est : Z\u00e9ro ! Vu qu&rsquo;\u00e0 l&rsquo;inverse des motos et voitures, un v\u00e9lo n&rsquo;est pas immatricul\u00e9 et ne [&hellip;]<\/p>\n","protected":false},"author":1,"featured_media":713,"parent":8,"menu_order":13,"comment_status":"closed","ping_status":"closed","template":"","meta":[],"jetpack_shortlink":"https:\/\/wp.me\/P80Whq-bi","jetpack_sharing_enabled":true,"jetpack-related-posts":[{"id":702,"url":"http:\/\/www.auduteau.net\/cyclo\/cyclo-tourisme\/assurer-son-velo\/","url_meta":{"origin":700,"position":0},"title":"Assurer son v\u00e9lo","date":"25 septembre 2016","format":false,"excerpt":"Que me rembourse mon assurance en cas de vol ? D\u2019ailleurs, est-ce qu\u2019une de mes nombreuses assurances prend en charge les dommages ou le vol de mon v\u00e9lo\u00a0? L\u2019assurance voiture prendra en charge les d\u00e9g\u00e2ts ou \u00e9ventuellement le vol de v\u00e9lo sur une galerie voiture lors de vos trajets. Mais\u2026","rel":"","context":"Article similaire","img":{"alt_text":"","src":"https:\/\/i0.wp.com\/www.auduteau.net\/cyclo\/wp-content\/uploads\/Assurance-v\u00e9lo-Majorque.jpg?resize=350%2C200","width":350,"height":200},"classes":[]},{"id":698,"url":"http:\/\/www.auduteau.net\/cyclo\/cyclo-tourisme\/de-la-securite-du-mon-velo\/","url_meta":{"origin":700,"position":1},"title":"De la s\u00e9curit\u00e9 de mon v\u00e9lo","date":"25 septembre 2016","format":false,"excerpt":"Selon les chiffres estim\u00e9s, environ 500 000 v\u00e9los auraient \u00e9t\u00e9 vol\u00e9s en 2016 soit 1369 par jour (article Le Parisien). Seulement 5% font l'objet d'une plainte d\u00e9pos\u00e9e du fait que les gens pensent qu'ils ne le r\u00e9cup\u00e9reront jamais. Pour m\u00e9moire, en 2016, il s'est vol\u00e9 110 000 voitures constat\u00e9 par\u2026","rel":"","context":"Article similaire","img":{"alt_text":"","src":"https:\/\/i0.wp.com\/www.auduteau.net\/cyclo\/wp-content\/uploads\/IMG_8021.jpg?resize=350%2C200","width":350,"height":200},"classes":[]},{"id":12,"url":"http:\/\/www.auduteau.net\/cyclo\/cyclo-tourisme\/table-de-lois-du-cyclo-touriste\/","url_meta":{"origin":700,"position":2},"title":"Table de lois du Cyclo-Touriste","date":"25 septembre 2016","format":false,"excerpt":"Nous n'avons pas un v\u00e9lo de course et n'avons pas vocation \u00e0 faire une performance lorsque nous voyageons en cyclo-tourisme. Notre but est d'aller le plus loin et dans les meilleures conditions possibles. Il nous faut donc veiller \u00e0 la durabilit\u00e9 de notre mat\u00e9riel et \u00e0 notre int\u00e9grit\u00e9 physique. Et\u2026","rel":"","context":"Article similaire","img":{"alt_text":"","src":"https:\/\/i0.wp.com\/www.auduteau.net\/cyclo\/wp-content\/uploads\/table_lois.jpg?resize=350%2C200","width":350,"height":200},"classes":[]},{"id":57,"url":"http:\/\/www.auduteau.net\/cyclo\/ressources\/liens-utiles\/","url_meta":{"origin":700,"position":3},"title":"Liens utiles","date":"6 octobre 2016","format":false,"excerpt":"F\u00e9d\u00e9rations F\u00e9d\u00e9ration Fran\u00e7aise de Cyclo-Tourisme V\u00e9locistes sp\u00e9cialis\u00e9s Les v\u00e9los de Patrick Site d'un passionn\u00e9 de v\u00e9lo qui vous pr\u00e9parera votre v\u00e9lo de r\u00eave en vous apportant conseil quant \u00e0 vos besoins. Comme son site perso ne poss\u00e8de pas de sommaire, voici les principaux liens : Pneu, P\u00e9dales, Frein, \u00c9clairage, Bureau,\u2026","rel":"","context":"Article similaire","img":{"alt_text":"","src":"","width":0,"height":0},"classes":[]},{"id":110,"url":"http:\/\/www.auduteau.net\/cyclo\/cyclo-tourisme\/reglementations\/","url_meta":{"origin":700,"position":4},"title":"R\u00e9glementations","date":"25 septembre 2016","format":false,"excerpt":"Les panneaux \u00e0 connaitre Peut-on perdre des points de permis de conduire ? M\u00eame si on a pu lire certains t\u00e9moignages sur le sujet, la r\u00e9ponse est NON. En tant que cycliste, on ne perdra pas de points en cas d'infraction au code de la route, on se prendra une\u2026","rel":"","context":"Article similaire","img":{"alt_text":"","src":"https:\/\/i0.wp.com\/www.auduteau.net\/cyclo\/wp-content\/uploads\/sr_panneaux_velo_site-3_0.jpg?resize=350%2C200","width":350,"height":200},"classes":[]},{"id":92,"url":"http:\/\/www.auduteau.net\/cyclo\/le-voyage-en-soi\/le-velo\/","url_meta":{"origin":700,"position":5},"title":"Le v\u00e9lo","date":"5 octobre 2016","format":false,"excerpt":"Nous concernant, nous avons fait toute la c\u00f4te atlantique avec des v\u00e9los de supermarch\u00e9 bas de gamme, achet\u00e9s d'occasion \u00e0 moins de 100\u20ac pi\u00e8ce. Mais, nous n'\u00e9tions pas charg\u00e9s comme des bourricots non plus la majeure partie du temps. En 7 ans, Nous n'avons eu \u00e0 d\u00e9plorer aucune casse. Seul\u2026","rel":"","context":"Article similaire","img":{"alt_text":"","src":"https:\/\/i0.wp.com\/www.auduteau.net\/cyclo\/wp-content\/uploads\/IMG_8704.png?resize=350%2C200","width":350,"height":200},"classes":[]}],"jetpack_likes_enabled":true,"_links":{"self":[{"href":"http:\/\/www.auduteau.net\/cyclo\/wp-json\/wp\/v2\/pages\/700"}],"collection":[{"href":"http:\/\/www.auduteau.net\/cyclo\/wp-json\/wp\/v2\/pages"}],"about":[{"href":"http:\/\/www.auduteau.net\/cyclo\/wp-json\/wp\/v2\/types\/page"}],"author":[{"embeddable":true,"href":"http:\/\/www.auduteau.net\/cyclo\/wp-json\/wp\/v2\/users\/1"}],"replies":[{"embeddable":true,"href":"http:\/\/www.auduteau.net\/cyclo\/wp-json\/wp\/v2\/comments?post=700"}],"version-history":[{"count":27,"href":"http:\/\/www.auduteau.net\/cyclo\/wp-json\/wp\/v2\/pages\/700\/revisions"}],"predecessor-version":[{"id":1550,"href":"http:\/\/www.auduteau.net\/cyclo\/wp-json\/wp\/v2\/pages\/700\/revisions\/1550"}],"up":[{"embeddable":true,"href":"http:\/\/www.auduteau.net\/cyclo\/wp-json\/wp\/v2\/pages\/8"}],"wp:featuredmedia":[{"embeddable":true,"href":"http:\/\/www.auduteau.net\/cyclo\/wp-json\/wp\/v2\/media\/713"}],"wp:attachment":[{"href":"http:\/\/www.auduteau.net\/cyclo\/wp-json\/wp\/v2\/media?parent=700"}],"curies":[{"name":"wp","href":"https:\/\/api.w.org\/{rel}","templated":true}]}}