{"id":698,"date":"2016-09-25T20:10:15","date_gmt":"2016-09-25T18:10:15","guid":{"rendered":"http:\/\/www.auduteau.net\/cyclo\/?page_id=698"},"modified":"2021-09-08T17:48:18","modified_gmt":"2021-09-08T15:48:18","slug":"de-la-securite-du-mon-velo","status":"publish","type":"page","link":"http:\/\/www.auduteau.net\/cyclo\/cyclo-tourisme\/de-la-securite-du-mon-velo\/","title":{"rendered":"De la s\u00e9curit\u00e9 de mon v\u00e9lo"},"content":{"rendered":"<div id=\"attachment_706\" style=\"width: 310px\" class=\"wp-caption alignright\"><a href=\"http:\/\/www.auduteau.net\/cyclo\/wp-content\/uploads\/IMG_7975.jpg\"><img aria-describedby=\"caption-attachment-706\" loading=\"lazy\" class=\"wp-image-706 size-medium\" src=\"http:\/\/www.auduteau.net\/cyclo\/wp-content\/uploads\/IMG_7975-300x196.jpg\" alt=\"Bien attach\u00e9\" width=\"300\" height=\"196\" srcset=\"http:\/\/www.auduteau.net\/cyclo\/wp-content\/uploads\/IMG_7975-300x196.jpg 300w, http:\/\/www.auduteau.net\/cyclo\/wp-content\/uploads\/IMG_7975.jpg 599w\" sizes=\"(max-width: 300px) 100vw, 300px\" \/><\/a><p id=\"caption-attachment-706\" class=\"wp-caption-text\">Un v\u00e9lo attach\u00e9 correctement<\/p><\/div>\n<p>Selon les chiffres estim\u00e9s, environ 500 000 v\u00e9los auraient \u00e9t\u00e9 vol\u00e9s en 2016 soit 1369 par jour (article Le Parisien).<br \/>\nSeulement 5% font l&rsquo;objet d&rsquo;une plainte d\u00e9pos\u00e9e du fait que les gens pensent qu&rsquo;ils ne le r\u00e9cup\u00e9reront jamais.<br \/>\nPour m\u00e9moire, en 2016, il s&rsquo;est vol\u00e9 110 000 voitures constat\u00e9 par un d\u00e9lit. En 2015, pas loin de 60 000 deux roues motoris\u00e9s d\u00e9clar\u00e9s vol\u00e9s.<\/p>\n<p>C&rsquo;est dire l&rsquo;ampleur du ph\u00e9nom\u00e8ne au niveau v\u00e9lo. 4 fois plus que les voitures et 10 fois plus que les motos\/scooters.<\/p>\n<p>Pas loin de la moiti\u00e9 des vols (44%) se font dans des espaces priv\u00e9s et non sur la voie publique (56%).<\/p>\n<p>Donc, dans un parking collectif ou perso, dans une cours ou un couloir d\u2019immeuble, attachez toujours votre v\u00e9lo \u00e0 un point fixe.<br \/>\nDans la rue, tout pareil, avec des cadenas qui rebutent les petits voleurs au d\u00e9bott\u00e9. Les pros embarqueront toujours votre v\u00e9lo quel que soit le cadenas.<\/p>\n<p>De simples r\u00e8gles de base peuvent les en dissuader :<\/p>\n<ol>\n<li>Utilisez un vrai cadenas qui va les rebuter voire m\u00eame deux.<br \/>\nLes cadenas font l&rsquo;objet d&rsquo;une homologation ou tout du moins d&rsquo;un calcul du temps de r\u00e9sistance aux agressions.<br \/>\nVoir pages :<\/p>\n<ul>\n<li><a href=\"http:\/\/www.fubicy.org\/IMG\/pdf\/VC111_TESTS_ANTIVOLS_2011-2.pdf\" target=\"_blank\" rel=\"noopener noreferrer\" class=\"broken_link\">FUB<\/a><br \/>\nF\u00e9d\u00e9ration des Usagers de la Bicyclette.<br \/>\nPage relay\u00e9e \u00e9galement par <a href=\"https:\/\/www.bicycode.org\/tests-antivols.rub-21\/tests-antivols-fub.rub-23\/\" target=\"_blank\" rel=\"noopener noreferrer\">Bicycode<\/a>.<\/li>\n<li><a href=\"http:\/\/www.sra.asso.fr\/protection-vol\/motos\/seconde-monte\" target=\"_blank\" rel=\"noopener noreferrer\" class=\"broken_link\">SRA<\/a><br \/>\nPlus d\u00e9di\u00e9 aux deux-roues motoris\u00e9s. On y trouvera donc pas les cadenas de cadre<\/li>\n<li>Un test Que choisir h\u00e9berger par <a href=\"http:\/\/www.apicy.fr\/wp-content\/uploads\/2011\/12\/test-antivols-que-choisir1.pdf\" target=\"_blank\" rel=\"noopener noreferrer\">Apicy <\/a><\/li>\n<li>Un article du <a href=\"https:\/\/www.lemonde.fr\/guides-d-achat\/article\/2018\/06\/30\/les-meilleurs-antivols-pour-attacher-son-velo_5323670_5306571.html\" target=\"_blank\" rel=\"noopener noreferrer\">Monde<\/a> un peu partial avec la petite <a href=\"https:\/\/youtu.be\/UGttmR2DTY8\">vid\u00e9o associ\u00e9e<\/a> de Casey Neistat qui s\u2019amuse \u00e0 voler son propre v\u00e9lo devant tout le monde .<\/li>\n<\/ul>\n<\/li>\n<li>Attachez toujours votre v\u00e9lo \u00e0 un point fixe assez haut pour qu&rsquo;on ne puisse pas passer le v\u00e9lo par-dessus (m\u00eame \u00e0 partir d&rsquo;un toit de camion) ou sur un point fixe ferm\u00e9 par le haut et le bas \u00e9videment et non sciable facilement (on \u00e9vite les arbustes ou les grillages fins).<\/li>\n<li>Attachez toujours la roue avant avec le cadre au point fixe.<\/li>\n<li>Si vous avez plusieurs cadenas dont un de cadre avec cl\u00e9 non enlevable, enclenchez-le toujours et retirez la cl\u00e9. Il y aura toujours un plaisantin qui vous l&rsquo;enclenchera et retirera la cl\u00e9. Et c&rsquo;est vous qui serez marron \u00e0 votre retour \u00e0 moins d&rsquo;avoir sur vous la cl\u00e9 de secours. M\u00eame dans ce cas, vous lui aurez donn\u00e9 la cl\u00e9 principale.<\/li>\n<li><a href=\"http:\/\/www.auduteau.net\/cyclo\/cyclo-tourisme\/faire-marquer-son-velo\/\">Faire marquer son v\u00e9lo<\/a>.<\/li>\n<\/ol>\n<p>Dernier point : V\u00e9rifier ce que vos <a href=\"http:\/\/www.auduteau.net\/cyclo\/cyclo-tourisme\/assurer-son-velo\/\">assurances<\/a> vous couvrent en cas de vol ou prendre une <a href=\"http:\/\/www.auduteau.net\/cyclo\/cyclo-tourisme\/assurer-son-velo\/\">assurance<\/a> sp\u00e9cifique.<\/p>\n<h2>Un autre bon exemple<\/h2>\n<div id=\"attachment_705\" style=\"width: 310px\" class=\"wp-caption aligncenter\"><a href=\"http:\/\/www.auduteau.net\/cyclo\/wp-content\/uploads\/IMG_7974.jpg\"><img aria-describedby=\"caption-attachment-705\" loading=\"lazy\" class=\"size-medium wp-image-705\" src=\"http:\/\/www.auduteau.net\/cyclo\/wp-content\/uploads\/IMG_7974-300x246.jpg\" alt=\"\" width=\"300\" height=\"246\" srcset=\"http:\/\/www.auduteau.net\/cyclo\/wp-content\/uploads\/IMG_7974-300x246.jpg 300w, http:\/\/www.auduteau.net\/cyclo\/wp-content\/uploads\/IMG_7974.jpg 600w\" sizes=\"(max-width: 300px) 100vw, 300px\" \/><\/a><p id=\"caption-attachment-705\" class=\"wp-caption-text\">Cadre trop gros pour fixer le U avec la roue avant<\/p><\/div>\n<p>Par contre, il faudrait qu&rsquo;il mette sa serrure vers le bas.<\/p>\n<h2>Le pire du pire<\/h2>\n<p>Un Kolkhoff qui coute au bas mot minimum 2 500\u20ac avec 3 cadenas + 1.<\/p>\n<div id=\"attachment_704\" style=\"width: 310px\" class=\"wp-caption aligncenter\"><a href=\"http:\/\/www.auduteau.net\/cyclo\/wp-content\/uploads\/IMG_7973.jpg\"><img aria-describedby=\"caption-attachment-704\" loading=\"lazy\" class=\"wp-image-704 size-medium\" src=\"http:\/\/www.auduteau.net\/cyclo\/wp-content\/uploads\/IMG_7973-300x225.jpg\" alt=\"\" width=\"300\" height=\"225\" srcset=\"http:\/\/www.auduteau.net\/cyclo\/wp-content\/uploads\/IMG_7973-300x225.jpg 300w, http:\/\/www.auduteau.net\/cyclo\/wp-content\/uploads\/IMG_7973.jpg 600w\" sizes=\"(max-width: 300px) 100vw, 300px\" \/><\/a><p id=\"caption-attachment-704\" class=\"wp-caption-text\">Lamentable !<\/p><\/div>\n<p>Un cadenas de cadre non enclench\u00e9, un cadenas en U et un cable de bonne facture non utilis\u00e9s. Le v\u00e9lo n&rsquo;est attach\u00e9 qu&rsquo;avec une chainette d&rsquo;\u00e0 peine 2mm d&rsquo;\u00e9paisseur. Agrandissez la photo pour mieux voir.<\/p>\n<h2>Heu!, j&rsquo;ai oubli\u00e9 mon cadenas&#8230;<\/h2>\n<div id=\"attachment_728\" style=\"width: 310px\" class=\"wp-caption aligncenter\"><a href=\"http:\/\/www.auduteau.net\/cyclo\/wp-content\/uploads\/IMG_8021.jpg\"><img aria-describedby=\"caption-attachment-728\" loading=\"lazy\" class=\"size-medium wp-image-728\" src=\"http:\/\/www.auduteau.net\/cyclo\/wp-content\/uploads\/IMG_8021-300x225.jpg\" alt=\"\" width=\"300\" height=\"225\" srcset=\"http:\/\/www.auduteau.net\/cyclo\/wp-content\/uploads\/IMG_8021-300x225.jpg 300w, http:\/\/www.auduteau.net\/cyclo\/wp-content\/uploads\/IMG_8021.jpg 600w\" sizes=\"(max-width: 300px) 100vw, 300px\" \/><\/a><p id=\"caption-attachment-728\" class=\"wp-caption-text\">Cadenas oubli\u00e9 ?<\/p><\/div>\n<h2>Ne jamais perdre ses cl\u00e9s.<\/h2>\n<p>Ou alors on se retrouve \u00e0 tester la solidit\u00e9 de ses cadenas comme moi.<\/p>\n<p style=\"text-align: center;\">\r\n\t\t\t\t\t\n\r\n\t\t\t\t\t<!-- START UNITE GALLERY 1.7.44 -->\r\n\t\t\t\t\t\r\n\t\t\t\t\n\t\t\t<div id='unitegallery_22_1' class='unite-gallery' style='margin:0px auto;'>\n\t\t\t\t\n\n\t\t\t\t\t\t<img alt=\"\u00e0 la pince monseigneur\"\n\t\t\t\t\t\t     src=\"\" data-image=\"http:\/\/www.auduteau.net\/cyclo\/wp-content\/uploads\/IMG_1020_1.jpg\"\n\t\t\t\t\t\t     data-thumb=\"http:\/\/www.auduteau.net\/cyclo\/wp-content\/uploads\/IMG_1020_1-225x300.jpg\"\n\t\t\t\t\t\t     title=\"\"\n\t\t\t\t\t\t     style=\"display:none\">\n\n\t\t\t\t\t\t<img alt=\"\u00e0 la scie tungst\u00e8ne\"\n\t\t\t\t\t\t     src=\"\" data-image=\"http:\/\/www.auduteau.net\/cyclo\/wp-content\/uploads\/IMG_1108_1.jpg\"\n\t\t\t\t\t\t     data-thumb=\"http:\/\/www.auduteau.net\/cyclo\/wp-content\/uploads\/IMG_1108_1-225x300.jpg\"\n\t\t\t\t\t\t     title=\"\"\n\t\t\t\t\t\t     style=\"display:none\">\n\n\t\t\t\t\t\t<img alt=\"Cadenas de cadre\"\n\t\t\t\t\t\t     src=\"\" data-image=\"http:\/\/www.auduteau.net\/cyclo\/wp-content\/uploads\/IMG_1109_1.jpg\"\n\t\t\t\t\t\t     data-thumb=\"http:\/\/www.auduteau.net\/cyclo\/wp-content\/uploads\/IMG_1109_1-225x300.jpg\"\n\t\t\t\t\t\t     title=\"\"\n\t\t\t\t\t\t     style=\"display:none\">\n\n\t\t\t\t\t\t<img alt=\"Meuleuse1\"\n\t\t\t\t\t\t     src=\"\" data-image=\"http:\/\/www.auduteau.net\/cyclo\/wp-content\/uploads\/Meuleuse_1_1.jpg\"\n\t\t\t\t\t\t     data-thumb=\"http:\/\/www.auduteau.net\/cyclo\/wp-content\/uploads\/Meuleuse_1_1-300x225.jpg\"\n\t\t\t\t\t\t     title=\"\"\n\t\t\t\t\t\t     style=\"display:none\">\n\n\t\t\t\t\t\t<img alt=\"Meuleuse2\"\n\t\t\t\t\t\t     src=\"\" data-image=\"http:\/\/www.auduteau.net\/cyclo\/wp-content\/uploads\/Meuleuse2_1.jpg\"\n\t\t\t\t\t\t     data-thumb=\"http:\/\/www.auduteau.net\/cyclo\/wp-content\/uploads\/Meuleuse2_1-300x225.jpg\"\n\t\t\t\t\t\t     title=\"\"\n\t\t\t\t\t\t     style=\"display:none\">\n\t\t\t<\/div>\n\n\t\t\t<script type='text\/javascript'>\n\t\t\t\twindow.onload = function(e) {\n\t\t\t\t\tif(typeof ugCheckForErrors == \"undefined\"){\n\t\t\t\t\t\tdocument.getElementById(\"unitegallery_22_1\").innerHTML = \"<span style='color:red'>Unite Gallery Error - gallery js and css files not included in the footer. Please make sure that wp_footer() function is added to your theme.<\/span>\";}\n\t\t\t\t\telse{ ugCheckForErrors(\"unitegallery_22_1\", \"jquery\");}\n\t\t\t\t};\n\t\t\t<\/script>\n\n\t\t\t<!-- END UNITEGALLERY --><\/p>\n<p>La chaine n&rsquo;a pas r\u00e9sist\u00e9 10s \u00e0 la pince Monseigneur. Par contre le cadenas de cadre Oui.<\/p>\n<p>Concernant le cadenas de cadre, la scie tungst\u00e8ne \u00e0 fait KO, il a fallu passer \u00e0 la meuleuse. Pour la discr\u00e9tion, on fait mieux.<\/p>\n<p>Apr\u00e8s cette m\u00e9saventure, j&rsquo;ai rachet\u00e9 strictement la m\u00eame chose. Si un voleur s&rsquo;est d\u00e9j\u00e0 essay\u00e9 comme je viens de le faire, \u00e0 la vue de la combinaison de cadenas, il passera son chemin et prendra le v\u00e9lo d&rsquo;\u00e0 cot\u00e9&#8230;<\/p>\n","protected":false},"excerpt":{"rendered":"<p>Selon les chiffres estim\u00e9s, environ 500 000 v\u00e9los auraient \u00e9t\u00e9 vol\u00e9s en 2016 soit 1369 par jour (article Le Parisien). Seulement 5% font l&rsquo;objet d&rsquo;une plainte d\u00e9pos\u00e9e du fait que les gens pensent qu&rsquo;ils ne le r\u00e9cup\u00e9reront jamais. Pour m\u00e9moire, en 2016, il s&rsquo;est vol\u00e9 110 000 voitures constat\u00e9 par un d\u00e9lit. En 2015, pas [&hellip;]<\/p>\n","protected":false},"author":1,"featured_media":728,"parent":8,"menu_order":12,"comment_status":"closed","ping_status":"closed","template":"","meta":[],"jetpack_shortlink":"https:\/\/wp.me\/P80Whq-bg","jetpack_sharing_enabled":true,"jetpack-related-posts":[{"id":702,"url":"http:\/\/www.auduteau.net\/cyclo\/cyclo-tourisme\/assurer-son-velo\/","url_meta":{"origin":698,"position":0},"title":"Assurer son v\u00e9lo","date":"25 septembre 2016","format":false,"excerpt":"Que me rembourse mon assurance en cas de vol ? D\u2019ailleurs, est-ce qu\u2019une de mes nombreuses assurances prend en charge les dommages ou le vol de mon v\u00e9lo\u00a0? L\u2019assurance voiture prendra en charge les d\u00e9g\u00e2ts ou \u00e9ventuellement le vol de v\u00e9lo sur une galerie voiture lors de vos trajets. Mais\u2026","rel":"","context":"Article similaire","img":{"alt_text":"","src":"https:\/\/i0.wp.com\/www.auduteau.net\/cyclo\/wp-content\/uploads\/Assurance-v\u00e9lo-Majorque.jpg?resize=350%2C200","width":350,"height":200},"classes":[]},{"id":12,"url":"http:\/\/www.auduteau.net\/cyclo\/cyclo-tourisme\/table-de-lois-du-cyclo-touriste\/","url_meta":{"origin":698,"position":1},"title":"Table de lois du Cyclo-Touriste","date":"25 septembre 2016","format":false,"excerpt":"Nous n'avons pas un v\u00e9lo de course et n'avons pas vocation \u00e0 faire une performance lorsque nous voyageons en cyclo-tourisme. Notre but est d'aller le plus loin et dans les meilleures conditions possibles. Il nous faut donc veiller \u00e0 la durabilit\u00e9 de notre mat\u00e9riel et \u00e0 notre int\u00e9grit\u00e9 physique. Et\u2026","rel":"","context":"Article similaire","img":{"alt_text":"","src":"https:\/\/i0.wp.com\/www.auduteau.net\/cyclo\/wp-content\/uploads\/table_lois.jpg?resize=350%2C200","width":350,"height":200},"classes":[]},{"id":700,"url":"http:\/\/www.auduteau.net\/cyclo\/cyclo-tourisme\/faire-marquer-son-velo\/","url_meta":{"origin":698,"position":2},"title":"Faire marquer son v\u00e9lo","date":"25 septembre 2016","format":false,"excerpt":"En cas de vol, quelles sont nos chances de r\u00e9cup\u00e9rer notre v\u00e9lo ? Pour un tier des vols, les v\u00e9los ne sont qu'emprunt\u00e9s et laiss\u00e9s un peu plus loin, donc retrouv\u00e9s. Mais, la r\u00e9ponse \u00e0 la question est : Z\u00e9ro ! Vu qu'\u00e0 l'inverse des motos et voitures, un v\u00e9lo\u2026","rel":"","context":"Article similaire","img":{"alt_text":"","src":"https:\/\/i0.wp.com\/www.auduteau.net\/cyclo\/wp-content\/uploads\/marquage_bicycode.jpg?resize=350%2C200","width":350,"height":200},"classes":[]},{"id":57,"url":"http:\/\/www.auduteau.net\/cyclo\/ressources\/liens-utiles\/","url_meta":{"origin":698,"position":3},"title":"Liens utiles","date":"6 octobre 2016","format":false,"excerpt":"F\u00e9d\u00e9rations F\u00e9d\u00e9ration Fran\u00e7aise de Cyclo-Tourisme V\u00e9locistes sp\u00e9cialis\u00e9s Les v\u00e9los de Patrick Site d'un passionn\u00e9 de v\u00e9lo qui vous pr\u00e9parera votre v\u00e9lo de r\u00eave en vous apportant conseil quant \u00e0 vos besoins. Comme son site perso ne poss\u00e8de pas de sommaire, voici les principaux liens : Pneu, P\u00e9dales, Frein, \u00c9clairage, Bureau,\u2026","rel":"","context":"Article similaire","img":{"alt_text":"","src":"","width":0,"height":0},"classes":[]},{"id":92,"url":"http:\/\/www.auduteau.net\/cyclo\/le-voyage-en-soi\/le-velo\/","url_meta":{"origin":698,"position":4},"title":"Le v\u00e9lo","date":"5 octobre 2016","format":false,"excerpt":"Nous concernant, nous avons fait toute la c\u00f4te atlantique avec des v\u00e9los de supermarch\u00e9 bas de gamme, achet\u00e9s d'occasion \u00e0 moins de 100\u20ac pi\u00e8ce. Mais, nous n'\u00e9tions pas charg\u00e9s comme des bourricots non plus la majeure partie du temps. En 7 ans, Nous n'avons eu \u00e0 d\u00e9plorer aucune casse. Seul\u2026","rel":"","context":"Article similaire","img":{"alt_text":"","src":"https:\/\/i0.wp.com\/www.auduteau.net\/cyclo\/wp-content\/uploads\/IMG_8704.png?resize=350%2C200","width":350,"height":200},"classes":[]},{"id":110,"url":"http:\/\/www.auduteau.net\/cyclo\/cyclo-tourisme\/reglementations\/","url_meta":{"origin":698,"position":5},"title":"R\u00e9glementations","date":"25 septembre 2016","format":false,"excerpt":"Les panneaux \u00e0 connaitre Peut-on perdre des points de permis de conduire ? M\u00eame si on a pu lire certains t\u00e9moignages sur le sujet, la r\u00e9ponse est NON. En tant que cycliste, on ne perdra pas de points en cas d'infraction au code de la route, on se prendra une\u2026","rel":"","context":"Article similaire","img":{"alt_text":"","src":"https:\/\/i0.wp.com\/www.auduteau.net\/cyclo\/wp-content\/uploads\/sr_panneaux_velo_site-3_0.jpg?resize=350%2C200","width":350,"height":200},"classes":[]}],"jetpack_likes_enabled":true,"_links":{"self":[{"href":"http:\/\/www.auduteau.net\/cyclo\/wp-json\/wp\/v2\/pages\/698"}],"collection":[{"href":"http:\/\/www.auduteau.net\/cyclo\/wp-json\/wp\/v2\/pages"}],"about":[{"href":"http:\/\/www.auduteau.net\/cyclo\/wp-json\/wp\/v2\/types\/page"}],"author":[{"embeddable":true,"href":"http:\/\/www.auduteau.net\/cyclo\/wp-json\/wp\/v2\/users\/1"}],"replies":[{"embeddable":true,"href":"http:\/\/www.auduteau.net\/cyclo\/wp-json\/wp\/v2\/comments?post=698"}],"version-history":[{"count":13,"href":"http:\/\/www.auduteau.net\/cyclo\/wp-json\/wp\/v2\/pages\/698\/revisions"}],"predecessor-version":[{"id":1762,"href":"http:\/\/www.auduteau.net\/cyclo\/wp-json\/wp\/v2\/pages\/698\/revisions\/1762"}],"up":[{"embeddable":true,"href":"http:\/\/www.auduteau.net\/cyclo\/wp-json\/wp\/v2\/pages\/8"}],"wp:featuredmedia":[{"embeddable":true,"href":"http:\/\/www.auduteau.net\/cyclo\/wp-json\/wp\/v2\/media\/728"}],"wp:attachment":[{"href":"http:\/\/www.auduteau.net\/cyclo\/wp-json\/wp\/v2\/media?parent=698"}],"curies":[{"name":"wp","href":"https:\/\/api.w.org\/{rel}","templated":true}]}}