{"id":442,"date":"2016-10-05T00:35:05","date_gmt":"2016-10-04T22:35:05","guid":{"rendered":"http:\/\/www.auduteau.net\/cyclo\/?page_id=442"},"modified":"2021-09-08T17:26:41","modified_gmt":"2021-09-08T15:26:41","slug":"trousse-a-pharmacie","status":"publish","type":"page","link":"http:\/\/www.auduteau.net\/cyclo\/le-voyage-en-soi\/trousse-a-pharmacie\/","title":{"rendered":"Trousse \u00e0 pharmacie"},"content":{"rendered":"<div id=\"attachment_624\" style=\"width: 160px\" class=\"wp-caption alignright\"><a href=\"http:\/\/www.auduteau.net\/cyclo\/wp-content\/uploads\/trousse_pharma.jpg\"><img aria-describedby=\"caption-attachment-624\" loading=\"lazy\" class=\"size-thumbnail wp-image-624\" src=\"http:\/\/www.auduteau.net\/cyclo\/wp-content\/uploads\/trousse_pharma-150x150.jpg\" alt=\"Trousse \u00e0 pharmacie\" width=\"150\" height=\"150\" srcset=\"http:\/\/www.auduteau.net\/cyclo\/wp-content\/uploads\/trousse_pharma-150x150.jpg 150w, http:\/\/www.auduteau.net\/cyclo\/wp-content\/uploads\/trousse_pharma-300x300.jpg 300w, http:\/\/www.auduteau.net\/cyclo\/wp-content\/uploads\/trousse_pharma.jpg 325w\" sizes=\"(max-width: 150px) 100vw, 150px\" \/><\/a><p id=\"caption-attachment-624\" class=\"wp-caption-text\">Trousse \u00e0 pharmacie<\/p><\/div>\n<p>Les incidents n&rsquo;arrivent pas qu&rsquo;aux autres et nous sommes en pleine nature. Il faut donc faire face.<\/p>\n<p>Dans notre groupe, nous avons deux infirmi\u00e8res et \u00e7a ne rigole pas question trousse \u00e0 pharmacie :<\/p>\n<ul>\n<li>Pansements r\u00e9sistants en rouleau \u00e0 d\u00e9couper<\/li>\n<li>Sparadrap en rouleau \u00e0 l&rsquo;ancienne.<\/li>\n<li>D\u00e9sinfectant pas trop alcoolis\u00e9 sinon la jeunesse braille.<\/li>\n<li>Coton pour nettoyer les plaies.<\/li>\n<li>Compresses st\u00e9riles sous pochette<\/li>\n<li>Bandes Velpo<\/li>\n<li>\u00c9pingles \u00e0 nourrice ou accroches bande.<\/li>\n<li>Sutures adh\u00e9sives st\u00e9riles<\/li>\n<li>Petit ciseau qui coupe vraiment.<\/li>\n<li>Pince \u00e0 \u00e9piler<\/li>\n<li>Coupe-ongles et lime. Eh oui, \u00e7a casse et c&rsquo;est tr\u00e8s g\u00eanant toute la journ\u00e9e.<\/li>\n<li>Pommade abri-brulure. La cuisine en fin de journ\u00e9e, \u00e7a peut amener \u00e0 quelques incidents de cuisson.<\/li>\n<li>Anti-moustiques pour le soir dans certains coins. Les tortillons sont tr\u00e8s efficaces m\u00eame si l&rsquo;odeur d\u00e9range.<\/li>\n<li>Biaphine ou cr\u00e8me apaisante pour soulager ceux qui n&rsquo;ont pas mis de cr\u00e8me solaire.<\/li>\n<li>Pommade anti-inflammatoire locale ou anti-douleurs le soir apr\u00e8s l&rsquo;effort mais c&rsquo;est rare. Ou c&rsquo;est parce que madame appr\u00e9cie que monsieur lui fasse un petit massage (l&rsquo;inverse est encore plus vrai).<\/li>\n<\/ul>\n<p>&nbsp;<\/p>\n<ul>\n<li>Une bo\u00eete fermant bien et qui ne se d\u00e9verse pas dans la sacoche. Deux d&rsquo;ailleurs, une pour la trousse d&rsquo;urgence rapidement accessible et une pour les soins du soir au fond de la sacoche.<\/li>\n<\/ul>\n","protected":false},"excerpt":{"rendered":"<p>Les incidents n&rsquo;arrivent pas qu&rsquo;aux autres et nous sommes en pleine nature. Il faut donc faire face. Dans notre groupe, nous avons deux infirmi\u00e8res et \u00e7a ne rigole pas question trousse \u00e0 pharmacie : Pansements r\u00e9sistants en rouleau \u00e0 d\u00e9couper Sparadrap en rouleau \u00e0 l&rsquo;ancienne. D\u00e9sinfectant pas trop alcoolis\u00e9 sinon la jeunesse braille. Coton pour [&hellip;]<\/p>\n","protected":false},"author":1,"featured_media":0,"parent":6,"menu_order":6,"comment_status":"closed","ping_status":"closed","template":"","meta":[],"jetpack_shortlink":"https:\/\/wp.me\/P80Whq-78","jetpack_sharing_enabled":true,"jetpack-related-posts":[{"id":6,"url":"http:\/\/www.auduteau.net\/cyclo\/le-voyage-en-soi\/","url_meta":{"origin":442,"position":0},"title":"Le voyage en soi","date":"5 octobre 2016","format":false,"excerpt":"Il s'agit l\u00e0 de faire un \u00e9tat des lieux de notre exp\u00e9rience au cours de l\u2019ensemble de nos circuits. Nous aborderons : Les pr\u00e9paratifs Le v\u00e9lo Les H\u00e9bergements L'\u00e9quipement Quel habillement emporter ? Le contenu de la trousse \u00e0 pharmacie Les outils trace GPS La Vie au camping De l'int\u00e9r\u00eat\u2026","rel":"","context":"Article similaire","img":{"alt_text":"","src":"","width":0,"height":0},"classes":[]},{"id":458,"url":"http:\/\/www.auduteau.net\/cyclo\/cyclo-tourisme\/les-incidents-de-parcours\/","url_meta":{"origin":442,"position":1},"title":"Les incidents de parcours","date":"25 septembre 2016","format":false,"excerpt":"On est jamais \u00e0 l'abri de l'accident ou\u00a0 de l'incident de parcours. \u00a0 C'est bien le plus souvent dans les endroits o\u00f9 notre attention n'est plus optimale que cela arrive. A savoir, sur les chemins plats avec paysages enchanteurs. Sur la route, jamais jusqu'\u00e0 ce jour. Ce sera : la\u2026","rel":"","context":"Article similaire","img":{"alt_text":"","src":"","width":0,"height":0},"classes":[]},{"id":12,"url":"http:\/\/www.auduteau.net\/cyclo\/cyclo-tourisme\/table-de-lois-du-cyclo-touriste\/","url_meta":{"origin":442,"position":2},"title":"Table de lois du Cyclo-Touriste","date":"25 septembre 2016","format":false,"excerpt":"Nous n'avons pas un v\u00e9lo de course et n'avons pas vocation \u00e0 faire une performance lorsque nous voyageons en cyclo-tourisme. Notre but est d'aller le plus loin et dans les meilleures conditions possibles. Il nous faut donc veiller \u00e0 la durabilit\u00e9 de notre mat\u00e9riel et \u00e0 notre int\u00e9grit\u00e9 physique. Et\u2026","rel":"","context":"Article similaire","img":{"alt_text":"","src":"https:\/\/i0.wp.com\/www.auduteau.net\/cyclo\/wp-content\/uploads\/table_lois.jpg?resize=350%2C200","width":350,"height":200},"classes":[]},{"id":1950,"url":"http:\/\/www.auduteau.net\/cyclo\/cyclo-tourisme\/piste-et-bande-cyclable\/","url_meta":{"origin":442,"position":3},"title":"Les pistes et bandes cyclables","date":"25 septembre 2016","format":false,"excerpt":"Tout d\u2019abord, une d\u00e9finition, ensuite la r\u00e9glementation. La piste cyclable L\u2019article R110-2 du code de la route d\u00e9finit la piste cyclable comme \u00e9tant une \u00ab chauss\u00e9e exclusivement r\u00e9serv\u00e9e aux cycles \u00e0 deux ou trois roues et aux engins de d\u00e9placement personnel motoris\u00e9s \u00bb (y compris ceux \u00e0 p\u00e9dalage assist\u00e9), conduits\u2026","rel":"","context":"Article similaire","img":{"alt_text":"","src":"","width":0,"height":0},"classes":[]},{"id":77,"url":"http:\/\/www.auduteau.net\/cyclo\/le-voyage-en-soi\/les-outils-trace-gps\/","url_meta":{"origin":442,"position":4},"title":"Les outils de trace GPS sur la route","date":"5 octobre 2016","format":false,"excerpt":"Sur son smartphone pendant le parcours. Consid\u00e9ration premi\u00e8re : \u00c9vitez de vider sa batterie lorsque l'on utilise le GPS toute la journ\u00e9e. Cela passe par l\u00e0 non utilisation excessive du r\u00e9seau donn\u00e9es et de l'affichage \u00e9cran aussi par l'arr\u00eat du Wifi. Fermez \u00e9galement toutes les applications autres que votre outil\u2026","rel":"","context":"Article similaire","img":{"alt_text":"","src":"https:\/\/i0.wp.com\/www.auduteau.net\/cyclo\/wp-content\/uploads\/Teste-APP-trace-IOS-960x1024.png?resize=350%2C200","width":350,"height":200},"classes":[]},{"id":672,"url":"http:\/\/www.auduteau.net\/cyclo\/cyclo-tourisme\/circuler-sur-route-ou-pistes-cyclables\/","url_meta":{"origin":442,"position":5},"title":"Circuler sur routes ou pistes cyclables","date":"25 septembre 2016","format":false,"excerpt":"Comment ne pas perdre son groupe ? Eh oui, nous sommes en groupe et ne naviguons pas tous au m\u00eame rythme et il n'est pas rare d'avoir de grands \u00e9carts entre les premiers et les derniers m\u00eame si nous sommes plus en mode visite et assez soud\u00e9s. Sans pour autant\u2026","rel":"","context":"Article similaire","img":{"alt_text":"","src":"https:\/\/i0.wp.com\/www.auduteau.net\/cyclo\/wp-content\/uploads\/piste-225x300.jpg?resize=350%2C200","width":350,"height":200},"classes":[]}],"jetpack_likes_enabled":true,"_links":{"self":[{"href":"http:\/\/www.auduteau.net\/cyclo\/wp-json\/wp\/v2\/pages\/442"}],"collection":[{"href":"http:\/\/www.auduteau.net\/cyclo\/wp-json\/wp\/v2\/pages"}],"about":[{"href":"http:\/\/www.auduteau.net\/cyclo\/wp-json\/wp\/v2\/types\/page"}],"author":[{"embeddable":true,"href":"http:\/\/www.auduteau.net\/cyclo\/wp-json\/wp\/v2\/users\/1"}],"replies":[{"embeddable":true,"href":"http:\/\/www.auduteau.net\/cyclo\/wp-json\/wp\/v2\/comments?post=442"}],"version-history":[{"count":4,"href":"http:\/\/www.auduteau.net\/cyclo\/wp-json\/wp\/v2\/pages\/442\/revisions"}],"predecessor-version":[{"id":1759,"href":"http:\/\/www.auduteau.net\/cyclo\/wp-json\/wp\/v2\/pages\/442\/revisions\/1759"}],"up":[{"embeddable":true,"href":"http:\/\/www.auduteau.net\/cyclo\/wp-json\/wp\/v2\/pages\/6"}],"wp:attachment":[{"href":"http:\/\/www.auduteau.net\/cyclo\/wp-json\/wp\/v2\/media?parent=442"}],"curies":[{"name":"wp","href":"https:\/\/api.w.org\/{rel}","templated":true}]}}