{"id":44,"date":"2016-10-05T00:10:30","date_gmt":"2016-10-04T22:10:30","guid":{"rendered":"http:\/\/www.auduteau.net\/cyclo\/?page_id=44"},"modified":"2023-03-06T11:25:09","modified_gmt":"2023-03-06T10:25:09","slug":"les-preparatifs","status":"publish","type":"page","link":"http:\/\/www.auduteau.net\/cyclo\/le-voyage-en-soi\/les-preparatifs\/","title":{"rendered":"Les pr\u00e9paratifs"},"content":{"rendered":"<h2>Tracer la route<\/h2>\n<div id=\"attachment_656\" style=\"width: 310px\" class=\"wp-caption alignright\"><a href=\"http:\/\/www.auduteau.net\/cyclo\/wp-content\/uploads\/tracer-la-route2.jpg\"><img aria-describedby=\"caption-attachment-656\" loading=\"lazy\" class=\"size-medium wp-image-656\" src=\"http:\/\/www.auduteau.net\/cyclo\/wp-content\/uploads\/tracer-la-route2-300x200.jpg\" alt=\"Tracer la route\" width=\"300\" height=\"200\" srcset=\"http:\/\/www.auduteau.net\/cyclo\/wp-content\/uploads\/tracer-la-route2-300x200.jpg 300w, http:\/\/www.auduteau.net\/cyclo\/wp-content\/uploads\/tracer-la-route2-768x512.jpg 768w, http:\/\/www.auduteau.net\/cyclo\/wp-content\/uploads\/tracer-la-route2.jpg 800w\" sizes=\"(max-width: 300px) 100vw, 300px\" \/><\/a><p id=\"caption-attachment-656\" class=\"wp-caption-text\">Tracer la route<\/p><\/div>\n<p>Bien \u00e9videmment, il va falloir tracer sa route et la synchroniser avec les VAE. Grandes discussions assur\u00e9es.<\/p>\n<p>Les sites de trace et de topologie terrain :<\/p>\n<ul>\n<li><a href=\"http:\/\/www.calculitineraires.fr\/\" target=\"_blank\" rel=\"noopener noreferrer\">Calcul d&rsquo;itin\u00e9raire<\/a> , mon pr\u00e9f\u00e9r\u00e9 pour pr\u00e9parer la route (bas\u00e9 sur ORS et me permet de partager avec le groupe sans compte d&rsquo;identification)<\/li>\n<li><a href=\"https:\/\/web.locusmap.app\/en\/\" target=\"_blank\" rel=\"noopener\">Locus Map<\/a> : Mon n\u00b02 pour pr\u00e9parer la route (bas\u00e9 sur Brouter et me permet de partager avec le groupe sans compte d&rsquo;identification)<\/li>\n<li><a href=\"https:\/\/www.komoot.fr\/\" target=\"_blank\" rel=\"noopener\" class=\"broken_link\">Komoot<\/a> Tr\u00e8s int\u00e9ressant. Dommage que l&rsquo;enregistrement de trace demande \u00e0 \u00eatre connect\u00e9.<\/li>\n<li><a href=\"http:\/\/map.project-osrm.org\/\" target=\"_blank\" rel=\"noopener\">OSRM<\/a> Routeur<\/li>\n<li><a href=\"https:\/\/graphhopper.com\/maps\/\" target=\"_blank\" rel=\"noopener\">GraphHopper<\/a> Routeur<\/li>\n<li><a href=\"https:\/\/maps.openrouteservice.org\/\" target=\"_blank\" rel=\"noopener\">OpenRouteService<\/a> (ORS) Routeur<\/li>\n<li><a href=\"http:\/\/brouter.de\/brouter-web\/\" target=\"_blank\" rel=\"noopener noreferrer\">Brouter <\/a>\u00a0Routeur<\/li>\n<li><a href=\"https:\/\/www.cyclestreets.net\/\" target=\"_blank\" rel=\"noopener\">CycleStreet<\/a> donne plusieurs trajets<\/li>\n<li><a href=\"http:\/\/www.openrunner.com\/\" target=\"_blank\" rel=\"noopener noreferrer\">OpenRunner<\/a>\u00a0demande une connexion<\/li>\n<li><a href=\"https:\/\/ridewithgps.com\/routes\/new\" target=\"_blank\" rel=\"noopener noreferrer\">Ride with GPS<\/a> Franchement \u00e0 explorer mais lent \u00e0 l&rsquo;allumage<\/li>\n<li><a href=\"https:\/\/www.geovelo.fr\/\" target=\"_blank\" rel=\"noopener\">Geovelo<\/a> A suivre mais basique<\/li>\n<\/ul>\n<p>Tracez la route pour chaque \u00e9tape (et exportez-la) de mani\u00e8re \u00e0 pouvoir la pr\u00e9-charger sur votre smartphone dans votre <a href=\"http:\/\/www.auduteau.net\/cyclo\/les-outils-trace-gps\/\">logiciel de trace<\/a> le jour J pour la suivre.<br \/>\nPour les agr\u00e9ger les routes ou traces et montrer le parcours en entier, voir la page \u00ab\u00a0<a href=\"http:\/\/www.auduteau.net\/cyclo\/lapres-voyage\/\">Apr\u00e8s le voyage<\/a>\u00a0\u00bb<\/p>\n<h2>Les r\u00e9f\u00e9rencements<\/h2>\n<p>Comme \u00e9nonc\u00e9 dans d&rsquo;autres pages du site, Il faudra aussi <a href=\"http:\/\/www.auduteau.net\/cyclo\/telechargements\/\">r\u00e9f\u00e9rencer<\/a> :<\/p>\n<ul>\n<li>Les h\u00e9bergements<\/li>\n<li>Les v\u00e9locistes sur le trac\u00e9 (on est jamais \u00e0 l&rsquo;abri d&rsquo;un <a href=\"http:\/\/www.auduteau.net\/cyclo\/cyclo-tourisme\/les-incidents-de-parcours\/\">incident<\/a>)<\/li>\n<li>Les passeurs de rias et rivi\u00e8res<\/li>\n<li>Les navettes fluviales ou maritimes<\/li>\n<li>Les transports ferroviaires en cas de liaisons entre deux sites<\/li>\n<li>Les lieux remarquables ou \u00e0 visiter (Horaires, dur\u00e9e, &#8230;)<\/li>\n<li>Les festivals (pas forc\u00e9ment pour y aller mais parce que tout est complet \u00e0 cent lieux \u00e0 la ronde pour les h\u00e9bergements)<\/li>\n<li>Les h\u00f4pitaux sur le trac\u00e9 (Cela a servi&#8230;).<\/li>\n<li>La localisation des gares (pour les transport) et points d&#8217;embarquement et celle des lieux de visite.<\/li>\n<li>Les restos incontournables (quand m\u00eame)<\/li>\n<\/ul>\n<p>Ne croyez pas que vous pourrez le faire en cours de route.<br \/>\nD&rsquo;abord parce que dans ces cas, on manque toujours de temps<br \/>\nEnsuite, parce qu&rsquo;il est faux de croire que la France est couverte \u00e0 99% d&rsquo;un r\u00e9seau 3G (on ne parle m\u00eame pas du 4G) et qu&rsquo;il est exasp\u00e9rant d&rsquo;attendre que la page s&rsquo;affiche sur le r\u00e9seau EDGE.<\/p>\n<p>Principe de la loi de l&#8217;emmerdement maximum : C&rsquo;est toujours quand on en a besoin qu&rsquo;il est inaccessible.<\/p>\n<p>Par contre, la liaison t\u00e9l\u00e9phonique fonctionne bien et votre application GPS Offline ainsi que votre gestion de documents sur votre smartphone\u00a0 aussi. Donc restez autonome.<\/p>\n<p>Ensuite, parce que vous partez rassur\u00e9s.<\/p>\n<p>Pour cela, rien de mieux que des fichiers Excel ou Doc charg\u00e9s sur son smartphone.<\/p>\n<p>Pour les r\u00e9f\u00e9rentiels, les avoir en version papier \u00e9galement dans la sacoche ou la voiture suiveuse.<\/p>\n<p>Cela implique de pouvoir les lire \u00e0 minima et d&rsquo;installer l&rsquo;application ad hoc et de la tester sur des fichiers volumineux.Convertissez-les en PDF, c&rsquo;est plus facile et accepter partout.<\/p>\n<p>Installer aussi un lecteur de fichier PDF et de fichiers image. Lorsque vous faite des r\u00e9servations en ligne, ils vous envoient le e-billet ou la confirmation dans ces formats.<\/p>\n<p>Le bloc note du smartphone est aussi utile pour noter les d\u00e9penses au fur et \u00e0 mesure. <a href=\"http:\/\/www.auduteau.net\/cyclo\/lapres-voyage\/\">Apr\u00e8s circuit<\/a>, on consolide dans un fichier de comptes surtout si on est en groupe. Depuis 2020, on s&rsquo;est tous converti \u00e0 <a href=\"https:\/\/sesterce.io\/fr\" target=\"_blank\" rel=\"noopener\">Sesterces<\/a> (Voir <a href=\"http:\/\/www.auduteau.net\/cyclo\/le-voyage-en-soi\/les-bons-comptes-font-les-bons-amis\/\">les bons comptes font les bons amis<\/a>).<\/p>\n<p>Autre chose, des cartes d\u00e9taill\u00e9es papier ou guides des r\u00e9gions travers\u00e9es. On est pas \u00e0 l&rsquo;abri d&rsquo;une panne de smartphone.<\/p>\n","protected":false},"excerpt":{"rendered":"<p>Tracer la route Bien \u00e9videmment, il va falloir tracer sa route et la synchroniser avec les VAE. Grandes discussions assur\u00e9es. Les sites de trace et de topologie terrain : Calcul d&rsquo;itin\u00e9raire , mon pr\u00e9f\u00e9r\u00e9 pour pr\u00e9parer la route (bas\u00e9 sur ORS et me permet de partager avec le groupe sans compte d&rsquo;identification) Locus Map : [&hellip;]<\/p>\n","protected":false},"author":1,"featured_media":0,"parent":6,"menu_order":1,"comment_status":"closed","ping_status":"closed","template":"","meta":[],"jetpack_shortlink":"https:\/\/wp.me\/P80Whq-I","jetpack_sharing_enabled":true,"jetpack-related-posts":[{"id":77,"url":"http:\/\/www.auduteau.net\/cyclo\/le-voyage-en-soi\/les-outils-trace-gps\/","url_meta":{"origin":44,"position":0},"title":"Les outils de trace GPS sur la route","date":"5 octobre 2016","format":false,"excerpt":"Sur son smartphone pendant le parcours. Consid\u00e9ration premi\u00e8re : \u00c9vitez de vider sa batterie lorsque l'on utilise le GPS toute la journ\u00e9e. Cela passe par l\u00e0 non utilisation excessive du r\u00e9seau donn\u00e9es et de l'affichage \u00e9cran aussi par l'arr\u00eat du Wifi. Fermez \u00e9galement toutes les applications autres que votre outil\u2026","rel":"","context":"Article similaire","img":{"alt_text":"","src":"https:\/\/i0.wp.com\/www.auduteau.net\/cyclo\/wp-content\/uploads\/Teste-APP-trace-IOS-960x1024.png?resize=350%2C200","width":350,"height":200},"classes":[]},{"id":119,"url":"http:\/\/www.auduteau.net\/cyclo\/cyclo-tourisme\/les-voies-vertes\/","url_meta":{"origin":44,"position":1},"title":"Les voies vertes","date":"25 septembre 2016","format":false,"excerpt":"Il existe un r\u00e9seau de voies vertes qui se d\u00e9veloppe en France. Mais toutes ne sont pas s\u00e9curis\u00e9es et d\u00e9di\u00e9es au v\u00e9lo (ou partag\u00e9s promeneur\/V\u00e9lo\/Roller...). Et toutes les voies cyclables ne sont pas forcements r\u00e9f\u00e9renc\u00e9es. On entre dans le domaine r\u00e9gional. Savoir avec exactitude l'\u00e9tendu du r\u00e9seau dans la\/les r\u00e9gion(s)\u2026","rel":"","context":"Article similaire","img":{"alt_text":"","src":"https:\/\/i0.wp.com\/www.auduteau.net\/cyclo\/wp-content\/uploads\/176F68FE-3B8C-4EC1-BD68-7E6FA90B3824-265x300.jpeg?resize=350%2C200","width":350,"height":200},"classes":[]},{"id":46,"url":"http:\/\/www.auduteau.net\/cyclo\/le-voyage-en-soi\/lapres-voyage\/","url_meta":{"origin":44,"position":2},"title":"L&rsquo;apr\u00e8s voyage","date":"5 octobre 2016","format":false,"excerpt":"Les comptes Voir la page \"les bons comptes font les bons amis Les traces On a trac\u00e9 notre route le long des chemins. On les a peut-\u00eatre enregistr\u00e9es sur notre smartphone ou son GPS. Pourquoi ne pas les partager \u00e0 la communaut\u00e9 de cyclo-randonneurs ? Oui mais sur une semaine\u2026","rel":"","context":"Article similaire","img":{"alt_text":"","src":"","width":0,"height":0},"classes":[]},{"id":216,"url":"http:\/\/www.auduteau.net\/cyclo\/debut-de-lhistoire\/2014-bourg-sur-gironde-le-teich\/","url_meta":{"origin":44,"position":3},"title":"2014 : Bourg sur gironde -> Le Teich","date":"30 septembre 2016","format":false,"excerpt":"Voir le parcours Distance :\u00a0\u00a0\u00a0\u00a0\u00a0\u00a0\u00a0\u00a0\u00a0\u00a0\u00a0\u00a0\u00a0\u00a0\u00a0\u00a0\u00a0\u00a0\u00a0\u00a0\u00a0\u00a0\u00a0\u00a0 438 km Au d\u00e9part, on avait envisag\u00e9 de d\u00e9marrer \u00e0 Saint Andr\u00e9 de Cubzac. Mais nous avons choisi de parquer nos voitures chez la famille \u00e0 Saint Seurin de Bourg. Etape de chauffe ce premier jour est d\u00e9di\u00e9 \u00e0 la ballade. Direction les grottes de\u2026","rel":"","context":"Article similaire","img":{"alt_text":"","src":"https:\/\/i0.wp.com\/www.auduteau.net\/cyclo\/wp-content\/uploads\/2016\/09\/2014-map-300x300.png?resize=350%2C200","width":350,"height":200},"classes":[]},{"id":6,"url":"http:\/\/www.auduteau.net\/cyclo\/le-voyage-en-soi\/","url_meta":{"origin":44,"position":4},"title":"Le voyage en soi","date":"5 octobre 2016","format":false,"excerpt":"Il s'agit l\u00e0 de faire un \u00e9tat des lieux de notre exp\u00e9rience au cours de l\u2019ensemble de nos circuits. Nous aborderons : Les pr\u00e9paratifs Le v\u00e9lo Les H\u00e9bergements L'\u00e9quipement Quel habillement emporter ? Le contenu de la trousse \u00e0 pharmacie Les outils trace GPS La Vie au camping De l'int\u00e9r\u00eat\u2026","rel":"","context":"Article similaire","img":{"alt_text":"","src":"","width":0,"height":0},"classes":[]},{"id":700,"url":"http:\/\/www.auduteau.net\/cyclo\/cyclo-tourisme\/faire-marquer-son-velo\/","url_meta":{"origin":44,"position":5},"title":"Faire marquer son v\u00e9lo","date":"25 septembre 2016","format":false,"excerpt":"En cas de vol, quelles sont nos chances de r\u00e9cup\u00e9rer notre v\u00e9lo ? Pour un tier des vols, les v\u00e9los ne sont qu'emprunt\u00e9s et laiss\u00e9s un peu plus loin, donc retrouv\u00e9s. Mais, la r\u00e9ponse \u00e0 la question est : Z\u00e9ro ! Vu qu'\u00e0 l'inverse des motos et voitures, un v\u00e9lo\u2026","rel":"","context":"Article similaire","img":{"alt_text":"","src":"https:\/\/i0.wp.com\/www.auduteau.net\/cyclo\/wp-content\/uploads\/marquage_bicycode.jpg?resize=350%2C200","width":350,"height":200},"classes":[]}],"jetpack_likes_enabled":true,"_links":{"self":[{"href":"http:\/\/www.auduteau.net\/cyclo\/wp-json\/wp\/v2\/pages\/44"}],"collection":[{"href":"http:\/\/www.auduteau.net\/cyclo\/wp-json\/wp\/v2\/pages"}],"about":[{"href":"http:\/\/www.auduteau.net\/cyclo\/wp-json\/wp\/v2\/types\/page"}],"author":[{"embeddable":true,"href":"http:\/\/www.auduteau.net\/cyclo\/wp-json\/wp\/v2\/users\/1"}],"replies":[{"embeddable":true,"href":"http:\/\/www.auduteau.net\/cyclo\/wp-json\/wp\/v2\/comments?post=44"}],"version-history":[{"count":24,"href":"http:\/\/www.auduteau.net\/cyclo\/wp-json\/wp\/v2\/pages\/44\/revisions"}],"predecessor-version":[{"id":2098,"href":"http:\/\/www.auduteau.net\/cyclo\/wp-json\/wp\/v2\/pages\/44\/revisions\/2098"}],"up":[{"embeddable":true,"href":"http:\/\/www.auduteau.net\/cyclo\/wp-json\/wp\/v2\/pages\/6"}],"wp:attachment":[{"href":"http:\/\/www.auduteau.net\/cyclo\/wp-json\/wp\/v2\/media?parent=44"}],"curies":[{"name":"wp","href":"https:\/\/api.w.org\/{rel}","templated":true}]}}