{"id":40,"date":"2016-10-05T00:25:04","date_gmt":"2016-10-04T22:25:04","guid":{"rendered":"http:\/\/www.auduteau.net\/cyclo\/?page_id=40"},"modified":"2021-09-08T16:53:24","modified_gmt":"2021-09-08T14:53:24","slug":"lequipement-de-base","status":"publish","type":"page","link":"http:\/\/www.auduteau.net\/cyclo\/le-voyage-en-soi\/lequipement-de-base\/","title":{"rendered":"L&rsquo;\u00e9quipement de base"},"content":{"rendered":"<h2>Petite apart\u00e9 sur l&rsquo;\u00e9quipement du cyclo-randonneur<\/h2>\n<p>L\u00e0, je vous renvoie sur les sites, blogs et forums sur les cyclo-campeurs et tour-du-mondistes. Ils sont tr\u00e8s bien document\u00e9s.<\/p>\n<p>Je signalerai simplement mesdames et messieurs qu&rsquo;en cyclo-randonn\u00e9e, on voyage \u00e9quip\u00e9 mais l\u00e9ger.<\/p>\n<p>Ce n&rsquo;est pas parce que nous avons une voiture suiveuse, qu&rsquo;il faut la charger avec les fringues d&rsquo;hiver ou la garde-robe pour les sorties le soir. On dort le soir, on sort rarement.<\/p>\n<p>Donc on ne parlera pas ici du mat\u00e9riel v\u00e9lo ou de la personne mais plut\u00f4t de l&rsquo;annexe.<\/p>\n<p>Nous avons une vision groupe plut\u00f4t qu&rsquo;individuelle. Nous organisons notre vie au campement en dehors des tentes. Nous ne mangeons pas sous la tente ni n&rsquo;y pr\u00e9parons le repas.<br \/>\nNous sommes plut\u00f4t confort avec notre voiture suiveuse.<\/p>\n<h2>Les b\u00e2ches<\/h2>\n<p>Cela para\u00eet stupide \u00e0 premi\u00e8re vue mais deux b\u00e2ches ne sont pas inutiles \u00e0 d\u00e9faut de tarp.<\/p>\n<ul>\n<li>Une pour manger \u00e0 m\u00eame le sol.<\/li>\n<li>Une pour se prot\u00e9ger du soleil voire de la pluie lorsque l&rsquo;on mange.<\/li>\n<\/ul>\n<p>Qui dit b\u00e2che dit grande voile tributaire d&rsquo;Eole.<br \/>\nUn jeu de sardines d\u00e9di\u00e9 \u00e0 la b\u00e2che au sol est utile.<br \/>\nDes tendeurs pour arrimer la b\u00e2che de toit \u00e9vitent l&rsquo;arrachage par vent fort. La b\u00e2che de sol sert aussi \u00e0 recouvrir les denr\u00e9es, le r\u00e9chaud et autres la nuit pour ne pas avoir \u00e0 tout ranger dans la voiture le soir et tout r\u00e9-d\u00e9baller le matin au r\u00e9veil.<\/p>\n<h2>Le jerrican<\/h2>\n<p>Pour l&rsquo;eau, pas pour l&rsquo;essence. Avec un bec verseur si possible.<br \/>\nOui, ramener une casserole pleine d&rsquo;eau \u00e0 travers tout le camping est un exercice int\u00e9ressant mais qui nous a vite lass\u00e9. Idem pour aller remplir les gourdes d&rsquo;eau pour pr\u00e9parer le petit d\u00e9jeuner au r\u00e9veil.<\/p>\n<h2>Fil \u00e0 linge<\/h2>\n<div id=\"attachment_812\" style=\"width: 160px\" class=\"wp-caption alignright\"><a href=\"http:\/\/www.auduteau.net\/cyclo\/wp-content\/uploads\/IMG_8862.jpg\"><img aria-describedby=\"caption-attachment-812\" loading=\"lazy\" class=\"size-thumbnail wp-image-812\" src=\"http:\/\/www.auduteau.net\/cyclo\/wp-content\/uploads\/IMG_8862-150x150.jpg\" alt=\"Tendeurs &amp; courroies\" width=\"150\" height=\"150\" \/><\/a><p id=\"caption-attachment-812\" class=\"wp-caption-text\">Tendeurs &amp; courroies<\/p><\/div>\n<p>On n&rsquo;a jamais eu de fil \u00e0 linge pour la raison suivante : en groupe, une lessive prend une place \u00e9norme. Cela fait tr\u00e8s boat-people.<\/p>\n<p>R\u00e9-enrouler une corde de 20-30m le matin est la grande corv\u00e9e de celui qui s&rsquo;y colle.<\/p>\n<p>Nous pr\u00e9f\u00e9rons les courroies de 5 \u00e0 15m faciles \u00e0 accrocher aux arbres ou ensembles et surtout \u00e0 ranger. L\u00e0, on met \u00e0 contribution toute la jeunesse. Une courroie chacun.<\/p>\n<p>Qui dit fil \u00e0 linge dit \u00e9pingles \u00e0 linge. Celles en inox sont impeccables. Elle ne casse pas et on les voit lorsqu&rsquo;elles tombent pas terre. Pr\u00e9voir en quantit\u00e9 pour un groupe de cyclo.<\/p>\n<h2>Les tendeurs<\/h2>\n<p>Pas uniquement utile aux b\u00e2ches ou au porte bagages, ils servent aussi \u00e0 accrocher les courroies du linges sur les buissons quand il n&rsquo;y a pas d&rsquo;arbres.<br \/>\nPr\u00e9voir en quantit\u00e9 en cas de beau temps.<\/p>\n<h2>La voiture<\/h2>\n<p>On l&rsquo;a dit, on aime notre confort. Mais, par manque d&rsquo;arbre, elle sert aussi \u00e0 fixer, \u00e0 la galerie de toit,la b\u00e2che haute ou le fil \u00e0 linge.<\/p>\n<h2>Piquets de tente<\/h2>\n<p>Pas ceux de chez D&#8230;..h.n\u00a0 Des solides, des vrais.\u00a0 Deux c&rsquo;est bien avec de la ficelle et des sardines d\u00e9di\u00e9s.<\/p>\n<p>Pour quoi faire, on a des tentes igloo autoportantes ?<br \/>\nH\u00e9 bien pour la b\u00e2che de toit ou le fil \u00e0 linge lorsqu&rsquo;il n&rsquo;y a pas d&rsquo;arbres.<\/p>\n<h2>La glaci\u00e8re<\/h2>\n<p>Oui, et \u00e9lectrique parce que trouver des pains de glace, on a autre chose \u00e0 faire. Parce que l&rsquo;on aime bien les yaourts. Parce que manger des p\u00e2tes, du riz et des patates \u00e0 longueur de temps n&rsquo;est pas notre truc.<br \/>\nDes tupperware aident au rangement coh\u00e9rent de la glaci\u00e8re pour les restes et pour les odeurs.<\/p>\n<h2>Les bacs de rangement<\/h2>\n<p>Dans la voiture s&rsquo;entend, pas sur le v\u00e9lo.<\/p>\n<p>Les cageots a\u00e9r\u00e9s empilables pour les fruits et l\u00e9gumes sont un plus.<\/p>\n<p>Pr\u00e9voir des bac de rangement fermants, solides, empilables et de couleurs diff\u00e9renti\u00e9es parce que, en fin de circuit, tout le monde arrive enfin \u00e0 savoir o\u00f9 se trouve le caf\u00e9 quand on le demande.<br \/>\nParce que cela s&#8217;empile tr\u00e8s bien lorsque l&rsquo;on recharge la voiture au petit matin.<\/p>\n<h2>Les condiments.<\/h2>\n<p>Qui n&rsquo;a pas fini son circuit avec une foultitude de flacons de condiment, sel, poivre, piment et autres.<br \/>\nOui, mais on les ram\u00e8ne chez nous apr\u00e8s. Allez voir dans votre cuisine l&rsquo;espace qu&rsquo;il reste et le nombre de doublons.<\/p>\n<p>On a r\u00e9solu le probl\u00e8me en mettant de petites quantit\u00e9s de condiments dans les micro-pots de confiture des petits d\u00e9jeuners servis dans les h\u00f4tels. Au moins, \u00e7a ne prend pas de place et \u00e7a se range dans une bo\u00eete de cong\u00e9lation.<\/p>\n<h2>Le n\u00e9cessaire \u00e0 pique-nique<\/h2>\n<p>Assiettes, bols et verres en plastique, parce que c&rsquo;est plus l\u00e9ger \u00e0 transporter au local vaisselle et que cela ne risque pas de casser. Ceux qui am\u00e8nent leurs gros bols en c\u00e9ramique pr\u00e9f\u00e9r\u00e9s pour le petit d\u00e9jeuner prennent des risques sur la vaisselle du matin.<\/p>\n<p>Pour les fines bouches, Le plastique, cela d\u00e9nature le go\u00fbt. Oui, mais si c&rsquo;est pour manger des p\u00e2tes, du riz et des patates&#8230; No comment. Quand on s&rsquo;attaque au navarin d&rsquo;agneau ou la mouclade, \u00e7a ne reste pas longtemps au contact de l&rsquo;assiette.<br \/>\nPour le vin, je serai assez d&rsquo;accord avec les esth\u00e8tes, mais l\u00e0 non plus, il ne reste pas longtemps dans le verre.<\/p>\n<p>Couteau, pliable, aiguis\u00e9 et chacun le sien et pas de jaloux.<\/p>\n<p>Couverts en inox parce que \u00e7a ne rouille pas, \u00e7a ne plie pas sur un morceau de viande.<br \/>\nConcernant les verres, ils sont \u00e0 en prendre en rab, \u00e7a \u00e9vite d&rsquo;aller faire la vaisselle avant le petit caf\u00e9-th\u00e9-tisane du soir. O\u00f9 cela permet d&rsquo;en avoir pendant que la jeunesse fait la vaisselle. Les verres \u00e9colos pris dans les f\u00e9rias et autres manifestations sont biens et certains font aussi doseurs.<\/p>\n<p>Les trucs que l&rsquo;on oublie souvent :<\/p>\n<ul>\n<li>Le tire-Bouchon d\u00e9capsuleur<\/li>\n<li>L&rsquo;ouvre bo\u00eete basique de camping parce que toutes les conserves ne sont pas auto-ouvrantes<\/li>\n<li>Les cuill\u00e8res en bois pour faire le repas.<\/li>\n<li>Les torchons pour essuyer la vaisselle.<\/li>\n<\/ul>\n<h2>Le r\u00e9chaud<\/h2>\n<div id=\"attachment_322\" style=\"width: 160px\" class=\"wp-caption alignright\"><a href=\"http:\/\/www.auduteau.net\/cyclo\/wp-content\/uploads\/2016\/09\/2010-reveil.jpg\"><img aria-describedby=\"caption-attachment-322\" loading=\"lazy\" class=\"size-thumbnail wp-image-322\" src=\"http:\/\/www.auduteau.net\/cyclo\/wp-content\/uploads\/2016\/09\/2010-reveil-150x150.jpg\" alt=\"La jeunesse au r\u00e9veil\" width=\"150\" height=\"150\" \/><\/a><p id=\"caption-attachment-322\" class=\"wp-caption-text\">La jeunesse au r\u00e9veil<\/p><\/div>\n<p>C&rsquo;est la grande question : petit ou grand r\u00e9chaud, petite ou grande bonbonne de gaz ? Plaque chauffante ou gaz ?<\/p>\n<p>L&rsquo;inconv\u00e9nient des plaques \u00e9lectriques est qu&rsquo;elles doivent refroidir apr\u00e8s le petit d\u00e9jeuner que bien s\u00fbr, la jeunesse prend en m\u00eame temps que tout le monde. Donc, pratique mais \u00e0 \u00e9viter sinon d\u00e9part sur le tard.<br \/>\nPour le gaz, je suis plut\u00f4t moyenne bouteille quitte \u00e0 recharger plus souvent. Les camping en ont tr\u00e8s souvent en d\u00e9pannage. Ou en avoir une en r\u00e9serve dans la voiture suiveuse.<\/p>\n<p>Pour le r\u00e9chaud, en groupe, en avoir un de bonne qualit\u00e9 double-feu ou multi-feux (plusieurs cercles pour une m\u00eame casserole). C&rsquo;est plus lourd, mais plus efficace et souvent plus stable.<\/p>\n<h2>La table<\/h2>\n<p>Ah l&rsquo;h\u00e9r\u00e9sie diront certains.<\/p>\n<p>En groupe, une mini table basse pliante est bien pratique pour poser les plaques de cuisson ou le r\u00e9chaud et les stabiliser.<br \/>\n\u00c9galement, parce que le sel qui s&rsquo;est \u00ab\u00a0renvers\u00e9\u00a0\u00bb dans le sable (enfin surtout rempli de sable), c&rsquo;est pas top pour la mouclade ou le navarin d&rsquo;agneau.<\/p>\n<h2>Les chaises<\/h2>\n<p>H\u00e9r\u00e9sie bis repetita<\/p>\n<p>Les chaises pliantes avec accoudoir, non. D&rsquo;abord parce que c&rsquo;est inconfortable, \u00e7a prend de la place, \u00e7a ne fait pas travailler notre dos et on arrive pas \u00e0 s&rsquo;en extirper.<\/p>\n<p>Par contre les petits si\u00e8ges de p\u00eache tr\u00e9pieds, je suis pour. \u00c9tonnement, c&rsquo;est plus confortable que les chaises pliantes et n&rsquo;entrave pas les mouvements.<\/p>\n<h2>Les sacs de supermarch\u00e9<\/h2>\n<p>R\u00e9sistants si possible. Sert \u00e0 trimbaler la vaisselle ou le linge mouill\u00e9 dans tout le camping. Donc plusieurs et pliables , c&rsquo;est mieux.<\/p>\n<h2>Rallonges \u00e9lectriques<\/h2>\n<div id=\"attachment_797\" style=\"width: 160px\" class=\"wp-caption alignright\"><a href=\"http:\/\/www.auduteau.net\/cyclo\/wp-content\/uploads\/IMG_8820.jpg\"><img aria-describedby=\"caption-attachment-797\" loading=\"lazy\" class=\"wp-image-797 size-thumbnail\" src=\"http:\/\/www.auduteau.net\/cyclo\/wp-content\/uploads\/IMG_8820-150x150.jpg\" alt=\"adaptateur P17\" width=\"150\" height=\"150\" \/><\/a><p id=\"caption-attachment-797\" class=\"wp-caption-text\">adaptateur P17<\/p><\/div>\n<p>Deux de 20m. La borne \u00e9lectrique n&rsquo;est jamais pr\u00e8s ( axiome de base).<br \/>\nUne multi-prises voire deux parce qu&rsquo;il y a des smartphones et des baladeurs MP3 en quantit\u00e9.<br \/>\nUn adaptateur prise CEE (P17) m\u00e2le voire deux (si la jeunesse l&rsquo;oublie sur la borne en rangeant la rallonge)<\/p>\n<h2>Les lampes \u00e9lectriques<\/h2>\n<p>Les lampes frontales, c&rsquo;est pratique surtout lorsque l&rsquo;on roule de nuit ou juste pour lire sous la tente. Parce que le soir autour d&rsquo;un th\u00e9-caf\u00e9-tisane, c&rsquo;est l&rsquo;enfer pour celui qui prend le rai de lumi\u00e8re lorsqu&rsquo;on lui parle.<\/p>\n<p>Hors des chemins ou de la tente, la lampe temp\u00eate \u00e9lectrique assez puissante est bien pratique. En fait on en a 3. Une suspendue \u00e0 une sangle au dessus et les autres pour \u00e9tudier les documents ou retrouver les petites cuill\u00e8res.<\/p>\n<p>Des mini lampes individuelles sont un large plus.<\/p>\n<h2>La jeunesse<\/h2>\n<p>Faut bien quelqu&rsquo;un pour faire la vaisselle, aller chercher l&rsquo;eau pour les p\u00e2tes, ranger les courroies ou monter la tente vu que ranger la voiture, nettoyer les v\u00e9los\u00a0 ou faire la bouffe c&rsquo;est difficile pour eux.<\/p>\n<p>Et puis \u00e7a met de l&rsquo;ambiance, beaucoup d&rsquo;ambiance.<\/p>\n<p>Et contrairement aux id\u00e9es re\u00e7ues, \u00e7a ne reste pas vautr\u00e9 sous la tente surtout tant qu&rsquo;elle n&rsquo;est pas mont\u00e9e.<br \/>\n\u00c7a bouge et parle beaucoup.<\/p>\n<h2>Le lecteur MP3<\/h2>\n<blockquote><p><em><span class=\"st\">Sacha Guitry<\/span><\/em> disait \u00ab\u00a0Les femmes, je suis contre, {temps de pause} tout contre\u00a0\u00bb.<\/p><\/blockquote>\n<p>Moi aussi, mais concernant les baladeurs, je suis juste et simplement contre pour les raisons suivantes :<\/p>\n<ol>\n<li>Nous sommes en mouvements et repr\u00e9sentons donc un danger pour autrui et pour nous m\u00eame. Ne pas entendre le groupe d&rsquo;enfants jouant au foot sur un terrain vague et que nous cache un bosquet peut s&rsquo;av\u00e9rer dangereux si le ballon leur \u00e9chappe. Bref nous n&rsquo;anticipons rien vu que l&rsquo;on s&rsquo;est priv\u00e9 d&rsquo;un de nos 5 sens. Les voitures sont un danger pour nous, il nous faut les entendre.<\/li>\n<li>Le chant des oiseaux est bien meilleur pour nos tympans que certaines musiques de M&#8230;<\/li>\n<li>Il n&rsquo;y a rien de plus exasp\u00e9rant pour un traceur que de devoir beugler comme un forcen\u00e9 ou piquer un sprint pour indiquer \u00e0 celui\/celle de devant qu&rsquo;il faut se pr\u00e9parer \u00e0 tourner \u00e0 gauche au prochain croisement.<\/li>\n<\/ol>\n<p>&nbsp;<\/p>\n","protected":false},"excerpt":{"rendered":"<p>Petite apart\u00e9 sur l&rsquo;\u00e9quipement du cyclo-randonneur L\u00e0, je vous renvoie sur les sites, blogs et forums sur les cyclo-campeurs et tour-du-mondistes. Ils sont tr\u00e8s bien document\u00e9s. Je signalerai simplement mesdames et messieurs qu&rsquo;en cyclo-randonn\u00e9e, on voyage \u00e9quip\u00e9 mais l\u00e9ger. Ce n&rsquo;est pas parce que nous avons une voiture suiveuse, qu&rsquo;il faut la charger avec les [&hellip;]<\/p>\n","protected":false},"author":1,"featured_media":0,"parent":6,"menu_order":4,"comment_status":"closed","ping_status":"closed","template":"","meta":[],"jetpack_shortlink":"https:\/\/wp.me\/P80Whq-E","jetpack_sharing_enabled":true,"jetpack-related-posts":[{"id":6,"url":"http:\/\/www.auduteau.net\/cyclo\/le-voyage-en-soi\/","url_meta":{"origin":40,"position":0},"title":"Le voyage en soi","date":"5 octobre 2016","format":false,"excerpt":"Il s'agit l\u00e0 de faire un \u00e9tat des lieux de notre exp\u00e9rience au cours de l\u2019ensemble de nos circuits. Nous aborderons : Les pr\u00e9paratifs Le v\u00e9lo Les H\u00e9bergements L'\u00e9quipement Quel habillement emporter ? Le contenu de la trousse \u00e0 pharmacie Les outils trace GPS La Vie au camping De l'int\u00e9r\u00eat\u2026","rel":"","context":"Article similaire","img":{"alt_text":"","src":"","width":0,"height":0},"classes":[]},{"id":4,"url":"http:\/\/www.auduteau.net\/cyclo\/debut-de-lhistoire\/","url_meta":{"origin":40,"position":1},"title":"D\u00e9but de l&rsquo;histoire","date":"30 septembre 2016","format":false,"excerpt":"Apr\u00e8s avoir fait 20 ans de cabotage en mer (croisi\u00e8res c\u00f4ti\u00e8res en M\u00e9diterran\u00e9e et atlantique) nous nous sommes pos\u00e9s sur les c\u00f4tes et plages fran\u00e7aises pour passer nos vacances en s\u00e9dentaire avec nos filles. Quelque chose nous manquait. Cette s\u00e9dentarit\u00e9 ne nous correspondait pas totalement. Jusqu'au jour (2008) o\u00f9 mon\u2026","rel":"","context":"Article similaire","img":{"alt_text":"","src":"https:\/\/i0.wp.com\/www.auduteau.net\/cyclo\/wp-content\/uploads\/Map_Circuit-1.png?resize=350%2C200","width":350,"height":200},"classes":[]},{"id":89,"url":"http:\/\/www.auduteau.net\/cyclo\/le-voyage-en-soi\/de-linteret-de-la-voiture-suiveuse\/","url_meta":{"origin":40,"position":2},"title":"De l&rsquo;int\u00e9r\u00eat de la voiture suiveuse.","date":"5 octobre 2016","format":false,"excerpt":"Quand on part seul ou \u00e0 deux, aucun int\u00e9r\u00eat. Soit on fait une boucle \u00e0 v\u00e9lo soit on prend les transports r\u00e9gionaux pour revenir au point de d\u00e9part. Avec des enfants et une carriole cela devient plus dur. Si l'on part plus longtemps et pour un circuit cons\u00e9quent. La question\u2026","rel":"","context":"Article similaire","img":{"alt_text":"","src":"https:\/\/i0.wp.com\/www.auduteau.net\/cyclo\/wp-content\/uploads\/27Flandre-300x225.jpg?resize=350%2C200","width":350,"height":200},"classes":[]},{"id":8,"url":"http:\/\/www.auduteau.net\/cyclo\/cyclo-tourisme\/","url_meta":{"origin":40,"position":3},"title":"Cyclo-Tourisme","date":"25 septembre 2016","format":false,"excerpt":"Je commencerai par dire qu'il n'y a pas un cyclo-touriste mais des cyclo-touristes. C'est principalement li\u00e9 aux objectifs que l'on se fixe et chacun a les siens. De celui, qui se doit de faire ses 100Km par jour, en passant par la petite famille qui n'en fera que 5-15 pour\u2026","rel":"","context":"Article similaire","img":{"alt_text":"","src":"","width":0,"height":0},"classes":[]},{"id":12,"url":"http:\/\/www.auduteau.net\/cyclo\/cyclo-tourisme\/table-de-lois-du-cyclo-touriste\/","url_meta":{"origin":40,"position":4},"title":"Table de lois du Cyclo-Touriste","date":"25 septembre 2016","format":false,"excerpt":"Nous n'avons pas un v\u00e9lo de course et n'avons pas vocation \u00e0 faire une performance lorsque nous voyageons en cyclo-tourisme. Notre but est d'aller le plus loin et dans les meilleures conditions possibles. Il nous faut donc veiller \u00e0 la durabilit\u00e9 de notre mat\u00e9riel et \u00e0 notre int\u00e9grit\u00e9 physique. Et\u2026","rel":"","context":"Article similaire","img":{"alt_text":"","src":"https:\/\/i0.wp.com\/www.auduteau.net\/cyclo\/wp-content\/uploads\/table_lois.jpg?resize=350%2C200","width":350,"height":200},"classes":[]},{"id":152,"url":"http:\/\/www.auduteau.net\/cyclo\/le-voyage-en-soi\/152-2\/","url_meta":{"origin":40,"position":5},"title":"Quid de l&rsquo;habillement \u00e0 emporter ?","date":"5 octobre 2016","format":false,"excerpt":"D'autres Cyclo-touristes ont dress\u00e9 des listes d'affaires n\u00e9cessaires et suffisantes \u00e0 emporter. Je ne le referai donc pas. \u00c9galement, par le fait que c'est une question toute personnelle li\u00e9e \u00e0 son mode de vie, de sa tol\u00e9rance au froid et aux r\u00e9gions que l'on traverse. Chaque voyage \u00e0 ses particularit\u00e9s\u2026","rel":"","context":"Article similaire","img":{"alt_text":"","src":"https:\/\/i0.wp.com\/www.auduteau.net\/cyclo\/wp-content\/uploads\/2016\/09\/coupe-vent-300x225.jpg?resize=350%2C200","width":350,"height":200},"classes":[]}],"jetpack_likes_enabled":true,"_links":{"self":[{"href":"http:\/\/www.auduteau.net\/cyclo\/wp-json\/wp\/v2\/pages\/40"}],"collection":[{"href":"http:\/\/www.auduteau.net\/cyclo\/wp-json\/wp\/v2\/pages"}],"about":[{"href":"http:\/\/www.auduteau.net\/cyclo\/wp-json\/wp\/v2\/types\/page"}],"author":[{"embeddable":true,"href":"http:\/\/www.auduteau.net\/cyclo\/wp-json\/wp\/v2\/users\/1"}],"replies":[{"embeddable":true,"href":"http:\/\/www.auduteau.net\/cyclo\/wp-json\/wp\/v2\/comments?post=40"}],"version-history":[{"count":11,"href":"http:\/\/www.auduteau.net\/cyclo\/wp-json\/wp\/v2\/pages\/40\/revisions"}],"predecessor-version":[{"id":1711,"href":"http:\/\/www.auduteau.net\/cyclo\/wp-json\/wp\/v2\/pages\/40\/revisions\/1711"}],"up":[{"embeddable":true,"href":"http:\/\/www.auduteau.net\/cyclo\/wp-json\/wp\/v2\/pages\/6"}],"wp:attachment":[{"href":"http:\/\/www.auduteau.net\/cyclo\/wp-json\/wp\/v2\/media?parent=40"}],"curies":[{"name":"wp","href":"https:\/\/api.w.org\/{rel}","templated":true}]}}