{"id":1950,"date":"2016-09-25T19:39:28","date_gmt":"2016-09-25T17:39:28","guid":{"rendered":"http:\/\/www.auduteau.net\/cyclo\/?page_id=1950"},"modified":"2022-08-30T10:05:59","modified_gmt":"2022-08-30T08:05:59","slug":"piste-et-bande-cyclable","status":"publish","type":"page","link":"http:\/\/www.auduteau.net\/cyclo\/cyclo-tourisme\/piste-et-bande-cyclable\/","title":{"rendered":"Les pistes et bandes cyclables"},"content":{"rendered":"<p><a href=\"http:\/\/www.auduteau.net\/cyclo\/wp-content\/uploads\/Siglaletique_voie_cyclabe.png\"><img loading=\"lazy\" class=\"alignright size-thumbnail wp-image-1958\" src=\"http:\/\/www.auduteau.net\/cyclo\/wp-content\/uploads\/Siglaletique_voie_cyclabe-150x150.png\" alt=\"\" width=\"150\" height=\"150\" \/><\/a>Tout d\u2019abord, une d\u00e9finition, ensuite la r\u00e9glementation.<\/p>\n<h2>La piste cyclable<\/h2>\n<p>L\u2019article R110-2 du code de la route d\u00e9finit la piste cyclable comme \u00e9tant une \u00ab chauss\u00e9e exclusivement r\u00e9serv\u00e9e aux cycles \u00e0 deux ou trois roues et aux engins de d\u00e9placement personnel motoris\u00e9s \u00bb (y compris ceux \u00e0 p\u00e9dalage assist\u00e9), conduits par des usagers de plus de 8 ans.<\/p>\n<p>Toutefois, pour pouvoir les qualifier de pistes cyclables, le code de la route pr\u00e9voit que ces derni\u00e8res doivent \u00eatre isol\u00e9es par rapport aux autres usagers et physiquement s\u00e9par\u00e9es de la chauss\u00e9e.<\/p>\n<p>Pour faciliter la circulation, la largeur des pistes cyclables est r\u00e9glement\u00e9e et doit \u00eatre :<\/p>\n<ul>\n<li>de 2,16 m\u00e8tres pour une piste \u00e0 sens unique,<\/li>\n<li>de 3 m\u00e8tres pour une piste cyclable bidirectionnelle.<\/li>\n<\/ul>\n<p>Par ailleurs, si la piste cyclable se situe dans le sens oppos\u00e9 \u00e0 la circulation, il est recommand\u00e9 d\u2019y ajouter une bande compl\u00e9mentaire de 50 cm.<\/p>\n<p>On voit que dans beaucoup de cas, on est loin du compte.<\/p>\n<p>A sens unique, si c&rsquo;est inf\u00e9rieur \u00e0 2.16m, c&rsquo;est donc une bande cyclable.<\/p>\n<h2>La bande cyclable<\/h2>\n<p>La bande cyclable n\u2019est pas s\u00e9par\u00e9e de la chauss\u00e9e mais la longent. En d\u2019autres termes, les bandes cyclables sont des files de circulation qui font partie int\u00e9grante des voies. Elles peuvent \u00e9ventuellement \u00eatre s\u00e9par\u00e9s de la chauss\u00e9e par un terre plein.<\/p>\n<p>Elles se trouvent donc toujours \u00e0 droite de la chauss\u00e9e. En France, on roule \u00e0 droite.<\/p>\n<h2>R\u00e9glementation<\/h2>\n<p>Le sens de circulation sur les deux types de voie est marqu\u00e9 sur la voie par un petit v\u00e9lo (quelque fois surmont\u00e9 d\u2019un fl\u00e8che indiquant le sens de circulation ou juste par une fl\u00e8che)<\/p>\n<p>Si vous voyez le v\u00e9lo ou la fl\u00e8che \u00e0 l\u2019envers retourn\u00e9, vous \u00eates \u00e0 contresens de circulation <strong>donc en tort<\/strong>.<\/p>\n<p>Si, vue du sens de circulation voiture dans une rue \u00e0 sens unique, la bande cyclable se trouve \u00e0 gauche de la chauss\u00e9e, cela signifie que si vous faite face au flux voiture elle est sur votre droite. Vous devez donc la prendre \u00e0 contresens des voitures.<br \/>\nSi vous la prenez dans le sens des voitures et donc \u00e0 gauche,<strong> vous \u00eates en tort<\/strong>.<\/p>\n<p>Donc s\u2019il n\u2019y a pas de marquage au sol, pensez toujours<strong> \u00ab Est-elle \u00e0 droite de la chauss\u00e9e ? \u00bb<\/strong> pour \u00eatre dans le bon sens.<\/p>\n<p>Dernier point\u00a0 : une piste ou bande cyclable n&rsquo;est pas un v\u00e9lodrome et donc <strong>la vitesse est \u00e0 peine plus que celle d&rsquo;un bon marcheur<\/strong> en zone urbaine o\u00f9 le trottoir est en proximit\u00e9<strong>.<\/strong><\/p>\n","protected":false},"excerpt":{"rendered":"<p>Tout d\u2019abord, une d\u00e9finition, ensuite la r\u00e9glementation. La piste cyclable L\u2019article R110-2 du code de la route d\u00e9finit la piste cyclable comme \u00e9tant une \u00ab chauss\u00e9e exclusivement r\u00e9serv\u00e9e aux cycles \u00e0 deux ou trois roues et aux engins de d\u00e9placement personnel motoris\u00e9s \u00bb (y compris ceux \u00e0 p\u00e9dalage assist\u00e9), conduits par des usagers de plus [&hellip;]<\/p>\n","protected":false},"author":1,"featured_media":0,"parent":8,"menu_order":4,"comment_status":"closed","ping_status":"closed","template":"","meta":[],"jetpack_shortlink":"https:\/\/wp.me\/P80Whq-vs","jetpack_sharing_enabled":true,"jetpack-related-posts":[{"id":672,"url":"http:\/\/www.auduteau.net\/cyclo\/cyclo-tourisme\/circuler-sur-route-ou-pistes-cyclables\/","url_meta":{"origin":1950,"position":0},"title":"Circuler sur routes ou pistes cyclables","date":"25 septembre 2016","format":false,"excerpt":"Comment ne pas perdre son groupe ? Eh oui, nous sommes en groupe et ne naviguons pas tous au m\u00eame rythme et il n'est pas rare d'avoir de grands \u00e9carts entre les premiers et les derniers m\u00eame si nous sommes plus en mode visite et assez soud\u00e9s. Sans pour autant\u2026","rel":"","context":"Article similaire","img":{"alt_text":"","src":"https:\/\/i0.wp.com\/www.auduteau.net\/cyclo\/wp-content\/uploads\/piste-225x300.jpg?resize=350%2C200","width":350,"height":200},"classes":[]},{"id":110,"url":"http:\/\/www.auduteau.net\/cyclo\/cyclo-tourisme\/reglementations\/","url_meta":{"origin":1950,"position":1},"title":"R\u00e9glementations","date":"25 septembre 2016","format":false,"excerpt":"Les panneaux \u00e0 connaitre Peut-on perdre des points de permis de conduire ? M\u00eame si on a pu lire certains t\u00e9moignages sur le sujet, la r\u00e9ponse est NON. En tant que cycliste, on ne perdra pas de points en cas d'infraction au code de la route, on se prendra une\u2026","rel":"","context":"Article similaire","img":{"alt_text":"","src":"https:\/\/i0.wp.com\/www.auduteau.net\/cyclo\/wp-content\/uploads\/sr_panneaux_velo_site-3_0.jpg?resize=350%2C200","width":350,"height":200},"classes":[]},{"id":773,"url":"http:\/\/www.auduteau.net\/cyclo\/debut-de-lhistoire\/2017-week-end-en-baie-de-somme\/","url_meta":{"origin":1950,"position":2},"title":"2017 &#8211; Week-end en baie de Somme","date":"30 septembre 2016","format":false,"excerpt":"Galerie photos \u00c0 la base, pour ce week-end, l'objectif \u00e9tait de faire le tour complet de la baie. Comme \u00e0 notre habitude, \u00e0 force de faire les choses au dernier moment, nous avons rat\u00e9 la r\u00e9servation de notre pied \u00e0 terre. \u00c0 l'origine on ciblait central \u00e0 Noyelles sur mer\u2026","rel":"","context":"Article similaire","img":{"alt_text":"","src":"https:\/\/i0.wp.com\/www.auduteau.net\/cyclo\/wp-content\/uploads\/P1000007.jpg?resize=350%2C200","width":350,"height":200},"classes":[]},{"id":119,"url":"http:\/\/www.auduteau.net\/cyclo\/cyclo-tourisme\/les-voies-vertes\/","url_meta":{"origin":1950,"position":3},"title":"Les voies vertes","date":"25 septembre 2016","format":false,"excerpt":"Il existe un r\u00e9seau de voies vertes qui se d\u00e9veloppe en France. Mais toutes ne sont pas s\u00e9curis\u00e9es et d\u00e9di\u00e9es au v\u00e9lo (ou partag\u00e9s promeneur\/V\u00e9lo\/Roller...). Et toutes les voies cyclables ne sont pas forcements r\u00e9f\u00e9renc\u00e9es. On entre dans le domaine r\u00e9gional. Savoir avec exactitude l'\u00e9tendu du r\u00e9seau dans la\/les r\u00e9gion(s)\u2026","rel":"","context":"Article similaire","img":{"alt_text":"","src":"https:\/\/i0.wp.com\/www.auduteau.net\/cyclo\/wp-content\/uploads\/176F68FE-3B8C-4EC1-BD68-7E6FA90B3824-265x300.jpeg?resize=350%2C200","width":350,"height":200},"classes":[]},{"id":195,"url":"http:\/\/www.auduteau.net\/cyclo\/debut-de-lhistoire\/2016-belle-ile-en-mer-roscoff\/","url_meta":{"origin":1950,"position":4},"title":"2016 : Belle Ile en mer &#8211; Roscoff","date":"30 septembre 2016","format":false,"excerpt":"Voir le parcours Distance :\u00a0\u00a0\u00a0\u00a0\u00a0\u00a0\u00a0\u00a0\u00a0\u00a0\u00a0\u00a0\u00a0\u00a0\u00a0\u00a0\u00a0\u00a0\u00a0\u00a0\u00a0\u00a0\u00a0\u00a0 527 km D\u00e9nivel\u00e9 Montant\u00a0\u00a0\u00a0\u00a0\u00a0 : 6 033 m D\u00e9nivel\u00e9\u00a0 descendant: 6 095 m Altitude maximum \u00a0 \u00a0 :\u00a0\u00a0\u00a0\u00a0 199 m Altitude minimum \u00a0 \u00a0 : \u00a0 \u00a0 \u00a0 -2 m Galerie photos circuit 2016 - Bretagne Nord Circuit de l'\u00e9t\u00e9 2016, nous avions pour objectif\u2026","rel":"","context":"Article similaire","img":{"alt_text":"","src":"https:\/\/i0.wp.com\/www.auduteau.net\/cyclo\/wp-content\/uploads\/2016\/09\/2016-map-300x300.png?resize=350%2C200","width":350,"height":200},"classes":[]},{"id":199,"url":"http:\/\/www.auduteau.net\/cyclo\/debut-de-lhistoire\/2013-ile-doleron-marais-poitevin\/","url_meta":{"origin":1950,"position":5},"title":"2013 : Ile d&rsquo;Ol\u00e9ron &#8211; Marais Poitevin","date":"30 septembre 2016","format":false,"excerpt":"Voir le parcours Distance :\u00a0\u00a0\u00a0\u00a0\u00a0\u00a0\u00a0\u00a0\u00a0\u00a0\u00a0\u00a0\u00a0\u00a0\u00a0\u00a0\u00a0\u00a0\u00a0\u00a0\u00a0\u00a0\u00a0\u00a0 494 km D\u00e9nivel\u00e9 Montant\u00a0\u00a0\u00a0\u00a0\u00a0 : 2 089 m D\u00e9nivel\u00e9\u00a0 descendant: 2 201 m Altitude maximum \u00a0 \u00a0 :\u00a0\u00a0\u00a0\u00a0\u00a0\u00a0 35 m Altitude minimum \u00a0 \u00a0 : \u00a0 \u00a0 \u00a0 -2 m 2010 sans aucune pr\u00e9paration. 2012 avec un semblant de pr\u00e9paration. 2013 nous avons voulu tirer\u2026","rel":"","context":"Article similaire","img":{"alt_text":"","src":"https:\/\/i0.wp.com\/www.auduteau.net\/cyclo\/wp-content\/uploads\/2016\/09\/2013-map-300x260.png?resize=350%2C200","width":350,"height":200},"classes":[]}],"jetpack_likes_enabled":true,"_links":{"self":[{"href":"http:\/\/www.auduteau.net\/cyclo\/wp-json\/wp\/v2\/pages\/1950"}],"collection":[{"href":"http:\/\/www.auduteau.net\/cyclo\/wp-json\/wp\/v2\/pages"}],"about":[{"href":"http:\/\/www.auduteau.net\/cyclo\/wp-json\/wp\/v2\/types\/page"}],"author":[{"embeddable":true,"href":"http:\/\/www.auduteau.net\/cyclo\/wp-json\/wp\/v2\/users\/1"}],"replies":[{"embeddable":true,"href":"http:\/\/www.auduteau.net\/cyclo\/wp-json\/wp\/v2\/comments?post=1950"}],"version-history":[{"count":13,"href":"http:\/\/www.auduteau.net\/cyclo\/wp-json\/wp\/v2\/pages\/1950\/revisions"}],"predecessor-version":[{"id":2019,"href":"http:\/\/www.auduteau.net\/cyclo\/wp-json\/wp\/v2\/pages\/1950\/revisions\/2019"}],"up":[{"embeddable":true,"href":"http:\/\/www.auduteau.net\/cyclo\/wp-json\/wp\/v2\/pages\/8"}],"wp:attachment":[{"href":"http:\/\/www.auduteau.net\/cyclo\/wp-json\/wp\/v2\/media?parent=1950"}],"curies":[{"name":"wp","href":"https:\/\/api.w.org\/{rel}","templated":true}]}}