{"id":152,"date":"2016-10-05T00:30:45","date_gmt":"2016-10-04T22:30:45","guid":{"rendered":"http:\/\/www.auduteau.net\/cyclo\/?page_id=152"},"modified":"2022-09-02T12:08:04","modified_gmt":"2022-09-02T10:08:04","slug":"152-2","status":"publish","type":"page","link":"http:\/\/www.auduteau.net\/cyclo\/le-voyage-en-soi\/152-2\/","title":{"rendered":"Quid de l&rsquo;habillement \u00e0 emporter ?"},"content":{"rendered":"<div>\n<div>\n<p>D&rsquo;autres Cyclo-touristes ont dress\u00e9 des listes d&rsquo;affaires n\u00e9cessaires et suffisantes \u00e0 emporter. Je ne le referai donc pas.<\/p>\n<\/div>\n<div><a href=\"http:\/\/www.auduteau.net\/cyclo\/wp-content\/uploads\/2016\/09\/coupe-vent.jpg\"><img loading=\"lazy\" class=\"aligncenter wp-image-155 size-medium\" src=\"http:\/\/www.auduteau.net\/cyclo\/wp-content\/uploads\/2016\/09\/coupe-vent-300x225.jpg\" alt=\"coupe-vent\" width=\"300\" height=\"225\" srcset=\"http:\/\/www.auduteau.net\/cyclo\/wp-content\/uploads\/2016\/09\/coupe-vent-300x225.jpg 300w, http:\/\/www.auduteau.net\/cyclo\/wp-content\/uploads\/2016\/09\/coupe-vent-768x576.jpg 768w, http:\/\/www.auduteau.net\/cyclo\/wp-content\/uploads\/2016\/09\/coupe-vent.jpg 800w\" sizes=\"(max-width: 300px) 100vw, 300px\" \/><\/a><\/div>\n<div><\/div>\n<div>\n<div id=\"attachment_156\" style=\"width: 235px\" class=\"wp-caption alignright\"><a href=\"http:\/\/www.auduteau.net\/cyclo\/wp-content\/uploads\/2016\/09\/Doudoune.jpg\"><img aria-describedby=\"caption-attachment-156\" loading=\"lazy\" class=\"wp-image-156 size-medium\" src=\"http:\/\/www.auduteau.net\/cyclo\/wp-content\/uploads\/2016\/09\/Doudoune-225x300.jpg\" alt=\"Pyjama sac de couchage\" width=\"225\" height=\"300\" srcset=\"http:\/\/www.auduteau.net\/cyclo\/wp-content\/uploads\/2016\/09\/Doudoune-225x300.jpg 225w, http:\/\/www.auduteau.net\/cyclo\/wp-content\/uploads\/2016\/09\/Doudoune.jpg 720w\" sizes=\"(max-width: 225px) 100vw, 225px\" \/><\/a><p id=\"caption-attachment-156\" class=\"wp-caption-text\">Pyjama sac de couchage<\/p><\/div>\n<p>\u00c9galement, par le fait que c&rsquo;est une question toute personnelle li\u00e9e \u00e0 son mode de vie, de sa tol\u00e9rance au froid et aux r\u00e9gions que l&rsquo;on traverse. Chaque voyage \u00e0 ses particularit\u00e9s et ses objectifs propres.<\/p>\n<\/div>\n<h2>\u00a0Un point de focus<\/h2>\n<div>Je rappellerai que nous partons l&rsquo;\u00e9t\u00e9 en g\u00e9n\u00e9ral et qu&rsquo;ils sont de moins en moins pluvieux. Mais cela arrive quand m\u00eame. Donc le coupe-vent, le vrai, pas le K-way qui vous \u00e9touffe est une n\u00e9cessit\u00e9 absolue (respirant et d\u00e9perlant). La petite laine du soir \u00e9galement.<\/div>\n<div>Le poncho est tr\u00e8s pratique pour ses usages multiples mais il offre aussi une prise au vent maximale pour ceux qui s&rsquo;assoient dessus.<\/div>\n<div><\/div>\n<div>\u00c9galement, que nous transportons tout, donc, pr\u00e9voir l\u00e9ger en poids en termes d&rsquo;habillement. \u00c9tant un cas particulier avec notre voiture suiveuse, on constate bien les exc\u00e8s de fringues qui ne sont jamais port\u00e9es pendant les 15 jours.<\/div>\n<div>Donc, faites un constat de ce qui n&rsquo;a d\u00e9j\u00e0 pas servi pendant vos vacances s\u00e9dentaires.<\/div>\n<div>\n<h2>La petite laine<\/h2>\n<p>Un petit paragraphe sp\u00e9cial sur ce th\u00e8me.<\/p>\n<p>On a beau partir l&rsquo;\u00e9t\u00e9, quelques fois, les soir\u00e9es et les nuits sont fra\u00eeches.<\/p>\n<p>Un tee-shirt manches longues en laine m\u00e9rinos 200mg apporte un \u00e9norme plus.<\/p>\n<p>Cette laine a pour avantage d&rsquo;\u00eatre r\u00e9gulatrice de temp\u00e9rature peu sujette \u00e0 la transpiration et apporte au corps une temp\u00e9rature constante et agr\u00e9able m\u00eame par grosse chaleur.<\/p>\n<p>Elle a aussi l&rsquo;avantage de peu retenir les odeurs.\u00a0 en plus de celle du soir, mes teeshirt de jour (160mg)\u00a0 sont \u00e9galement en m\u00e9rinos.<\/p>\n<p>Par \u00e9t\u00e9 frais ou extr\u00eamement chaud, le m\u00e9rinos est id\u00e9al. C&rsquo;est valable pour le chaussettes aussi.<\/p>\n<h2>Le cuissard<\/h2>\n<p>De un, je suis pass\u00e9 \u00e0 deux cuissards (question lessive).<\/p>\n<p>C&rsquo;est vraiment le v\u00eatement id\u00e9al pour le cycliste question confort sur la selle. Op\u00e9ration tout en un, pas de cale\u00e7on qui vous rentre dans les fesses, rembourr\u00e9 avec du gel et tr\u00e8s agr\u00e9able \u00e0 porter avec sa peau de chamois. Et, quand il bruine, aucune comparaison possible avec le short long en coton qui lui restera impr\u00e9gn\u00e9 d&rsquo;eau et mettra un temps certain \u00e0 s\u00e9cher.<\/p>\n<p>Le petit moins, pas de poches pour ses petites affaires lors des visites de patrimoines (option short multi-poches par-dessus \u00e0 ces moments l\u00e0)<\/p>\n<\/div>\n<h2>La lessive<\/h2>\n<p>Dans les h\u00e9bergements\/camping, une machine \u00e0 laver est \u00e0 souvent \u00e0 disposition.<br \/>\nL&rsquo;h\u00f4tellerie, je n&rsquo;en sais rien, c&rsquo;est donc une question \u00e0 poser en faisant son plan de route et ses r\u00e9servations.<\/p>\n<p>Donc une halte lessive est toujours possible et m\u00eame recommand\u00e9e et permet de limiter le nombre d&rsquo;affaires personnelles \u00e0 emmener.<\/p>\n<p>Cela implique de pr\u00e9voir la lessive en pastille sous sachet, le fil \u00e0 linge et les \u00e9pingles \u00e0 linge.<\/p>\n<p>D&rsquo;exp\u00e9rience, il est plus pratique de la faire en camping, car l&rsquo;espace dans une chambr\u00e9e n&rsquo;est pas d\u00e9di\u00e9 au s\u00e9chage ni sp\u00e9cialement a\u00e9r\u00e9 et certaines fois partag\u00e9 (rarement) avec d&rsquo;autres randonneurs. Il est quand m\u00eame assez courant qu&rsquo;un fil d&rsquo;\u00e9tendage ext\u00e9rieur soit mis \u00e0 disposition par l&rsquo;h\u00e9bergeur.<\/p>\n<p>Du point de vue pratique, cette passe lessive se programme lorsque l&rsquo;on reste plus d&rsquo;une nuit au m\u00eame endroit.<br \/>\nDans la pr\u00e9paration du voyage, c&rsquo;est une notion a int\u00e9gr\u00e9.<\/p>\n<h2><u>Liens sur quelques blogs liste \u00e9quipements<br \/>\n<\/u><\/h2>\n<ul>\n<li><a href=\"http:\/\/autourde.lamigration.com\/velo\/equipement\" target=\"_blank\" rel=\"noopener noreferrer\">Autour de la migration<\/a><\/li>\n<li><a href=\"http:\/\/fred.ferchaux.free.fr\/divers\/cyclocam.htm\" target=\"_blank\" rel=\"noopener noreferrer\">red fer chaud<\/a><\/li>\n<li><a href=\"https:\/\/velovoyageur.wordpress.com\/2011\/12\/15\/quemporter-en-voyage-en-velo-lequipement\/\" target=\"_blank\" rel=\"noopener noreferrer\">Velo voyageur<\/a><\/li>\n<li><a href=\"http:\/\/www.expemag.com\/technique\/liste-de-materiel-pour-le-voyage-a-velo.html\" target=\"_blank\" rel=\"noopener noreferrer\">Expemag<\/a><\/li>\n<li><a href=\"http:\/\/cbandiera.free.fr\/\" target=\"_blank\" rel=\"noopener noreferrer\" class=\"broken_link\">Un site complet<\/a><\/li>\n<\/ul>\n<\/div>\n","protected":false},"excerpt":{"rendered":"<p>D&rsquo;autres Cyclo-touristes ont dress\u00e9 des listes d&rsquo;affaires n\u00e9cessaires et suffisantes \u00e0 emporter. Je ne le referai donc pas. \u00c9galement, par le fait que c&rsquo;est une question toute personnelle li\u00e9e \u00e0 son mode de vie, de sa tol\u00e9rance au froid et aux r\u00e9gions que l&rsquo;on traverse. Chaque voyage \u00e0 ses particularit\u00e9s et ses objectifs propres. \u00a0Un [&hellip;]<\/p>\n","protected":false},"author":1,"featured_media":0,"parent":6,"menu_order":5,"comment_status":"closed","ping_status":"closed","template":"","meta":[],"jetpack_shortlink":"https:\/\/wp.me\/P80Whq-2s","jetpack_sharing_enabled":true,"jetpack-related-posts":[{"id":6,"url":"http:\/\/www.auduteau.net\/cyclo\/le-voyage-en-soi\/","url_meta":{"origin":152,"position":0},"title":"Le voyage en soi","date":"5 octobre 2016","format":false,"excerpt":"Il s'agit l\u00e0 de faire un \u00e9tat des lieux de notre exp\u00e9rience au cours de l\u2019ensemble de nos circuits. Nous aborderons : Les pr\u00e9paratifs Le v\u00e9lo Les H\u00e9bergements L'\u00e9quipement Quel habillement emporter ? Le contenu de la trousse \u00e0 pharmacie Les outils trace GPS La Vie au camping De l'int\u00e9r\u00eat\u2026","rel":"","context":"Article similaire","img":{"alt_text":"","src":"","width":0,"height":0},"classes":[]},{"id":80,"url":"http:\/\/www.auduteau.net\/cyclo\/cyclo-tourisme\/un-vae-pour-du-cyclo-tourisme\/","url_meta":{"origin":152,"position":1},"title":"Un VAE pour du cyclo-tourisme ?","date":"25 septembre 2016","format":false,"excerpt":"Pourquoi pas ! Ce n'est pas une tare. Certains VTTeurs en r\u00e9gions montagneuses sont \u00e9quip\u00e9s. Leurs plaisirs, c'est de crapahuter dans la montagne pas de se bousiller les genoux. Avec l'\u00e2ge ou avec un handicap, \u00e7a se justifie pleinement \u00e9galement. \u00c0 tout \u00e2ge aussi. Par contre, cela apporte des contraintes\u2026","rel":"","context":"Article similaire","img":{"alt_text":"","src":"https:\/\/i0.wp.com\/www.auduteau.net\/cyclo\/wp-content\/uploads\/2016\/09\/VAE2-300x200.jpg?resize=350%2C200","width":350,"height":200},"classes":[]},{"id":12,"url":"http:\/\/www.auduteau.net\/cyclo\/cyclo-tourisme\/table-de-lois-du-cyclo-touriste\/","url_meta":{"origin":152,"position":2},"title":"Table de lois du Cyclo-Touriste","date":"25 septembre 2016","format":false,"excerpt":"Nous n'avons pas un v\u00e9lo de course et n'avons pas vocation \u00e0 faire une performance lorsque nous voyageons en cyclo-tourisme. Notre but est d'aller le plus loin et dans les meilleures conditions possibles. Il nous faut donc veiller \u00e0 la durabilit\u00e9 de notre mat\u00e9riel et \u00e0 notre int\u00e9grit\u00e9 physique. Et\u2026","rel":"","context":"Article similaire","img":{"alt_text":"","src":"https:\/\/i0.wp.com\/www.auduteau.net\/cyclo\/wp-content\/uploads\/table_lois.jpg?resize=350%2C200","width":350,"height":200},"classes":[]},{"id":773,"url":"http:\/\/www.auduteau.net\/cyclo\/debut-de-lhistoire\/2017-week-end-en-baie-de-somme\/","url_meta":{"origin":152,"position":3},"title":"2017 &#8211; Week-end en baie de Somme","date":"30 septembre 2016","format":false,"excerpt":"Galerie photos \u00c0 la base, pour ce week-end, l'objectif \u00e9tait de faire le tour complet de la baie. Comme \u00e0 notre habitude, \u00e0 force de faire les choses au dernier moment, nous avons rat\u00e9 la r\u00e9servation de notre pied \u00e0 terre. \u00c0 l'origine on ciblait central \u00e0 Noyelles sur mer\u2026","rel":"","context":"Article similaire","img":{"alt_text":"","src":"https:\/\/i0.wp.com\/www.auduteau.net\/cyclo\/wp-content\/uploads\/P1000007.jpg?resize=350%2C200","width":350,"height":200},"classes":[]},{"id":2260,"url":"http:\/\/www.auduteau.net\/cyclo\/debut-de-lhistoire\/2025-alsace\/","url_meta":{"origin":152,"position":4},"title":"2025 &#8211; Alsace","date":"1 octobre 2016","format":false,"excerpt":"Distance : 450 Km D\u00e9nivel\u00e9 montant : 2778 m D\u00e9nivel\u00e9 descendant : 2769 m Apr\u00e8s avoir h\u00e9sit\u00e9 pour faire le tour des lacs Suisse, nous avons jet\u00e9 notre d\u00e9volu sur le tour de l\u2019Alsace. Et finalement, ce fut un tr\u00e8s bon choix. B\u00e9atrice se remettant toujours de sa chute de\u2026","rel":"","context":"Article similaire","img":{"alt_text":"","src":"https:\/\/i0.wp.com\/www.auduteau.net\/cyclo\/wp-content\/uploads\/IMG_9116-scaled.jpeg?resize=350%2C200","width":350,"height":200},"classes":[]},{"id":1157,"url":"http:\/\/www.auduteau.net\/cyclo\/debut-de-lhistoire\/2018-boucle-perigord-gironde\/","url_meta":{"origin":152,"position":5},"title":"2018 -Boucle P\u00e9rigord\/Gironde","date":"30 septembre 2016","format":false,"excerpt":"En Mode pr\u00e9paration l'id\u00e9e \u00e9tait l\u00e0 : la descente de la Dordogne, la remont\u00e9e par la vall\u00e9e de l'Isle puis celle de la V\u00e9z\u00e8re pour rejoindre notre point de d\u00e9part : Sarlat. Feu d'artifice des plus beaux villages de France : Sarlat la Can\u00e9da Domme La Roque Gageac Castelnaud la\u2026","rel":"","context":"Article similaire","img":{"alt_text":"","src":"","width":0,"height":0},"classes":[]}],"jetpack_likes_enabled":true,"_links":{"self":[{"href":"http:\/\/www.auduteau.net\/cyclo\/wp-json\/wp\/v2\/pages\/152"}],"collection":[{"href":"http:\/\/www.auduteau.net\/cyclo\/wp-json\/wp\/v2\/pages"}],"about":[{"href":"http:\/\/www.auduteau.net\/cyclo\/wp-json\/wp\/v2\/types\/page"}],"author":[{"embeddable":true,"href":"http:\/\/www.auduteau.net\/cyclo\/wp-json\/wp\/v2\/users\/1"}],"replies":[{"embeddable":true,"href":"http:\/\/www.auduteau.net\/cyclo\/wp-json\/wp\/v2\/comments?post=152"}],"version-history":[{"count":14,"href":"http:\/\/www.auduteau.net\/cyclo\/wp-json\/wp\/v2\/pages\/152\/revisions"}],"predecessor-version":[{"id":2051,"href":"http:\/\/www.auduteau.net\/cyclo\/wp-json\/wp\/v2\/pages\/152\/revisions\/2051"}],"up":[{"embeddable":true,"href":"http:\/\/www.auduteau.net\/cyclo\/wp-json\/wp\/v2\/pages\/6"}],"wp:attachment":[{"href":"http:\/\/www.auduteau.net\/cyclo\/wp-json\/wp\/v2\/media?parent=152"}],"curies":[{"name":"wp","href":"https:\/\/api.w.org\/{rel}","templated":true}]}}