{"id":1486,"date":"2017-09-11T10:34:00","date_gmt":"2017-09-11T08:34:00","guid":{"rendered":"http:\/\/www.auduteau.net\/cyclo\/?page_id=1486"},"modified":"2021-09-08T16:50:40","modified_gmt":"2021-09-08T14:50:40","slug":"2019-dax-3-petites-boucles-galerie","status":"publish","type":"page","link":"http:\/\/www.auduteau.net\/cyclo\/galeries-photos\/2019-dax-3-petites-boucles-galerie\/","title":{"rendered":"2019 &#8211; DAX &#8211; 3 petites boucles &#8211; Galerie"},"content":{"rendered":"<p>\r\n\t\t\t\t\t\n\r\n\t\t\t\t\t<!-- START UNITE GALLERY 1.7.44 -->\r\n\t\t\t\t\t\r\n\t\t\t\t\n\t\t\t<div id='unitegallery_26_1' class='unite-gallery' style='margin:0px auto;'>\n\t\t\t\t\n\n\t\t\t\t\t\t<img alt=\"Gamarde les Bains - Route du Moulin - d\u00e9part pour le chemin SJC\"\n\t\t\t\t\t\t     src=\"\" data-image=\"http:\/\/www.auduteau.net\/cyclo\/wp-content\/uploads\/IMG_3840_25_09_2020.jpg\"\n\t\t\t\t\t\t     data-thumb=\"http:\/\/www.auduteau.net\/cyclo\/wp-content\/uploads\/IMG_3840_25_09_2020-300x225.jpg\"\n\t\t\t\t\t\t     title=\"\"\n\t\t\t\t\t\t     style=\"display:none\">\n\n\t\t\t\t\t\t<img alt=\"Onard - Chemin du Moulin\"\n\t\t\t\t\t\t     src=\"\" data-image=\"http:\/\/www.auduteau.net\/cyclo\/wp-content\/uploads\/IMG_3754_25_09_2020.jpg\"\n\t\t\t\t\t\t     data-thumb=\"http:\/\/www.auduteau.net\/cyclo\/wp-content\/uploads\/IMG_3754_25_09_2020-225x300.jpg\"\n\t\t\t\t\t\t     title=\"\"\n\t\t\t\t\t\t     style=\"display:none\">\n\n\t\t\t\t\t\t<img alt=\"Vick d'Auribat\"\n\t\t\t\t\t\t     src=\"\" data-image=\"http:\/\/www.auduteau.net\/cyclo\/wp-content\/uploads\/IMG_3761_25_09_2020.jpg\"\n\t\t\t\t\t\t     data-thumb=\"http:\/\/www.auduteau.net\/cyclo\/wp-content\/uploads\/IMG_3761_25_09_2020-225x300.jpg\"\n\t\t\t\t\t\t     title=\"\"\n\t\t\t\t\t\t     style=\"display:none\">\n\n\t\t\t\t\t\t<img alt=\"Saint Sever - Eglise abbatiale\"\n\t\t\t\t\t\t     src=\"\" data-image=\"http:\/\/www.auduteau.net\/cyclo\/wp-content\/uploads\/IMG_3786_25_09_2020.jpg\"\n\t\t\t\t\t\t     data-thumb=\"http:\/\/www.auduteau.net\/cyclo\/wp-content\/uploads\/IMG_3786_25_09_2020-300x225.jpg\"\n\t\t\t\t\t\t     title=\"\"\n\t\t\t\t\t\t     style=\"display:none\">\n\n\t\t\t\t\t\t<img alt=\"Saint Sever\"\n\t\t\t\t\t\t     src=\"\" data-image=\"http:\/\/www.auduteau.net\/cyclo\/wp-content\/uploads\/IMG_3796_25_09_2020.jpg\"\n\t\t\t\t\t\t     data-thumb=\"http:\/\/www.auduteau.net\/cyclo\/wp-content\/uploads\/IMG_3796_25_09_2020-225x300.jpg\"\n\t\t\t\t\t\t     title=\"\"\n\t\t\t\t\t\t     style=\"display:none\">\n\n\t\t\t\t\t\t<img alt=\"Cassens - Etang\"\n\t\t\t\t\t\t     src=\"\" data-image=\"http:\/\/www.auduteau.net\/cyclo\/wp-content\/uploads\/IMG_3797_25_09_2020.jpg\"\n\t\t\t\t\t\t     data-thumb=\"http:\/\/www.auduteau.net\/cyclo\/wp-content\/uploads\/IMG_3797_25_09_2020-300x225.jpg\"\n\t\t\t\t\t\t     title=\"\"\n\t\t\t\t\t\t     style=\"display:none\">\n\n\t\t\t\t\t\t<img alt=\"Gouts - \u00e9tangs - Route de l'Adour\"\n\t\t\t\t\t\t     src=\"\" data-image=\"http:\/\/www.auduteau.net\/cyclo\/wp-content\/uploads\/IMG_3803_25_09_2020.jpg\"\n\t\t\t\t\t\t     data-thumb=\"http:\/\/www.auduteau.net\/cyclo\/wp-content\/uploads\/IMG_3803_25_09_2020-300x225.jpg\"\n\t\t\t\t\t\t     title=\"\"\n\t\t\t\t\t\t     style=\"display:none\">\n\n\t\t\t\t\t\t<img alt=\"Montfort en Chalosse - Voie verte\"\n\t\t\t\t\t\t     src=\"\" data-image=\"http:\/\/www.auduteau.net\/cyclo\/wp-content\/uploads\/IMG_3809_25_09_2020.jpg\"\n\t\t\t\t\t\t     data-thumb=\"http:\/\/www.auduteau.net\/cyclo\/wp-content\/uploads\/IMG_3809_25_09_2020-225x300.jpg\"\n\t\t\t\t\t\t     title=\"\"\n\t\t\t\t\t\t     style=\"display:none\">\n\n\t\t\t\t\t\t<img alt=\"Hagetmau - Crypte de Saint-Girons\"\n\t\t\t\t\t\t     src=\"\" data-image=\"http:\/\/www.auduteau.net\/cyclo\/wp-content\/uploads\/IMG_3816_25_09_2020.jpg\"\n\t\t\t\t\t\t     data-thumb=\"http:\/\/www.auduteau.net\/cyclo\/wp-content\/uploads\/IMG_3816_25_09_2020-300x225.jpg\"\n\t\t\t\t\t\t     title=\"\"\n\t\t\t\t\t\t     style=\"display:none\">\n\n\t\t\t\t\t\t<img alt=\"Hagetmau - Crypte de Saint-Girons\"\n\t\t\t\t\t\t     src=\"\" data-image=\"http:\/\/www.auduteau.net\/cyclo\/wp-content\/uploads\/IMG_3817_25_09_2020.jpg\"\n\t\t\t\t\t\t     data-thumb=\"http:\/\/www.auduteau.net\/cyclo\/wp-content\/uploads\/IMG_3817_25_09_2020-225x300.jpg\"\n\t\t\t\t\t\t     title=\"\"\n\t\t\t\t\t\t     style=\"display:none\">\n\n\t\t\t\t\t\t<img alt=\"Hagetmau - Crypte de Saint-Girons\"\n\t\t\t\t\t\t     src=\"\" data-image=\"http:\/\/www.auduteau.net\/cyclo\/wp-content\/uploads\/IMG_3818_25_09_2020.jpg\"\n\t\t\t\t\t\t     data-thumb=\"http:\/\/www.auduteau.net\/cyclo\/wp-content\/uploads\/IMG_3818_25_09_2020-225x300.jpg\"\n\t\t\t\t\t\t     title=\"\"\n\t\t\t\t\t\t     style=\"display:none\">\n\n\t\t\t\t\t\t<img alt=\"Saint-Vincent-de-Paul - Basilique Notre-Dame de Buglose\"\n\t\t\t\t\t\t     src=\"\" data-image=\"http:\/\/www.auduteau.net\/cyclo\/wp-content\/uploads\/IMG_3821_25_09_2020.jpg\"\n\t\t\t\t\t\t     data-thumb=\"http:\/\/www.auduteau.net\/cyclo\/wp-content\/uploads\/IMG_3821_25_09_2020-225x300.jpg\"\n\t\t\t\t\t\t     title=\"\"\n\t\t\t\t\t\t     style=\"display:none\">\n\n\t\t\t\t\t\t<img alt=\"Saint-Vincent-de-Paul -Sanctuaire de la vierge de Buglose\"\n\t\t\t\t\t\t     src=\"\" data-image=\"http:\/\/www.auduteau.net\/cyclo\/wp-content\/uploads\/IMG_3825_25_09_2020.jpg\"\n\t\t\t\t\t\t     data-thumb=\"http:\/\/www.auduteau.net\/cyclo\/wp-content\/uploads\/IMG_3825_25_09_2020-225x300.jpg\"\n\t\t\t\t\t\t     title=\"\"\n\t\t\t\t\t\t     style=\"display:none\">\n\n\t\t\t\t\t\t<img alt=\"Saint-Vincent-de-Paul - Fontaine miraculeuse de Buglose\"\n\t\t\t\t\t\t     src=\"\" data-image=\"http:\/\/www.auduteau.net\/cyclo\/wp-content\/uploads\/IMG_3832_25_09_2020.jpg\"\n\t\t\t\t\t\t     data-thumb=\"http:\/\/www.auduteau.net\/cyclo\/wp-content\/uploads\/IMG_3832_25_09_2020-225x300.jpg\"\n\t\t\t\t\t\t     title=\"\"\n\t\t\t\t\t\t     style=\"display:none\">\n\n\t\t\t\t\t\t<img alt=\"Saint-Vincent-de-Paul - Temple de l'amour\"\n\t\t\t\t\t\t     src=\"\" data-image=\"http:\/\/www.auduteau.net\/cyclo\/wp-content\/uploads\/IMG_3829_25_09_2020-1.jpg\"\n\t\t\t\t\t\t     data-thumb=\"http:\/\/www.auduteau.net\/cyclo\/wp-content\/uploads\/IMG_3829_25_09_2020-1-225x300.jpg\"\n\t\t\t\t\t\t     title=\"\"\n\t\t\t\t\t\t     style=\"display:none\">\n\t\t\t<\/div>\n\n\t\t\t<script type='text\/javascript'>\n\t\t\t\twindow.onload = function(e) {\n\t\t\t\t\tif(typeof ugCheckForErrors == \"undefined\"){\n\t\t\t\t\t\tdocument.getElementById(\"unitegallery_26_1\").innerHTML = \"<span style='color:red'>Unite Gallery Error - gallery js and css files not included in the footer. Please make sure that wp_footer() function is added to your theme.<\/span>\";}\n\t\t\t\t\telse{ ugCheckForErrors(\"unitegallery_26_1\", \"jquery\");}\n\t\t\t\t};\n\t\t\t<\/script>\n\n\t\t\t<!-- END UNITEGALLERY --><\/p>\n","protected":false},"excerpt":{"rendered":"","protected":false},"author":1,"featured_media":0,"parent":1126,"menu_order":10,"comment_status":"closed","ping_status":"closed","template":"","meta":[],"jetpack_shortlink":"https:\/\/wp.me\/P80Whq-nY","jetpack_sharing_enabled":true,"jetpack-related-posts":[{"id":1395,"url":"http:\/\/www.auduteau.net\/cyclo\/debut-de-lhistoire\/2019-dax-3-petites-boucles\/","url_meta":{"origin":1486,"position":0},"title":"2019 &#8211; DAX &#8211; 3 petites boucles","date":"1 octobre 2016","format":false,"excerpt":"Galerie photos Circuit estival 2019 tr\u00e8s court du fait que ma femme se soit fait renvers\u00e9e par un scooter 3 mois avant. Donc, un point fixe et quelques vir\u00e9es dans la r\u00e9gion. Cassen Mugron Montfort en Chalosse Saint Vincent de Paul Pontonx sur Adour Buglose Tout va tourner autour Cassens,\u2026","rel":"","context":"Article similaire","img":{"alt_text":"","src":"https:\/\/i0.wp.com\/www.auduteau.net\/cyclo\/wp-content\/uploads\/Dax-3-boucles.jpg?resize=350%2C200","width":350,"height":200},"classes":[]},{"id":1126,"url":"http:\/\/www.auduteau.net\/cyclo\/galeries-photos\/","url_meta":{"origin":1486,"position":1},"title":"Galeries photos","date":"14 septembre 2017","format":false,"excerpt":"Cette section r\u00e9f\u00e9rence les diff\u00e9rentes galeries photos de nos voyages. 2022 - C\u00f4tes d'Armor 2021 - Les 3 lacs 2020 - Boucle Ile Bouchard - Nantes 2019 - Dax - 3 petites boucles 2018 - Dordogne-Gironde 2017 - Vall\u00e9es du Tarn et du Lot 2017 - Baie de Somme 2016\u2026","rel":"","context":"Article similaire","img":{"alt_text":"","src":"","width":0,"height":0},"classes":[]},{"id":1304,"url":"http:\/\/www.auduteau.net\/cyclo\/galeries-photos\/2020-boucle-ile-bouchard-nantes-galerie\/","url_meta":{"origin":1486,"position":2},"title":"2020 &#8211; Boucle Ile Bouchard -> Nantes &#8211; Galerie","date":"11 septembre 2017","format":false,"excerpt":"","rel":"","context":"Article similaire","img":{"alt_text":"","src":"","width":0,"height":0},"classes":[]},{"id":1623,"url":"http:\/\/www.auduteau.net\/cyclo\/galeries-photos\/2021-les-3-lacs-galerie\/","url_meta":{"origin":1486,"position":3},"title":"2021 &#8211; Les 3 lacs &#8211; Galerie","date":"11 septembre 2017","format":false,"excerpt":"","rel":"","context":"Article similaire","img":{"alt_text":"","src":"","width":0,"height":0},"classes":[]},{"id":1465,"url":"http:\/\/www.auduteau.net\/cyclo\/galeries-photos\/2017-baie-de-somme-galerie\/","url_meta":{"origin":1486,"position":4},"title":"2017 Baie de Somme &#8211; Galerie","date":"11 septembre 2017","format":false,"excerpt":"","rel":"","context":"Article similaire","img":{"alt_text":"","src":"","width":0,"height":0},"classes":[]},{"id":1827,"url":"http:\/\/www.auduteau.net\/cyclo\/galeries-photos\/2022-cotes-darmor-galerie\/","url_meta":{"origin":1486,"position":5},"title":"2022 &#8211; C\u00f4tes d&rsquo;Armor &#8211; Galerie","date":"11 septembre 2017","format":false,"excerpt":"","rel":"","context":"Article similaire","img":{"alt_text":"","src":"","width":0,"height":0},"classes":[]}],"jetpack_likes_enabled":true,"_links":{"self":[{"href":"http:\/\/www.auduteau.net\/cyclo\/wp-json\/wp\/v2\/pages\/1486"}],"collection":[{"href":"http:\/\/www.auduteau.net\/cyclo\/wp-json\/wp\/v2\/pages"}],"about":[{"href":"http:\/\/www.auduteau.net\/cyclo\/wp-json\/wp\/v2\/types\/page"}],"author":[{"embeddable":true,"href":"http:\/\/www.auduteau.net\/cyclo\/wp-json\/wp\/v2\/users\/1"}],"replies":[{"embeddable":true,"href":"http:\/\/www.auduteau.net\/cyclo\/wp-json\/wp\/v2\/comments?post=1486"}],"version-history":[{"count":1,"href":"http:\/\/www.auduteau.net\/cyclo\/wp-json\/wp\/v2\/pages\/1486\/revisions"}],"predecessor-version":[{"id":1487,"href":"http:\/\/www.auduteau.net\/cyclo\/wp-json\/wp\/v2\/pages\/1486\/revisions\/1487"}],"up":[{"embeddable":true,"href":"http:\/\/www.auduteau.net\/cyclo\/wp-json\/wp\/v2\/pages\/1126"}],"wp:attachment":[{"href":"http:\/\/www.auduteau.net\/cyclo\/wp-json\/wp\/v2\/media?parent=1486"}],"curies":[{"name":"wp","href":"https:\/\/api.w.org\/{rel}","templated":true}]}}