{"id":147,"date":"2016-09-25T20:05:56","date_gmt":"2016-09-25T18:05:56","guid":{"rendered":"http:\/\/www.auduteau.net\/cyclo\/?page_id=147"},"modified":"2021-09-08T16:32:22","modified_gmt":"2021-09-08T14:32:22","slug":"quid-des-voyagistes","status":"publish","type":"page","link":"http:\/\/www.auduteau.net\/cyclo\/cyclo-tourisme\/quid-des-voyagistes\/","title":{"rendered":"Quid des voyagistes ?"},"content":{"rendered":"<p>Ce sont bien \u00e9videmment les Hollandais qui ont d\u00e9velopp\u00e9 cette forme de tourisme tout en un. Leurs r\u00e9seaux s&rsquo;\u00e9tend sur toute l&rsquo;Europe et leurs permet de s&rsquo;abstraire des contraintes de transport de v\u00e9lo et de mat\u00e9riels.<\/p>\n<p>Les fran\u00e7ais ne sont pas en reste et ont d\u00e9velopp\u00e9 localement diff\u00e9rentes formules offrant, \u00e0 peu de chose pr\u00e8s, les m\u00eames services.<\/p>\n<p>Le co\u00fbt n&rsquo;est pas le m\u00eame que si l&rsquo;on organise son circuit soi-m\u00eame, mais si cela permet \u00e0 certains de voyager sans contraintes, c&rsquo;est une bonne chose pour le d\u00e9veloppement des <a href=\"http:\/\/www.auduteau.net\/cyclo\/cyclo-tourisme\/les-voies-vertes\/\">voies vertes<\/a> en France.<\/p>\n<p>Plus on sera, plus les r\u00e9gions s&rsquo;int\u00e9resseront \u00e0 nous et d\u00e9velopperont un r\u00e9seau cyclable digne de ce nom.<\/p>\n<p>Quels services offrent-ils ?<\/p>\n<ul>\n<li>le pr\u00eat du v\u00e9lo<\/li>\n<li>les r\u00e9servations de l&rsquo;h\u00e9bergement sur le parcours.<\/li>\n<li>le transport des bagages d&rsquo;un h\u00e9bergement \u00e0 l&rsquo;autre.<\/li>\n<li>et autres &#8230;..<\/li>\n<\/ul>\n<p>Dans les <a href=\"http:\/\/www.auduteau.net\/cyclo\/liens-utiles\/\">liens utiles<\/a>, j&rsquo;ai r\u00e9f\u00e9renc\u00e9 quelques voyagistes. Qu&rsquo;on ne se le cache pas ce sont les cinq premiers d&rsquo;une recherche g\u00e9n\u00e9rique (au jour de la recherche).<br \/>\nDonc affinez votre recherche relativement \u00e0 la r\u00e9gion cibl\u00e9e.<\/p>\n","protected":false},"excerpt":{"rendered":"<p>Ce sont bien \u00e9videmment les Hollandais qui ont d\u00e9velopp\u00e9 cette forme de tourisme tout en un. Leurs r\u00e9seaux s&rsquo;\u00e9tend sur toute l&rsquo;Europe et leurs permet de s&rsquo;abstraire des contraintes de transport de v\u00e9lo et de mat\u00e9riels. Les fran\u00e7ais ne sont pas en reste et ont d\u00e9velopp\u00e9 localement diff\u00e9rentes formules offrant, \u00e0 peu de chose pr\u00e8s, [&hellip;]<\/p>\n","protected":false},"author":1,"featured_media":0,"parent":8,"menu_order":12,"comment_status":"closed","ping_status":"closed","template":"","meta":[],"jetpack_shortlink":"https:\/\/wp.me\/P80Whq-2n","jetpack_sharing_enabled":true,"jetpack-related-posts":[{"id":119,"url":"http:\/\/www.auduteau.net\/cyclo\/cyclo-tourisme\/les-voies-vertes\/","url_meta":{"origin":147,"position":0},"title":"Les voies vertes","date":"25 septembre 2016","format":false,"excerpt":"Il existe un r\u00e9seau de voies vertes qui se d\u00e9veloppe en France. Mais toutes ne sont pas s\u00e9curis\u00e9es et d\u00e9di\u00e9es au v\u00e9lo (ou partag\u00e9s promeneur\/V\u00e9lo\/Roller...). Et toutes les voies cyclables ne sont pas forcements r\u00e9f\u00e9renc\u00e9es. On entre dans le domaine r\u00e9gional. Savoir avec exactitude l'\u00e9tendu du r\u00e9seau dans la\/les r\u00e9gion(s)\u2026","rel":"","context":"Article similaire","img":{"alt_text":"","src":"https:\/\/i0.wp.com\/www.auduteau.net\/cyclo\/wp-content\/uploads\/176F68FE-3B8C-4EC1-BD68-7E6FA90B3824-265x300.jpeg?resize=350%2C200","width":350,"height":200},"classes":[]},{"id":8,"url":"http:\/\/www.auduteau.net\/cyclo\/cyclo-tourisme\/","url_meta":{"origin":147,"position":1},"title":"Cyclo-Tourisme","date":"25 septembre 2016","format":false,"excerpt":"Je commencerai par dire qu'il n'y a pas un cyclo-touriste mais des cyclo-touristes. C'est principalement li\u00e9 aux objectifs que l'on se fixe et chacun a les siens. De celui, qui se doit de faire ses 100Km par jour, en passant par la petite famille qui n'en fera que 5-15 pour\u2026","rel":"","context":"Article similaire","img":{"alt_text":"","src":"","width":0,"height":0},"classes":[]},{"id":14,"url":"http:\/\/www.auduteau.net\/cyclo\/le-voyage-en-soi\/les-hebergements\/","url_meta":{"origin":147,"position":2},"title":"Les H\u00e9bergements","date":"5 octobre 2016","format":false,"excerpt":"Sur nos premiers parcours, nous ne ciblions que les camping \u00e0 proximit\u00e9 de notre route. Puis nous avons \u00e9volu\u00e9 vers des h\u00e9bergements en dur lorsque c'\u00e9tait possible. Le bivouac Toujours \u00e0 la recherche de plus de proximit\u00e9 avec la nature, le bivouac est leur cr\u00e9do Ne pas confondre bivouac (pour\u2026","rel":"","context":"Article similaire","img":{"alt_text":"","src":"https:\/\/i0.wp.com\/www.auduteau.net\/cyclo\/wp-content\/uploads\/2016\/09\/Kpkp_BBQ-300x225.jpg?resize=350%2C200","width":350,"height":200},"classes":[]},{"id":44,"url":"http:\/\/www.auduteau.net\/cyclo\/le-voyage-en-soi\/les-preparatifs\/","url_meta":{"origin":147,"position":3},"title":"Les pr\u00e9paratifs","date":"5 octobre 2016","format":false,"excerpt":"Tracer la route Bien \u00e9videmment, il va falloir tracer sa route et la synchroniser avec les VAE. Grandes discussions assur\u00e9es. Les sites de trace et de topologie terrain : Calcul d'itin\u00e9raire , mon pr\u00e9f\u00e9r\u00e9 pour pr\u00e9parer la route (bas\u00e9 sur ORS et me permet de partager avec le groupe sans\u2026","rel":"","context":"Article similaire","img":{"alt_text":"","src":"https:\/\/i0.wp.com\/www.auduteau.net\/cyclo\/wp-content\/uploads\/tracer-la-route2-300x200.jpg?resize=350%2C200","width":350,"height":200},"classes":[]},{"id":456,"url":"http:\/\/www.auduteau.net\/cyclo\/ressources\/telechargements\/","url_meta":{"origin":147,"position":4},"title":"T\u00e9l\u00e9chargements","date":"6 octobre 2016","format":false,"excerpt":"Sont r\u00e9f\u00e9renc\u00e9s, ici, les fichiers que nous prenons avec nous sur nos smartphones de mani\u00e8re \u00e0 avoir toutes les informations \u00e0 port\u00e9e de main. Sur le parcours : R\u00e9f\u00e9rencement parcours Un fichier l\u00e9ger qui reprend toutes les \u00e9tapes du parcours avec les h\u00e9bergements cibl\u00e9s. R\u00e9f\u00e9rencement camping & gites Toutes les\u2026","rel":"","context":"Article similaire","img":{"alt_text":"","src":"","width":0,"height":0},"classes":[]},{"id":1915,"url":"http:\/\/www.auduteau.net\/cyclo\/le-voyage-en-soi\/les-modes-de-voyages-cyclo-touristiques\/","url_meta":{"origin":147,"position":5},"title":"Les modes de voyages cyclo-touristiques","date":"5 octobre 2016","format":false,"excerpt":"Petit rappel, nous voyageons en groupe de 5 \u00e0 10 personnes. Le groupe est familial (fratrie + enfants et pi\u00e8ces rajout\u00e9es) Et, groupe \u00e9gal contraintes et indispositions individuelles. On doit donc lisser chacun nos pr\u00e9tentions pour arriver \u00e0 un accord qui aujourd'hui fait figure de ligne directrice lors de l'organisation\u2026","rel":"","context":"Article similaire","img":{"alt_text":"","src":"","width":0,"height":0},"classes":[]}],"jetpack_likes_enabled":true,"_links":{"self":[{"href":"http:\/\/www.auduteau.net\/cyclo\/wp-json\/wp\/v2\/pages\/147"}],"collection":[{"href":"http:\/\/www.auduteau.net\/cyclo\/wp-json\/wp\/v2\/pages"}],"about":[{"href":"http:\/\/www.auduteau.net\/cyclo\/wp-json\/wp\/v2\/types\/page"}],"author":[{"embeddable":true,"href":"http:\/\/www.auduteau.net\/cyclo\/wp-json\/wp\/v2\/users\/1"}],"replies":[{"embeddable":true,"href":"http:\/\/www.auduteau.net\/cyclo\/wp-json\/wp\/v2\/comments?post=147"}],"version-history":[{"count":2,"href":"http:\/\/www.auduteau.net\/cyclo\/wp-json\/wp\/v2\/pages\/147\/revisions"}],"predecessor-version":[{"id":525,"href":"http:\/\/www.auduteau.net\/cyclo\/wp-json\/wp\/v2\/pages\/147\/revisions\/525"}],"up":[{"embeddable":true,"href":"http:\/\/www.auduteau.net\/cyclo\/wp-json\/wp\/v2\/pages\/8"}],"wp:attachment":[{"href":"http:\/\/www.auduteau.net\/cyclo\/wp-json\/wp\/v2\/media?parent=147"}],"curies":[{"name":"wp","href":"https:\/\/api.w.org\/{rel}","templated":true}]}}