{"id":14,"date":"2016-10-05T00:20:26","date_gmt":"2016-10-04T22:20:26","guid":{"rendered":"http:\/\/www.auduteau.net\/cyclo\/?page_id=14"},"modified":"2022-08-26T13:36:44","modified_gmt":"2022-08-26T11:36:44","slug":"les-hebergements","status":"publish","type":"page","link":"http:\/\/www.auduteau.net\/cyclo\/le-voyage-en-soi\/les-hebergements\/","title":{"rendered":"Les H\u00e9bergements"},"content":{"rendered":"<p>Sur nos premiers parcours, nous ne ciblions que les camping \u00e0 proximit\u00e9 de notre route. Puis nous avons \u00e9volu\u00e9 vers des h\u00e9bergements en dur lorsque c&rsquo;\u00e9tait possible.<\/p>\n<h2>Le bivouac<\/h2>\n<div id=\"attachment_235\" style=\"width: 160px\" class=\"wp-caption alignright\"><a href=\"http:\/\/www.auduteau.net\/cyclo\/wp-content\/uploads\/2016\/09\/koko_hamac.jpg\"><img aria-describedby=\"caption-attachment-235\" loading=\"lazy\" class=\"wp-image-235 size-thumbnail\" title=\"Koko \u00e0 l\u2019\u0153uvre\" src=\"http:\/\/www.auduteau.net\/cyclo\/wp-content\/uploads\/2016\/09\/koko_hamac-150x150.jpg\" alt=\"Koko \u00e0 l\u2019\u0153uvre\" width=\"150\" height=\"150\" \/><\/a><p id=\"caption-attachment-235\" class=\"wp-caption-text\">Koko \u00e0 l\u2019\u0153uvre<\/p><\/div>\n<p>Toujours \u00e0 la recherche de plus de proximit\u00e9 avec la nature, le bivouac est leur cr\u00e9do<\/p>\n<p>Ne pas confondre bivouac (pour une nuit) et camping sauvage (plusieurs nuits).<\/p>\n<p>Pour le bivouaqueur, tout est optimis\u00e9.<\/p>\n<p>Du couchage \u00e0 la cuisine pour voyager le plus l\u00e9ger possible.<\/p>\n<div id=\"attachment_236\" style=\"width: 310px\" class=\"wp-caption aligncenter\"><a href=\"http:\/\/www.auduteau.net\/cyclo\/wp-content\/uploads\/2016\/09\/Kpkp_BBQ.jpg\"><img aria-describedby=\"caption-attachment-236\" loading=\"lazy\" class=\"wp-image-236 size-medium\" title=\"Koko toujours en recherche minimaliste\" src=\"http:\/\/www.auduteau.net\/cyclo\/wp-content\/uploads\/2016\/09\/Kpkp_BBQ-300x225.jpg\" alt=\"Koko toujours en recherche minimaliste\" width=\"300\" height=\"225\" srcset=\"http:\/\/www.auduteau.net\/cyclo\/wp-content\/uploads\/2016\/09\/Kpkp_BBQ-300x225.jpg 300w, http:\/\/www.auduteau.net\/cyclo\/wp-content\/uploads\/2016\/09\/Kpkp_BBQ-768x576.jpg 768w, http:\/\/www.auduteau.net\/cyclo\/wp-content\/uploads\/2016\/09\/Kpkp_BBQ-1024x768.jpg 1024w, http:\/\/www.auduteau.net\/cyclo\/wp-content\/uploads\/2016\/09\/Kpkp_BBQ.jpg 2048w\" sizes=\"(max-width: 300px) 100vw, 300px\" \/><\/a><p id=\"caption-attachment-236\" class=\"wp-caption-text\">Koko toujours en recherche minimaliste<\/p><\/div>\n<h2>Les campings<\/h2>\n<p><span style=\"text-decoration: underline;\">Premi\u00e8re constatation<\/span> : les emplacements en camping deviennent rares. Le focus est mis sur les mobile-homes au d\u00e9triment de la toile.<\/p>\n<p><span style=\"text-decoration: underline;\">Deuxi\u00e8me constatation<\/span> : Le classement <a href=\"https:\/\/www.classement.atout-france.fr\/documents-et-textes-de-reference#Camping\" target=\"_blank\" rel=\"noopener noreferrer\">ne veut strictement rien dire<\/a>. Ce dernier s&rsquo;int\u00e9resse au nombre de services (qu&rsquo;ils soient lamentables ou excellents) que peut rendre le camping donc au quantitatif et non \u00e0 la qualit\u00e9 des services.<\/p>\n<p><span style=\"text-decoration: underline;\">Troisi\u00e8me constatation<\/span> : plus on est proche de la mer ou d&rsquo;un centre touristique, plus c&rsquo;est une catastrophe.<\/p>\n<div id=\"attachment_306\" style=\"width: 310px\" class=\"wp-caption aligncenter\"><a href=\"http:\/\/www.auduteau.net\/cyclo\/wp-content\/uploads\/2016\/09\/camping.jpg\"><img aria-describedby=\"caption-attachment-306\" loading=\"lazy\" class=\"wp-image-306 size-medium\" src=\"http:\/\/www.auduteau.net\/cyclo\/wp-content\/uploads\/2016\/09\/camping-300x225.jpg\" alt=\"camping sous la pluie \u00e0 Lacanau\" width=\"300\" height=\"225\" srcset=\"http:\/\/www.auduteau.net\/cyclo\/wp-content\/uploads\/2016\/09\/camping-300x225.jpg 300w, http:\/\/www.auduteau.net\/cyclo\/wp-content\/uploads\/2016\/09\/camping-768x576.jpg 768w, http:\/\/www.auduteau.net\/cyclo\/wp-content\/uploads\/2016\/09\/camping.jpg 800w\" sizes=\"(max-width: 300px) 100vw, 300px\" \/><\/a><p id=\"caption-attachment-306\" class=\"wp-caption-text\">camping sous la pluie.<\/p><\/div>\n<p><span style=\"text-decoration: underline;\">R\u00e9sultats<\/span> :<\/p>\n<ol>\n<li>les plus \u00e9toil\u00e9s ont un confort pour les emplacements toiles des plus douteux en regard du prix fort pay\u00e9 pour des services que l&rsquo;on n&rsquo;utilisera pas.<\/li>\n<li>Plus c&rsquo;est chers, plus les campeurs sont \u00ab\u00a0exigeants\u00a0\u00bb et donc absolument infects pour leurs voisins. Je paye donc j&rsquo;ai tous les droits.<\/li>\n<\/ol>\n<p>Basiquement, notre choix aujourd&rsquo;hui va vers les campings<\/p>\n<ul>\n<li>Une \u00e0 deux \u00e9toiles. On paye pour ce que l&rsquo;on a et cela nous suffit. Et l&rsquo;ambiance y est souvent bien meilleure entre estivants.<\/li>\n<li>Situ\u00e9s plus en int\u00e9rieur des terres.<\/li>\n<\/ul>\n<p><span style=\"text-decoration: underline;\">Autre probl\u00e9matique<\/span> :<\/p>\n<p>Ne cherchez pas \u00e0 r\u00e9server \u00e0 l&rsquo;avance pour une nuit. 80% refusent tout simplement. Cela s&rsquo;appelle du refus de vente mais il faut faire avec.<\/p>\n<p>D&rsquo;o\u00f9 l&rsquo;int\u00e9r\u00eat de la <a href=\"http:\/\/www.auduteau.net\/cyclo\/le-voyage-en-soi\/de-linteret-de-la-voiture-suiveuse\/\">voiture suiveuse<\/a> qui, outre le ravitaillement, se chargera d&rsquo;arriver t\u00f4t afin de finaliser la r\u00e9servation de l&#8217;emplacement. Le principe du 1er arriv\u00e9 premier servi s&rsquo;applique pour les campings \u00e0 la nuit\u00e9e.<\/p>\n<p>Pour les autres consid\u00e9rations : voir la page \u00ab\u00a0<a href=\"http:\/\/www.auduteau.net\/cyclo\/vie-au-camping\/\">Vie au camping<\/a>\u00a0\u00bb<\/p>\n<h2>L&rsquo;h\u00e9bergement en dur<\/h2>\n<div id=\"attachment_304\" style=\"width: 310px\" class=\"wp-caption aligncenter\"><a href=\"http:\/\/www.auduteau.net\/cyclo\/wp-content\/uploads\/2016\/09\/2016-en-dur.jpg\"><img aria-describedby=\"caption-attachment-304\" loading=\"lazy\" class=\"size-medium wp-image-304\" src=\"http:\/\/www.auduteau.net\/cyclo\/wp-content\/uploads\/2016\/09\/2016-en-dur-300x225.jpg\" alt=\"M\u00e9zou Pors\" width=\"300\" height=\"225\" srcset=\"http:\/\/www.auduteau.net\/cyclo\/wp-content\/uploads\/2016\/09\/2016-en-dur-300x225.jpg 300w, http:\/\/www.auduteau.net\/cyclo\/wp-content\/uploads\/2016\/09\/2016-en-dur-768x576.jpg 768w, http:\/\/www.auduteau.net\/cyclo\/wp-content\/uploads\/2016\/09\/2016-en-dur-1024x768.jpg 1024w\" sizes=\"(max-width: 300px) 100vw, 300px\" \/><\/a><p id=\"caption-attachment-304\" class=\"wp-caption-text\">M\u00e9zou Pors<\/p><\/div>\n<p>A la vue du titre, on pense imm\u00e9diatement mobile-home, g\u00eete ou h\u00f4tel. Effectivement, mais<\/p>\n<ul>\n<li>Cela a un certain co\u00fbt<\/li>\n<li>Ce n&rsquo;est pas toujours disponible surtout pour un groupe de 10 personnes.<\/li>\n<li>Est peu commercialis\u00e9 \u00e0 la nuit\u00e9e (mobile-home et Gite)<\/li>\n<\/ul>\n<p>Ce qui nous int\u00e9resse c&rsquo;est de dormir, nous doucher, pouvoir pr\u00e9parer notre repas et \u00eatre accueillis sympathiquement.<\/p>\n<p>En 2016, nous avons r\u00e9solu, en partie, le probl\u00e8me.<\/p>\n<p>Il existe des g\u00eetes d&rsquo;\u00e9tape, des g\u00eetes de groupes, des auberges de jeunesses, des centres de vacances et colos, des centres de glisses, char \u00e0 voiles, plong\u00e9e, etc. qui ont de la disponibilit\u00e9 pour un co\u00fbt largement moindre que les solutions pr\u00e9c\u00e9dentes.<\/p>\n<p>Comptez entre 15 et 25\u20ac par personne et comparez-le aux tarifs d&rsquo;un camping 4* ou 5*.<\/p>\n<p>C&rsquo;est propre, fonctionnel et souvent dans des cadres sympathiques. Pas de tente \u00e0 monter\/d\u00e9monter.<\/p>\n<p>Et les groupes, ils ont l&rsquo;habitude.<\/p>\n<p>Cela oblige \u00e0 faire un recensement des h\u00e9bergements avant le d\u00e9part. Mais c&rsquo;est pareil pour les campings.<\/p>\n<p>Le plus rapide est d&rsquo;aller voir les sites<\/p>\n<ul>\n<li>les <a href=\"http:\/\/www.gites-refuges.com\/v2\" target=\"_blank\" rel=\"noopener noreferrer\">gites d&rsquo;\u00e9tapes et refuges<\/a>,<\/li>\n<li>les <a href=\"http:\/\/www.gitedegroupe.fr\/\" target=\"_blank\" rel=\"noopener noreferrer\">gites de groupes<\/a>,<\/li>\n<li><a href=\"https:\/\/www.rando-accueil.com\/index.php\" target=\"_blank\" rel=\"noopener noreferrer\">Rando Accueil<\/a><\/li>\n<li>les r\u00e9seaux Auberges de Jeunesse (source <a href=\"https:\/\/www.unat.asso.fr\/\" target=\"_blank\" rel=\"noopener noreferrer\">UNAT<\/a>):\n<ul>\n<li><em>\u00a0<\/em><a href=\"https:\/\/www.aj-finistere.org\/\" target=\"_blank\" rel=\"noopener noreferrer\" data-saferedirecturl=\"https:\/\/www.google.com\/url?q=https:\/\/www.aj-finistere.org\/&amp;source=gmail&amp;ust=1599374826053000&amp;usg=AFQjCNHe8hko1h4IWCfAkbBFAUeRvcGu3w\">Association des Auberges de Jeunesse du\u00a0Finist\u00e8re<\/a><em>,\u00a0<\/em><\/li>\n<li><a href=\"https:\/\/www.ethic-etapes.fr\/\" target=\"_blank\" rel=\"noopener noreferrer\" data-saferedirecturl=\"https:\/\/www.google.com\/url?q=https:\/\/www.ethic-etapes.fr\/&amp;source=gmail&amp;ust=1599374826053000&amp;usg=AFQjCNFwI7aeFA8c5mUkzMDDrhd4OLG99w\">Ethic Etapes<\/a><em>,\u00a0<\/em><\/li>\n<li><a href=\"https:\/\/www.fiap.paris\/\" target=\"_blank\" rel=\"noopener noreferrer\" data-saferedirecturl=\"https:\/\/www.google.com\/url?q=https:\/\/www.fiap.paris\/&amp;source=gmail&amp;ust=1599374826053000&amp;usg=AFQjCNEYUFFH5OueFF1CxTbp9nFRYPgxLQ\">Fiap<\/a><em>,\u00a0<\/em><\/li>\n<li><a href=\"https:\/\/www.fuaj.org\/\" target=\"_blank\" rel=\"noopener noreferrer\" saferedirecturl=\"https:\/\/www.google.com\/url?q=https:\/\/www.fuaj.org\/&amp;source=gmail&amp;ust=1599374826053000&amp;usg=AFQjCNGeyuCkyTwjXdZuyhOoEgBcJU_fJA\" class=\"broken_link\">FUAJ<\/a>,<\/li>\n<li><a href=\"https:\/\/www.auberges-de-jeunesse.com\/\" target=\"_blank\" rel=\"noopener noreferrer\" data-saferedirecturl=\"https:\/\/www.google.com\/url?q=https:\/\/www.auberges-de-jeunesse.com\/&amp;source=gmail&amp;ust=1599374826053000&amp;usg=AFQjCNHEmUSxN7LhGsrQTZCgYyX2LEADtQ\">LFAJ<\/a><em>,\u00a0<\/em><\/li>\n<li><a href=\"http:\/\/www.cisp.fr\/\" target=\"_blank\" rel=\"noopener noreferrer\" data-saferedirecturl=\"https:\/\/www.google.com\/url?q=http:\/\/www.cisp.fr\/&amp;source=gmail&amp;ust=1599374826053000&amp;usg=AFQjCNEJzijitxmSPfH9OGnQs5T1QOBh2w\">CISP<\/a><em><wbr \/>,\u00a0<\/em><\/li>\n<li><a href=\"https:\/\/laligue.org\/\" target=\"_blank\" rel=\"noopener noreferrer\" data-saferedirecturl=\"https:\/\/www.google.com\/url?q=https:\/\/laligue.org\/&amp;source=gmail&amp;ust=1599374826053000&amp;usg=AFQjCNF_DXO7M37zDLRKiUfK1SWhCpKXfA\">la ligue de l\u2019enseignement<\/a>,<\/li>\n<li><a href=\"https:\/\/www.mije.com\/\" target=\"_blank\" rel=\"noopener noreferrer\" data-saferedirecturl=\"https:\/\/www.google.com\/url?q=https:\/\/www.mije.com\/&amp;source=gmail&amp;ust=1599374826053000&amp;usg=AFQjCNGcSZ3SsZS2XtNwypEp7Bi3tQg7Pg\">les MIJE<\/a><\/li>\n<\/ul>\n<\/li>\n<li>Les centres d&rsquo;h\u00e9bergements\n<ul>\n<li><a href=\"https:\/\/www.revesdemer.com\/\" target=\"_blank\" rel=\"noopener\">R\u00eaves de mer<\/a><\/li>\n<\/ul>\n<ul>\n<li>Les chambres d&rsquo;h\u00f4tes\n<ul>\n<li><a href=\"https:\/\/www.chambresdhotes.org\/\" target=\"_blank\" rel=\"noopener noreferrer\" class=\"broken_link\">Site .Org<\/a><\/li>\n<li><a href=\"https:\/\/www.chambres-hotes.fr\/\" target=\"_blank\" rel=\"noopener noreferrer\">Site .Fr<\/a><\/li>\n<\/ul>\n<\/li>\n<li>Les h\u00e9bergements de P\u00e8lerins\n<ul>\n<li><a href=\"https:\/\/www.guidestchristophe.com\/\" target=\"_blank\" rel=\"noopener noreferrer\">Le guide Saint Christophe<\/a><\/li>\n<li><a href=\"https:\/\/www.chemins-compostelle.com\/hebergeur\" target=\"_blank\" rel=\"noopener noreferrer\">Agence fran\u00e7aise des chemins de Compostelle<\/a><\/li>\n<li><a href=\"https:\/\/www.ephatta.com\/\" target=\"_blank\" rel=\"noopener\">Ephatta<\/a><\/li>\n<\/ul>\n<\/li>\n<li><a href=\"https:\/\/www.bedandbreakfast.eu\/\" target=\"_blank\" rel=\"noopener noreferrer\"> les Beds and Breakfasts <\/a><\/li>\n<\/ul>\n<\/li>\n<\/ul>\n<p>et autres et surtout d&rsquo;affiner vos recherches par rapport \u00e0 chaque r\u00e9gion.<\/p>\n<p>Enfin, ne n\u00e9gligez pas les <strong>Offices du tourisme<\/strong>. Ils sont une excellente source d&rsquo;information. Nous avons trouver avec eux des h\u00e9bergements qui n&rsquo;\u00e9taient r\u00e9f\u00e9renc\u00e9s nulle part et avons eu de belles surprises (notamment en Italie et en Dordogne).<\/p>\n<ul>\n<li style=\"list-style-type: none;\">\n<ul>\n<li style=\"list-style-type: none;\">\n<ul>\n<li><a href=\"http:\/\/www.tourisme.fr\/\" target=\"_blank\" rel=\"noopener noreferrer\">Tourisme.fr<\/a><\/li>\n<\/ul>\n<\/li>\n<\/ul>\n<\/li>\n<\/ul>\n<p>et <strong>\u00e9vitez les sites du type AirB&amp;B. <\/strong>C&rsquo;est le dernier recours quand rien n&rsquo;est disponible.<strong><br \/>\n<\/strong><\/p>\n<h2>Les r\u00e9seaux d\u2019entraide et d&rsquo;h\u00e9bergements<\/h2>\n<p>Les Voyageurs de tous pays sont toujours \u00e0 la recherche de contacts humains permettant de s\u2019approprier et vivre au plus pr\u00e8s de la r\u00e9gion qu\u2019ils traversent.<\/p>\n<p>Des r\u00e9seaux existent permettant de trouver des h\u00e9bergements gratuits chez l\u2019habitant et plus particuli\u00e8rement chez d\u2019autres cyclo -randonneurs.<\/p>\n<h3>Warmshowers<\/h3>\n<p>Est un r\u00e9seau d\u2019entraide international pour cyclo-Randonneurs.<\/p>\n<p>Le principe est la mise en contact d&rsquo;h\u00f4tes, eux-m\u00eames cyclo-randonneurs, qui proposent des chambres aux cyclo-Randonneurs voire le souper.<\/p>\n<p>Discussions voyages et opportunit\u00e9s locales assur\u00e9es.<\/p>\n<p><a href=\"https:\/\/fr.warmshowers.org\/\" target=\"_blank\" rel=\"noopener noreferrer\" class=\"broken_link\">Voir le site<\/a><\/p>\n<h3>Couchsurfing<\/h3>\n<p>Autre r\u00e9seau international initi\u00e9 par des \u00e9tudiants voyageurs. Devenu commercial depuis sa cr\u00e9ation.<\/p>\n<p>Les h\u00f4tes mettent \u00e0 disposition ces logement pour \u00e9tablir des contacts et apprendre sur des contr\u00e9es qu\u2019ils ne connaissent pas et qu\u2019il ne pourront aller visiter.<\/p>\n<p>Le r\u00e9seau a subi les probl\u00e9matiques d&rsquo;h\u00f4tes peu avenants voire insistants avec les femmes qui se sont traduit par des actions en justice.<\/p>\n<p>Mais cela reste une excellente solution pour les h\u00e9bergements \u00e0 l&rsquo;\u00e9tranger.<\/p>\n<p><a href=\"https:\/\/www.couchsurfing.com\/\" target=\"_blank\" rel=\"noopener noreferrer\">Voir le site<\/a><\/p>\n<h3>Nightswaping<\/h3>\n<p>Syst\u00e8me d\u2019\u00e9change. Si vous h\u00e9bergez des personnes, vous collectez des cr\u00e9dits utilisables chez d\u2019autres h\u00e9bergeurs du r\u00e9seau.<\/p>\n<p><a href=\"https:\/\/www.nightswapping.com\/fr-fr\/\" target=\"_blank\" rel=\"noopener noreferrer\">Voir le site<\/a><\/p>\n<h3>TalkTalkBnb<\/h3>\n<p>L\u2019h\u00f4te vous h\u00e9berge en vous demandant le service de parler dans votre langue afin qu\u2019il s\u2019enrichisse de cette conversation.<\/p>\n<p><a href=\"http:\/\/www.talktalkbnb.com\/\" target=\"_blank\" rel=\"noopener noreferrer\" class=\"broken_link\">Voir le site<\/a><\/p>\n<h3>HostHelp<\/h3>\n<p>Il s\u2019agit de tourisme participatif.<\/p>\n<p>La gratuit\u00e9 n\u2019en est pas totalement une. Il s\u2019agit d\u2019un \u00e9change de services.<br \/>\nMettez \u00e0 disposition vos comp\u00e9tences : cuisine, jardinage, bricolage, etc.<\/p>\n<p><a href=\"http:\/\/www.hostelp.fr\/\" target=\"_blank\" rel=\"noopener noreferrer\" class=\"broken_link\">Voir le site<\/a><\/p>\n<h3>WorkAway<\/h3>\n<p>Plus pour les tourdumondistes pas press\u00e9s. G\u00eete et couvert assur\u00e9s en \u00e9change d\u2019un travail.<\/p>\n<p><a href=\"https:\/\/www.workaway.info\/index-fr.html\" target=\"_blank\" rel=\"noopener noreferrer\">Voir le site<\/a><\/p>\n<h3>helpX<\/h3>\n<p>M\u00eame service que WorkAway<\/p>\n<p><a href=\"https:\/\/www.helpx.net\/\" target=\"_blank\" rel=\"noopener noreferrer\">Voir le site<\/a><\/p>\n<h3>Homecamper<\/h3>\n<p>Des particuliers proposent leur jardins pour planter la tente moyennant r\u00e9tribution.<br \/>\nBonne id\u00e9e mais prenez connaissance des avis et posez bien votre besoin. Les tarifs peuvent \u00eatre plus cher qu\u2019un camping (quelques surprises).<\/p>\n<p><a href=\"https:\/\/www.homecamper.fr\/\" target=\"_blank\" rel=\"noopener noreferrer\">Voir le site<\/a><\/p>\n","protected":false},"excerpt":{"rendered":"<p>Sur nos premiers parcours, nous ne ciblions que les camping \u00e0 proximit\u00e9 de notre route. Puis nous avons \u00e9volu\u00e9 vers des h\u00e9bergements en dur lorsque c&rsquo;\u00e9tait possible. Le bivouac Toujours \u00e0 la recherche de plus de proximit\u00e9 avec la nature, le bivouac est leur cr\u00e9do Ne pas confondre bivouac (pour une nuit) et camping sauvage [&hellip;]<\/p>\n","protected":false},"author":1,"featured_media":0,"parent":6,"menu_order":3,"comment_status":"closed","ping_status":"closed","template":"","meta":[],"jetpack_shortlink":"https:\/\/wp.me\/P80Whq-e","jetpack_sharing_enabled":true,"jetpack-related-posts":[{"id":42,"url":"http:\/\/www.auduteau.net\/cyclo\/le-voyage-en-soi\/vie-au-camping\/","url_meta":{"origin":14,"position":0},"title":"Vie au camping","date":"5 octobre 2016","format":false,"excerpt":"Quelques constatations sur la vie au camping plus vues sous un angle humoristique. Vous pouvez aussi aller voir nos consid\u00e9rations sur les campings sur la page les h\u00e9bergements. La vaisselle Oui, c'est la corv\u00e9e mais pas plus que de monter\/d\u00e9monter la tente tous les jours et en groupe, c'est un\u2026","rel":"","context":"Article similaire","img":{"alt_text":"","src":"https:\/\/i0.wp.com\/www.auduteau.net\/cyclo\/wp-content\/uploads\/2016\/09\/2010-reveil.jpg?resize=350%2C200","width":350,"height":200},"classes":[]},{"id":456,"url":"http:\/\/www.auduteau.net\/cyclo\/ressources\/telechargements\/","url_meta":{"origin":14,"position":1},"title":"T\u00e9l\u00e9chargements","date":"6 octobre 2016","format":false,"excerpt":"Sont r\u00e9f\u00e9renc\u00e9s, ici, les fichiers que nous prenons avec nous sur nos smartphones de mani\u00e8re \u00e0 avoir toutes les informations \u00e0 port\u00e9e de main. Sur le parcours : R\u00e9f\u00e9rencement parcours Un fichier l\u00e9ger qui reprend toutes les \u00e9tapes du parcours avec les h\u00e9bergements cibl\u00e9s. R\u00e9f\u00e9rencement camping & gites Toutes les\u2026","rel":"","context":"Article similaire","img":{"alt_text":"","src":"","width":0,"height":0},"classes":[]},{"id":195,"url":"http:\/\/www.auduteau.net\/cyclo\/debut-de-lhistoire\/2016-belle-ile-en-mer-roscoff\/","url_meta":{"origin":14,"position":2},"title":"2016 : Belle Ile en mer &#8211; Roscoff","date":"30 septembre 2016","format":false,"excerpt":"Voir le parcours Distance :\u00a0\u00a0\u00a0\u00a0\u00a0\u00a0\u00a0\u00a0\u00a0\u00a0\u00a0\u00a0\u00a0\u00a0\u00a0\u00a0\u00a0\u00a0\u00a0\u00a0\u00a0\u00a0\u00a0\u00a0 527 km D\u00e9nivel\u00e9 Montant\u00a0\u00a0\u00a0\u00a0\u00a0 : 6 033 m D\u00e9nivel\u00e9\u00a0 descendant: 6 095 m Altitude maximum \u00a0 \u00a0 :\u00a0\u00a0\u00a0\u00a0 199 m Altitude minimum \u00a0 \u00a0 : \u00a0 \u00a0 \u00a0 -2 m Galerie photos circuit 2016 - Bretagne Nord Circuit de l'\u00e9t\u00e9 2016, nous avions pour objectif\u2026","rel":"","context":"Article similaire","img":{"alt_text":"","src":"https:\/\/i0.wp.com\/www.auduteau.net\/cyclo\/wp-content\/uploads\/2016\/09\/2016-map-300x300.png?resize=350%2C200","width":350,"height":200},"classes":[]},{"id":505,"url":"http:\/\/www.auduteau.net\/cyclo\/debut-de-lhistoire\/2015-sables-dolonne-carnac\/","url_meta":{"origin":14,"position":3},"title":"2015 : Sables d&rsquo;Olonne &#8211; Carnac","date":"30 septembre 2016","format":false,"excerpt":"Voir le parcours Distance : 432 km D\u00e9nivel\u00e9 montant\u00a0 : 3 274 m D\u00e9nivel\u00e9\u00a0 descendant : 3 392 m Alt. max. : 54 m Alt. min. : -1 m L'objectif originel \u00e9tait Quiberon. Mais comme toujours, les circonstances am\u00e8nent quelques am\u00e9nagements. Nous aurions pu repartir du Lidon, notre derni\u00e8re \u00e9tape\u2026","rel":"","context":"Article similaire","img":{"alt_text":"","src":"https:\/\/i0.wp.com\/www.auduteau.net\/cyclo\/wp-content\/uploads\/2016\/10\/2015-map-300x300.png?resize=350%2C200","width":350,"height":200},"classes":[]},{"id":152,"url":"http:\/\/www.auduteau.net\/cyclo\/le-voyage-en-soi\/152-2\/","url_meta":{"origin":14,"position":4},"title":"Quid de l&rsquo;habillement \u00e0 emporter ?","date":"5 octobre 2016","format":false,"excerpt":"D'autres Cyclo-touristes ont dress\u00e9 des listes d'affaires n\u00e9cessaires et suffisantes \u00e0 emporter. Je ne le referai donc pas. \u00c9galement, par le fait que c'est une question toute personnelle li\u00e9e \u00e0 son mode de vie, de sa tol\u00e9rance au froid et aux r\u00e9gions que l'on traverse. Chaque voyage \u00e0 ses particularit\u00e9s\u2026","rel":"","context":"Article similaire","img":{"alt_text":"","src":"https:\/\/i0.wp.com\/www.auduteau.net\/cyclo\/wp-content\/uploads\/2016\/09\/coupe-vent-300x225.jpg?resize=350%2C200","width":350,"height":200},"classes":[]},{"id":6,"url":"http:\/\/www.auduteau.net\/cyclo\/le-voyage-en-soi\/","url_meta":{"origin":14,"position":5},"title":"Le voyage en soi","date":"5 octobre 2016","format":false,"excerpt":"Il s'agit l\u00e0 de faire un \u00e9tat des lieux de notre exp\u00e9rience au cours de l\u2019ensemble de nos circuits. Nous aborderons : Les pr\u00e9paratifs Le v\u00e9lo Les H\u00e9bergements L'\u00e9quipement Quel habillement emporter ? Le contenu de la trousse \u00e0 pharmacie Les outils trace GPS La Vie au camping De l'int\u00e9r\u00eat\u2026","rel":"","context":"Article similaire","img":{"alt_text":"","src":"","width":0,"height":0},"classes":[]}],"jetpack_likes_enabled":true,"_links":{"self":[{"href":"http:\/\/www.auduteau.net\/cyclo\/wp-json\/wp\/v2\/pages\/14"}],"collection":[{"href":"http:\/\/www.auduteau.net\/cyclo\/wp-json\/wp\/v2\/pages"}],"about":[{"href":"http:\/\/www.auduteau.net\/cyclo\/wp-json\/wp\/v2\/types\/page"}],"author":[{"embeddable":true,"href":"http:\/\/www.auduteau.net\/cyclo\/wp-json\/wp\/v2\/users\/1"}],"replies":[{"embeddable":true,"href":"http:\/\/www.auduteau.net\/cyclo\/wp-json\/wp\/v2\/comments?post=14"}],"version-history":[{"count":37,"href":"http:\/\/www.auduteau.net\/cyclo\/wp-json\/wp\/v2\/pages\/14\/revisions"}],"predecessor-version":[{"id":1944,"href":"http:\/\/www.auduteau.net\/cyclo\/wp-json\/wp\/v2\/pages\/14\/revisions\/1944"}],"up":[{"embeddable":true,"href":"http:\/\/www.auduteau.net\/cyclo\/wp-json\/wp\/v2\/pages\/6"}],"wp:attachment":[{"href":"http:\/\/www.auduteau.net\/cyclo\/wp-json\/wp\/v2\/media?parent=14"}],"curies":[{"name":"wp","href":"https:\/\/api.w.org\/{rel}","templated":true}]}}