{"id":1395,"date":"2016-10-01T00:15:07","date_gmt":"2016-09-30T22:15:07","guid":{"rendered":"http:\/\/www.auduteau.net\/cyclo\/?page_id=1395"},"modified":"2021-09-08T16:47:23","modified_gmt":"2021-09-08T14:47:23","slug":"2019-dax-3-petites-boucles","status":"publish","type":"page","link":"http:\/\/www.auduteau.net\/cyclo\/debut-de-lhistoire\/2019-dax-3-petites-boucles\/","title":{"rendered":"2019 &#8211; DAX &#8211; 3 petites boucles"},"content":{"rendered":"<p style=\"text-align: right;\"><a href=\"http:\/\/www.auduteau.net\/cyclo\/galeries-photos\/2019-dax-3-petites-boucles-galerie\/\">Galerie photos<\/a><\/p>\n<p>Circuit estival 2019 tr\u00e8s court du fait que ma femme se soit fait renvers\u00e9e par un scooter 3 mois avant.<\/p>\n<p>Donc, un point fixe et quelques vir\u00e9es dans la r\u00e9gion.<\/p>\n<ul>\n<li>Cassen<\/li>\n<li>Mugron<\/li>\n<li>Montfort en Chalosse<\/li>\n<li>Saint Vincent de Paul<\/li>\n<li>Pontonx sur Adour<\/li>\n<li>Buglose<\/li>\n<\/ul>\n<p>Tout va tourner autour Cassens, notre camp de base.<\/p>\n<p style=\"text-align: center;\"><a href=\"http:\/\/www.auduteau.net\/cyclo\/wp-content\/uploads\/Dax-3-boucles.jpg\"><img loading=\"lazy\" class=\"wp-image-1399 aligncenter\" src=\"http:\/\/www.auduteau.net\/cyclo\/wp-content\/uploads\/Dax-3-boucles.jpg\" alt=\"\" width=\"545\" height=\"256\" srcset=\"http:\/\/www.auduteau.net\/cyclo\/wp-content\/uploads\/Dax-3-boucles.jpg 1242w, http:\/\/www.auduteau.net\/cyclo\/wp-content\/uploads\/Dax-3-boucles-300x141.jpg 300w, http:\/\/www.auduteau.net\/cyclo\/wp-content\/uploads\/Dax-3-boucles-768x361.jpg 768w, http:\/\/www.auduteau.net\/cyclo\/wp-content\/uploads\/Dax-3-boucles-1024x481.jpg 1024w\" sizes=\"(max-width: 545px) 100vw, 545px\" \/><\/a><a href=\"https:\/\/www.leroulard.com\/track\/5defeaa94b33a62a2427ab14#map\" target=\"_blank\" rel=\"noopener noreferrer\" class=\"broken_link\">Voir le parcours<\/a><\/p>\n<div id=\"attachment_1479\" style=\"width: 160px\" class=\"wp-caption alignright\"><a href=\"http:\/\/www.auduteau.net\/cyclo\/wp-content\/uploads\/IMG_3816_25_09_2020.jpg\"><img aria-describedby=\"caption-attachment-1479\" loading=\"lazy\" class=\"wp-image-1479 size-thumbnail\" src=\"http:\/\/www.auduteau.net\/cyclo\/wp-content\/uploads\/IMG_3816_25_09_2020-150x150.jpg\" alt=\"\" width=\"150\" height=\"150\" \/><\/a><p id=\"caption-attachment-1479\" class=\"wp-caption-text\">Crypte de Saint-Girons<\/p><\/div>\n<div id=\"attachment_1493\" style=\"width: 160px\" class=\"wp-caption alignleft\"><a href=\"http:\/\/www.auduteau.net\/cyclo\/wp-content\/uploads\/IMG_3829_25_09_2020-1.jpg\"><img aria-describedby=\"caption-attachment-1493\" loading=\"lazy\" class=\"wp-image-1493 size-thumbnail\" src=\"http:\/\/www.auduteau.net\/cyclo\/wp-content\/uploads\/IMG_3829_25_09_2020-1-150x150.jpg\" alt=\"\" width=\"150\" height=\"150\" \/><\/a><p id=\"caption-attachment-1493\" class=\"wp-caption-text\">Saint-Vincent-de-Paul &#8211; Temple de l&rsquo;amour<\/p><\/div>\n<p style=\"text-align: center;\">Peu de visites hormis la Crypte de Saint-Girons et le sanctuaire Notre Dame de Buglose.<\/p>\n<p style=\"text-align: center;\">Beaucoup de routes secondaires. des \u00e9tang agr\u00e9ables pour s&rsquo;arr\u00eater pique-niquer mais avec peu d&rsquo;am\u00e9nagements.<\/p>\n<p style=\"text-align: center;\">Rien n&rsquo;est am\u00e9nag\u00e9 pour le v\u00e9lo \u00e0 part la voie verte de la Chalosse.<\/p>\n<p style=\"text-align: center;\">Et surtout, pas un seul bar d&rsquo;ouvert \u00e0 l&rsquo;heure du caf\u00e9. Quelle tristesse !<\/p>\n","protected":false},"excerpt":{"rendered":"<p>Galerie photos Circuit estival 2019 tr\u00e8s court du fait que ma femme se soit fait renvers\u00e9e par un scooter 3 mois avant. Donc, un point fixe et quelques vir\u00e9es dans la r\u00e9gion. Cassen Mugron Montfort en Chalosse Saint Vincent de Paul Pontonx sur Adour Buglose Tout va tourner autour Cassens, notre camp de base. Voir [&hellip;]<\/p>\n","protected":false},"author":1,"featured_media":0,"parent":4,"menu_order":10,"comment_status":"closed","ping_status":"closed","template":"","meta":[],"jetpack_shortlink":"https:\/\/wp.me\/P80Whq-mv","jetpack_sharing_enabled":true,"jetpack-related-posts":[{"id":1486,"url":"http:\/\/www.auduteau.net\/cyclo\/galeries-photos\/2019-dax-3-petites-boucles-galerie\/","url_meta":{"origin":1395,"position":0},"title":"2019 &#8211; DAX &#8211; 3 petites boucles &#8211; Galerie","date":"11 septembre 2017","format":false,"excerpt":"","rel":"","context":"Article similaire","img":{"alt_text":"","src":"","width":0,"height":0},"classes":[]},{"id":1126,"url":"http:\/\/www.auduteau.net\/cyclo\/galeries-photos\/","url_meta":{"origin":1395,"position":1},"title":"Galeries photos","date":"14 septembre 2017","format":false,"excerpt":"Cette section r\u00e9f\u00e9rence les diff\u00e9rentes galeries photos de nos voyages. 2022 - C\u00f4tes d'Armor 2021 - Les 3 lacs 2020 - Boucle Ile Bouchard - Nantes 2019 - Dax - 3 petites boucles 2018 - Dordogne-Gironde 2017 - Vall\u00e9es du Tarn et du Lot 2017 - Baie de Somme 2016\u2026","rel":"","context":"Article similaire","img":{"alt_text":"","src":"","width":0,"height":0},"classes":[]},{"id":85,"url":"http:\/\/www.auduteau.net\/cyclo\/cyclo-tourisme\/le-cyclo-tourisme-cest-un-budget\/","url_meta":{"origin":1395,"position":2},"title":"Le cyclo-tourisme c&rsquo;est un budget","date":"25 septembre 2016","format":false,"excerpt":"Au d\u00e9part, Oui, quand il s'agit d'investir dans l'\u00e9quipement. Enfin nos v\u00e9los ne nous ont co\u00fbt\u00e9, d'occasion \u00e0 l'\u00e9poque, \u00e0 peine 100\u20ac pi\u00e8ce. C'est pour dire, qu'un simple biclou entretenu a suffi pendant 8 ans pour parcourir toute la fa\u00e7ade atlantique. Bref, un v\u00e9lo de supermarch\u00e9 \u00e0 350\u20ac suffit largement.\u2026","rel":"","context":"Article similaire","img":{"alt_text":"","src":"https:\/\/i0.wp.com\/www.auduteau.net\/cyclo\/wp-content\/uploads\/budget.jpg?resize=350%2C200","width":350,"height":200},"classes":[]},{"id":4,"url":"http:\/\/www.auduteau.net\/cyclo\/debut-de-lhistoire\/","url_meta":{"origin":1395,"position":3},"title":"D\u00e9but de l&rsquo;histoire","date":"30 septembre 2016","format":false,"excerpt":"Apr\u00e8s avoir fait 20 ans de cabotage en mer (croisi\u00e8res c\u00f4ti\u00e8res en M\u00e9diterran\u00e9e et atlantique) nous nous sommes pos\u00e9s sur les c\u00f4tes et plages fran\u00e7aises pour passer nos vacances en s\u00e9dentaire avec nos filles. Quelque chose nous manquait. Cette s\u00e9dentarit\u00e9 ne nous correspondait pas totalement. Jusqu'au jour (2008) o\u00f9 mon\u2026","rel":"","context":"Article similaire","img":{"alt_text":"","src":"https:\/\/i0.wp.com\/www.auduteau.net\/cyclo\/wp-content\/uploads\/Map_Circuit-1.png?resize=350%2C200","width":350,"height":200},"classes":[]},{"id":1571,"url":"http:\/\/www.auduteau.net\/cyclo\/debut-de-lhistoire\/2021-les-3-lacs\/","url_meta":{"origin":1395,"position":4},"title":"2021 &#8211; Les 3 Lacs","date":"1 octobre 2016","format":false,"excerpt":"Fichier de ressources - Album Photos les 3 lacs Trace Circuit des 3 lacs Distance : 276,7km D\u00e9nivel\u00e9 Montant : 5499m D\u00e9nivel\u00e9 Descendant : 5745m Alt. max. : 688m A l'origine, nous devions faire la ViaRhona mais des contraintes de synchronisation du planning des cong\u00e9s du groupe nous ont amen\u00e9\u2026","rel":"","context":"Article similaire","img":{"alt_text":"","src":"https:\/\/i0.wp.com\/www.auduteau.net\/cyclo\/wp-content\/uploads\/IMG_8960_25_08_2021-1.jpg?resize=350%2C200","width":350,"height":200},"classes":[]},{"id":89,"url":"http:\/\/www.auduteau.net\/cyclo\/le-voyage-en-soi\/de-linteret-de-la-voiture-suiveuse\/","url_meta":{"origin":1395,"position":5},"title":"De l&rsquo;int\u00e9r\u00eat de la voiture suiveuse.","date":"5 octobre 2016","format":false,"excerpt":"Quand on part seul ou \u00e0 deux, aucun int\u00e9r\u00eat. Soit on fait une boucle \u00e0 v\u00e9lo soit on prend les transports r\u00e9gionaux pour revenir au point de d\u00e9part. Avec des enfants et une carriole cela devient plus dur. Si l'on part plus longtemps et pour un circuit cons\u00e9quent. La question\u2026","rel":"","context":"Article similaire","img":{"alt_text":"","src":"https:\/\/i0.wp.com\/www.auduteau.net\/cyclo\/wp-content\/uploads\/27Flandre-300x225.jpg?resize=350%2C200","width":350,"height":200},"classes":[]}],"jetpack_likes_enabled":true,"_links":{"self":[{"href":"http:\/\/www.auduteau.net\/cyclo\/wp-json\/wp\/v2\/pages\/1395"}],"collection":[{"href":"http:\/\/www.auduteau.net\/cyclo\/wp-json\/wp\/v2\/pages"}],"about":[{"href":"http:\/\/www.auduteau.net\/cyclo\/wp-json\/wp\/v2\/types\/page"}],"author":[{"embeddable":true,"href":"http:\/\/www.auduteau.net\/cyclo\/wp-json\/wp\/v2\/users\/1"}],"replies":[{"embeddable":true,"href":"http:\/\/www.auduteau.net\/cyclo\/wp-json\/wp\/v2\/comments?post=1395"}],"version-history":[{"count":9,"href":"http:\/\/www.auduteau.net\/cyclo\/wp-json\/wp\/v2\/pages\/1395\/revisions"}],"predecessor-version":[{"id":1494,"href":"http:\/\/www.auduteau.net\/cyclo\/wp-json\/wp\/v2\/pages\/1395\/revisions\/1494"}],"up":[{"embeddable":true,"href":"http:\/\/www.auduteau.net\/cyclo\/wp-json\/wp\/v2\/pages\/4"}],"wp:attachment":[{"href":"http:\/\/www.auduteau.net\/cyclo\/wp-json\/wp\/v2\/media?parent=1395"}],"curies":[{"name":"wp","href":"https:\/\/api.w.org\/{rel}","templated":true}]}}